{"id":8931,"date":"2024-05-31T19:07:06","date_gmt":"2024-05-31T17:07:06","guid":{"rendered":"https:\/\/feria-verde.com\/?post_type=product&#038;p=8931"},"modified":"2024-05-31T19:07:08","modified_gmt":"2024-05-31T17:07:08","slug":"remorque-norauto-easy-100-1m20","status":"publish","type":"product","link":"https:\/\/feria-verde.com\/es\/producto\/remorque-norauto-easy-100-1m20\/","title":{"rendered":"Remolque NORAUTO EASY 100 1M20"},"content":{"rendered":"<div id=\"tab-description\" class=\"woocommerce-Tabs-panel woocommerce-Tabs-panel--description panel entry-content wc-tab\" role=\"tabpanel\" aria-labelledby=\"tab-title-description\">\n<h2 class=\"wp-block-heading\">Puntos fuertes del producto<\/h2>\n<ul>\n<li>Id\u00e9ale pour le transport de mat\u00e9riaux l\u00e9gers et d\u00e9chets verts.<\/li>\n<li>Garde \u2013 boue en plastique.<\/li>\n<li>Ridelle arri\u00e8re amovible et rabattable.<\/li>\n<li>En acier galvanis\u00e9.<\/li>\n<li>Fiable et de qualit\u00e9.<\/li>\n<\/ul>\n<h2 class=\"wp-block-heading\">Descripci\u00f3n<\/h2>\n<p>La remorque est la solution de transport qui peut r\u00e9pondre \u00e0 vos besoins.<br \/>\nElle peut \u00eatre utile dans le cadre d\u2019un d\u00e9part en vacances, et tout aussi pratique pour d\u00e9placer vos mat\u00e9riaux.<br \/>\nLa remorque EASY 100 1M20 est\u00a0<strong>id\u00e9ale<\/strong>\u00a0pour le\u00a0<strong>transport de d\u00e9chets verts<\/strong>\u00a0\u00e0 la d\u00e9chetterie.<br \/>\nCette petite bagag\u00e8re sera aussi tr\u00e8s utile pour le\u00a0<strong>chargement de vos colis et bagages.<\/strong><br \/>\nCette remorque vous est livr\u00e9e enti\u00e8rement mont\u00e9e et poss\u00e8de\u00a0<strong>des garde-boue en plastique<\/strong>, un timon droit,\u00a0<strong>une ridelle arri\u00e8re amovible et rabattable.<\/strong><br \/>\nLes ridelles sont en\u00a0<strong>acero galvanizado<\/strong>\u00a0ce qui permet d\u2019augmenter sa dur\u00e9e de vie et de pr\u00e9server sa qualit\u00e9 esth\u00e9tique dans le temps.<\/p>\n<p>Toutes nos remorques EASY sont fabriqu\u00e9es en France et subissent les tests et essais les plus s\u00e9v\u00e8res garantissant le contr\u00f4le du syst\u00e8me de production ainsi que la\u00a0<strong>fiabilit\u00e9<\/strong>, la\u00a0<strong>qualit\u00e9<\/strong>\u00a0et la s\u00e9curit\u00e9 pour l\u2019utilisateur.<br \/>\nElles sont \u00e9galement \u00e9quip\u00e9es de syst\u00e8mes r\u00e9fl\u00e9chissants (catadioptres).<br \/>\nLa remorque EASY 100 1M20 est livr\u00e9e mont\u00e9e.<\/p>\n<p>Veuillez-vous r\u00e9f\u00e9rer au tableau ci-dessous pour la pression des pneumatiques, la pression est \u00e0 v\u00e9rifier r\u00e9guli\u00e8rement :<\/p>\n<p>Pour une remorque adapt\u00e9e \u00e0 vos besoins et une utilisation optimale, pensez aux\u00a0<strong>accessoires compatibles<\/strong>\u00a0avec la remorque EASY 100 1M20, 450 Kg<\/p>\n<h2 class=\"wp-block-heading\">Caracter\u00edsticas<\/h2>\n<ul>\n<li><strong>Charge utile CU (kg)<\/strong>: 385<\/li>\n<li><strong>PTAC (kg)<\/strong> : 450<\/li>\n<li><strong>Poids \u00e0 vide (PV en kg) : <\/strong>65<\/li>\n<li><strong>Longueur totale hors tout (cm) : <\/strong>197<\/li>\n<li><strong>Largeur totale hors tout (cm)<\/strong> :120<\/li>\n<li><strong>Hauteur totale hors tout (cm)<\/strong> : 88<\/li>\n<li><strong>Longueur utile caisse (cm)<\/strong> : 123<\/li>\n<li><strong>Largeur utile caisse (cm)<\/strong> : 87<\/li>\n<li><strong>Hauteur utile ridelles (cm)<\/strong> :32<\/li>\n<li><strong>Hauteur seuil chargement (cm) :<\/strong>45<\/li>\n<li><strong>Volume utile (L)<\/strong> :342<\/li>\n<li><strong>Mati\u00e8re de la remorque : <\/strong>ridelles et fond en acier<\/li>\n<li><strong>Timon ou fl\u00e8che<\/strong> : timon droit<\/li>\n<li><strong>Essieu frein\u00e9<\/strong> : non<\/li>\n<li><strong>Charge des essieux (kg)<\/strong> : 450<\/li>\n<li><strong>Type de feux<\/strong> : 6 fonctions<\/li>\n<li><strong>Nombre de roues : <\/strong>2<\/li>\n<li><strong>Taille de la roue<\/strong> : 480\u00d78<\/li>\n<li><strong>Nombre de trous<\/strong> : 4<\/li>\n<li><strong>Entraxe de roue (en mm)<\/strong> : 115<\/li>\n<li><strong>Type de prise d\u2019attelage<\/strong> : plastique 7 plots<\/li>\n<li><strong>Mati\u00e8re des garde-boue<\/strong> : acier<\/li>\n<li><strong>Antivol t\u00eate d\u2019attelage : <\/strong>non<\/li>\n<li><strong>Stockage vertical<\/strong> : oui<\/li>\n<li><strong>Caisse basculante<\/strong> : oui<\/li>\n<li><strong>Ridelle d\u00e9montable<\/strong> : oui \u00e0 l\u2019arri\u00e8re<\/li>\n<li><strong>Ridelle rabattable<\/strong> : oui \u00e0 l\u2019arri\u00e8re<\/li>\n<li><strong>Anneaux de sanglage : <\/strong>non<\/li>\n<li><strong>Roue jockey incluse<\/strong> : non<\/li>\n<li><strong>Roue de secours incluse : <\/strong>non<\/li>\n<li><strong>Treuil inclus :<\/strong> non<\/li>\n<li><strong>Porte \u00e9chelle inclus : <\/strong>non<\/li>\n<li><strong>Type de feux<\/strong> : 6 fonctions<\/li>\n<li><strong>Longueur remorque (cm) : <\/strong>128<\/li>\n<li><strong>Mati\u00e8re de la remorque<\/strong> : ridelles et fond en acier<\/li>\n<li><strong>Mod\u00e8le de remorque<\/strong>easy : 100 1m20<\/li>\n<li><strong>Type d\u2019usage remorque<\/strong> : transport d\u00e9chets verts, transport bagages<\/li>\n<li><strong>Largeur remorque (cm)<\/strong> : 92<\/li>\n<\/ul>\n<\/div>","protected":false},"excerpt":{"rendered":"<p>Les points forts de ce produit Id\u00e9ale pour le transport de mat\u00e9riaux l\u00e9gers et d\u00e9chets verts. Garde \u2013 boue en plastique. Ridelle arri\u00e8re amovible et rabattable. En acier galvanis\u00e9. Fiable et de qualit\u00e9. Description La remorque est la solution de transport qui peut r\u00e9pondre \u00e0 vos besoins. Elle peut \u00eatre utile dans le cadre d\u2019un d\u00e9part en vacances, et tout aussi pratique pour d\u00e9placer vos mat\u00e9riaux. La remorque EASY 100 1M20 est\u00a0id\u00e9ale\u00a0pour le\u00a0transport de d\u00e9chets verts\u00a0\u00e0 la d\u00e9chetterie. Cette petite bagag\u00e8re sera aussi tr\u00e8s utile pour le\u00a0chargement de vos colis et bagages. Cette remorque vous est livr\u00e9e enti\u00e8rement mont\u00e9e et poss\u00e8de\u00a0des garde-boue en plastique, un timon droit,\u00a0une ridelle arri\u00e8re amovible et rabattable. Les ridelles sont en\u00a0acier galvanis\u00e9\u00a0ce qui permet d\u2019augmenter sa dur\u00e9e de vie et de pr\u00e9server sa qualit\u00e9 esth\u00e9tique dans le temps. Toutes nos remorques EASY sont fabriqu\u00e9es en France et subissent les tests et essais les plus s\u00e9v\u00e8res garantissant le contr\u00f4le du syst\u00e8me de production ainsi que la\u00a0fiabilit\u00e9, la\u00a0qualit\u00e9\u00a0et la s\u00e9curit\u00e9 pour l\u2019utilisateur. Elles sont \u00e9galement \u00e9quip\u00e9es de syst\u00e8mes r\u00e9fl\u00e9chissants (catadioptres). La remorque EASY 100 1M20 est livr\u00e9e mont\u00e9e. Veuillez-vous r\u00e9f\u00e9rer au tableau ci-dessous pour la pression des pneumatiques, la pression est \u00e0 v\u00e9rifier r\u00e9guli\u00e8rement : Pour une remorque adapt\u00e9e \u00e0 vos besoins et une utilisation optimale, pensez aux\u00a0accessoires compatibles\u00a0avec la remorque EASY 100 1M20, 450 Kg Caract\u00e9ristiques Charge utile CU (kg): 385 PTAC (kg) : 450 Poids \u00e0 vide (PV en kg) : 65 Longueur totale hors tout (cm) : 197 Largeur totale hors tout (cm) :120 Hauteur totale hors tout (cm) : 88 Longueur utile caisse (cm) : 123 Largeur utile caisse (cm) : 87 Hauteur utile ridelles (cm) :32 Hauteur seuil chargement (cm) :45 Volume utile (L) :342 Mati\u00e8re de la remorque : ridelles et fond en acier Timon ou fl\u00e8che : timon droit Essieu frein\u00e9 : non Charge des essieux (kg) : 450 Type de feux : 6 fonctions Nombre de roues : 2 Taille de la roue : 480\u00d78 Nombre de trous : 4 Entraxe de roue (en mm) : 115 Type de prise d\u2019attelage : plastique 7 plots Mati\u00e8re des garde-boue : acier Antivol t\u00eate d\u2019attelage : non Stockage vertical : oui Caisse basculante : oui Ridelle d\u00e9montable : oui \u00e0 l\u2019arri\u00e8re Ridelle rabattable : oui \u00e0 l\u2019arri\u00e8re Anneaux de sanglage : non Roue jockey incluse : non Roue de secours incluse : non Treuil inclus : non Porte \u00e9chelle inclus : non Type de feux : 6 fonctions Longueur remorque (cm) : 128 Mati\u00e8re de la remorque : ridelles et fond en acier Mod\u00e8le de remorqueeasy : 100 1m20 Type d\u2019usage remorque : transport d\u00e9chets verts, transport bagages Largeur remorque (cm) : 92<\/p>","protected":false},"featured_media":7565,"comment_status":"closed","ping_status":"closed","template":"","meta":{"inline_featured_image":false},"product_brand":[],"product_cat":[44,59],"product_tag":[],"class_list":{"0":"post-8931","1":"product","2":"type-product","3":"status-publish","4":"has-post-thumbnail","6":"product_cat-meilleures-ventes","7":"product_cat-remorque-voiture","9":"first","10":"instock","11":"sale","12":"shipping-taxable","13":"purchasable","14":"product-type-simple"},"_links":{"self":[{"href":"https:\/\/feria-verde.com\/es\/wp-json\/wp\/v2\/product\/8931","targetHints":{"allow":["GET"]}}],"collection":[{"href":"https:\/\/feria-verde.com\/es\/wp-json\/wp\/v2\/product"}],"about":[{"href":"https:\/\/feria-verde.com\/es\/wp-json\/wp\/v2\/types\/product"}],"replies":[{"embeddable":true,"href":"https:\/\/feria-verde.com\/es\/wp-json\/wp\/v2\/comments?post=8931"}],"version-history":[{"count":0,"href":"https:\/\/feria-verde.com\/es\/wp-json\/wp\/v2\/product\/8931\/revisions"}],"wp:featuredmedia":[{"embeddable":true,"href":"https:\/\/feria-verde.com\/es\/wp-json\/wp\/v2\/media\/7565"}],"wp:attachment":[{"href":"https:\/\/feria-verde.com\/es\/wp-json\/wp\/v2\/media?parent=8931"}],"wp:term":[{"taxonomy":"product_brand","embeddable":true,"href":"https:\/\/feria-verde.com\/es\/wp-json\/wp\/v2\/product_brand?post=8931"},{"taxonomy":"product_cat","embeddable":true,"href":"https:\/\/feria-verde.com\/es\/wp-json\/wp\/v2\/product_cat?post=8931"},{"taxonomy":"product_tag","embeddable":true,"href":"https:\/\/feria-verde.com\/es\/wp-json\/wp\/v2\/product_tag?post=8931"}],"curies":[{"name":"wp","href":"https:\/\/api.w.org\/{rel}","templated":true}]}}