{"id":8932,"date":"2024-05-31T19:07:06","date_gmt":"2024-05-31T17:07:06","guid":{"rendered":"https:\/\/feria-verde.com\/?post_type=product&#038;p=8932"},"modified":"2024-05-31T19:07:08","modified_gmt":"2024-05-31T17:07:08","slug":"remorque-norauto-regular-100-1m50","status":"publish","type":"product","link":"https:\/\/feria-verde.com\/es\/producto\/remorque-norauto-regular-100-1m50\/","title":{"rendered":"Remolque NORAUTO REGULAR 100 1M50"},"content":{"rendered":"<div id=\"tab-description\" class=\"woocommerce-Tabs-panel woocommerce-Tabs-panel--description panel entry-content wc-tab\" role=\"tabpanel\" aria-labelledby=\"tab-title-description\">\n<h2 class=\"wp-block-heading\">Puntos fuertes del producto<\/h2>\n<ul>\n<li>Id\u00e9ale pour le transport de mat\u00e9riaux l\u00e9gers et d\u00e9chets verts.<\/li>\n<li>Garde \u2013 boue en plastique.<\/li>\n<li>Ridelle arri\u00e8re amovible et rabattable.<\/li>\n<li>En acier galvanis\u00e9.<\/li>\n<li>Fiable et de qualit\u00e9.<\/li>\n<\/ul>\n<h2 class=\"wp-block-heading\">Descripci\u00f3n<\/h2>\n<p>La remorque est la solution de transport qui peut r\u00e9pondre \u00e0 vos besoins. Elle peut \u00eatre utile dans le cadre d\u2019un d\u00e9part en vacances, et tout aussi pratique pour d\u00e9placer vos mat\u00e9riaux. La remorque NORAUTO REGULAR 100 1M50 500 kg est id\u00e9ale pour le transport de mat\u00e9riaux l\u00e9gers ou de d\u00e9chets verts.<\/p>\n<p>Vous pouvez trouver toutes les options disponibles pour votre remorque ci-dessus (roue jockey, roue de secours, rehausses bois, capot, rails\u2026).<\/p>\n<p>La ridelle arri\u00e8re amovible et rabattable permet de d\u00e9charger beaucoup plus facilement le contenu de la remorque. Le stockage peut se faire verticalement afin de gagner en place lorsque vous ne vous en servez plus. La remorque NORAUTO est en acier galvanis\u00e9 ce qui permet d\u2019augmenter sa dur\u00e9e de vie et de pr\u00e9server sa qualit\u00e9 esth\u00e9tique dans le temps. Le timon ou fl\u00e8che en \u00ab V \u00bb est un atout ind\u00e9niable pour cette remorque qui permettra d\u2019assurer stabilit\u00e9 et confort lors de la conduite.<\/p>\n<p>Toutes nos remorques NORAUTO sont fabriqu\u00e9es en France et subissent les tests et essais les plus s\u00e9v\u00e8res garantissant le contr\u00f4le du syst\u00e8me de production ainsi que la fiabilit\u00e9, la qualit\u00e9 et la s\u00e9curit\u00e9 pour l\u2019utilisateur. Elles sont \u00e9galement \u00e9quip\u00e9es de syst\u00e8mes r\u00e9fl\u00e9chissants (catadioptres). La remorque 500 Kg NORAUTO REGULAR 100 1M50 est livr\u00e9e mont\u00e9e.<\/p>\n<h2 class=\"wp-block-heading\">Caracter\u00edsticas<\/h2>\n<ul>\n<li><strong>Charge utile CU (kg)<\/strong> : 386<\/li>\n<li><strong>PTAC (kg)<\/strong> : 500<\/li>\n<li><strong>Poids \u00e0 vide (PV en kg) : <\/strong>114<\/li>\n<li><strong>Longueur totale hors tout (cm) : <\/strong>249<\/li>\n<li><strong>Largeur totale hors tout (cm)<\/strong> : 141<\/li>\n<li><strong>Longueur utile caisse (cm)<\/strong> : 144<\/li>\n<li><strong>Largeur utile caisse (cm)<\/strong> : 99<\/li>\n<li><strong>Hauteur utile ridelles (cm)<\/strong> : 35<\/li>\n<li><strong>Hauteur seuil chargement (cm)<\/strong> : 51<\/li>\n<li><strong>Volume utile (L)<\/strong> : 499<\/li>\n<li><strong>Timon ou fl\u00e8che<\/strong> : fl\u00e8che en v non rabattable<\/li>\n<li><strong>Essieu frein\u00e9<\/strong> : non<\/li>\n<li><strong>Charge des essieux (kg) : <\/strong>500<\/li>\n<li><strong>Nombre de roues<\/strong> : 2<\/li>\n<li><strong>Taille de la roue<\/strong> : 135r13<\/li>\n<li><strong>Nombre de trous<\/strong> : 4<\/li>\n<li><strong>Type de prise d\u2019attelage<\/strong> : plastique 7 plots<\/li>\n<li><strong>Mati\u00e8re des garde-boue<\/strong> : plastique<\/li>\n<li><strong>Antivol t\u00eate d\u2019attelage<\/strong> : non<\/li>\n<li><strong>Stockage vertical<\/strong> : oui<\/li>\n<li><strong>Caisse basculante<\/strong> : oui<\/li>\n<li><strong>Ridelle d\u00e9montable<\/strong> : oui \u00e0 l\u2019arri\u00e8re<\/li>\n<li><strong>Ridelle rabattable<\/strong> : oui \u00e0 l\u2019arri\u00e8re<\/li>\n<li><strong>Anneaux de sanglage : <\/strong>non<\/li>\n<li><strong>Roue jockey incluse<\/strong> : non<\/li>\n<li><strong>Roue de secours incluse : <\/strong>non<\/li>\n<li><strong>Treuil inclus<\/strong> : non<\/li>\n<li><strong>Porte \u00e9chelle inclus : <\/strong>non<\/li>\n<li><strong>Type de feux :<\/strong>6 fonctions<\/li>\n<li><strong>Longueur remorque (cm) :<\/strong>150<\/li>\n<li><strong>Mati\u00e8re de la remorque<\/strong> : ridelles et fond en acier<\/li>\n<li><strong>Mod\u00e8le de remorque<\/strong> : regular 100 1m50<\/li>\n<li><strong>Type d\u2019usage remorque : <\/strong>transport d\u00e9chets verts, bricolage, transport bagages<\/li>\n<li><strong>Largeur remorque (cm)<\/strong> : 105<\/li>\n<\/ul>\n<\/div>","protected":false},"excerpt":{"rendered":"<p>Les points forts de ce produit Id\u00e9ale pour le transport de mat\u00e9riaux l\u00e9gers et d\u00e9chets verts. Garde \u2013 boue en plastique. Ridelle arri\u00e8re amovible et rabattable. En acier galvanis\u00e9. Fiable et de qualit\u00e9. Description La remorque est la solution de transport qui peut r\u00e9pondre \u00e0 vos besoins. Elle peut \u00eatre utile dans le cadre d\u2019un d\u00e9part en vacances, et tout aussi pratique pour d\u00e9placer vos mat\u00e9riaux. La remorque NORAUTO REGULAR 100 1M50 500 kg est id\u00e9ale pour le transport de mat\u00e9riaux l\u00e9gers ou de d\u00e9chets verts. Vous pouvez trouver toutes les options disponibles pour votre remorque ci-dessus (roue jockey, roue de secours, rehausses bois, capot, rails\u2026). La ridelle arri\u00e8re amovible et rabattable permet de d\u00e9charger beaucoup plus facilement le contenu de la remorque. Le stockage peut se faire verticalement afin de gagner en place lorsque vous ne vous en servez plus. La remorque NORAUTO est en acier galvanis\u00e9 ce qui permet d\u2019augmenter sa dur\u00e9e de vie et de pr\u00e9server sa qualit\u00e9 esth\u00e9tique dans le temps. Le timon ou fl\u00e8che en \u00ab V \u00bb est un atout ind\u00e9niable pour cette remorque qui permettra d\u2019assurer stabilit\u00e9 et confort lors de la conduite. Toutes nos remorques NORAUTO sont fabriqu\u00e9es en France et subissent les tests et essais les plus s\u00e9v\u00e8res garantissant le contr\u00f4le du syst\u00e8me de production ainsi que la fiabilit\u00e9, la qualit\u00e9 et la s\u00e9curit\u00e9 pour l\u2019utilisateur. Elles sont \u00e9galement \u00e9quip\u00e9es de syst\u00e8mes r\u00e9fl\u00e9chissants (catadioptres). La remorque 500 Kg NORAUTO REGULAR 100 1M50 est livr\u00e9e mont\u00e9e. Caract\u00e9ristiques Charge utile CU (kg) : 386 PTAC (kg) : 500 Poids \u00e0 vide (PV en kg) : 114 Longueur totale hors tout (cm) : 249 Largeur totale hors tout (cm) : 141 Longueur utile caisse (cm) : 144 Largeur utile caisse (cm) : 99 Hauteur utile ridelles (cm) : 35 Hauteur seuil chargement (cm) : 51 Volume utile (L) : 499 Timon ou fl\u00e8che : fl\u00e8che en v non rabattable Essieu frein\u00e9 : non Charge des essieux (kg) : 500 Nombre de roues : 2 Taille de la roue : 135r13 Nombre de trous : 4 Type de prise d\u2019attelage : plastique 7 plots Mati\u00e8re des garde-boue : plastique Antivol t\u00eate d\u2019attelage : non Stockage vertical : oui Caisse basculante : oui Ridelle d\u00e9montable : oui \u00e0 l\u2019arri\u00e8re Ridelle rabattable : oui \u00e0 l\u2019arri\u00e8re Anneaux de sanglage : non Roue jockey incluse : non Roue de secours incluse : non Treuil inclus : non Porte \u00e9chelle inclus : non Type de feux :6 fonctions Longueur remorque (cm) :150 Mati\u00e8re de la remorque : ridelles et fond en acier Mod\u00e8le de remorque : regular 100 1m50 Type d\u2019usage remorque : transport d\u00e9chets verts, bricolage, transport bagages Largeur remorque (cm) : 105<\/p>","protected":false},"featured_media":7570,"comment_status":"closed","ping_status":"closed","template":"","meta":{"inline_featured_image":false},"product_brand":[],"product_cat":[59],"product_tag":[],"class_list":{"0":"post-8932","1":"product","2":"type-product","3":"status-publish","4":"has-post-thumbnail","6":"product_cat-remorque-voiture","8":"first","9":"instock","10":"sale","11":"shipping-taxable","12":"purchasable","13":"product-type-simple"},"_links":{"self":[{"href":"https:\/\/feria-verde.com\/es\/wp-json\/wp\/v2\/product\/8932","targetHints":{"allow":["GET"]}}],"collection":[{"href":"https:\/\/feria-verde.com\/es\/wp-json\/wp\/v2\/product"}],"about":[{"href":"https:\/\/feria-verde.com\/es\/wp-json\/wp\/v2\/types\/product"}],"replies":[{"embeddable":true,"href":"https:\/\/feria-verde.com\/es\/wp-json\/wp\/v2\/comments?post=8932"}],"version-history":[{"count":0,"href":"https:\/\/feria-verde.com\/es\/wp-json\/wp\/v2\/product\/8932\/revisions"}],"wp:featuredmedia":[{"embeddable":true,"href":"https:\/\/feria-verde.com\/es\/wp-json\/wp\/v2\/media\/7570"}],"wp:attachment":[{"href":"https:\/\/feria-verde.com\/es\/wp-json\/wp\/v2\/media?parent=8932"}],"wp:term":[{"taxonomy":"product_brand","embeddable":true,"href":"https:\/\/feria-verde.com\/es\/wp-json\/wp\/v2\/product_brand?post=8932"},{"taxonomy":"product_cat","embeddable":true,"href":"https:\/\/feria-verde.com\/es\/wp-json\/wp\/v2\/product_cat?post=8932"},{"taxonomy":"product_tag","embeddable":true,"href":"https:\/\/feria-verde.com\/es\/wp-json\/wp\/v2\/product_tag?post=8932"}],"curies":[{"name":"wp","href":"https:\/\/api.w.org\/{rel}","templated":true}]}}