{"id":8934,"date":"2024-05-31T19:07:06","date_gmt":"2024-05-31T17:07:06","guid":{"rendered":"https:\/\/feria-verde.com\/?post_type=product&#038;p=8934"},"modified":"2024-05-31T19:07:08","modified_gmt":"2024-05-31T17:07:08","slug":"remorque-trigano-nlc-2012-fleche-rabattable-roue-de-jockey-500kg-essieu-600-kg","status":"publish","type":"product","link":"https:\/\/feria-verde.com\/es\/producto\/remorque-trigano-nlc-2012-fleche-rabattable-roue-de-jockey-500kg-essieu-600-kg\/","title":{"rendered":"Remorque Trigano NLC 2012, fl\u00e8che rabattable + roue de jockey 500kg, essieu 600 kg"},"content":{"rendered":"<p>Remorque Trigano NLC 2012, fl\u00e8che rabattable + roue de jockey 500kg, essieu 600 kg<\/p>\n<h3 class=\"wp-block-heading\">Caract\u00e9ristiques et avantages<\/h3>\n<ul>\n<li>Dimension caisse : 200x120x35- PTAC 500 kg \u2013 CU 354 kg<\/li>\n<li>Roues 155\/70 x 13 \u2013 essieu 600 kg<\/li>\n<\/ul>\n<h3 class=\"wp-block-heading\">Sp\u00e9cifications techniques<\/h3>\n<figure class=\"wp-block-table\">\n<table>\n<tbody>\n<tr>\n<th>Type d\u2019article<\/th>\n<td>Remorque<\/td>\n<\/tr>\n<tr>\n<th>Marque<\/th>\n<td>Trelgo<\/td>\n<\/tr>\n<tr>\n<th>Mati\u00e8re<\/th>\n<td>Acero<\/td>\n<\/tr>\n<tr>\n<th>Poids brut par essieu<\/th>\n<td>600kg<\/td>\n<\/tr>\n<tr>\n<th>Hauteur int\u00e9rieure<\/th>\n<td>350mm<\/td>\n<\/tr>\n<tr>\n<th>Largeur int\u00e9rieure<\/th>\n<td>1140mm<\/td>\n<\/tr>\n<tr>\n<th>Longueur interne<\/th>\n<td>1940mm<\/td>\n<\/tr>\n<tr>\n<th>Hauteur totale<\/th>\n<td>900mm<\/td>\n<\/tr>\n<tr>\n<th>Largeur totale<\/th>\n<td>1600mm<\/td>\n<\/tr>\n<tr>\n<th>Longueur hors tout<\/th>\n<td>2960mm<\/td>\n<\/tr>\n<tr>\n<th>Inclus<\/th>\n<td>Fl\u00e8che rabattable \u2013 roue Jockey \u2013 caisse basculante \u2013 garde boue plastique<\/td>\n<\/tr>\n<tr>\n<th>R\u00e9f\u00e9rence produit<\/th>\n<td>3499369015737<\/td>\n<\/tr>\n<\/tbody>\n<\/table>\n<\/figure>","protected":false},"excerpt":{"rendered":"<p>Remorque Trigano NLC 2012, fl\u00e8che rabattable + roue de jockey 500kg, essieu 600 kg Caract\u00e9ristiques et avantages Dimension caisse : 200x120x35- PTAC 500 kg \u2013 CU 354 kg Roues 155\/70 x 13 \u2013 essieu 600 kg Sp\u00e9cifications techniques Type d\u2019article Remorque Marque Trelgo Mati\u00e8re Acier Poids brut par essieu 600kg Hauteur int\u00e9rieure 350mm Largeur int\u00e9rieure 1140mm Longueur interne 1940mm Hauteur totale 900mm Largeur totale 1600mm Longueur hors tout 2960mm Inclus Fl\u00e8che rabattable \u2013 roue Jockey \u2013 caisse basculante \u2013 garde boue plastique R\u00e9f\u00e9rence produit 3499369015737<\/p>","protected":false},"featured_media":7580,"comment_status":"closed","ping_status":"closed","template":"","meta":{"inline_featured_image":false},"product_brand":[],"product_cat":[59],"product_tag":[],"class_list":{"0":"post-8934","1":"product","2":"type-product","3":"status-publish","4":"has-post-thumbnail","6":"product_cat-remorque-voiture","8":"first","9":"instock","10":"sale","11":"shipping-taxable","12":"purchasable","13":"product-type-simple"},"_links":{"self":[{"href":"https:\/\/feria-verde.com\/es\/wp-json\/wp\/v2\/product\/8934","targetHints":{"allow":["GET"]}}],"collection":[{"href":"https:\/\/feria-verde.com\/es\/wp-json\/wp\/v2\/product"}],"about":[{"href":"https:\/\/feria-verde.com\/es\/wp-json\/wp\/v2\/types\/product"}],"replies":[{"embeddable":true,"href":"https:\/\/feria-verde.com\/es\/wp-json\/wp\/v2\/comments?post=8934"}],"version-history":[{"count":0,"href":"https:\/\/feria-verde.com\/es\/wp-json\/wp\/v2\/product\/8934\/revisions"}],"wp:featuredmedia":[{"embeddable":true,"href":"https:\/\/feria-verde.com\/es\/wp-json\/wp\/v2\/media\/7580"}],"wp:attachment":[{"href":"https:\/\/feria-verde.com\/es\/wp-json\/wp\/v2\/media?parent=8934"}],"wp:term":[{"taxonomy":"product_brand","embeddable":true,"href":"https:\/\/feria-verde.com\/es\/wp-json\/wp\/v2\/product_brand?post=8934"},{"taxonomy":"product_cat","embeddable":true,"href":"https:\/\/feria-verde.com\/es\/wp-json\/wp\/v2\/product_cat?post=8934"},{"taxonomy":"product_tag","embeddable":true,"href":"https:\/\/feria-verde.com\/es\/wp-json\/wp\/v2\/product_tag?post=8934"}],"curies":[{"name":"wp","href":"https:\/\/api.w.org\/{rel}","templated":true}]}}