{"id":8935,"date":"2024-05-31T19:07:06","date_gmt":"2024-05-31T17:07:06","guid":{"rendered":"https:\/\/feria-verde.com\/?post_type=product&#038;p=8935"},"modified":"2024-05-31T19:07:08","modified_gmt":"2024-05-31T17:07:08","slug":"top-remorque-garden-trailer-200-kipp-avec-rehausses-grillagees-et-roue-jockey","status":"publish","type":"product","link":"https:\/\/feria-verde.com\/es\/producto\/top-remorque-garden-trailer-200-kipp-avec-rehausses-grillagees-et-roue-jockey\/","title":{"rendered":"Top remolque de jard\u00edn 200 kipp con extensiones de malla y rueda jockey"},"content":{"rendered":"<p>Top\u00a0remorque voiture avec ridelles grillag\u00e9es et roue jockey du mod\u00e8le Garden Trailer 200 KIPP.\u00a0<strong>Gr\u00e2ce \u00e0 la surface de transport de 200\u00d7106 cm, la remorque vous permettra de transporter de lourdes charges ou d\u2019objets de grandes dimensions qui ne seraient normalement pas transportables dans votre voiture.<\/strong>\u00a0En outre, le PTAC maximal de 750 kg permet \u00e0 chaque conducteur de fixer la remorque au crochet. Les rehausses de ridelles offrent une protection suppl\u00e9mentaire des vos marchandises transport\u00e9es. En utilisant l\u2019essieu directeur moderne de la marque AL-KO ou KNOTT, nous garantissons qu\u2019aucun trou sur la route ne va poser de probl\u00e8mes, m\u00eame lorsque vous voyagez avec une surface de transport d\u00e9charg\u00e9e.\u00a0\u00a0<strong>Avec notre grande remorque \u00e0 benne basculante du mod\u00e8le Garden Trailer 200 KIPP, le transport de vos biens sera toujours confortable et s\u00e9curitaire.<\/strong><\/p>\n<h2 class=\"wp-block-heading\">Livr\u00e9e directement \u00e0 votre domicile avec tous les documents n\u00e9cessaires !<\/h2>\n<p><strong>Notre grande remorque voiture \u00e0 benne basculante est livr\u00e9e directement \u00e0 votre maison.<\/strong>\u00a0Vous n\u2019avez pas \u00e0 vous inqui\u00e9ter de devoir monter la remorque, parce que la remorque est enti\u00e8rement assembl\u00e9e par nous et pr\u00eate \u00e0 \u00eatre utilis\u00e9e d\u00e8s l\u2019instant o\u00f9 vous la recevez.\u00a0En outre, la remorque est fournie avec tous les documents n\u00e9cessaires comme la facture TVA, certificat d\u2019autorisation et homologation.\u00a0Les remorques\u00a0UNITRAILER\u00a0se caract\u00e9risent par une tr\u00e8s grande durabilit\u00e9 avec un service de garantie de 2 ans.<\/p>\n<h2 class=\"wp-block-heading\">Quels sont les avantages de notre grande remorque \u00e0 benne basculante avec des ridelles grillag\u00e9es ?<\/h2>\n<ul>\n<li>Mis \u00e0 part le fait que vous gagnez une surface de transport exceptionnellement grande, nous offrons aussi des rehausses de ridelles grillag\u00e9es dans l\u2019ensemble qui prot\u00e9geront votre cargaison.<\/li>\n<li>La roue jockey (aussi incluse dans l\u2019ensemble) permet de mieux man\u0153uvrer la remorque d\u00e9tach\u00e9e du crochet.<strong>\u00a0<\/strong><\/li>\n<li><strong>Le timon pliable vous donne la possibilit\u00e9 de basculer la remorque de telle mani\u00e8re que vous soyez capable de charger et d\u00e9charger votre remorque beaucoup plus rapide que d\u2019habitude.<\/strong><\/li>\n<li>Cette solution n\u2019est disponible que dans les remorques plus avanc\u00e9es, qui co\u00fbtent souvent beaucoup plus cher que notre remorque en question. Elle sera, avant tout, parfaite pour des r\u00e9parations, transport des meubles, du bois, des mat\u00e9riaux de construction, des outils et toutes les autres choses que vous aviez transport\u00e9es dans votre voiture jusqu\u2019\u00e0 pr\u00e9sent.<\/li>\n<li><strong>En utilisant les rehausses de ridelles suppl\u00e9mentaires, vous obtenez jusqu\u2019\u00e0 70 cm de hauteur de la surface de transport.<\/strong>\u00a0Vous pouvez \u00e9galement monter des supports lat\u00e9raux, dispositifs de fixation sur le plancher, un filet de fixation de charge ou acheter une roue de secours ou des cales de roue. Vous adapterez votre remorque \u00e0 vos besoins de mani\u00e8re tr\u00e8s facile.<\/li>\n<\/ul>\n<p>Vous vous demandez o\u00f9 garder votre remorque lorsque vous le d\u00e9connecter du crochet ? Vous n\u2019avez pas besoin de poss\u00e9der un garage ! Gr\u00e2ce au fait que nos remorques disposent d\u2019un timon pliable, vous pouvez la placer sur la ridelle arri\u00e8re n\u2019importe o\u00f9 ou l\u2019appuyer sur votre maison sans se soucier des dommages.<\/p>\n<ul>\n<li><strong>CH\u00c2SSIS<\/strong>\u00a0\u2013\u00a0nouvel essieu simple de la marque reconnue\u00a0<strong>AL-KO ou KNOTT<\/strong>\u00a0avec suspension ind\u00e9pendante bas\u00e9e sur la barre de torsion\u00a0qui offre de tr\u00e8s bonnes conditions de conduite.<\/li>\n<li>Timon rabattable en V avec anneau d\u2019amarrage de la marque WINTERHOFF avec t\u00e9moin d\u2019accrochage et c\u00e2ble de rupture en acier.<\/li>\n<li>Roues\u00a0<strong>155\/70 R13<\/strong>\u00a0toutes saisons\u00a0qui amortissent des routes in\u00e9gales et permettent une conduite confortable.<\/li>\n<li>Cache profil\u00e9 en t\u00f4le d\u2019acier, galvanis\u00e9 \u00e0 chaud et boulonn\u00e9 \u2013\u00a0tr\u00e8s durable<\/li>\n<li><strong>CAISSE<\/strong>\u00a0\u2013 plancher en contreplaqu\u00e9 marine antid\u00e9rapante\u00a0(9 mm d\u2019\u00e9paisseur).<\/li>\n<li><strong>RIDELLES<\/strong>\u00a0\u2013 hauteur totale de 70 cm\u00a0<strong>(30 cm de ridelles de base et 40 cm de ridelles additionnelles)<\/strong>, fabriqu\u00e9 en t\u00f4le d\u2019acier galvanis\u00e9\u00a0avec protection anticorrosion et ondul\u00e9e pour une plus grande rigidit\u00e9.<\/li>\n<li>Ridelles avec dispositifs de fixation qui permettent\u00a0l\u2019\u00e9tirement appropri\u00e9 de la b\u00e2che. Ridelle arri\u00e8re ouvrable qui est en m\u00eame temps compl\u00e8tement d\u00e9montable.<\/li>\n<\/ul>\n<figure class=\"wp-block-image\"><img decoding=\"async\" src=\"https:\/\/unitrailer.pl\/pol_pl_Przyczepa-Unitrailer-GARDEN-TRAILER-200-KIPP-NEW-z-kolem-podporowym-i-burtami-siatkowymi-4180_1.png\" alt=\"Przyczepa samochodowa Garden Trailer 200 ty\u0142\" \/><\/figure>\n<h2 class=\"wp-block-heading\">Donn\u00e9es techniques :<\/h2>\n<p><strong>CHASSIS<\/strong><\/p>\n<ul>\n<li><strong>Timon rabattable en V<\/strong><\/li>\n<li><strong>Essieu simple<\/strong>\u00a0\u00a0AL-KO ou KNOTT<\/li>\n<li>Suspension ind\u00e9pendante, bas\u00e9e sur\u00a0\u00a0<strong>la barre de torsion<\/strong><\/li>\n<li>Roues\u00a0\u00a0<strong>155\/70 R13 toutes saisons<\/strong><\/li>\n<\/ul>\n<p><strong>CAISSE<\/strong><\/p>\n<ul>\n<li>Ridelle arri\u00e8re ouvrable<\/li>\n<li>Dimensions de la surface de transport :\u00a02006\u00a0mm x<strong>\u00a0<\/strong>\u00a01063\u00a0mm x 700 mm<\/li>\n<li>Dimensions totales :\u00a02906\u00a0mm x\u00a01492\u00a0mm x 700 mm<\/li>\n<\/ul>\n<h2 class=\"wp-block-heading\">En plus, la remorque l\u00e9g\u00e8re Garden Trailer 200 KIPP peut \u00eatre \u00e9quip\u00e9e de :<\/h2>\n<ul>\n<li>rehausses de ridelles [40 cm]<\/li>\n<li>b\u00e2che avec arceau d\u2019une hauteur totale de 80 cm<\/li>\n<li>dispositifs de fixation<\/li>\n<li>antivol<\/li>\n<li>roue de secours<\/li>\n<li>bavettes<\/li>\n<li>b\u00e9quilles lat\u00e9rales<\/li>\n<li>filet couvre remorque<\/li>\n<li>cales de roue<\/li>\n<\/ul>","protected":false},"excerpt":{"rendered":"<p>Top\u00a0remorque voiture avec ridelles grillag\u00e9es et roue jockey du mod\u00e8le Garden Trailer 200 KIPP.\u00a0Gr\u00e2ce \u00e0 la surface de transport de 200\u00d7106 cm, la remorque vous permettra de transporter de lourdes charges ou d\u2019objets de grandes dimensions qui ne seraient normalement pas transportables dans votre voiture.\u00a0En outre, le PTAC maximal de 750 kg permet \u00e0 chaque conducteur de fixer la remorque au crochet. Les rehausses de ridelles offrent une protection suppl\u00e9mentaire des vos marchandises transport\u00e9es. En utilisant l\u2019essieu directeur moderne de la marque AL-KO ou KNOTT, nous garantissons qu\u2019aucun trou sur la route ne va poser de probl\u00e8mes, m\u00eame lorsque vous voyagez avec une surface de transport d\u00e9charg\u00e9e.\u00a0\u00a0Avec notre grande remorque \u00e0 benne basculante du mod\u00e8le Garden Trailer 200 KIPP, le transport de vos biens sera toujours confortable et s\u00e9curitaire. Livr\u00e9e directement \u00e0 votre domicile avec tous les documents n\u00e9cessaires ! Notre grande remorque voiture \u00e0 benne basculante est livr\u00e9e directement \u00e0 votre maison.\u00a0Vous n\u2019avez pas \u00e0 vous inqui\u00e9ter de devoir monter la remorque, parce que la remorque est enti\u00e8rement assembl\u00e9e par nous et pr\u00eate \u00e0 \u00eatre utilis\u00e9e d\u00e8s l\u2019instant o\u00f9 vous la recevez.\u00a0En outre, la remorque est fournie avec tous les documents n\u00e9cessaires comme la facture TVA, certificat d\u2019autorisation et homologation.\u00a0Les remorques\u00a0UNITRAILER\u00a0se caract\u00e9risent par une tr\u00e8s grande durabilit\u00e9 avec un service de garantie de 2 ans. Quels sont les avantages de notre grande remorque \u00e0 benne basculante avec des ridelles grillag\u00e9es ? Mis \u00e0 part le fait que vous gagnez une surface de transport exceptionnellement grande, nous offrons aussi des rehausses de ridelles grillag\u00e9es dans l\u2019ensemble qui prot\u00e9geront votre cargaison. La roue jockey (aussi incluse dans l\u2019ensemble) permet de mieux man\u0153uvrer la remorque d\u00e9tach\u00e9e du crochet.\u00a0 Le timon pliable vous donne la possibilit\u00e9 de basculer la remorque de telle mani\u00e8re que vous soyez capable de charger et d\u00e9charger votre remorque beaucoup plus rapide que d\u2019habitude. Cette solution n\u2019est disponible que dans les remorques plus avanc\u00e9es, qui co\u00fbtent souvent beaucoup plus cher que notre remorque en question. Elle sera, avant tout, parfaite pour des r\u00e9parations, transport des meubles, du bois, des mat\u00e9riaux de construction, des outils et toutes les autres choses que vous aviez transport\u00e9es dans votre voiture jusqu\u2019\u00e0 pr\u00e9sent. En utilisant les rehausses de ridelles suppl\u00e9mentaires, vous obtenez jusqu\u2019\u00e0 70 cm de hauteur de la surface de transport.\u00a0Vous pouvez \u00e9galement monter des supports lat\u00e9raux, dispositifs de fixation sur le plancher, un filet de fixation de charge ou acheter une roue de secours ou des cales de roue. Vous adapterez votre remorque \u00e0 vos besoins de mani\u00e8re tr\u00e8s facile. Vous vous demandez o\u00f9 garder votre remorque lorsque vous le d\u00e9connecter du crochet ? Vous n\u2019avez pas besoin de poss\u00e9der un garage ! Gr\u00e2ce au fait que nos remorques disposent d\u2019un timon pliable, vous pouvez la placer sur la ridelle arri\u00e8re n\u2019importe o\u00f9 ou l\u2019appuyer sur votre maison sans se soucier des dommages. CH\u00c2SSIS\u00a0\u2013\u00a0nouvel essieu simple de la marque reconnue\u00a0AL-KO ou KNOTT\u00a0avec suspension ind\u00e9pendante bas\u00e9e sur la barre de torsion\u00a0qui offre de tr\u00e8s bonnes conditions de conduite. Timon rabattable en V avec anneau d\u2019amarrage de la marque WINTERHOFF avec t\u00e9moin d\u2019accrochage et c\u00e2ble de rupture en acier. Roues\u00a0155\/70 R13\u00a0toutes saisons\u00a0qui amortissent des routes in\u00e9gales et permettent une conduite confortable. Cache profil\u00e9 en t\u00f4le d\u2019acier, galvanis\u00e9 \u00e0 chaud et boulonn\u00e9 \u2013\u00a0tr\u00e8s durable CAISSE\u00a0\u2013 plancher en contreplaqu\u00e9 marine antid\u00e9rapante\u00a0(9 mm d\u2019\u00e9paisseur). RIDELLES\u00a0\u2013 hauteur totale de 70 cm\u00a0(30 cm de ridelles de base et 40 cm de ridelles additionnelles), fabriqu\u00e9 en t\u00f4le d\u2019acier galvanis\u00e9\u00a0avec protection anticorrosion et ondul\u00e9e pour une plus grande rigidit\u00e9. Ridelles avec dispositifs de fixation qui permettent\u00a0l\u2019\u00e9tirement appropri\u00e9 de la b\u00e2che. Ridelle arri\u00e8re ouvrable qui est en m\u00eame temps compl\u00e8tement d\u00e9montable. Donn\u00e9es techniques : CHASSIS Timon rabattable en V Essieu simple\u00a0\u00a0AL-KO ou KNOTT Suspension ind\u00e9pendante, bas\u00e9e sur\u00a0\u00a0la barre de torsion Roues\u00a0\u00a0155\/70 R13 toutes saisons CAISSE Ridelle arri\u00e8re ouvrable Dimensions de la surface de transport :\u00a02006\u00a0mm x\u00a0\u00a01063\u00a0mm x 700 mm Dimensions totales :\u00a02906\u00a0mm x\u00a01492\u00a0mm x 700 mm En plus, la remorque l\u00e9g\u00e8re Garden Trailer 200 KIPP peut \u00eatre \u00e9quip\u00e9e de : rehausses de ridelles [40 cm] b\u00e2che avec arceau d\u2019une hauteur totale de 80 cm dispositifs de fixation antivol roue de secours bavettes b\u00e9quilles lat\u00e9rales filet couvre remorque cales de roue<\/p>","protected":false},"featured_media":7581,"comment_status":"closed","ping_status":"closed","template":"","meta":{"inline_featured_image":false},"product_brand":[],"product_cat":[59],"product_tag":[],"class_list":{"0":"post-8935","1":"product","2":"type-product","3":"status-publish","4":"has-post-thumbnail","6":"product_cat-remorque-voiture","8":"first","9":"instock","10":"sale","11":"shipping-taxable","12":"purchasable","13":"product-type-simple"},"_links":{"self":[{"href":"https:\/\/feria-verde.com\/es\/wp-json\/wp\/v2\/product\/8935","targetHints":{"allow":["GET"]}}],"collection":[{"href":"https:\/\/feria-verde.com\/es\/wp-json\/wp\/v2\/product"}],"about":[{"href":"https:\/\/feria-verde.com\/es\/wp-json\/wp\/v2\/types\/product"}],"replies":[{"embeddable":true,"href":"https:\/\/feria-verde.com\/es\/wp-json\/wp\/v2\/comments?post=8935"}],"version-history":[{"count":0,"href":"https:\/\/feria-verde.com\/es\/wp-json\/wp\/v2\/product\/8935\/revisions"}],"wp:featuredmedia":[{"embeddable":true,"href":"https:\/\/feria-verde.com\/es\/wp-json\/wp\/v2\/media\/7581"}],"wp:attachment":[{"href":"https:\/\/feria-verde.com\/es\/wp-json\/wp\/v2\/media?parent=8935"}],"wp:term":[{"taxonomy":"product_brand","embeddable":true,"href":"https:\/\/feria-verde.com\/es\/wp-json\/wp\/v2\/product_brand?post=8935"},{"taxonomy":"product_cat","embeddable":true,"href":"https:\/\/feria-verde.com\/es\/wp-json\/wp\/v2\/product_cat?post=8935"},{"taxonomy":"product_tag","embeddable":true,"href":"https:\/\/feria-verde.com\/es\/wp-json\/wp\/v2\/product_tag?post=8935"}],"curies":[{"name":"wp","href":"https:\/\/api.w.org\/{rel}","templated":true}]}}