{"id":8936,"date":"2024-05-31T19:07:06","date_gmt":"2024-05-31T17:07:06","guid":{"rendered":"https:\/\/feria-verde.com\/?post_type=product&#038;p=8936"},"modified":"2024-05-31T19:07:08","modified_gmt":"2024-05-31T17:07:08","slug":"remorque-bachee-double-essieu-tema-263x125-cm-eco2612-2-gris","status":"publish","type":"product","link":"https:\/\/feria-verde.com\/es\/producto\/remorque-bachee-double-essieu-tema-263x125-cm-eco2612-2-gris\/","title":{"rendered":"TEMA 263X125 cm ECO2612\/2 Remolque de lona de doble eje gris"},"content":{"rendered":"<h3 class=\"wp-block-heading\"><strong>Grande remorque b\u00e2ch\u00e9e double essieu TEMA ECO2612\/2<\/strong><\/h3>\n<p>Dimensions utiles de la caisse : 263 X 125 X 110 cm.<br \/>\nUne b\u00e2che haute fournie pour un volume de stockage important, s\u00e9curis\u00e9 et prot\u00e9g\u00e9.<br \/>\nExtr\u00eamement pratique pour les d\u00e9m\u00e9nagements, travaux dans la maison, jardinage\u2026<br \/>\n2 X essieux, AL-KO force 750 kg (1500 kg).<br \/>\nPTAC : 500 kg \u2013 pas de carte de grise, ni de permis ni d\u2019assurance suppl\u00e9mentaire n\u00e9cessaire.<br \/>\nLa remorque est \u00e9quip\u00e9e d\u2019une ridelle arri\u00e8re ouvrante, rabattable et amovible.<br \/>\nTr\u00e8s pratique, la plaque d\u2019immatriculation s\u2019installe sans rivets, \u00e0 l\u2019aide de clipse de maintien.<\/p>\n<p><strong>CH\u00c2SSIS :<\/strong><\/p>\n<p>Un axe de type UBR 700 AL-KO ou KNOTT<br \/>\nTaille de pneus standard : 155\/70 R13<br \/>\nTimon type V 750 kg (fixe)<br \/>\nPoids de la remorque 190 kg environ<\/p>\n<p><strong>CORPS :<\/strong><\/p>\n<p>Ch\u00e2ssis de support: en profil\u00e9 pli\u00e9, \u00e9paisseur de t\u00f4le d\u2019acier : 2,5 mm.<br \/>\nGalvanis\u00e9e, fixation-vis.<br \/>\nSurface: contreplaqu\u00e9 anti-d\u00e9rapant 9 mm d\u2019\u00e9paisseur.<br \/>\nRidelles en acier galvanis\u00e9.<br \/>\nRidelle arri\u00e8re ouvrante d\u2019une hauteur de 30 cm.<br \/>\nRoue jockey incluse.<\/p>\n<p>Armature de b\u00e2che et une b\u00e2che haute de 80 cm incluse.<br \/>\nHauteur totale de la b\u00e2che avec les ridelles 110 cm.<br \/>\nHauteur de la t\u00eate d\u2019attelage : 35 cm.<\/p>\n<p><em>*Non inclus: Antivol \u00e0 clef &amp; roue de secours (disponibles \u00e0 la vente s\u00e9par\u00e9ment).<\/em><\/p>\n<figure class=\"wp-block-image\"><img decoding=\"async\" src=\"https:\/\/cdn.manomano.com\/external-resources\/AAHKMJXYDAFdJAOAIMEbOAchyjPUwYuKaSgjL3CiO4ILwTYWMoBP9j02UbMUaToSGN7cPcC_n4Nnb61eTwz7g2rBbkoVMvQY5k7QRrc2KllMXe4AHZwwo2hOVmQwtu9kcCtVBykeJX1yDelb0ifc5UKZSGWgyz80samFjoN-QOBz_g==\" alt=\"remorque b\u00e2che grise\" \/><\/figure>\n<p><strong>LIVRAISON :<\/strong><\/p>\n<p><em>*La remorque est livr\u00e9e enti\u00e8rement mont\u00e9e (livr\u00e9e sur plateau ou tract\u00e9e derri\u00e8re un v\u00e9hicule).<\/em><br \/>\n\u00c0 noter :\u00a0<em>Pas de livraison en Corse et sur les \u00eeles.<\/em><\/p>","protected":false},"excerpt":{"rendered":"<p>Grande remorque b\u00e2ch\u00e9e double essieu TEMA ECO2612\/2 Dimensions utiles de la caisse : 263 X 125 X 110 cm. Une b\u00e2che haute fournie pour un volume de stockage important, s\u00e9curis\u00e9 et prot\u00e9g\u00e9. Extr\u00eamement pratique pour les d\u00e9m\u00e9nagements, travaux dans la maison, jardinage\u2026 2 X essieux, AL-KO force 750 kg (1500 kg). PTAC : 500 kg \u2013 pas de carte de grise, ni de permis ni d\u2019assurance suppl\u00e9mentaire n\u00e9cessaire. La remorque est \u00e9quip\u00e9e d\u2019une ridelle arri\u00e8re ouvrante, rabattable et amovible. Tr\u00e8s pratique, la plaque d\u2019immatriculation s\u2019installe sans rivets, \u00e0 l\u2019aide de clipse de maintien. CH\u00c2SSIS : Un axe de type UBR 700 AL-KO ou KNOTT Taille de pneus standard : 155\/70 R13 Timon type V 750 kg (fixe) Poids de la remorque 190 kg environ CORPS : Ch\u00e2ssis de support: en profil\u00e9 pli\u00e9, \u00e9paisseur de t\u00f4le d\u2019acier : 2,5 mm. Galvanis\u00e9e, fixation-vis. Surface: contreplaqu\u00e9 anti-d\u00e9rapant 9 mm d\u2019\u00e9paisseur. Ridelles en acier galvanis\u00e9. Ridelle arri\u00e8re ouvrante d\u2019une hauteur de 30 cm. Roue jockey incluse. Armature de b\u00e2che et une b\u00e2che haute de 80 cm incluse. Hauteur totale de la b\u00e2che avec les ridelles 110 cm. Hauteur de la t\u00eate d\u2019attelage : 35 cm. *Non inclus: Antivol \u00e0 clef &amp; roue de secours (disponibles \u00e0 la vente s\u00e9par\u00e9ment). LIVRAISON : *La remorque est livr\u00e9e enti\u00e8rement mont\u00e9e (livr\u00e9e sur plateau ou tract\u00e9e derri\u00e8re un v\u00e9hicule). \u00c0 noter :\u00a0Pas de livraison en Corse et sur les \u00eeles.<\/p>","protected":false},"featured_media":7586,"comment_status":"closed","ping_status":"closed","template":"","meta":{"inline_featured_image":false},"product_brand":[],"product_cat":[59],"product_tag":[],"class_list":{"0":"post-8936","1":"product","2":"type-product","3":"status-publish","4":"has-post-thumbnail","6":"product_cat-remorque-voiture","8":"first","9":"instock","10":"sale","11":"shipping-taxable","12":"purchasable","13":"product-type-simple"},"_links":{"self":[{"href":"https:\/\/feria-verde.com\/es\/wp-json\/wp\/v2\/product\/8936","targetHints":{"allow":["GET"]}}],"collection":[{"href":"https:\/\/feria-verde.com\/es\/wp-json\/wp\/v2\/product"}],"about":[{"href":"https:\/\/feria-verde.com\/es\/wp-json\/wp\/v2\/types\/product"}],"replies":[{"embeddable":true,"href":"https:\/\/feria-verde.com\/es\/wp-json\/wp\/v2\/comments?post=8936"}],"version-history":[{"count":0,"href":"https:\/\/feria-verde.com\/es\/wp-json\/wp\/v2\/product\/8936\/revisions"}],"wp:featuredmedia":[{"embeddable":true,"href":"https:\/\/feria-verde.com\/es\/wp-json\/wp\/v2\/media\/7586"}],"wp:attachment":[{"href":"https:\/\/feria-verde.com\/es\/wp-json\/wp\/v2\/media?parent=8936"}],"wp:term":[{"taxonomy":"product_brand","embeddable":true,"href":"https:\/\/feria-verde.com\/es\/wp-json\/wp\/v2\/product_brand?post=8936"},{"taxonomy":"product_cat","embeddable":true,"href":"https:\/\/feria-verde.com\/es\/wp-json\/wp\/v2\/product_cat?post=8936"},{"taxonomy":"product_tag","embeddable":true,"href":"https:\/\/feria-verde.com\/es\/wp-json\/wp\/v2\/product_tag?post=8936"}],"curies":[{"name":"wp","href":"https:\/\/api.w.org\/{rel}","templated":true}]}}