{"id":8937,"date":"2024-05-31T19:07:06","date_gmt":"2024-05-31T17:07:06","guid":{"rendered":"https:\/\/feria-verde.com\/?post_type=product&#038;p=8937"},"modified":"2024-05-31T19:07:09","modified_gmt":"2024-05-31T17:07:09","slug":"4-ridelles-en-acier-pour-chassis-norauto-premium-145","status":"publish","type":"product","link":"https:\/\/feria-verde.com\/es\/producto\/4-ridelles-en-acier-pour-chassis-norauto-premium-145\/","title":{"rendered":"4 Paneles laterales de acero para chasis NORAUTO PREMIUM 145"},"content":{"rendered":"<div id=\"tab-description\" class=\"woocommerce-Tabs-panel woocommerce-Tabs-panel--description panel entry-content wc-tab\" role=\"tabpanel\" aria-labelledby=\"tab-title-description\">\n<h2 class=\"wp-block-heading\">Puntos fuertes del producto<\/h2>\n<ul>\n<li>Acero galvanizado.<\/li>\n<li>40 cm de altura extra.<\/li>\n<\/ul>\n<h2 class=\"wp-block-heading\">Descripci\u00f3n<\/h2>\n<p>Estos 4 metales\u00a0<strong>40 cm de altura<\/strong>\u00a0para remolques de chasis NORAUTO PREMIUM 150 le proporcionan un volumen considerable y hacen que su carga sea m\u00e1s segura. Fabricado en\u00a0<strong>acero galvanizado<\/strong>\u00a0aumenta la vida \u00fatil de estas barandillas laterales y preserva su calidad est\u00e9tica con el paso del tiempo.<br \/>\nPosibilidad de\u00a0<strong>instalar una lona plana (taladrando un agujero en el panel lateral y colocando cazoletas).<\/strong>Longitud de los paneles laterales: 2 m.<br \/>\nLongitud de los paneles delantero y trasero: 1,41 m.<\/p>\n<h2 class=\"wp-block-heading\">Caracter\u00edsticas<\/h2>\n<ul>\n<li><strong>Peso (kg)<\/strong> : 39<\/li>\n<li><strong>Altura (cm)<\/strong> : 40<\/li>\n<li><strong>Longitud (cm)<\/strong> : 200<\/li>\n<li><strong>Remolques compatibles<\/strong> norauto premium 145, 500 kg, norauto premium 145, 750 kg<\/li>\n<li><strong>Anchura (cm)<\/strong> : 141<\/li>\n<\/ul>\n<\/div>","protected":false},"excerpt":{"rendered":"<p>Les points forts de ce produit Acier galvanis\u00e9. 40 cm de hauteur suppl\u00e9mentaire. Description Ces 4 ridelles en m\u00e9tal de\u00a040 cm de hauteur\u00a0pour remorque ch\u00e2ssis NORAUTO PREMIUM 150 permettent de gagner un volume tr\u00e8s appr\u00e9ciable et de s\u00e9curiser votre chargement. Leur mati\u00e8re en\u00a0acier galvanis\u00e9\u00a0permet d\u2019augmenter la dur\u00e9e de vie de ces ridelles et de pr\u00e9server leur qualit\u00e9 esth\u00e9tique dans le temps. Possibilit\u00e9 d\u2019y\u00a0installer des barres porte-tout ou une b\u00e2che plate (en per\u00e7ant la ridelle et y installant des coupelles).Longueur des ridelles lat\u00e9rales: 2 m. Longueur des ridelles avant \/ arri\u00e8re: 1,41 m. Caract\u00e9ristiques Poids (kg) : 39 Hauteur (cm) : 40 Longueur (cm) : 200 Remorques compatibles : norauto premium 145, 500 kg, norauto premium 145, 750 kg Largeur (cm) : 141<\/p>","protected":false},"featured_media":7591,"comment_status":"closed","ping_status":"closed","template":"","meta":{"inline_featured_image":false},"product_brand":[],"product_cat":[44,59],"product_tag":[],"class_list":{"0":"post-8937","1":"product","2":"type-product","3":"status-publish","4":"has-post-thumbnail","6":"product_cat-meilleures-ventes","7":"product_cat-remorque-voiture","9":"first","10":"instock","11":"sale","12":"shipping-taxable","13":"purchasable","14":"product-type-simple"},"_links":{"self":[{"href":"https:\/\/feria-verde.com\/es\/wp-json\/wp\/v2\/product\/8937","targetHints":{"allow":["GET"]}}],"collection":[{"href":"https:\/\/feria-verde.com\/es\/wp-json\/wp\/v2\/product"}],"about":[{"href":"https:\/\/feria-verde.com\/es\/wp-json\/wp\/v2\/types\/product"}],"replies":[{"embeddable":true,"href":"https:\/\/feria-verde.com\/es\/wp-json\/wp\/v2\/comments?post=8937"}],"version-history":[{"count":0,"href":"https:\/\/feria-verde.com\/es\/wp-json\/wp\/v2\/product\/8937\/revisions"}],"wp:featuredmedia":[{"embeddable":true,"href":"https:\/\/feria-verde.com\/es\/wp-json\/wp\/v2\/media\/7591"}],"wp:attachment":[{"href":"https:\/\/feria-verde.com\/es\/wp-json\/wp\/v2\/media?parent=8937"}],"wp:term":[{"taxonomy":"product_brand","embeddable":true,"href":"https:\/\/feria-verde.com\/es\/wp-json\/wp\/v2\/product_brand?post=8937"},{"taxonomy":"product_cat","embeddable":true,"href":"https:\/\/feria-verde.com\/es\/wp-json\/wp\/v2\/product_cat?post=8937"},{"taxonomy":"product_tag","embeddable":true,"href":"https:\/\/feria-verde.com\/es\/wp-json\/wp\/v2\/product_tag?post=8937"}],"curies":[{"name":"wp","href":"https:\/\/api.w.org\/{rel}","templated":true}]}}