{"id":8939,"date":"2024-05-31T19:07:06","date_gmt":"2024-05-31T17:07:06","guid":{"rendered":"https:\/\/feria-verde.com\/?post_type=product&#038;p=8939"},"modified":"2024-05-31T19:07:09","modified_gmt":"2024-05-31T17:07:09","slug":"rehausse-grillagee-a-clip-230-x-130-cm-pour-remorque-norauto-regular-100-2m30-copie","status":"publish","type":"product","link":"https:\/\/feria-verde.com\/es\/producto\/rehausse-grillagee-a-clip-230-x-130-cm-pour-remorque-norauto-regular-100-2m30-copie\/","title":{"rendered":"Extensi\u00f3n de parrilla con clip de 230 x 130 cm para remolque NORAUTO REGULAR 100 2M30 (Copiar)"},"content":{"rendered":"<div id=\"tab-description\" class=\"woocommerce-Tabs-panel woocommerce-Tabs-panel--description panel entry-content wc-tab\" role=\"tabpanel\" aria-labelledby=\"tab-title-description\">\n<h2 class=\"wp-block-heading\">Puntos fuertes del producto<\/h2>\n<ul>\n<li>Solide et pratique.<\/li>\n<li>40 cm de altura extra.<\/li>\n<li>Id\u00e9al pour les chargements volumineux et l\u00e9gers.<\/li>\n<\/ul>\n<h2 class=\"wp-block-heading\">Descripci\u00f3n<\/h2>\n<p>Ces 4 rehausses grillag\u00e9es de 40 cm de hauteur sont aussi solides que des rehausses en m\u00e9tal puisqu\u2019elles sont ajour\u00e9es. Elles permettent de maximiser le chargement de votre remorque lorsque celui-ci est volumineux. Elles sont donc parfaites pour se d\u00e9barrasser des branchages.Ces rehausses sont compatibles avec :<\/p>\n<ul>\n<li>La remorque NORAUTO REGULAR 100 2M30<\/li>\n<li>La remorque NORAUTO INTENSE 100 2M30<\/li>\n<li>La remorque NORAUTO NOR 2300<\/li>\n<li>La remorque NORAUTO NOR 2300 2essieux<\/li>\n<\/ul>\n<p>Longueur des ridelles lat\u00e9rales: 230 cm<br \/>\nLargueur des ridelles avant \/ arri\u00e8re: 130 cm<\/p>\n<h3 class=\"wp-block-heading\">Caracter\u00edsticas<\/h3>\n<ul>\n<li><strong>Peso (kg)<\/strong> : 27<\/li>\n<li><strong>Hauteur (cm) : <\/strong>40<\/li>\n<li><strong>Longitud (cm)<\/strong> : 230<\/li>\n<li><strong>Remorques compatibles : <\/strong>norauto nor 2300 2 ess. 750 kg, norauto nor 2300 2 ess. 500 kg, norauto nor 2300, 500 kg<\/li>\n<li><strong>Anchura (cm)<\/strong> : 130<\/li>\n<\/ul>\n<\/div>","protected":false},"excerpt":{"rendered":"<p>Les points forts de ce produit Solide et pratique. 40 cm de hauteur suppl\u00e9mentaire. Id\u00e9al pour les chargements volumineux et l\u00e9gers. Description Ces 4 rehausses grillag\u00e9es de 40 cm de hauteur sont aussi solides que des rehausses en m\u00e9tal puisqu\u2019elles sont ajour\u00e9es. Elles permettent de maximiser le chargement de votre remorque lorsque celui-ci est volumineux. Elles sont donc parfaites pour se d\u00e9barrasser des branchages.Ces rehausses sont compatibles avec : La remorque NORAUTO REGULAR 100 2M30 La remorque NORAUTO INTENSE 100 2M30 La remorque NORAUTO NOR 2300 La remorque NORAUTO NOR 2300 2essieux Longueur des ridelles lat\u00e9rales: 230 cm Largueur des ridelles avant \/ arri\u00e8re: 130 cm Caract\u00e9ristiques Poids (kg) : 27 Hauteur (cm) : 40 Longueur (cm) : 230 Remorques compatibles : norauto nor 2300 2 ess. 750 kg, norauto nor 2300 2 ess. 500 kg, norauto nor 2300, 500 kg Largeur (cm) : 130<\/p>","protected":false},"featured_media":7594,"comment_status":"closed","ping_status":"closed","template":"","meta":{"inline_featured_image":false},"product_brand":[],"product_cat":[59],"product_tag":[],"class_list":{"0":"post-8939","1":"product","2":"type-product","3":"status-publish","4":"has-post-thumbnail","6":"product_cat-remorque-voiture","8":"first","9":"instock","10":"sale","11":"shipping-taxable","12":"purchasable","13":"product-type-simple"},"_links":{"self":[{"href":"https:\/\/feria-verde.com\/es\/wp-json\/wp\/v2\/product\/8939","targetHints":{"allow":["GET"]}}],"collection":[{"href":"https:\/\/feria-verde.com\/es\/wp-json\/wp\/v2\/product"}],"about":[{"href":"https:\/\/feria-verde.com\/es\/wp-json\/wp\/v2\/types\/product"}],"replies":[{"embeddable":true,"href":"https:\/\/feria-verde.com\/es\/wp-json\/wp\/v2\/comments?post=8939"}],"version-history":[{"count":0,"href":"https:\/\/feria-verde.com\/es\/wp-json\/wp\/v2\/product\/8939\/revisions"}],"wp:featuredmedia":[{"embeddable":true,"href":"https:\/\/feria-verde.com\/es\/wp-json\/wp\/v2\/media\/7594"}],"wp:attachment":[{"href":"https:\/\/feria-verde.com\/es\/wp-json\/wp\/v2\/media?parent=8939"}],"wp:term":[{"taxonomy":"product_brand","embeddable":true,"href":"https:\/\/feria-verde.com\/es\/wp-json\/wp\/v2\/product_brand?post=8939"},{"taxonomy":"product_cat","embeddable":true,"href":"https:\/\/feria-verde.com\/es\/wp-json\/wp\/v2\/product_cat?post=8939"},{"taxonomy":"product_tag","embeddable":true,"href":"https:\/\/feria-verde.com\/es\/wp-json\/wp\/v2\/product_tag?post=8939"}],"curies":[{"name":"wp","href":"https:\/\/api.w.org\/{rel}","templated":true}]}}