{"id":8940,"date":"2024-05-31T19:07:06","date_gmt":"2024-05-31T17:07:06","guid":{"rendered":"https:\/\/feria-verde.com\/?post_type=product&#038;p=8940"},"modified":"2025-04-07T09:29:08","modified_gmt":"2025-04-07T07:29:08","slug":"spa-gonflable-carre-ibiza-airjet-bestway","status":"publish","type":"product","link":"https:\/\/feria-verde.com\/es\/producto\/spa-gonflable-carre-ibiza-airjet-bestway\/","title":{"rendered":"Spa Intex Pure Spa Azul Marino burbujas 4 plazas lujo"},"content":{"rendered":"<h2 class=\"wp-block-heading\"><strong>Livr\u00e9 avec 2 appuis t\u00eate et un \u00e9clairage LED multicolore<\/strong><\/h2>\n\n\n\n<p>En&nbsp;<strong>140 diffuseurs de bulles d&rsquo;air chaud<\/strong>&nbsp;du spa gonflable Intex PureSpa Blue Navy 4 places luxe peuvent \u00eatre d\u00e9clench\u00e9s depuis le panneau de commande incorpor\u00e9 au bloc technique de mani\u00e8re tr\u00e8s intuitive. Avec un&nbsp;<strong>nouveau design plus compact<\/strong>&nbsp;et discret, il se fait discret derri\u00e8re la paroi de votre spa Intex tout en restant \u00e0 proximit\u00e9 de l&rsquo;utilisateur pour conserver l&rsquo;acc\u00e8s \u00e0 ses fonctions en tout instant sans quitter votre spa. La&nbsp;<strong>couleur Blue Navy<\/strong>&nbsp;assure un rendu raffin\u00e9 et contemporain, et lui permet de se fondre parfaitement \u00e0 tous les environnements sans d\u00e9noter avec votre d\u00e9coration.<\/p>\n\n\n\n<figure class=\"wp-block-image\"><img decoding=\"async\" src=\"https:\/\/www.azialo.com\/img\/bien-etre\/spa\/intex\/blue-navy\/spa-intex-blue-navy.jpg\" alt=\"Spa gonflable intex Blue NavyPureSpa \u00e0 bulles 4 places luxe LED\"\/><\/figure>\n\n\n\n<p>D\u00e9velopp\u00e9e \u00e0 partir de la<strong>&nbsp;technologie Fibertech brevet\u00e9e<\/strong>&nbsp;par Intex, la structure gonflable est d&rsquo;une r\u00e9sistance impressionnante et permet de s&rsquo;asseoir sur la paroi sans d\u00e9formation importante de la structure comme c&rsquo;est le cas avec les spas gonflables standards. Cette&nbsp;<strong>finition luxe<\/strong>&nbsp;vous est livr\u00e9e avec les accessoires indispensables (tapis de sol thermique, couverture isolante verrouillable, diffuseur de traitement flottant &#8230;) mais sont&nbsp;<strong>inclus des \u00e9quipements compl\u00e9mentaires<\/strong>&nbsp;: 2 appuis-t\u00eate, un \u00e9clairage LED multicolore pour cr\u00e9er une ambiance feutr\u00e9 et color\u00e9e favorisant la relaxation, et 2 cartouches de filtrations.<\/p>\n\n\n\n<h2 class=\"wp-block-heading\"><strong>Equipamiento incluido<\/strong><\/h2>\n\n\n\n<figure class=\"wp-block-table\"><table><tbody><tr><td><img decoding=\"async\" alt=\"Couvercle Spa Gonflable bulles 4 places luxe intex purespa Blue Navy\" src=\"https:\/\/www.azialo.com\/img\/bien-etre\/spa\/intex\/blue-navy\/blue-navy-couvercle.jpg\"><\/td><td><img decoding=\"async\" alt=\"Bloc filtration compact Spa Gonflable Intex purespa 4 places Blue Navy luxe LED\" src=\"https:\/\/www.azialo.com\/img\/bien-etre\/spa\/intex\/blue-navy\/blue-navy-filtration.jpg\"><\/td><td><img decoding=\"async\" alt=\"Diffuseur Spa Gonflable pour spa intex LED luxe 4 places blue navy\" src=\"https:\/\/www.azialo.com\/img\/bien-etre\/spa\/intex\/diff-cart2.jpg\"><\/td><td><img decoding=\"async\" alt=\"Transport facile avec sac hiver pour Spa Gonflable Intex 4 places luxe\" src=\"https:\/\/www.azialo.com\/img\/bien-etre\/spa\/intex\/bulles\/transport.jpg\"><\/td><\/tr><tr><td><strong>Couvercle isolant r\u00e9sistant et verrouillable par cl\u00e9<\/strong><\/td><td><strong>Unidad de filtraci\u00f3n compacta de nueva generaci\u00f3n<\/strong><\/td><td><strong>Difusor flotante + 2 cartuchos filtrantes<\/strong><\/td><td><strong>Sac de transport<\/strong><\/td><\/tr><tr><td><img decoding=\"async\" alt=\"tapis thermique pour spa gonflable intex Blue Navy luxe 4 places\" src=\"https:\/\/www.azialo.com\/img\/bien-etre\/spa\/intex\/bulles\/tapis.jpg\"><\/td><td><img decoding=\"async\" alt=\"Bulles du Spa Gonflable intex luxe 4 places blue navy luxe\" src=\"https:\/\/www.azialo.com\/img\/bien-etre\/spa\/intex\/blue-navy\/blue-navy-bulles.jpg\"><\/td><td><img decoding=\"async\" alt=\"Panneau de contr\u00f4le complet Spa Gonflable intex luxe 4 places Blue navy LED\" src=\"https:\/\/www.azialo.com\/img\/bien-etre\/spa\/intex\/blue-navy\/blue-navy-panneau.jpg\"><\/td><td><img decoding=\"async\" alt=\"Appuis t\u00eate et \u00e9clairage LED offerts Spa Blue Navy Intex bulles 4 places luxe\" src=\"https:\/\/www.azialo.com\/img\/bien-etre\/spa\/intex\/appui2-led.jpg\"><\/td><\/tr><tr><td><strong>Alfombrillas t\u00e9rmicas<\/strong><\/td><td><strong>140 diffuseurs \u00e0 bulles d&rsquo;air chaud<\/strong><\/td><td><strong>Panneau de contr\u00f4le complet<\/strong><\/td><td><strong>2 appuis t\u00eate et lampe d&rsquo;ambiance LED<\/strong><\/td><\/tr><\/tbody><\/table><\/figure>\n\n\n\n<h2 class=\"wp-block-heading\"><strong>Version luxe<\/strong><\/h2>\n\n\n\n<p><strong>En tant que partenaire officiel certifi\u00e9 de la marque Intex, Jardin Style vous propose ce spa gonflable 4 places en finition luxe comprenant en plus de la version classique :<\/strong><\/p>\n\n\n\n<ul class=\"wp-block-list\">\n<li>140 diffuseurs \u00e0 bulles<\/li>\n\n\n\n<li>Coloris Blue Navy original<\/li>\n\n\n\n<li>2 appuis t\u00eates<\/li>\n\n\n\n<li>\u00c9clairage LED multicolore<\/li>\n<\/ul>\n\n\n\n<figure class=\"wp-block-image\"><img decoding=\"async\" src=\"https:\/\/www.azialo.com\/img\/bien-etre\/spa\/intex\/blue-navy\/spa-intex-blue-navy-luxe.jpg\" alt=\"Spa Intex bulles LED blue Navy luxe 4 places led\"\/><\/figure>\n\n\n\n<h2 class=\"wp-block-heading\"><strong>Am\u00e9lioration du bloc technique et panneau de commande<\/strong><\/h2>\n\n\n\n<figure class=\"wp-block-table\"><table><tbody><tr><td><img decoding=\"async\" alt=\"Panneau de contr\u00f4le complet Spa Gonflable intex Blue Navy luxe 4 places\" src=\"https:\/\/www.azialo.com\/img\/bien-etre\/spa\/intex\/blue-navy\/blue-navy-panneau-2.jpg\"><\/td><td>Intex am\u00e9liore l&rsquo;ensemble de la gamme Pure spa pour plus de performances. Le spa Blue Navy dispose d&rsquo;un&nbsp;nouveau bloc technique&nbsp;plus moderne, compact et design d\u00e9velopp\u00e9 pour \u00eatre&nbsp;<strong>potente, pr\u00e1ctico y silencioso<\/strong>.Le&nbsp;<strong>panneau de commande \u00e9tanche<\/strong>&nbsp;est \u00e0 port\u00e9e de main pour que vous puissiez conserver un&nbsp;<strong>f\u00e1cil acceso<\/strong>&nbsp;sans quitter votre spa. Le panneau de contr\u00f4le \u00e9tanche du mod\u00e8le Blue Navy bulles 4 places&nbsp;<strong>controla todas las funciones<\/strong>&nbsp;du spas, \u00e0 savoir :Ajustement de temp\u00e9rature jusqu&rsquo;\u00e0 40\u00b0CFiltrationDiffusion de bulles d&rsquo;air chaudGonflageD\u00e9gonflage<\/td><\/tr><\/tbody><\/table><\/figure>\n\n\n\n<figure class=\"wp-block-table\"><table><tbody><tr><td><strong>Mejores prestaciones y dise\u00f1o<\/strong><\/td><td><strong>M\u00e1s c\u00f3modo<\/strong><\/td><\/tr><tr><td><strong>140 diffuseurs de bulles<\/strong>Filtration incluse d\u00e9bit : 1,7 m3\/hPompe \u00e0 air et \u00e0 bulles : 800 WChauffage : 2200 WS\u00e9curit\u00e9 : Se bloque \u00e0 40\u00b0CValve de surpression : s\u00e9curit\u00e9 anti-surgonflageSyst\u00e8me anti-tartre \u00e9lectromagn\u00e9tique int\u00e9gr\u00e9Mont\u00e9e rapide en T\u00b0C : +1,5 \u00e0 2,5\u00b0C\/hVinyle lamin\u00e9 triple \u00e9paisseurCapacit\u00e9 : 795 litres<\/td><td>\u200b\u200b\u200b\u200b\u200b\u200b<strong>Inclus 2 cartouches de filtration<\/strong><strong>Inclus 2 appuis-t\u00eates<\/strong><strong>Inclus lampe d&rsquo;ambiance LED multicolore<\/strong><strong>5 a\u00f1os de garant\u00eda<\/strong>Gonfleur \/ d\u00e9gonfleur, filtration et diffuseur \u00e0 bulles d&rsquo;air chaudTr\u00e8s confortable gr\u00e2ce \u00e0 son fond en mousseCartouche de filtration prot\u00e9g\u00e9eDiam\u00e8tre ext\u00e9rieur \/ int\u00e9rieur : 196 \/ 145 cmHauteur : 71 cm<\/td><\/tr><\/tbody><\/table><\/figure>\n\n\n\n<h2 class=\"wp-block-heading\"><strong>Un niveau de confort remarquable<\/strong><\/h2>\n\n\n\n<p>En&nbsp;<strong>innovations int\u00e9gr\u00e9es<\/strong>&nbsp;dans ce mod\u00e8le sont nombreuses et am\u00e9liorent le confort d&rsquo;utilisation du spa. Un soin tout particulier est apport\u00e9 aux d\u00e9tails comme c&rsquo;est le cas dans le choix d&rsquo;un&nbsp;<strong>fond mousse souple<\/strong>&nbsp;pour le spa, qui permet d&rsquo;accueillir l&rsquo;utilisateur sur un support moelleux bien plus agr\u00e9able qu&rsquo;un sol dur. C&rsquo;est aussi l&rsquo;ajout de la coque pour prot\u00e9ger la cartouche de filtration et \u00e9viter ainsi le contact avec les salet\u00e9s qui s&rsquo;y d\u00e9posent tout en conservant un design irr\u00e9prochable.<\/p>\n\n\n\n<p>La s\u00e9curit\u00e9 est elle-aussi au c\u0153ur de la conception de ce spa : les \u00e9l\u00e9ments \u00e9lectriques et chauffants ne sont pas en contact direct avec l&rsquo;eau ce qui prot\u00e8ge l&rsquo;utilisateur. De plus, la temp\u00e9rature se bloque automatiquement assurant une s\u00e9r\u00e9nit\u00e9 totale pendant vos moments de d\u00e9tente \u00e0 l&rsquo;int\u00e9rieur du spa.<\/p>\n\n\n\n<figure class=\"wp-block-table\"><table><tbody><tr><td><img decoding=\"async\" alt=\"Bulles d'air chauff\u00e9es dans spa bulles 4 places intex Blue Navy\" src=\"https:\/\/www.azialo.com\/img\/bien-etre\/spa\/intex\/bulles-air-chaud.jpg\"><\/td><td><img decoding=\"async\" alt=\"Syst\u00e8me antitartre anticalcaire \u00e9lectromagn\u00e9tique du spa bulles 4 places intex Blue Navy luxe led\" src=\"https:\/\/www.azialo.com\/img\/bien-etre\/spa\/intex\/anti-tartre.jpg\"><\/td><td><\/td><td><img decoding=\"async\" alt=\"Montage express 20 minutes spa bulles 4 places Intex Blue Navy luxe\" src=\"https:\/\/www.azialo.com\/img\/bien-etre\/spa\/intex\/20minutes.jpg\"><\/td><\/tr><tr><td><strong>Burbujas de aire caliente<\/strong><\/td><td><strong>Sistema antical electromagn\u00e9tico integrado<\/strong><\/td><td><strong>5 a\u00f1os de garant\u00eda<\/strong><\/td><td><strong>Montaje expr\u00e9s - inflador integrado<\/strong><\/td><\/tr><\/tbody><\/table><\/figure>\n\n\n\n<h2 class=\"wp-block-heading\"><strong>Structure FiberTech Intex : solide, l\u00e9g\u00e8re et confortable<\/strong><\/h2>\n\n\n\n<p>La estructura de este&nbsp;<strong>una nueva generaci\u00f3n de balnearios<\/strong>&nbsp;est\u00e1 dise\u00f1ada con la tecnolog\u00eda Fibertech patentada por Intex. Miles de fibras de poli\u00e9ster de alta calidad refuerzan la estructura para hacerla m\u00e1s resistente y duradera.&nbsp;<strong>las paredes no se deforman<\/strong>. El resultado es una estructura ultrarresistente en la que incluso puedes sentarte porque es muy r\u00edgida: una gran ventaja para un spa hinchable que le da una clara ventaja sobre la competencia.<\/p>\n\n\n\n<h2 class=\"wp-block-heading\"><\/h2>\n\n\n\n<figure class=\"wp-block-image\"><img decoding=\"async\" src=\"https:\/\/www.azialo.com\/img\/bien-etre\/spa\/intex\/blue-navy\/fibertech-blue-navy.jpg\" alt=\"Technologie Fiber Tech du spa PureSpa Intex 4 places luxe LED\"\/><\/figure>\n\n\n\n<h3 class=\"wp-block-heading\"><strong>Garant\u00eda legal de conformidad y vicios ocultos: 5 a\u00f1os<\/strong><\/h3>\n\n\n\n<p><\/p>","protected":false},"excerpt":{"rendered":"<p>Le spa gonflable Intex Pure Spa Blue Navy \u00e0 bulles 4 places luxe est l&rsquo;une des meilleures ventes de la marque. Avec ses\u00a0<strong>140 diffuseurs de bulles d&rsquo;air chaud<\/strong>su\u00a0<strong>iluminaci\u00f3n LED multicolor<\/strong>su\u00a0<strong>dos reposacabezas<\/strong>\u00a0y su\u00a0<strong>azul noche<\/strong>\u00a0d&rsquo;une solidit\u00e9 remarquable, il se d\u00e9marque clairement de la concurrence.<\/p>","protected":false},"featured_media":9654,"comment_status":"closed","ping_status":"closed","template":"","meta":{"inline_featured_image":false},"product_brand":[],"product_cat":[52],"product_tag":[],"class_list":{"0":"post-8940","1":"product","2":"type-product","3":"status-publish","4":"has-post-thumbnail","6":"product_cat-spa","8":"first","9":"instock","10":"sale","11":"shipping-taxable","12":"purchasable","13":"product-type-simple"},"_links":{"self":[{"href":"https:\/\/feria-verde.com\/es\/wp-json\/wp\/v2\/product\/8940","targetHints":{"allow":["GET"]}}],"collection":[{"href":"https:\/\/feria-verde.com\/es\/wp-json\/wp\/v2\/product"}],"about":[{"href":"https:\/\/feria-verde.com\/es\/wp-json\/wp\/v2\/types\/product"}],"replies":[{"embeddable":true,"href":"https:\/\/feria-verde.com\/es\/wp-json\/wp\/v2\/comments?post=8940"}],"version-history":[{"count":2,"href":"https:\/\/feria-verde.com\/es\/wp-json\/wp\/v2\/product\/8940\/revisions"}],"predecessor-version":[{"id":9665,"href":"https:\/\/feria-verde.com\/es\/wp-json\/wp\/v2\/product\/8940\/revisions\/9665"}],"wp:featuredmedia":[{"embeddable":true,"href":"https:\/\/feria-verde.com\/es\/wp-json\/wp\/v2\/media\/9654"}],"wp:attachment":[{"href":"https:\/\/feria-verde.com\/es\/wp-json\/wp\/v2\/media?parent=8940"}],"wp:term":[{"taxonomy":"product_brand","embeddable":true,"href":"https:\/\/feria-verde.com\/es\/wp-json\/wp\/v2\/product_brand?post=8940"},{"taxonomy":"product_cat","embeddable":true,"href":"https:\/\/feria-verde.com\/es\/wp-json\/wp\/v2\/product_cat?post=8940"},{"taxonomy":"product_tag","embeddable":true,"href":"https:\/\/feria-verde.com\/es\/wp-json\/wp\/v2\/product_tag?post=8940"}],"curies":[{"name":"wp","href":"https:\/\/api.w.org\/{rel}","templated":true}]}}