{"id":8941,"date":"2024-05-31T19:07:06","date_gmt":"2024-05-31T17:07:06","guid":{"rendered":"https:\/\/feria-verde.com\/?post_type=product&#038;p=8941"},"modified":"2025-04-07T09:28:33","modified_gmt":"2025-04-07T07:28:33","slug":"spa-intex-pure-spa-sahara-bulles-6-places","status":"publish","type":"product","link":"https:\/\/feria-verde.com\/es\/producto\/spa-intex-pure-spa-sahara-bulles-6-places\/","title":{"rendered":"Spa Intex Pure Spa Sahara burbujas 6 plazas"},"content":{"rendered":"<p>Toujours dot\u00e9e de la technologie Fibertech brevet\u00e9e par Intex, cette derni\u00e8re g\u00e9n\u00e9ration de spas gonflables\u00a0<strong>PureSpa Sahara 6 places<\/strong>\u00a0est d&rsquo;une fiabilit\u00e9 remarquable. Le bloc technique a \u00e9t\u00e9 repens\u00e9 pour \u00eatre plus discret et se fondre au mieux dans votre int\u00e9rieur, votre terrasse ou votre jardin. Cette nouvelle mouture a de nombreux atouts qui lui permettent de conserver une longueur d&rsquo;avance sur la concurrence comme par exemple une\u00a0<strong>valve de surpression<\/strong>\u00a0(s\u00e9curit\u00e9 suppl\u00e9mentaire contre le sur-gonflage), un\u00a0<strong>syst\u00e8me anti-tartre<\/strong>\u00a0\u00e9lectromagn\u00e9tique, un gonfleur\/d\u00e9gonfleur int\u00e9gr\u00e9s, et toujours un fond mousse pour une assise confortable.<br><img decoding=\"async\" src=\"https:\/\/www.azialo.com\/img\/bien-etre\/spa\/intex\/sahara\/spa-intex-sahara.jpg\" alt=\"PureSpa Intex \u00e0 bulles 6 places Sahara\"><br>Le spa Sahara bulles 6 places vous permettra d&rsquo;\u00e9chapper aux tracas du quotidien en vous accordant un moment privil\u00e9gi\u00e9 de d\u00e9tente pour\u00a0<strong>r\u00e9duire le stress<\/strong>\u00a0et la pression de vos journ\u00e9es sans quitter la chaleur de votre maison. Vous profiterez d&rsquo;une\u00a0<strong>eau chauff\u00e9e jusqu&rsquo;\u00e0 40 degr\u00e9s<\/strong>\u00a0avec une mont\u00e9e en temp\u00e9rature rapide permise par un syst\u00e8me de chauffe int\u00e9gr\u00e9 de 2200W. La fiabilit\u00e9 de sa conception et de sa fabrication Intex sont reconnus et la temp\u00e9rature se bloque \u00e0 40\u00b0C pour vous permettre de profiter du spa en toute s\u00e9r\u00e9nit\u00e9. Avec son\u00a0<strong>design \u00e9pur\u00e9<\/strong>\u00a0et sa couleur tendance, c&rsquo;est un spa gonflable incontournable.<br><strong>Equipamiento incluido<\/strong><br><img decoding=\"async\" src=\"https:\/\/www.azialo.com\/img\/bien-etre\/spa\/intex\/sahara\/sahara-couvercle.jpg\" alt=\"Couvercle Spa Gonflable spa 6 places bulles Intex PureSpa Sahara\"><br><img decoding=\"async\" src=\"https:\/\/www.azialo.com\/img\/bien-etre\/spa\/intex\/sahara\/sahara-filtration.jpg\" alt=\"Bloc filtration compact Spa Gonflable Intex purespa 6 places Sahara\"><br><img decoding=\"async\" src=\"https:\/\/www.azialo.com\/img\/bien-etre\/spa\/intex\/bulles\/diffuseur-spa.jpg\" alt=\"Diffuseur Spa Gonflable pour spa bulles Intex 6 places Sahara\"><br><img decoding=\"async\" src=\"https:\/\/www.azialo.com\/img\/bien-etre\/spa\/intex\/bulles\/transport.jpg\" alt=\"Transport facile Spa Gonflable bulles 6 places sac hivernage Intex\"><br><strong>Couvercle r\u00e9sistant, isolant et verrouillable avec cl\u00e9<\/strong><br><strong>Unidad de filtraci\u00f3n compacta de nueva generaci\u00f3n<\/strong><br><strong>Diffuseur de produit flottant<\/strong><br><strong>Sac de transport<\/strong><br><img decoding=\"async\" src=\"https:\/\/www.azialo.com\/img\/bien-etre\/spa\/intex\/bulles\/tapis.jpg\" alt=\"Tapis thermique pour Intex Spa Gonflable 6 places bulles\"><br><img decoding=\"async\" src=\"https:\/\/www.azialo.com\/img\/bien-etre\/spa\/intex\/bulles\/bulles.jpg\" alt=\"Bulles Spa Gonflable 140 diffuseurs de bulles paroi intex spa gonflable\"><br><img decoding=\"async\" src=\"https:\/\/www.azialo.com\/img\/bien-etre\/spa\/intex\/sahara\/sahara-panneau.jpg\" alt=\"Panneau de contr\u00f4le tout en 1 Spa Gonflable intex 6 places Sahara\"><br><img decoding=\"async\" src=\"https:\/\/www.azialo.com\/img\/bien-etre\/spa\/intex\/cartx2.jpg\" alt=\"lot de 2 cartouches de filtration pour spa Intex bulles 6 places rond\"><br><strong>Alfombrillas t\u00e9rmicas<\/strong><br><strong>140 diffuseurs \u00e0 bulles d&rsquo;air chaud<\/strong><br><strong>Panneau de contr\u00f4le complet<\/strong><br><strong>2 cartouches de filtration<\/strong><br><br><strong>Nouveaut\u00e9 : Am\u00e9lioration du bloc technique et du panneau de commande<\/strong><br><br><img decoding=\"async\" src=\"https:\/\/www.azialo.com\/img\/bien-etre\/spa\/intex\/sahara\/sahara-panneau-2.jpg\" alt=\"Panneau de contr\u00f4le complet Spa Gonflable intex Sahara 4 places\"><br><br>Intex am\u00e9liore l&rsquo;ensemble de la gamme Pure spa pour plus de performances. Le spa Sahara dispose d&rsquo;un\u00a0nouveau bloc technique\u00a0plus moderne, compact et design d\u00e9velopp\u00e9 pour \u00eatre\u00a0<strong>potente, pr\u00e1ctico y silencioso<\/strong>.<br>Le\u00a0<strong>panneau de commande \u00e9tanche<\/strong>\u00a0est \u00e0 port\u00e9e de main pour que vous puissiez conserver un\u00a0<strong>f\u00e1cil acceso<\/strong>\u00a0sans quitter votre spa. Le panneau de contr\u00f4le \u00e9tanche du mod\u00e8le Sahara bulles 6 places\u00a0<strong>controla todas las funciones<\/strong>\u00a0del balneario, a saber :<br>Ajuste de temperatura hasta 40\u00b0C<br>Filtraci\u00f3n<br>Difusi\u00f3n de burbujas de aire caliente<br>Inflaci\u00f3n<br>Deflaci\u00f3n<br><strong>Mejores prestaciones y dise\u00f1o<\/strong><br><strong>M\u00e1s c\u00f3modo<\/strong><br><strong>140 diffuseurs de bulles<\/strong><br>Filtraci\u00f3n incluida Caudal: 1,7 m3\/h<br>Bomba de aire y burbujas: 800 W<br>Calefacci\u00f3n: 2200 W<br>Seguridad: se bloquea a 40\u00b0C<br>V\u00e1lvula limitadora de presi\u00f3n: protecci\u00f3n contra sobretensiones<br>Sistema antical electromagn\u00e9tico integrado<br>Aumento r\u00e1pido de la T\u00b0C: de +1 a 2\u00b0C\/h<br>Vinilo laminado de triple capa<br>\u200b\u200b\u200b\u200b\u200b\u200b<strong>Inclus 2 cartouches de filtration<\/strong><br><strong>5 a\u00f1os de garant\u00eda<\/strong><br>Inflador\/desinflador, filtraci\u00f3n y difusor de burbujas de aire caliente<br>Muy c\u00f3modo gracias a su base de espuma<br>Cartucho filtrante protegido<br>Diam\u00e8tre ext\u00e9rieur \/ int\u00e9rieur : 216 \/ 165 cm<br>Altura: 71 cm<br>Capacidad: 1098 litros<br><strong>Un niveau de confort remarquable<\/strong><br>En\u00a0<strong>innovations int\u00e9gr\u00e9es<\/strong>\u00a0dans ce mod\u00e8le sont nombreuses et am\u00e9liorent le confort d&rsquo;utilisation du spa. Un soin tout particulier est apport\u00e9 aux d\u00e9tails comme c&rsquo;est le cas dans le choix d&rsquo;un fond souple pour le spa, qui permet d&rsquo;accueillir l&rsquo;utilisateur sur un support moelleux bien plus agr\u00e9able qu&rsquo;un sol dur. C&rsquo;est aussi l&rsquo;ajout de la coque pour prot\u00e9ger la cartouche de filtration et \u00e9viter ainsi le contact avec les salet\u00e9s qui s&rsquo;y d\u00e9posent tout en conservant un design irr\u00e9prochable.<br>La\u00a0<strong>s\u00e9curit\u00e9 est au coeur de la conception<\/strong>\u00a0de ce spa : les \u00e9l\u00e9ments \u00e9lectriques et chauffants ne sont pas en contact direct avec l&rsquo;eau ce qui prot\u00e8ge l&rsquo;utilisateur. De plus, la temp\u00e9rature se bloque automatiquement assurant une s\u00e9r\u00e9nit\u00e9 totale pendant vos moments de d\u00e9tente \u00e0 l&rsquo;int\u00e9rieur du spa.<br><img decoding=\"async\" src=\"https:\/\/www.azialo.com\/img\/bien-etre\/spa\/intex\/bulles-air-chaud.jpg\" alt=\"Diffuseurs de bulles d'air chaud dans spa bulles 6 places intex\"><br><img decoding=\"async\" src=\"https:\/\/www.azialo.com\/img\/bien-etre\/spa\/intex\/anti-tartre.jpg\" alt=\"Syst\u00e8me antitartre anticalcaire \u00e9lectromagn\u00e9tique dans spa bulles 6 places intex\"><br><br><img decoding=\"async\" src=\"https:\/\/www.azialo.com\/img\/bien-etre\/spa\/intex\/20minutes.jpg\" alt=\"Montage express 20 minutes spa bulles 6 places Intex\"><br><strong>Burbujas de aire caliente<\/strong><br><strong>Sistema antical electromagn\u00e9tico integrado<\/strong><br><strong>5 a\u00f1os de garant\u00eda<\/strong><br><strong>Montaje expr\u00e9s - inflador integrado<\/strong><br><br><strong>Estructura FiberTech: resistente, ligera y c\u00f3moda<\/strong><br>La estructura de este\u00a0<strong>una nueva generaci\u00f3n de balnearios<\/strong>\u00a0est\u00e1 dise\u00f1ada con la tecnolog\u00eda Fibertech patentada por Intex. Miles de fibras de poli\u00e9ster de alta calidad refuerzan la estructura para hacerla m\u00e1s resistente y duradera.\u00a0<strong>las paredes no se deforman<\/strong>. El resultado es una estructura ultrarresistente en la que incluso puedes sentarte porque es muy r\u00edgida: una gran ventaja para un spa hinchable que le da una clara ventaja sobre la competencia.<br><img decoding=\"async\" src=\"https:\/\/www.azialo.com\/img\/bien-etre\/spa\/intex\/sahara\/fibertech-sahara.jpg\" alt=\"Technologie Fiber Tech spa bulles 6 places Sahara Intex\"><br><strong>Piscine Tendance partenaire officiel de la marque Intex<\/strong><br><img fetchpriority=\"high\" decoding=\"async\" height=\"218\" width=\"252\" src=\"https:\/\/www.azialo.com\/img\/piscine\/intex\/partenariat-officiel-intex.jpg\" alt=\"Partenariat officiel Intex\"><br>Cette certification permet \u00e0 Piscine Tendance de b\u00e9n\u00e9ficier de :<br>- Amplia disponibilidad de los productos de la marca, incluidos los nuevos lanzamientos.<br>- Una gama de productos exclusivos.<br>- 5 a\u00f1os de garant\u00eda en todos los productos Intex.<br>- Servicio posventa preferente.<br><strong>Garant\u00eda legal de conformidad y vicios ocultos: 5 a\u00f1os<\/strong><\/p>\n\n\n\n<p><\/p>\n\n\n\n<p><br><a href=\"https:\/\/www.youpalo.com\/spa-gonflable-carre-ibiza-airjet-bestway-o-180-cm-h-66-cm?gad=1&amp;gclid=Cj0KCQjwmZejBhC_ARIsAGhCqnfbMoagAd09SoxTuKeZwxoJhPoVyCpFmujJ7YB9-N9mxa_0AEA25fkaAgUjEALw_wcB#description\"><\/a><\/p>\n\n\n\n<p><\/p>","protected":false},"excerpt":{"rendered":"<p>Gr\u00e2ce \u00e0 ses\u00a0<strong>140 diffuseurs de bulles d&rsquo;air chaud<\/strong>, le spa gonflable Intex Sahara 6 places vous permettra de profiter toute l&rsquo;ann\u00e9e de moments privil\u00e9gi\u00e9s de d\u00e9tente et de relaxation. Il profite du\u00a0<strong>nouveau bloc technique Pure Spa<\/strong>\u00a0plus compact et au design revisit\u00e9.<\/p>\n<ul>\n<li>Bloc technique nouvelle g\u00e9n\u00e9ration<\/li>\n<\/ul>","protected":false},"featured_media":8440,"comment_status":"closed","ping_status":"closed","template":"","meta":{"inline_featured_image":false},"product_brand":[],"product_cat":[52],"product_tag":[],"class_list":{"0":"post-8941","1":"product","2":"type-product","3":"status-publish","4":"has-post-thumbnail","6":"product_cat-spa","8":"first","9":"instock","10":"sale","11":"shipping-taxable","12":"purchasable","13":"product-type-simple"},"_links":{"self":[{"href":"https:\/\/feria-verde.com\/es\/wp-json\/wp\/v2\/product\/8941","targetHints":{"allow":["GET"]}}],"collection":[{"href":"https:\/\/feria-verde.com\/es\/wp-json\/wp\/v2\/product"}],"about":[{"href":"https:\/\/feria-verde.com\/es\/wp-json\/wp\/v2\/types\/product"}],"replies":[{"embeddable":true,"href":"https:\/\/feria-verde.com\/es\/wp-json\/wp\/v2\/comments?post=8941"}],"version-history":[{"count":0,"href":"https:\/\/feria-verde.com\/es\/wp-json\/wp\/v2\/product\/8941\/revisions"}],"wp:featuredmedia":[{"embeddable":true,"href":"https:\/\/feria-verde.com\/es\/wp-json\/wp\/v2\/media\/8440"}],"wp:attachment":[{"href":"https:\/\/feria-verde.com\/es\/wp-json\/wp\/v2\/media?parent=8941"}],"wp:term":[{"taxonomy":"product_brand","embeddable":true,"href":"https:\/\/feria-verde.com\/es\/wp-json\/wp\/v2\/product_brand?post=8941"},{"taxonomy":"product_cat","embeddable":true,"href":"https:\/\/feria-verde.com\/es\/wp-json\/wp\/v2\/product_cat?post=8941"},{"taxonomy":"product_tag","embeddable":true,"href":"https:\/\/feria-verde.com\/es\/wp-json\/wp\/v2\/product_tag?post=8941"}],"curies":[{"name":"wp","href":"https:\/\/api.w.org\/{rel}","templated":true}]}}