{"id":8942,"date":"2024-05-31T19:07:06","date_gmt":"2024-05-31T17:07:06","guid":{"rendered":"https:\/\/feria-verde.com\/?post_type=product&#038;p=8942"},"modified":"2025-04-07T09:27:56","modified_gmt":"2025-04-07T07:27:56","slug":"spa-bulles-8-places-sahara-intex","status":"publish","type":"product","link":"https:\/\/feria-verde.com\/es\/producto\/spa-bulles-8-places-sahara-intex\/","title":{"rendered":"Spa de burbujas de 8 plazas Sahara Intex"},"content":{"rendered":"<p>DESCRIPCI\u00d3N<br>El PureSpa hinchable es\u00a0<strong>una de las referencias en el mercado de spas hinchables<\/strong>\u00a0gracias a su incomparable robustez y perfecto ajuste a lo largo de los a\u00f1os.<br><br>Gracias a esta tecnolog\u00eda Fibertech patentada, Intex ha dise\u00f1ado este spa Sahara de 8 plazas con\u00a0<strong>los m\u00e1s altos niveles de fiabilidad<\/strong>. La seguridad est\u00e1 en el coraz\u00f3n del dise\u00f1o: una v\u00e1lvula de sobrepresi\u00f3n (seguridad adicional contra el exceso de inflado) y un sistema electromagn\u00e9tico anti-incrustaciones se incluyen en este modelo para asegurarse de que puede utilizar este spa con total tranquilidad.<br><br>Se completa con un inflador\/desinflador integrado y una base de espuma para un asiento c\u00f3modo.<br><br><img decoding=\"async\" src=\"https:\/\/www.irrijardin.fr\/media\/catalog\/product\/mpiowebpcache\/04c7181e432d4697ccc274c6c2c1dc0e\/4\/3\/434986_imgWEB_spa_gonflable_sahara_intex_1_c6b3.webp\" alt=\"Image descriptive\"><br>El spa Intex Sahara de 8 plazas le permite evadirse para disfrutar de un momento especial de relajaci\u00f3n que aliviar\u00e1 el estr\u00e9s y la presi\u00f3n de su d\u00eda, sin salir del calor de su hogar.<br><br>Disfrutar\u00e1s de\u00a0<strong>agua calentada a 40 grados\u00a0<\/strong>con un r\u00e1pido aumento de la temperatura gracias a un sistema de calefacci\u00f3n integrado de 2200 W. Intex es famoso por la fiabilidad de su dise\u00f1o y fabricaci\u00f3n, y la temperatura se bloquea a 40 \u00b0C para que pueda disfrutar de su spa con total tranquilidad.<br><br><strong>Con su dise\u00f1o elegante y su color de moda<\/strong>El Sahara es un spa hinchable imprescindible. El spa Sahara cuenta con una nueva unidad t\u00e9cnica m\u00e1s moderna, compacta y elegante, desarrollada para ser eficiente, pr\u00e1ctica y silenciosa.<br><strong>El panel de control estanco\u00a0<\/strong>est\u00e1 al alcance de la mano para que pueda controlar el spa sin levantarse del asiento. Este panel de control impermeable controla todas las funciones del spa.<br><br>La estructura de esta nueva generaci\u00f3n de balnearios est\u00e1 dise\u00f1ada para incluir\u00a0<strong>Tecnolog\u00eda Fibertech patentada por Intex<\/strong>. Miles de fibras de poli\u00e9ster de alta calidad refuerzan la estructura para garantizar su resistencia y que las paredes no se deformen.<br><br>El resultado es una estructura ultrarresistente en la que incluso puedes sentarte porque es muy r\u00edgida: una gran ventaja para un spa hinchable que le da una clara ventaja sobre la competencia.<br><br>Marca : <br>INTEX<br><br>Garant\u00eda: <br>5 a\u00f1os<br><br>Peso bruto (kg) :<br>50.00<br><br>Color :<br>Beige<br><br>N\u00famero de plazas :<br>6 personas<br><br>Accesorios incluidos:<br>2 cartuchos, lona y alfombrilla<br><br>Dimensiones exteriores : <br>216 x 71 cm<br><br>Dimensiones interiores : <br>165 cm<br><br>Volumen de agua :<br>1098 L<br><br>Velocidad de filtraci\u00f3n :<br>1,7 m3\/h<br><br>Cartucho de filtro incluido : <br>Tipo S1<br><br>Tiempo de montaje<br>1h<br><\/p>\n\n\n\n<p><br><\/p>\n\n\n\n<p><br><br><a href=\"https:\/\/www.youpalo.com\/spa-gonflable-carre-ibiza-airjet-bestway-o-180-cm-h-66-cm?gad=1&amp;gclid=Cj0KCQjwmZejBhC_ARIsAGhCqnfbMoagAd09SoxTuKeZwxoJhPoVyCpFmujJ7YB9-N9mxa_0AEA25fkaAgUjEALw_wcB#description\"><\/a><\/p>\n\n\n\n<p><\/p>","protected":false},"excerpt":{"rendered":"<p>DESCRIPTIONLa structure gonflable PureSpa est\u00a0une des r\u00e9f\u00e9rences sur le march\u00e9 des spas gonflables\u00a0gr\u00e2ce \u00e0 une robustesse incomparable et une parfaite tenue en forme au fil des ann\u00e9es. Gr\u00e2ce \u00e0 cette technologie Fibertech brevet\u00e9e, Intex a con\u00e7u ce spa Sahara 8 places avec\u00a0la plus grande exigence de fiabilit\u00e9. La s\u00e9curit\u00e9 est au coeur de la conception : une valve de surpression (s\u00e9curit\u00e9 suppl\u00e9mentaire contre le sur-gonflage) et un syst\u00e8me anti-tartre \u00e9lectromagn\u00e9tique sont inclus dans ce mod\u00e8le pour vous garantir d&rsquo;utiliser ce spa en toute s\u00e9r\u00e9nit\u00e9. Complet, il int\u00e8gre un gonfleur\/d\u00e9gonfleur int\u00e9gr\u00e9 ainsi qu&rsquo;un fond mousse pour une assise confortable. Le spa Sahara 8 places Intex vous permettra de vous \u00e9vader pour un moment privil\u00e9gi\u00e9 de d\u00e9tente qui vous permettra de r\u00e9duire le stress et la pression de vos journ\u00e9es, sans quitter la chaleur de votre maison. Vous profiterez\u00a0d&rsquo;une eau chauff\u00e9e jusqu&rsquo;\u00e0 40 degr\u00e9s\u00a0avec une mont\u00e9e en temp\u00e9rature rapide permise par un syst\u00e8me de chauffe int\u00e9gr\u00e9 de 2200W. La fiabilit\u00e9 de sa conception et de sa fabrication Intex sont reconnus et la temp\u00e9rature se bloque \u00e0 40\u00b0C pour vous permettre de profiter du spa en toute s\u00e9r\u00e9nit\u00e9. Avec son design \u00e9pur\u00e9 et sa couleur tendance, c&rsquo;est un spa gonflable incontournable. Le spa Sahara dispose d&rsquo;un nouveau bloc technique plus moderne, compact et design d\u00e9velopp\u00e9 pour \u00eatre performant, pratique et silencieux.Le panneau de commande \u00e9tanche\u00a0est \u00e0 port\u00e9e de main pour que vous puissiez contr\u00f4ler facilement votre spa sans quitter votre assise. Ce panneau de contr\u00f4le, \u00e9tanche, commande l&rsquo;ensemble des fonctions du spa. La structure de cette nouvelle g\u00e9n\u00e9ration de spa est con\u00e7ue en incluant\u00a0la technologie Fibertech brevet\u00e9e par Intex. Des milliers de fibres polyester de haute qualit\u00e9 renforcent la structure pour qu\u2019elle gagne en solidit\u00e9 et que les parois ne se d\u00e9forment pas. Le r\u00e9sultat est une structure ultra r\u00e9sistante sur laquelle vous pourrez m\u00eame vous asseoir tant elle est rigide : un atout majeur pour un spa gonflable qui lui donne une nette avance sur la concurrence. Marque : INTEX Garantie : 5 ans Poids brut (kg) :50.00 Couleur :Beige Nombre de places :6 personnes Accessoires inclus :2 cartouches, B\u00e2che et tapis de sol Dimensions ext\u00e9rieures : 216 x 71 cm Dimensions int\u00e9rieures : 165 cm Volume d&rsquo;eau :1098 L D\u00e9bit filtration :1,7 m3\/h Cartouche de filtration incluse : Type S1 Temps de montage1h<\/p>","protected":false},"featured_media":8450,"comment_status":"closed","ping_status":"closed","template":"","meta":{"inline_featured_image":false},"product_brand":[],"product_cat":[52],"product_tag":[],"class_list":{"0":"post-8942","1":"product","2":"type-product","3":"status-publish","4":"has-post-thumbnail","6":"product_cat-spa","8":"first","9":"instock","10":"sale","11":"shipping-taxable","12":"purchasable","13":"product-type-simple"},"_links":{"self":[{"href":"https:\/\/feria-verde.com\/es\/wp-json\/wp\/v2\/product\/8942","targetHints":{"allow":["GET"]}}],"collection":[{"href":"https:\/\/feria-verde.com\/es\/wp-json\/wp\/v2\/product"}],"about":[{"href":"https:\/\/feria-verde.com\/es\/wp-json\/wp\/v2\/types\/product"}],"replies":[{"embeddable":true,"href":"https:\/\/feria-verde.com\/es\/wp-json\/wp\/v2\/comments?post=8942"}],"version-history":[{"count":0,"href":"https:\/\/feria-verde.com\/es\/wp-json\/wp\/v2\/product\/8942\/revisions"}],"wp:featuredmedia":[{"embeddable":true,"href":"https:\/\/feria-verde.com\/es\/wp-json\/wp\/v2\/media\/8450"}],"wp:attachment":[{"href":"https:\/\/feria-verde.com\/es\/wp-json\/wp\/v2\/media?parent=8942"}],"wp:term":[{"taxonomy":"product_brand","embeddable":true,"href":"https:\/\/feria-verde.com\/es\/wp-json\/wp\/v2\/product_brand?post=8942"},{"taxonomy":"product_cat","embeddable":true,"href":"https:\/\/feria-verde.com\/es\/wp-json\/wp\/v2\/product_cat?post=8942"},{"taxonomy":"product_tag","embeddable":true,"href":"https:\/\/feria-verde.com\/es\/wp-json\/wp\/v2\/product_tag?post=8942"}],"curies":[{"name":"wp","href":"https:\/\/api.w.org\/{rel}","templated":true}]}}