{"id":8943,"date":"2024-05-31T19:07:06","date_gmt":"2024-05-31T17:07:06","guid":{"rendered":"https:\/\/feria-verde.com\/?post_type=product&#038;p=8943"},"modified":"2025-04-07T09:21:01","modified_gmt":"2025-04-07T07:21:01","slug":"spa-intex-pure-spa-ardoise-bulles-6-places-luxe","status":"publish","type":"product","link":"https:\/\/feria-verde.com\/es\/producto\/spa-intex-pure-spa-ardoise-bulles-6-places-luxe\/","title":{"rendered":"Spa Intex Pure Spa Ardoise burbujas 6 personas de lujo"},"content":{"rendered":"<p>Spa hinchable Intex PureSpa Ardoise 6 plazas\u00a0<strong>incorpora las \u00faltimas innovaciones<\/strong>\u00a0para su bienestar. Se beneficiar\u00e1 de unidades de filtraci\u00f3n de \u00faltima generaci\u00f3n, as\u00ed como de conectividad Wi-Fi para que pueda controlar su spa a distancia desde su smartphone mediante la aplicaci\u00f3n Intex. El kit se completa con\u00a0<strong>Reposacabezas de lujo<\/strong>a\u00a0<strong>Iluminaci\u00f3n Led\u00a0<\/strong>as\u00ed como\u00a0<strong>170 difusores de burbujas<\/strong>para garantizar un confort \u00f3ptimo y una relajaci\u00f3n total.<br><img decoding=\"async\" src=\"https:\/\/www.azialo.com\/img\/bien-etre\/spa\/intex\/ardoise\/spa-intex-ardoise.jpg\" alt=\"Spa PureSpa \u00e0 bulles Ardoise 6 places Intex\"><br>La\u00a0<strong>tableta t\u00e1ctil resistente al agua<\/strong>\u00a0le permite controlar las funciones esenciales del spa sin salir de \u00e9l, adem\u00e1s de disfrutar de un ambiente agradable y relajante.\u00a0<strong>programaci\u00f3n diferida<\/strong>\u00a0para la activaci\u00f3n y la duraci\u00f3n del calentamiento, para que pueda asegurarse, por ejemplo, de que el spa est\u00e9 a la temperatura que desea cuando llegue a casa. El dise\u00f1o con este<strong>\u00a0el estampado de piedras grises est\u00e1 muy de moda<\/strong>\u00a0y utiliza colores contempor\u00e1neos para un resultado muy chic que se integra f\u00e1cilmente en todo tipo de decoraci\u00f3n, tanto interior como exterior. El spa hinchable Ardoise es un\u00a0<strong>equipos de alta gama<\/strong>\u00a0a un precio muy asequible, y que\u00a0<strong>incorpora un sistema de electr\u00f3lisis salina<\/strong>\u00a0a<strong>automatizar la desinfecci\u00f3n<\/strong>\u00a0del agua limitando la necesidad de tratamientos qu\u00edmicos. Esta funci\u00f3n es especialmente apreciada por el ahorro que supone y el confort que mejora claramente.<br><strong>Equipamiento incluido<\/strong><br><img decoding=\"async\" src=\"https:\/\/www.azialo.com\/img\/bien-etre\/spa\/intex\/ardoise\/couvercle.jpg\" alt=\"Couvercle Spa Gonflable Intex Ardoise 6 places au sel\"><br><img decoding=\"async\" src=\"https:\/\/www.azialo.com\/img\/bien-etre\/spa\/intex\/ardoise\/filtration.jpg\" alt=\"Bloc de filtration Spa Ardoise intex\"><br><img decoding=\"async\" src=\"https:\/\/www.azialo.com\/img\/bien-etre\/spa\/intex\/diff-cart2.jpg\" alt=\"Diffuseur Spa Gonflable pour spa Intex LED Ardoise luxe 6 places gris\"><br><img decoding=\"async\" src=\"https:\/\/www.azialo.com\/img\/bien-etre\/spa\/intex\/appli-spa-intex.jpg\" alt=\"Application mobile Wifi Intex Spa\"><br><strong>Tapa aislante resistente con cierre de llave<\/strong><br><strong>Unidad de filtraci\u00f3n compacta de nueva generaci\u00f3n<\/strong><br><strong>Difusor flotante + 2 cartuchos filtrantes<\/strong><br><strong>Control remoto a trav\u00e9s de la app de Intex (Wifi)<\/strong><br><img decoding=\"async\" src=\"https:\/\/www.azialo.com\/img\/bien-etre\/spa\/intex\/bulles\/tapis.jpg\" alt=\"Tapis isolant thermique du spa octogonal gonflable 6 places Intex\"><br><img decoding=\"async\" src=\"https:\/\/www.azialo.com\/img\/bien-etre\/spa\/intex\/appui2-deluxe-led.jpg\" alt=\"Appuis-t\u00eate et lampe LED inclus spa gonflable Intex Ardoise 6 places\"><br><img decoding=\"async\" src=\"https:\/\/www.azialo.com\/img\/bien-etre\/spa\/intex\/jets-bulles\/bulles.jpg\" alt=\"Diffuseurs \u00e0 bulles  Spa Intex Ardoise\"><br><img decoding=\"async\" src=\"https:\/\/www.azialo.com\/img\/bien-etre\/spa\/intex\/ardoise\/tablette.jpg\" alt=\"Panneau de commande Purespa Intex Ardoise\"><br><strong>Alfombrillas t\u00e9rmicas<\/strong><br><strong>2 reposacabezas de lujo y l\u00e1mpara de ambiente LED<\/strong><br><strong>170 difusores de burbujas de aire caliente<\/strong><br><strong>Tableta t\u00e1ctil resistente al agua<\/strong><br><br><strong>Aplicaci\u00f3n Wifi para controlar el spa desde tu smartphone<\/strong><br><br><img decoding=\"async\" src=\"https:\/\/www.azialo.com\/img\/bien-etre\/spa\/intex\/ardoise\/tablette-2.jpg\" alt=\"Panneau de contr\u00f4le complet Spa Gonflable intex Ardoise\"><br><br>El spa Intex Ardoise de 6 plazas con burbujas no s\u00f3lo es un spa de alta gama, tambi\u00e9n es un\u00a0<strong>spa conectado<\/strong>. Gracias a la app para smartphone de Intex, podr\u00e1s programar las distintas funciones a distancia y al alcance de tu mano, para una mayor facilidad de uso.<br>La instalaci\u00f3n y la configuraci\u00f3n son extremadamente sencillas gracias a la tecnolog\u00eda inteligente y a la aplicaci\u00f3n intuitiva de Intex:<br>Descarga la aplicaci\u00f3n de Intex en tu smartphone<br>Con\u00e9ctalo a tu red WiFi<br>Conecte su spa Ardoise a la aplicaci\u00f3n<br>Aprovecha todas sus funciones y programa tu PureSpa est\u00e9s donde est\u00e9s<br><strong>Unidad de filtraci\u00f3n de \u00faltima generaci\u00f3n + Panel t\u00e1ctil estanco<\/strong><br><img decoding=\"async\" src=\"https:\/\/www.azialo.com\/img\/bien-etre\/spa\/intex\/ardoise\/filtration-2.jpg\" alt=\"Nouveau bloc technique Spa Intex Ardoise\"><br>Intex ha mejorado toda la gama de spas Pure para aumentar a\u00fan m\u00e1s sus prestaciones. El spa Ardoise cuenta con una nueva unidad t\u00e9cnica m\u00e1s moderna, compacta y elegante desarrollada para ser\u00a0<strong>potente, pr\u00e1ctico y silencioso<\/strong>.<br>Equipado con una tableta de pantalla t\u00e1ctil extra\u00edble e impermeable, un soporte ingeniosamente colocado en el borde de la estructura del spa permite fijarla y mantenerla disponible para vigilar el agua.\u00a0<strong>f\u00e1cil acceso<\/strong>\u00a0a las funciones esenciales sin salir de su spa.<br>El panel t\u00e1ctil del modelo Ardoise bulles de 6 plazas\u00a0<strong>controla todas las funciones<\/strong>\u00a0del balneario, a saber :<br>Ajuste de temperatura hasta 40\u00b0C<br>Programaci\u00f3n diferida de la calefacci\u00f3n (inicio y duraci\u00f3n)<br>Filtraci\u00f3n<br>Difusi\u00f3n de burbujas de aire caliente<br>Inflaci\u00f3n<br>Deflaci\u00f3n<br><strong>Mejores prestaciones y dise\u00f1o<\/strong><br><strong>M\u00e1s c\u00f3modo<\/strong><br><strong>170 difusores de burbujas<\/strong><br>Filtraci\u00f3n incluida Caudal: 1,7 m3\/h<br><strong>Esterilizador de sal integrado<\/strong>\u00a0(sin productos qu\u00edmicos \/ tratamiento m\u00e1s natural)<br>Bomba de aire y burbujas: 800 W<br>Calefacci\u00f3n: 2200 W<br>Seguridad: se bloquea a 40\u00b0C<br>V\u00e1lvula limitadora de presi\u00f3n: protecci\u00f3n contra sobretensiones<br>Sistema antical electromagn\u00e9tico integrado<br>Aumento r\u00e1pido de la T\u00b0C: de +1 a 2\u00b0C\/h<br>Vinilo laminado de triple capa<br>Capacidad: 1098 litros<br>\u200b\u200b\u200b\u200b\u200b\u200b<strong>Incluye 2 cartuchos<\/strong><br><strong>Incluye 2 reposacabezas Deluxe<\/strong><br><strong>5 a\u00f1os de garant\u00eda<\/strong><br>Inflador\/desinflador, filtraci\u00f3n y difusor de burbujas de aire caliente<br>Muy c\u00f3modo gracias a su base de espuma<br>Cartucho filtrante protegido<br>Dimensiones exteriores \/ interiores: 203 x 203 cm \/ 150 x 150 cm<br>Diagonales exterior \/ interior: 239 x 239 cm \/ 188 x 188 cm<br>Dimensiones del bloque filtrante: 45 x 38 x 43 cm<br>Altura: 71 cm<br>Dise\u00f1o elegante<br><strong>Equipamiento para su tranquilidad<\/strong><br>El spa de burbujas Intex Ardoise muestra\u00a0<strong>uno de los niveles m\u00e1s altos de equipamiento<\/strong>\u00a0de la gama Pure Spa de Intex: el confort y la relajaci\u00f3n est\u00e1n en el centro de su desarrollo. Incorpora el nuevo dise\u00f1o de\u00a0<strong>unidad t\u00e9cnica m\u00e1s compacta<\/strong>un panel de control estanco y sensible al tacto, una v\u00e1lvula de sobrepresi\u00f3n para garantizar un alto nivel de seguridad.\u00a0<strong>seguridad adicional<\/strong>\u00a0o un sistema antiincrustaciones electromagn\u00e9tico.<br>La base blanda de este spa proporciona una sensaci\u00f3n m\u00e1s suave y agradable que un suelo duro. Una carcasa protege el cartucho del filtro, evitando que la suciedad entre en contacto con \u00e9l, al tiempo que mantiene un dise\u00f1o impecable. Ninguno de los elementos el\u00e9ctricos o de calentamiento est\u00e1 en contacto directo con el agua, lo que protege al usuario. Adem\u00e1s, la temperatura se bloquea autom\u00e1ticamente a 40\u00b0C para mayor tranquilidad.<br><img decoding=\"async\" src=\"https:\/\/www.azialo.com\/img\/bien-etre\/spa\/intex\/bulles-air-chaud.jpg\" alt=\"Bulles d'air chauff\u00e9es dans spa bulles 4 places intex Carbone\"><br><img decoding=\"async\" src=\"https:\/\/www.azialo.com\/img\/bien-etre\/spa\/intex\/traitement-sel.jpg\" alt=\"Syst\u00e8me d'\u00e9lectrolyse au sel du spa bulles octogonal 6 places intex\"><br><img decoding=\"async\" src=\"https:\/\/www.azialo.com\/img\/bien-etre\/spa\/intex\/anti-tartre.jpg\" alt=\"Syst\u00e8me antitartre anticalcaire \u00e9lectromagn\u00e9tique dans spa bulles 6 places intex\"><br><br><img decoding=\"async\" src=\"https:\/\/www.azialo.com\/img\/bien-etre\/spa\/intex\/20minutes.jpg\" alt=\"Montage express 20 minutes spa bulles et jets Carbone 6 places Intex\"><br><strong>Burbujas de aire caliente<\/strong><br><strong>Tratamiento autom\u00e1tico por electr\u00f3lisis salina<\/strong><br><strong>Sistema antical electromagn\u00e9tico integrado<\/strong><br><strong>5 a\u00f1os de garant\u00eda<\/strong><br><strong>Montaje expr\u00e9s - inflador integrado<\/strong><br><br><strong>Estructura FiberTech: resistente, ligera y c\u00f3moda<\/strong><br>La estructura de este\u00a0<strong>una nueva generaci\u00f3n de balnearios<\/strong>\u00a0est\u00e1 dise\u00f1ada con la tecnolog\u00eda Fibertech patentada por Intex. Miles de fibras de poli\u00e9ster de alta calidad refuerzan la estructura para hacerla m\u00e1s resistente y duradera.\u00a0<strong>las paredes no se deforman<\/strong>. El resultado es una estructura ultrarresistente en la que incluso puedes sentarte porque es muy r\u00edgida: una gran ventaja para un spa hinchable que le da una clara ventaja sobre la competencia.<br><img decoding=\"async\" src=\"https:\/\/www.azialo.com\/img\/bien-etre\/spa\/intex\/ardoise\/fibertech.jpg\" alt=\"Technologie Fiber Tech du spa intex Ardoise\"><br><strong>Ecoesterilizador salino integrado para un tratamiento m\u00e1s natural<\/strong><br>El tratamiento con sal es\u00a0<strong>m\u00e1s natural y menos irritante<\/strong>\u00a0que la desinfecci\u00f3n convencional con cloro. El spa Ardoise de la gama PureSpa fabricado por Intex tiene un clorador salino integrado que puede transformar la sal del agua en un desinfectante, por lo que no tendr\u00e1 que utilizar cloro.\u00a0<strong>no es necesario a\u00f1adir cloro<\/strong>\u00a0microperlas para tratar el agua de su spa.<br>Su uso es opcional y ser\u00e1 posible despu\u00e9s de a\u00f1adir sal de piscina (no suministrada) en una proporci\u00f3n recomendada de entre 2 y 3 gramos por litro de agua. No necesitar\u00e1 a\u00f1adir m\u00e1s sal salvo en caso de p\u00e9rdida importante de agua o despu\u00e9s de vaciar el spa.<br><strong>Azialo socio oficial de la marca Intex<\/strong><br><img fetchpriority=\"high\" decoding=\"async\" height=\"218\" width=\"252\" src=\"https:\/\/www.azialo.com\/img\/piscine\/intex\/partenariat-officiel-intex.jpg\" alt=\"Partenariat officiel Intex\"><br>Esta certificaci\u00f3n permite a Azialo beneficiarse de :<br>- Amplia disponibilidad de los productos de la marca, incluidos los nuevos lanzamientos.<br>- Una gama de productos exclusivos.<br>- 5 a\u00f1os de garant\u00eda en todos los productos Intex.<br>- Servicio posventa preferente.<br><img decoding=\"async\" src=\"https:\/\/www.azialo.com\/img\/bien-etre\/spa\/intex\/ardoise\/spa-intex-ardoise-2.jpg\" alt=\"Spa gonflable PureSpa \u00e0 bulles Ardoise 6 places Intex\"><br><strong>Garant\u00eda legal de conformidad y vicios ocultos: 5 a\u00f1os<\/strong><\/p>\n\n\n\n<p>N\u00famero De Difusores De Burbujas : <br>170<br><br>Dimensiones exteriores (en metros) : <br>2,03 X 2,03<br><br>Dimensiones interiores (en metros) :<br>1,50 X 1,50<br><br>Altura total (en Cm) :<br>71<br><br>Altura \u00fatil del agua (en Cm) :<br>40 \u00c0 50<br><br>Capacidad (en litros) :<br>1098<br><br>Material : <br>Laminado de PVC<br><br>Velocidad de filtraci\u00f3n (M3\/H) :<br>1,7<br><br>Capacidad calor\u00edfica :<br>2200W<br><br>Potencia de la bomba de aire y burbujas :<br>800W<br><br>Amplitud t\u00e9rmica : <br>Hasta 40\u00b0C<br><br>Aumento de temperatura :<br>1 - 2\u00b0C\/Hora<\/p>\n\n\n\n<p><br><a href=\"https:\/\/www.youpalo.com\/spa-gonflable-carre-ibiza-airjet-bestway-o-180-cm-h-66-cm?gad=1&amp;gclid=Cj0KCQjwmZejBhC_ARIsAGhCqnfbMoagAd09SoxTuKeZwxoJhPoVyCpFmujJ7YB9-N9mxa_0AEA25fkaAgUjEALw_wcB#description\"><\/a><\/p>\n\n\n\n<p><\/p>","protected":false},"excerpt":{"rendered":"<p>Le spa gonflable Intex PureSpa Ardoise 6 places\u00a0int\u00e8gre les derni\u00e8res innovations\u00a0de la marque au service de votre bien-\u00eatre. Vous profitez de la derni\u00e8re g\u00e9n\u00e9ration de bloc filtration mais aussi d&rsquo;une connectivit\u00e9 Wifi permettant le contr\u00f4le du spa \u00e0 distance depuis votre smartphone gr\u00e2ce \u00e0 l&rsquo;application Intex. Le kit est compl\u00e9t\u00e9 par des\u00a0appuis-t\u00eate Deluxe, un\u00a0\u00e9clairage Led\u00a0multicolore ainsi que\u00a0170 diffuseurs de bulles, pour assurer un confort optimum et une relaxation compl\u00e8te.La\u00a0tablette tactile \u00e9tanche\u00a0fournie vous permet de commander les fonctions essentielles du spa sans en sortir mais aussi de profiter d&rsquo;une\u00a0programmation diff\u00e9r\u00e9e\u00a0pour le d\u00e9clenchement et la dur\u00e9e de chauffage afin de pouvoir faire en sorte par exemple que le spa soit \u00e0 la temp\u00e9rature voulue lorsque vous rentrez \u00e0 la maison. Le design avec cet\u00a0imprim\u00e9 pierre grise est tr\u00e8s tendance\u00a0et utilise des coloris contemporains pour un r\u00e9sultat tr\u00e8s chic qui s&rsquo;int\u00e8gre facilement dans tout type de d\u00e9coration, en int\u00e9rieur comme en ext\u00e9rieur. Le spa gonflable Ardoise est un\u00a0\u00e9quipement haut de gamme\u00a0propos\u00e9 \u00e0 un tarif tr\u00e8s accessible, et qui\u00a0int\u00e8gre un syst\u00e8me d&rsquo;\u00e9lectrolyse au sel\u00a0permettant d&rsquo;automatiser la d\u00e9sinfection\u00a0de l&rsquo;eau en limitant l&rsquo;ajout de traitement chimiques. Cette fonction est particuli\u00e8rement appr\u00e9ci\u00e9e pour les \u00e9conomies qu&rsquo;elle permet de r\u00e9aliser et sur le confort de baignade qu&rsquo;elle am\u00e9liore clairement.\u00c9quipements inclusCouvercle isolant, r\u00e9sistant et verrouillable par cl\u00e9Bloc de filtration compact nouvelle g\u00e9n\u00e9rationDiffuseur flottant + 2 cartouches de filtrationContr\u00f4le \u00e0 distance via application Intex (Wifi)Tapis de sol thermique2 appuis t\u00eates Deluxe et lampe d&rsquo;ambiance LED170 diffuseurs \u00e0 bulles d&rsquo;air chaudTablette tactile \u00e9tanche Application Wifi pour contr\u00f4ler le spa depuis votre smartphone Le spa Ardoise 6 places Intex \u00e0 bulles n&rsquo;est pas seulement un spa haut de gamme, c&rsquo;est aussi un\u00a0spa connect\u00e9. Gr\u00e2ce \u00e0 l&rsquo;application Intex pour smartphone, vous pouvez programmer les diff\u00e9rentes fonctions \u00e0 distance et du bout de vos doigts ce qui offre un meilleur confort d&rsquo;utilisation.L&rsquo;installation et le param\u00e9trage sont extr\u00eamement simple \u00e0 r\u00e9aliser gr\u00e2ce \u00e0 la technologie intelligente et l&rsquo;application Intex tr\u00e8s intuitive :T\u00e9l\u00e9chargez l&rsquo;application Intex sur votre smartphoneConnectez-l\u00e0 \u00e0 votre r\u00e9seau WifiConnectez votre spa Ardoise \u00e0 l&rsquo;applicationProfitez de toutes ses fonctionnalit\u00e9s et programmez votre PureSpa o\u00f9 que vous soyezBloc de filtration de derni\u00e8re g\u00e9n\u00e9ration + Tablette tactile \u00e9tancheIntex am\u00e9liore l&rsquo;ensemble de la gamme Pure spa pour plus de performances. Le spa Ardoise dispose d&rsquo;un\u00a0nouveau bloc technique\u00a0plus moderne, compact et design d\u00e9velopp\u00e9 pour \u00eatre\u00a0performant, pratique et silencieux.Dot\u00e9 d&rsquo;une\u00a0tablette tactile amovible et \u00e9tanche, un support intelligemment dispos\u00e9 sur le bord de la structure du spa vous permettra de la fixer et la garder \u00e0 disposition pour conserver un\u00a0acc\u00e8s facile\u00a0aux fonctions essentielles sans quitter votre spa.La tablette tactile du mod\u00e8le Ardoise bulles 6 places\u00a0commande l&rsquo;ensemble des fonctions\u00a0du spas, \u00e0 savoir :Ajustement de temp\u00e9rature jusqu&rsquo;\u00e0 40\u00b0CProgrammation diff\u00e9r\u00e9e de la chauffe (d\u00e9part et dur\u00e9e)FiltrationDiffusion de bulles d&rsquo;air chaudGonflageD\u00e9gonflagePlus performant et designPlus confortable170 diffuseurs de bullesFiltration incluse d\u00e9bit : 1,7 m3\/hSt\u00e9rilisateur au sel int\u00e9gr\u00e9\u00a0(pas de produit chimique \/ traitement plus naturel)Pompe \u00e0 air et \u00e0 bulles : 800 WChauffage : 2200 WS\u00e9curit\u00e9 : Se bloque \u00e0 40\u00b0CValve de surpression : s\u00e9curit\u00e9 anti-surgonflageSyst\u00e8me anti-tartre \u00e9lectromagn\u00e9tique int\u00e9gr\u00e9Mont\u00e9e rapide en T\u00b0C : +1 \u00e0 2\u00b0C\/hVinyle lamin\u00e9 triple \u00e9paisseurCapacit\u00e9 : 1098 litres\u200b\u200b\u200b\u200b\u200b\u200bInclus 2 cartouchesInclus 2 appuis t\u00eate DeluxeGarantie 5 ansGonfleur \/ d\u00e9gonfleur, filtration et diffuseur \u00e0 bulles d&rsquo;air chaudTr\u00e8s confortable gr\u00e2ce \u00e0 son fond en mousseCartouche de filtration prot\u00e9g\u00e9eDimensions ext\u00e9rieures \/ int\u00e9rieures : 203 x 203cm \/ 150 x 150cmDiagonales ext\u00e9rieures \/ int\u00e9rieures : 239 x 239cm \/ 188 x 188cmDimensions bloc filtrant : 45 x 38 x 43cmHauteur : 71 cmDesign \u00e9pur\u00e9Des \u00e9quipements au service de votre s\u00e9r\u00e9nit\u00e9Le spa Intex Ardoise bulles affiche\u00a0l&rsquo;un des plus hauts niveaux d&rsquo;\u00e9quipement\u00a0de la gamme Pure Spa Intex : confort et relaxation sont au coeur de son d\u00e9veloppement. Il int\u00e8gre le nouveau design de\u00a0bloc technique plus compact, une tablette de contr\u00f4le tactile \u00e9tanche, une valve de surpression assurant une\u00a0s\u00e9curit\u00e9 suppl\u00e9mentaire\u00a0contre le sur-gonflage ou un syst\u00e8me anti-tartre \u00e9lectromagn\u00e9tique.Le fond souple de ce spa assure un accueil moelleux bien plus agr\u00e9able qu&rsquo;un sol dur. Une coque prot\u00e8ge la cartouche de filtration et \u00e9vite ainsi le contact avec les salet\u00e9s qui s&rsquo;y d\u00e9posent tout en conservant un design irr\u00e9prochable. Aucun des \u00e9l\u00e9ments \u00e9lectriques et chauffants n&rsquo;est en contact direct avec l&rsquo;eau ce qui prot\u00e8ge l&rsquo;utilisateur. De plus, la temp\u00e9rature se bloque automatiquement \u00e0 40\u00b0C pour une totale s\u00e9r\u00e9nit\u00e9 Bulles d&rsquo;air chaudTraitement automatique par \u00e9lectrolyse au selSyst\u00e8me anti-tartre \u00e9lectromagn\u00e9tique int\u00e9gr\u00e9Garantie 5 ansMontage express &#8211; gonfleur int\u00e9gr\u00e9 Structure FiberTech : solide, l\u00e9g\u00e8re et confortableLa structure de cette\u00a0nouvelle g\u00e9n\u00e9ration de spa\u00a0est con\u00e7ue en incluant la technologie Fibertech brevet\u00e9e par Intex. Des milliers de fibres polyester de haute qualit\u00e9 renforcent la structure pour qu\u2019elle gagne en solidit\u00e9 et que\u00a0les parois ne se d\u00e9forment pas. Le r\u00e9sultat est une structure ultra r\u00e9sistante sur laquelle vous pourrez m\u00eame vous asseoir tant elle est rigide : un atout majeur pour un spa gonflable qui lui donne une nette avance sur la concurrence.\u00c9cost\u00e9rilisateur au sel int\u00e9gr\u00e9 pour un traitement plus naturelLe traitement au sel est\u00a0plus naturel et moins irritant\u00a0qu&rsquo;une d\u00e9sinfection au chlore classique. Le spa Ardoise de la gamme PureSpa fabriqu\u00e9e par Intex dispose d&rsquo;un \u00e9lectrolyseur au sel int\u00e9gr\u00e9 qui pourra transformer le sel contenu dans l&rsquo;eau en d\u00e9sinfectant et vous n&rsquo;aurez donc\u00a0plus besoin d&rsquo;ajouter de chlore\u00a0microbilles pour traiter l&rsquo;eau de votre spa.Son utilisation est facultative et sera possible apr\u00e8s l&rsquo;ajout de sel pour piscine (non fourni) avec un taux recommand\u00e9 entre 2 et 3 grammes par litre d&rsquo;eau. Vous n&rsquo;aurez plus besoin d&rsquo;ajouter de sel sauf en cas de perte d&rsquo;eau importante ou apr\u00e8s une vidange du spa.Azialo partenaire officiel de la marque IntexCette certification permet \u00e0 Azialo de b\u00e9n\u00e9ficier de :&#8211; Une grande disponibilit\u00e9 des produits de la marque y compris les nouveaut\u00e9s.&#8211; Une gamme de produits exclusifs.&#8211; Une garantie de 5 ans sur tous les produits Intex.&#8211; Un traitement SAV privil\u00e9gi\u00e9.Garantie l\u00e9gale de conformit\u00e9 et des vices cach\u00e9s : 5 ans Nombre De Diffuseurs \u00c0 Bulles : 170 Dimensions Ext\u00e9rieures (En M\u00e8tre) : 2,03 X 2,03 Dimensions Int\u00e9rieures (En M\u00e8tre) :1,50 X 1,50 Hauteur Totale (En Cm) :71 Hauteur D&rsquo;eau Utile ( En Cm) :40 \u00c0 50 Capacit\u00e9 (En Litre) :1098 Mati\u00e8re : PVC Lamin\u00e9 D\u00e9bit Filtration<\/p>","protected":false},"featured_media":8451,"comment_status":"closed","ping_status":"closed","template":"","meta":{"inline_featured_image":false},"product_brand":[],"product_cat":[52],"product_tag":[],"class_list":{"0":"post-8943","1":"product","2":"type-product","3":"status-publish","4":"has-post-thumbnail","6":"product_cat-spa","8":"first","9":"instock","10":"sale","11":"shipping-taxable","12":"purchasable","13":"product-type-simple"},"_links":{"self":[{"href":"https:\/\/feria-verde.com\/es\/wp-json\/wp\/v2\/product\/8943","targetHints":{"allow":["GET"]}}],"collection":[{"href":"https:\/\/feria-verde.com\/es\/wp-json\/wp\/v2\/product"}],"about":[{"href":"https:\/\/feria-verde.com\/es\/wp-json\/wp\/v2\/types\/product"}],"replies":[{"embeddable":true,"href":"https:\/\/feria-verde.com\/es\/wp-json\/wp\/v2\/comments?post=8943"}],"version-history":[{"count":0,"href":"https:\/\/feria-verde.com\/es\/wp-json\/wp\/v2\/product\/8943\/revisions"}],"wp:featuredmedia":[{"embeddable":true,"href":"https:\/\/feria-verde.com\/es\/wp-json\/wp\/v2\/media\/8451"}],"wp:attachment":[{"href":"https:\/\/feria-verde.com\/es\/wp-json\/wp\/v2\/media?parent=8943"}],"wp:term":[{"taxonomy":"product_brand","embeddable":true,"href":"https:\/\/feria-verde.com\/es\/wp-json\/wp\/v2\/product_brand?post=8943"},{"taxonomy":"product_cat","embeddable":true,"href":"https:\/\/feria-verde.com\/es\/wp-json\/wp\/v2\/product_cat?post=8943"},{"taxonomy":"product_tag","embeddable":true,"href":"https:\/\/feria-verde.com\/es\/wp-json\/wp\/v2\/product_tag?post=8943"}],"curies":[{"name":"wp","href":"https:\/\/api.w.org\/{rel}","templated":true}]}}