{"id":8944,"date":"2024-05-31T19:07:11","date_gmt":"2024-05-31T17:07:11","guid":{"rendered":"https:\/\/feria-verde.com\/?post_type=product&#038;p=8944"},"modified":"2024-05-31T19:07:11","modified_gmt":"2024-05-31T17:07:11","slug":"abri-de-jardin-1-26-m2-2-portes","status":"publish","type":"product","link":"https:\/\/feria-verde.com\/es\/producto\/abri-de-jardin-1-26-m2-2-portes\/","title":{"rendered":"Caseta de jard\u00edn - 1,26 m2 - 2 puertas"},"content":{"rendered":"<p>Este armario de jard\u00edn de chapa de acero de 2 puertas le ser\u00e1 de gran ayuda. Puede utilizarlo como caseta de jard\u00edn peque\u00f1a, caseta de herramientas, caseta para bicicletas, papelera u otros.<\/p>\n\n\n\n<p>Caracter\u00edsticas :<\/p>\n\n\n\n<p>- Elegante armario de jard\u00edn bicolor en blanco y negro<br>- Amplio espacio, ideal para guardar cubos, herramientas de jard\u00edn, bicicletas, enseres, etc.<br>- Doble puerta con pestillo para un acceso f\u00e1cil y un almacenamiento seguro (se puede cerrar con candado)<br>- Cubierta inclinada para una mejor evacuaci\u00f3n del agua de lluvia<br>- Fabricado en chapa de acero con un robusto bastidor de acero galvanizado para un uso duradero<br>- F\u00e1cil de montar gracias al manual de montaje ilustrado suministrado<br>- NOTA: suelo no incluido<\/p>\n\n\n\n<p>Especificaciones:<\/p>\n\n\n\n<p>- Colores: blanco y negro<br>- Materiales principales: chapa de acero, PP<br>- Dimensiones totales: 147 x 86 x 134 cm<br>- Altura del alero trasero: 122 cm<br>- Espacio de almacenamiento interno: 141L x 76l cm<br>- Dimensiones de la puerta: 118 x 127 cm<br>- Superficie: 1,26 m\u00b2.<br>- Capacidad m\u00e1xima de carga de nieve: 20 kg\/m\u00b2.<br>- Entrega en un solo paquete<br>- Ref : 845-430<\/p>","protected":false},"excerpt":{"rendered":"<p>Ce rangement de jardin 2 portes en t\u00f4le d\u2019acier vous sera d\u2019une grande utilit\u00e9. Vous pourrez l\u2019utiliser en tant que petit abri de jardin, remise pour outils, abri de v\u00e9lo, abri poubelle ou autre. Caract\u00e9ristiques : \u2013 Rangement de jardin bicolore noir et blanc tr\u00e8s \u00e9l\u00e9gant\u2013 Grand espace, adapt\u00e9 pour ranger les poubelles, les outils de jardin, les v\u00e9los, articles divers, etc\u2026\u2013 Double porte avec loquet pour un acc\u00e8s facile et un rangement s\u00fbr (possibilit\u00e9 de poser un cadenas)\u2013 Toit inclin\u00e9 favorisant l\u2019\u00e9vacuation d\u2019eau de pluie\u2013 Fabriqu\u00e9 en t\u00f4le d\u2019acier avec ch\u00e2ssis acier galvanis\u00e9 robuste pour un usage p\u00e9renne\u2013 Montage facile \u00e0 l\u2019aide du manuel d\u2019assemblage illustr\u00e9 fourni\u2013 NOTE : plancher non inclus Sp\u00e9cifications : \u2013 Couleurs : noir et blanc\u2013 Mat\u00e9riaux principaux : t\u00f4le d\u2019acier, PP\u2013 Dim. totales : 147L x 86l x 134H cm\u2013 Hauteur avant-toit arri\u00e8re : 122 cm\u2013 Dim. espace rangement interne : 141L x 76l cm\u2013 Dim. portes : 118l x 127H cm\u2013 Surface au sol : 1,26 m\u00b2\u2013 Capacit\u00e9 de charge max. en neige : 20 Kg\/m\u00b2\u2013 Livraison effectu\u00e9e en un colis\u2013 R\u00e9f : 845-430<\/p>","protected":false},"featured_media":8508,"comment_status":"closed","ping_status":"closed","template":"","meta":{"inline_featured_image":false},"product_brand":[],"product_cat":[57],"product_tag":[],"class_list":{"0":"post-8944","1":"product","2":"type-product","3":"status-publish","4":"has-post-thumbnail","6":"product_cat-abris-de-jardin","8":"first","9":"instock","10":"sale","11":"shipping-taxable","12":"purchasable","13":"product-type-simple"},"_links":{"self":[{"href":"https:\/\/feria-verde.com\/es\/wp-json\/wp\/v2\/product\/8944","targetHints":{"allow":["GET"]}}],"collection":[{"href":"https:\/\/feria-verde.com\/es\/wp-json\/wp\/v2\/product"}],"about":[{"href":"https:\/\/feria-verde.com\/es\/wp-json\/wp\/v2\/types\/product"}],"replies":[{"embeddable":true,"href":"https:\/\/feria-verde.com\/es\/wp-json\/wp\/v2\/comments?post=8944"}],"version-history":[{"count":0,"href":"https:\/\/feria-verde.com\/es\/wp-json\/wp\/v2\/product\/8944\/revisions"}],"wp:featuredmedia":[{"embeddable":true,"href":"https:\/\/feria-verde.com\/es\/wp-json\/wp\/v2\/media\/8508"}],"wp:attachment":[{"href":"https:\/\/feria-verde.com\/es\/wp-json\/wp\/v2\/media?parent=8944"}],"wp:term":[{"taxonomy":"product_brand","embeddable":true,"href":"https:\/\/feria-verde.com\/es\/wp-json\/wp\/v2\/product_brand?post=8944"},{"taxonomy":"product_cat","embeddable":true,"href":"https:\/\/feria-verde.com\/es\/wp-json\/wp\/v2\/product_cat?post=8944"},{"taxonomy":"product_tag","embeddable":true,"href":"https:\/\/feria-verde.com\/es\/wp-json\/wp\/v2\/product_tag?post=8944"}],"curies":[{"name":"wp","href":"https:\/\/api.w.org\/{rel}","templated":true}]}}