{"id":8945,"date":"2024-05-31T19:07:11","date_gmt":"2024-05-31T17:07:11","guid":{"rendered":"https:\/\/feria-verde.com\/?post_type=product&#038;p=8945"},"modified":"2024-05-31T19:07:12","modified_gmt":"2024-05-31T17:07:12","slug":"abri-de-jardin-1-2-m2-cabanon-porte-a-verrouillage","status":"publish","type":"product","link":"https:\/\/feria-verde.com\/es\/producto\/abri-de-jardin-1-2-m2-cabanon-porte-a-verrouillage\/","title":{"rendered":"Cobertizo de jard\u00edn - 1,2 m2 - Cobertizo de jard\u00edn con puerta con cerradura"},"content":{"rendered":"<p>Esta caseta de jard\u00edn de chapa de acero de 1 puerta le ser\u00e1 de gran utilidad. Con 1,19 m\u00b2 de espacio de almacenamiento, podr\u00e1 guardar todas sus herramientas y equipos de jard\u00edn (pala, pico, rastrillo, tijeras de podar, cortac\u00e9sped, tumbona, etc.).<\/p>\n\n\n\n<p>Caracter\u00edsticas :<\/p>\n\n\n\n<p>- Elegante caseta de jard\u00edn de chapa ondulada bicolor verde y blanca<\/p>\n\n\n\n<p>- Gran espacio de almacenamiento de 1,19 m\u00b2, ideal para guardar sus herramientas y equipos de jard\u00edn (pala, pico, rastrillo, tijeras de podar, cortac\u00e9sped, tumbona, etc.).<\/p>\n\n\n\n<p>- Puerta con cerradura y pestillo (si lo desea, puede instalar un candado): f\u00e1cil acceso, almacenamiento seguro<\/p>\n\n\n\n<p>- Cubierta inclinada, drenaje \u00f3ptimo del agua de lluvia<\/p>\n\n\n\n<p>- Robusta estructura de chapa de acero para un uso duradero<\/p>\n\n\n\n<p>- F\u00e1cil de montar gracias al manual de montaje ilustrado suministrado<\/p>\n\n\n\n<p>- Nota: suelo no incluido<\/p>\n\n\n\n<p>Especificaciones:<\/p>\n\n\n\n<p>- Colores: verde y blanco<\/p>\n\n\n\n<p>- Materiales principales: chapa de acero, polipropileno<\/p>\n\n\n\n<p>- Dimensiones totales: 142 x 84 x 189 cm<\/p>\n\n\n\n<p>- Espacio de almacenamiento interno: 128 cm de largo x 69 cm de ancho x 186 cm de alto<\/p>\n\n\n\n<p>- Dimensiones de la puerta: 63 x 171 cm<\/p>\n\n\n\n<p>- Superficie de almacenamiento: 1,19 m\u00b2.<\/p>\n\n\n\n<p>- Entrega en un solo paquete<\/p>\n\n\n\n<p>- N\u00famero de referencia: 845-328V01YG<\/p>","protected":false},"excerpt":{"rendered":"<p>Cet abri de jardin 1 porte en t\u00f4le d\u2019acier vous sera d\u2019une grande utilit\u00e9. Disposant d\u2019une surface de rangement de 1,19 m\u00b2, vous pourrez y ranger vos outils et \u00e9quipements de jardin (pelle, pioche, rateau, s\u00e9cateur, tondeuse, transat, etc\u2026). Caract\u00e9ristiques : \u2013 Abri de jardin cabanon en t\u00f4le d\u2019acier ondul\u00e9e bicolore vert et blanc tr\u00e8s \u00e9l\u00e9gant \u2013 Grande surface de rangement de 1,19 m\u00b2, adapt\u00e9 pour ranger vos outils et \u00e9quipements de jardin (pelle, pioche, rateau, s\u00e9cateur, tondeuse, transat, etc\u2026) \u2013 Porte verrouillable avec loquet (possibilit\u00e9 de mettre un cadenas si vous souhaitez) : acces facile, rangement s\u00fbr \u2013 Toit inclin\u00e9, \u00e9vacuation optimale de l\u2019eau de pluie \u2013 Structure en t\u00f4le d\u2019acier robuste : usage p\u00e9renne \u2013 Montage facile \u00e0 l\u2019aide du manuel d\u2019assemblage illustr\u00e9 fourni \u2013 Note : plancher non inclus Sp\u00e9cifications : \u2013 Couleurs : vert et blanc \u2013 Mat\u00e9riaux principaux : t\u00f4le d\u2019acier, polypropyl\u00e8ne \u2013 Dim. totales : 142L x 84l x 189H cm \u2013 Dim. espace rangement interne : 128L x 69l x 186H cm \u2013 Dim. porte : 63L x 171H cm \u2013 Surface de rangement : 1,19 m\u00b2 \u2013 Livraison effectu\u00e9e en un colis \u2013 R\u00e9f. : 845-328V01YG<\/p>","protected":false},"featured_media":8516,"comment_status":"closed","ping_status":"closed","template":"","meta":{"inline_featured_image":false},"product_brand":[],"product_cat":[57],"product_tag":[],"class_list":{"0":"post-8945","1":"product","2":"type-product","3":"status-publish","4":"has-post-thumbnail","6":"product_cat-abris-de-jardin","8":"first","9":"outofstock","10":"shipping-taxable","11":"purchasable","12":"product-type-simple"},"_links":{"self":[{"href":"https:\/\/feria-verde.com\/es\/wp-json\/wp\/v2\/product\/8945","targetHints":{"allow":["GET"]}}],"collection":[{"href":"https:\/\/feria-verde.com\/es\/wp-json\/wp\/v2\/product"}],"about":[{"href":"https:\/\/feria-verde.com\/es\/wp-json\/wp\/v2\/types\/product"}],"replies":[{"embeddable":true,"href":"https:\/\/feria-verde.com\/es\/wp-json\/wp\/v2\/comments?post=8945"}],"version-history":[{"count":0,"href":"https:\/\/feria-verde.com\/es\/wp-json\/wp\/v2\/product\/8945\/revisions"}],"wp:featuredmedia":[{"embeddable":true,"href":"https:\/\/feria-verde.com\/es\/wp-json\/wp\/v2\/media\/8516"}],"wp:attachment":[{"href":"https:\/\/feria-verde.com\/es\/wp-json\/wp\/v2\/media?parent=8945"}],"wp:term":[{"taxonomy":"product_brand","embeddable":true,"href":"https:\/\/feria-verde.com\/es\/wp-json\/wp\/v2\/product_brand?post=8945"},{"taxonomy":"product_cat","embeddable":true,"href":"https:\/\/feria-verde.com\/es\/wp-json\/wp\/v2\/product_cat?post=8945"},{"taxonomy":"product_tag","embeddable":true,"href":"https:\/\/feria-verde.com\/es\/wp-json\/wp\/v2\/product_tag?post=8945"}],"curies":[{"name":"wp","href":"https:\/\/api.w.org\/{rel}","templated":true}]}}