{"id":8946,"date":"2024-05-31T19:07:11","date_gmt":"2024-05-31T17:07:11","guid":{"rendered":"https:\/\/feria-verde.com\/?post_type=product&#038;p=8946"},"modified":"2024-05-31T19:07:12","modified_gmt":"2024-05-31T17:07:12","slug":"abri-de-jardin-metal-8-7m2-prix-usine-destockage","status":"publish","type":"product","link":"https:\/\/feria-verde.com\/es\/producto\/abri-de-jardin-metal-8-7m2-prix-usine-destockage\/","title":{"rendered":"Cobertizo de jard\u00edn de metal - 8.7m2 - Precio de f\u00e1brica - DESTOCKAGE"},"content":{"rendered":"<p>Descubra la caseta de jard\u00edn Vegas, una soluci\u00f3n de almacenamiento vers\u00e1til y robusta dise\u00f1ada para satisfacer todas sus necesidades de almacenamiento en exteriores. Con sus amplias dimensiones de 290 cm de largo y 300 cm de ancho, esta caseta ofrece una generosa superficie de 8,7 m\u00b2, ideal para guardar su equipo de exterior, muebles de jard\u00edn, herramientas de bricolaje, bicicletas y mucho m\u00e1s.<\/p>\n\n\n\n<p>Fabricado en acero galvanizado, el refugio Vegas est\u00e1 dise\u00f1ado para soportar las condiciones exteriores m\u00e1s rigurosas. Su estructura reforzada ofrece una protecci\u00f3n eficaz contra la corrosi\u00f3n, los rayos UV, la abrasi\u00f3n y la erosi\u00f3n, garantizando su durabilidad a largo plazo. As\u00ed que puede guardar sus pertenencias con confianza, sabiendo que estar\u00e1n protegidas de los elementos.<\/p>\n\n\n\n<p>Para garantizar una ventilaci\u00f3n \u00f3ptima en el interior del refugio, est\u00e1 equipado con cuatro rejillas de ventilaci\u00f3n. Estas rejillas garantizan una renovaci\u00f3n constante del aire, evitando los malos olores y el deterioro de los objetos almacenados.<\/p>\n\n\n\n<p>La cubierta Vegas tambi\u00e9n es pr\u00e1ctica de utilizar gracias a sus puertas correderas dobles. Este sistema de apertura permite un acceso f\u00e1cil y fluido al interior de la cubierta, sea cual sea el espacio disponible delante de ella. Tanto si dispone de un gran jard\u00edn como de un peque\u00f1o espacio exterior, la cubierta Vegas se adapta a sus necesidades y optimiza su espacio de almacenamiento.<\/p>\n\n\n\n<p>No deje que el desorden invada su jard\u00edn. Elija la caseta de jard\u00edn Vegas y disfrute de un espacio de almacenamiento funcional, fiable y elegante.<\/p>","protected":false},"excerpt":{"rendered":"<p>D\u00e9couvrez l\u2019abri de jardin Vegas, une solution de stockage polyvalente et robuste con\u00e7ue pour r\u00e9pondre \u00e0 tous vos besoins de rangement en ext\u00e9rieur. Avec ses dimensions spacieuses de 290 cm de longueur et 300 cm de largeur, cet abri offre une g\u00e9n\u00e9reuse surface de 8.7 m\u00b2, id\u00e9ale pour ranger vos \u00e9quipements d\u2019ext\u00e9rieur, votre mobilier de jardin, vos outils de bricolage, vos v\u00e9los et bien plus encore. Fabriqu\u00e9 en acier galvanis\u00e9, l\u2019abri Vegas est con\u00e7u pour r\u00e9sister aux conditions ext\u00e9rieures les plus rigoureuses. Sa structure renforc\u00e9e offre une protection efficace contre la corrosion, les UV, l\u2019abrasion et l\u2019\u00e9rosion, assurant ainsi une durabilit\u00e9 \u00e0 long terme. Vous pouvez donc ranger vos affaires en toute confiance, sachant qu\u2019elles seront prot\u00e9g\u00e9es des \u00e9l\u00e9ments. Pour assurer une ventilation optimale \u00e0 l\u2019int\u00e9rieur de l\u2019abri, celui-ci est \u00e9quip\u00e9 de quatre grilles de ventilation. Ces grilles permettent un renouvellement constant de l\u2019air, \u00e9vitant ainsi les mauvaises odeurs et la d\u00e9gradation des objets stock\u00e9s. L\u2019abri Vegas est \u00e9galement pratique \u00e0 utiliser gr\u00e2ce \u00e0 ses doubles portes coulissantes. Ce syst\u00e8me d\u2019ouverture offre un acc\u00e8s facile et fluide \u00e0 l\u2019int\u00e9rieur de l\u2019abri, quel que soit l\u2019espace disponible devant. Que vous disposiez d\u2019un grand jardin ou d\u2019un petit espace ext\u00e9rieur, l\u2019abri Vegas s\u2019adapte \u00e0 vos besoins et optimise votre espace de rangement. Ne laissez plus le d\u00e9sordre envahir votre jardin. Optez pour l\u2019abri de jardin Vegas et profitez d\u2019un espace de rangement fonctionnel, fiable et \u00e9l\u00e9gant.<\/p>","protected":false},"featured_media":8513,"comment_status":"closed","ping_status":"closed","template":"","meta":{"inline_featured_image":false},"product_brand":[],"product_cat":[57],"product_tag":[],"class_list":{"0":"post-8946","1":"product","2":"type-product","3":"status-publish","4":"has-post-thumbnail","6":"product_cat-abris-de-jardin","8":"first","9":"instock","10":"sale","11":"shipping-taxable","12":"purchasable","13":"product-type-simple"},"_links":{"self":[{"href":"https:\/\/feria-verde.com\/es\/wp-json\/wp\/v2\/product\/8946","targetHints":{"allow":["GET"]}}],"collection":[{"href":"https:\/\/feria-verde.com\/es\/wp-json\/wp\/v2\/product"}],"about":[{"href":"https:\/\/feria-verde.com\/es\/wp-json\/wp\/v2\/types\/product"}],"replies":[{"embeddable":true,"href":"https:\/\/feria-verde.com\/es\/wp-json\/wp\/v2\/comments?post=8946"}],"version-history":[{"count":0,"href":"https:\/\/feria-verde.com\/es\/wp-json\/wp\/v2\/product\/8946\/revisions"}],"wp:featuredmedia":[{"embeddable":true,"href":"https:\/\/feria-verde.com\/es\/wp-json\/wp\/v2\/media\/8513"}],"wp:attachment":[{"href":"https:\/\/feria-verde.com\/es\/wp-json\/wp\/v2\/media?parent=8946"}],"wp:term":[{"taxonomy":"product_brand","embeddable":true,"href":"https:\/\/feria-verde.com\/es\/wp-json\/wp\/v2\/product_brand?post=8946"},{"taxonomy":"product_cat","embeddable":true,"href":"https:\/\/feria-verde.com\/es\/wp-json\/wp\/v2\/product_cat?post=8946"},{"taxonomy":"product_tag","embeddable":true,"href":"https:\/\/feria-verde.com\/es\/wp-json\/wp\/v2\/product_tag?post=8946"}],"curies":[{"name":"wp","href":"https:\/\/api.w.org\/{rel}","templated":true}]}}