{"id":8947,"date":"2024-05-31T19:07:11","date_gmt":"2024-05-31T17:07:11","guid":{"rendered":"https:\/\/feria-verde.com\/?post_type=product&#038;p=8947"},"modified":"2024-05-31T19:07:12","modified_gmt":"2024-05-31T17:07:12","slug":"abri-jardin-bois-4-7-m2-finition-premium-prix-usine-destockage","status":"publish","type":"product","link":"https:\/\/feria-verde.com\/es\/producto\/abri-jardin-bois-4-7-m2-finition-premium-prix-usine-destockage\/","title":{"rendered":"Cobertizo de madera para jard\u00edn- 4,7 m2 - Acabado de primera calidad - Precio de f\u00e1brica - DESTOCKAGE"},"content":{"rendered":"<p>D\u00e9couvrez l\u2019abri de jardin en bois ROVETO, une solution de stockage lumineuse et fonctionnelle offrant une surface int\u00e9rieure de 4,7m\u00b2. Avec ses dimensions de 2.35m de longueur et 2m de largeur, cet abri offre un espace g\u00e9n\u00e9reux pour ranger votre mobilier de jardin, barbecue, tondeuse et autres \u00e9quipements, tout en restant \u00e0 l\u2019abri des regards.<\/p>\n\n\n\n<p>La double porte de l\u2019abri ROVETO assure un acc\u00e8s facile \u00e0 l\u2019int\u00e9rieur, tandis que la fen\u00eatre lat\u00e9rale laisse entrer la lumi\u00e8re naturelle, rendant l\u2019espace int\u00e9rieur lumineux et accueillant.<\/p>\n\n\n\n<p>Dot\u00e9 de lattes anti-temp\u00eate, cet abri est con\u00e7u pour r\u00e9sister aux vents, assurant ainsi sa durabilit\u00e9 et sa robustesse dans les conditions m\u00e9t\u00e9orologiques difficiles.<\/p>\n\n\n\n<p>Optimisez votre espace de stockage avec l\u2019abri de jardin ROVETO, disponible dans deux dimensions pour s\u2019adapter \u00e0 vos besoins de rangement. Commandez d\u00e8s maintenant et profitez d\u2019un espace de stockage moderne et fonctionnel pour votre jardin.<\/p>","protected":false},"excerpt":{"rendered":"<p>D\u00e9couvrez l\u2019abri de jardin en bois ROVETO, une solution de stockage lumineuse et fonctionnelle offrant une surface int\u00e9rieure de 4,7m\u00b2. Avec ses dimensions de 2.35m de longueur et 2m de largeur, cet abri offre un espace g\u00e9n\u00e9reux pour ranger votre mobilier de jardin, barbecue, tondeuse et autres \u00e9quipements, tout en restant \u00e0 l\u2019abri des regards. La double porte de l\u2019abri ROVETO assure un acc\u00e8s facile \u00e0 l\u2019int\u00e9rieur, tandis que la fen\u00eatre lat\u00e9rale laisse entrer la lumi\u00e8re naturelle, rendant l\u2019espace int\u00e9rieur lumineux et accueillant. Dot\u00e9 de lattes anti-temp\u00eate, cet abri est con\u00e7u pour r\u00e9sister aux vents, assurant ainsi sa durabilit\u00e9 et sa robustesse dans les conditions m\u00e9t\u00e9orologiques difficiles. Optimisez votre espace de stockage avec l\u2019abri de jardin ROVETO, disponible dans deux dimensions pour s\u2019adapter \u00e0 vos besoins de rangement. Commandez d\u00e8s maintenant et profitez d\u2019un espace de stockage moderne et fonctionnel pour votre jardin.<\/p>","protected":false},"featured_media":8543,"comment_status":"closed","ping_status":"closed","template":"","meta":{"inline_featured_image":false},"product_brand":[],"product_cat":[57],"product_tag":[],"class_list":{"0":"post-8947","1":"product","2":"type-product","3":"status-publish","4":"has-post-thumbnail","6":"product_cat-abris-de-jardin","8":"first","9":"instock","10":"sale","11":"shipping-taxable","12":"purchasable","13":"product-type-simple"},"_links":{"self":[{"href":"https:\/\/feria-verde.com\/es\/wp-json\/wp\/v2\/product\/8947","targetHints":{"allow":["GET"]}}],"collection":[{"href":"https:\/\/feria-verde.com\/es\/wp-json\/wp\/v2\/product"}],"about":[{"href":"https:\/\/feria-verde.com\/es\/wp-json\/wp\/v2\/types\/product"}],"replies":[{"embeddable":true,"href":"https:\/\/feria-verde.com\/es\/wp-json\/wp\/v2\/comments?post=8947"}],"version-history":[{"count":0,"href":"https:\/\/feria-verde.com\/es\/wp-json\/wp\/v2\/product\/8947\/revisions"}],"wp:featuredmedia":[{"embeddable":true,"href":"https:\/\/feria-verde.com\/es\/wp-json\/wp\/v2\/media\/8543"}],"wp:attachment":[{"href":"https:\/\/feria-verde.com\/es\/wp-json\/wp\/v2\/media?parent=8947"}],"wp:term":[{"taxonomy":"product_brand","embeddable":true,"href":"https:\/\/feria-verde.com\/es\/wp-json\/wp\/v2\/product_brand?post=8947"},{"taxonomy":"product_cat","embeddable":true,"href":"https:\/\/feria-verde.com\/es\/wp-json\/wp\/v2\/product_cat?post=8947"},{"taxonomy":"product_tag","embeddable":true,"href":"https:\/\/feria-verde.com\/es\/wp-json\/wp\/v2\/product_tag?post=8947"}],"curies":[{"name":"wp","href":"https:\/\/api.w.org\/{rel}","templated":true}]}}