{"id":8950,"date":"2024-05-31T19:13:02","date_gmt":"2024-05-31T17:13:02","guid":{"rendered":"https:\/\/feria-verde.com\/?post_type=product&#038;p=8950"},"modified":"2025-04-06T17:08:40","modified_gmt":"2025-04-06T15:08:40","slug":"robot-piscine-dolphin-e30-prix-fabricant","status":"publish","type":"product","link":"https:\/\/feria-verde.com\/es\/producto\/robot-piscine-dolphin-e30-prix-fabricant\/","title":{"rendered":"Robot de piscina Dolphin E30 - Precio del fabricante"},"content":{"rendered":"<p>DESCRIPTION\u00a0ROBOT PISCINE DOLPHIN E30<br><br>Robot de piscine Dolphin E30<br><br><br><img decoding=\"async\" src=\"https:\/\/www.piscine-center.net\/uppict\/fiche\/29414\/robot-piscine-dolphin-e30-piscine-center-1458062412.jpg\" alt=\"Robot de piscine Dolphin E30\"><br>D&rsquo;ann\u00e9e en ann\u00e9e,\u00a0<strong>Maytronics<\/strong>\u00a0pousse la technologie encore plus loin, et met \u00e0 la disposition du consommateur des appareils aussi performants qu&rsquo;intuitifs \u00e0 l&rsquo;usage.<br><br>Preuve en est une nouvelle fois avec le\u00a0<strong>robot piscine Dolphin E30<\/strong>. Ce nettoyeur \u00e9lectrique\u00a0<strong>compact et maniable<\/strong>\u00a0sera le partenaire privil\u00e9gi\u00e9 de vos piscines enterr\u00e9es jusqu&rsquo;\u00e0\u00a0<strong>12 m de long<\/strong>.<br>Il assurera un entretien impeccable de toutes les surfaces,\u00a0<strong>fond, parois et ligne d&rsquo;eau<\/strong>, et sa maintenance se fera en toute facilit\u00e9 gr\u00e2ce \u00e0 sa prise en main \u00e9tudi\u00e9e et \u00e0 sa\u00a0<strong>filtration Top Access.<\/strong><br><br><br><img decoding=\"async\" src=\"https:\/\/www.piscine-center.net\/uppict\/fiche\/29414\/robot-piscine-dolphin-e30-piscine-center-1618560788.jpg\" alt=\"pictogramme du robot de piscine  Dolphin E30\"><br>Le\u00a0<strong>robot de piscine<\/strong>\u00a0Dolphin E30 est une exclusivit\u00e9 Piscine Center.<br>Il b\u00e9n\u00e9ficie d&rsquo;une garantie de 5 ans.<br><br><strong>NB<\/strong>\u00a0: Robot livr\u00e9 avec panier filtrant et transformateur. Chariot non inclus.<br>Robot Dolphin E30 &#8211; Descriptif<br><br><br><img decoding=\"async\" src=\"https:\/\/www.piscine-center.net\/uppict\/fiche\/29414\/robot-piscine-dolphin-e30-piscine-center-1458138597.jpg\" alt=\"Robot de piscine Dolphin E30 - synth\u00e8se\"><br>Id\u00e9al pour\u00a0<strong>l&rsquo;entretien des piscines\u00a0<\/strong>n&rsquo;exc\u00e9dant pas une\u00a0<strong>longueur de 12 m\u00a0<\/strong>de dimensions, le robot Dolphin E30 est un savant m\u00e9lange de praticit\u00e9 et de modernit\u00e9.<br><br>Ses proportions sont \u00e9tudi\u00e9es pour un encombrement minimal, et ses capacit\u00e9s de\u00a0<strong>nettoyage\u00a0<\/strong>en font une petite bombe technologique, qui nettoie la totalit\u00e9 des surfaces de votre bassin,\u00a0<strong>fond, parois et ligne d&rsquo;eau<\/strong>, quelque soit son rev\u00eatement.<br><br>Une fois votre nettoyeur piscine plong\u00e9 dans l&rsquo;eau, il effectue son travail en toute\u00a0<strong>autonomie<\/strong>, en un cycle de deux heures.<br>Les d\u00e9bris et les particules sont collect\u00e9es dans un\u00a0<strong>filtre amovible \u00e0 parois interchangeables<\/strong>\u00a0accessible sur le dessus de l&rsquo;appareil.<br><br><br><img decoding=\"async\" src=\"https:\/\/www.piscine-center.net\/uppict\/fiche\/29414\/robot-piscine-dolphin-e30-piscine-center-1458137216.jpg\" alt=\"Robot de piscine Dolphin E30\"><br><strong>La technologie PowerStream(TM)\u00a0<\/strong>: ce syst\u00e8me assure une adh\u00e9rence id\u00e9ale du robot en permanence sur toutes les surfaces de la piscine (fond, parois et ligne d&rsquo;eau), quelque soient les conditions et le type de rev\u00eatement. Cela permet d&rsquo;optimiser la circulation et le nettoyage.<br><br><strong>Filtraci\u00f3n\u00a0<\/strong>: Les salet\u00e9s et autres d\u00e9bris sont collect\u00e9s dans un filtre mobile. Les panneaux de ce dernier sont interchangeables et amovibles pour un entretien facile.<br><br>Un\u00a0<strong>jeu interchangeable de filtres<\/strong>\u00a0(fin et ultra fin) qui collectent les particules fines et les gros d\u00e9bris : 4 filtres de 50 microns et 2 filtres de 100 microns<br><br><br><img decoding=\"async\" src=\"https:\/\/www.piscine-center.net\/uppict\/fiche\/29414\/robot-piscine-dolphin-e30-piscine-center-1622184400.jpg\" alt=\"filtration robot piscine dolphin e30\"><br><strong>Brossage actif<\/strong>\u00a0: gr\u00e2ce \u00e0 ce m\u00e9canisme con\u00e7u par Maytronics, la vitesse de rotation de la brosse avant du Dolphin E30 est deux fois plus rapide que la vitesse de d\u00e9placement de l&rsquo;appareil. Cela permet de d\u00e9crocher ais\u00e9ment les salissures les plus tenaces (algues ou bact\u00e9ries) quelque soit le type de rev\u00eatement.<br><br><strong>Transformateur digital intuitif<\/strong>\u00a0: con\u00e7u de mani\u00e8re \u00e0 ne consommer que tr\u00e8s peu d&rsquo;\u00e9nergie, il se met en route par simple appui sur un bouton et permet de s\u00e9lectionner le programme de nettoyage.<br><br><strong>Ergonomique\u00a0<\/strong>: avec son volume compact et sa poign\u00e9e permettant de le manipuler avec aisance, le Dolphin E30 offre une maniabilit\u00e9 plaisante. Son poids plume (7.5 kg) vous permet de le plonger dans l&rsquo;eau et de l&rsquo;en retirer sans aucune difficult\u00e9. Sa conception facilite grandement les \u00e9tapes d&rsquo;entretien et de maintenance.<br><br><br><img decoding=\"async\" src=\"https:\/\/www.piscine-center.net\/uppict\/fiche\/29414\/robot-piscine-dolphin-e30-piscine-center-1463582265.jpg\" alt=\"Robot de piscine Dolphin E30 - schemas accesoires\"><br>Robot Dolphin E30 &#8211; Caract\u00e9ristiques techniques<br><br><br><img decoding=\"async\" src=\"https:\/\/www.piscine-center.net\/uppict\/fiche\/29414\/robot-piscine-dolphin-e30-piscine-center-1458813656.jpg\" alt=\"Robot de piscine Dolphin E30 - coffret electr(ique\"><br><strong>Nettoyage<\/strong>Fond et parois du bassin<br><strong>Rev\u00eatements<\/strong>Todos los tipos<br><strong>Dimensions du bassin<\/strong>12 x 6 m<br><strong>Filtraci\u00f3n<\/strong>Top Access &#8211; panneaux interchangeables<br><strong>Finesse de filtration panneaux fins<\/strong>50 \u00b5<br><strong>Finesse de filtration panneaux printemps<\/strong>100 \u00b5<br><strong>Cycle de nettoyage<\/strong>2 heures<br><strong>taux d&rsquo;aspiration<\/strong>15 m\u00b3\/h<br><strong>Longitud del cable<\/strong>18 m<br><strong>Poids net<\/strong>7.5 kg<br><strong>Alimentation<\/strong>Tranformateur \u00e9lectrique (commande digitale)<br><strong>Tension de sortie<\/strong>Max 30 V-DC<br><strong>Tension d&rsquo;entr\u00e9e<\/strong>110-130 V-AC \/ 220-230 V-AC \/ 50 &#8211; 60 Hz<br><strong>Protection<\/strong>IP54<br><strong>Tension moteur<\/strong>24 VDC<br><strong>Protection moteur<\/strong>IP68<br><strong>Garantie<\/strong>2 ans<br><br><br><img decoding=\"async\" src=\"https:\/\/www.piscine-center.net\/uppict\/fiche\/29414\/robot-piscine-dolphin-e30-piscine-center-1458122451.jpg\" alt=\"Robot Dolphin E30 - Batterie et Filtre\"><br>Robot Dolphin E30 &#8211; Nettoyage du filtre facile et rapide !<br>Le filtre du\u00a0<strong>robot piscine Dolphin E30\u00a0<\/strong>se nettoie sans aucune difficult\u00e9 une fois le cycle termin\u00e9.<br>Accessible par le dessus du robot, il permet une manipulation sans aucun effort.<br><br>Il suffit d&rsquo;ouvrir le capot du robot, d&rsquo;en retirer le panier.<br>Le fond de celui-ci s&rsquo;ouvre d&rsquo;un simple clic, et se vide en un tournemain.<br><br>Une fois le panier d\u00e9barrass\u00e9 des feuilles et des impuret\u00e9s, rincez-le sous un jet d&rsquo;eau, avant de le refermer et de le remettre en place.<br><br><br><img decoding=\"async\" src=\"https:\/\/www.piscine-center.net\/uppict\/fiche\/29414\/robot-piscine-dolphin-e30-piscine-center-1467988622.jpg\" alt=\"Robot de piscine Dolphin E30\"><br><br><br><img decoding=\"async\" src=\"https:\/\/www.piscine-center.net\/uppict\/fiche\/29414\/robot-piscine-dolphin-e30-piscine-center-1467988629.jpg\" alt=\"Robot de piscine Dolphin E30\"><br><br><br><img decoding=\"async\" src=\"https:\/\/www.piscine-center.net\/uppict\/fiche\/29414\/robot-piscine-dolphin-e30-piscine-center-1467988638.jpg\" alt=\"Robot de piscine Dolphin E30\"><br><strong>Nettoyage du filtre apr\u00e8s utilisation<\/strong>\u00a0:<br>&#8211; Ouvrir le capot sup\u00e9rieur du robot, et attraper le panier filtrant par la poign\u00e9e qui se sera automatiquement soulev\u00e9e<br>&#8211; Actionner le verrou inf\u00e9rieur de mani\u00e8re \u00e0 ouvrir le panneau du fond et vider le filtre<br>&#8211; Rincer le panier avec un jet d&rsquo;eau<br><br><br><img decoding=\"async\" src=\"https:\/\/www.piscine-center.net\/uppict\/fiche\/29414\/robot-piscine-dolphin-e30-piscine-center-1467989537.jpg\" alt=\"Robot de piscine Dolphin E30\"><br><br><br><img decoding=\"async\" src=\"https:\/\/www.piscine-center.net\/uppict\/fiche\/29414\/robot-piscine-dolphin-e30-piscine-center-1467989671.jpg\" alt=\"Robot de piscine Dolphin E30\"><br><br><br><img decoding=\"async\" src=\"https:\/\/www.piscine-center.net\/uppict\/fiche\/29414\/robot-piscine-dolphin-e30-piscine-center-1467989734.jpg\" alt=\"Robot de piscine Dolphin E30\"><br>Robot Dolphin E30 &#8211; Utilisation<br><strong>Recommandations de s\u00e9curit\u00e9<\/strong>\u00a0:<br>&#8211; Le transformateur doit \u00eatre positionn\u00e9 \u00e0 une distance minimale de 3 m du bassin, au niveau du milieu de la longueur de celui-ci.<br>&#8211; Le c\u00e2ble \u00e9lectrique doit \u00eatre bien d\u00e9roul\u00e9 (sans n\u0153uds ni entortillement).<br>&#8211; Le transformateur doit \u00eatre raccord\u00e9 au robot avant d&rsquo;\u00eatre branch\u00e9 sur une prise \u00e9lectrique. Ne pas allumer l&rsquo;alimentation avant de l&rsquo;avoir raccord\u00e9e des deux c\u00f4t\u00e9s.<br><br><br><img decoding=\"async\" src=\"https:\/\/www.piscine-center.net\/uppict\/fiche\/29414\/robot-piscine-dolphin-e30-piscine-center-1458134958.jpg\" alt=\"Robot Dolphin E30 pour piscine 12 m - schema explications\"><br><strong>Manipulation du robot en d\u00e9but et en fin de cycle<\/strong>\u00a0:<br>&#8211; Une fois le bo\u00eetier \u00e9lectrique raccord\u00e9 et correctement positionn\u00e9, immerger le robot Dolphin E30 en le tenant par la poign\u00e9e puis en le laissant couler.<br>&#8211; Une fois le robot au fond de l&rsquo;eau, l&rsquo;alimentation peut \u00eatre allum\u00e9e (touche ON sur le transformateur)<br>&#8211; Une fois le cycle termin\u00e9, \u00e9teindre l&rsquo;alimentation, d\u00e9brancher le c\u00e2ble, et retirer le robot de la piscine, en prenant soin de laisser l&rsquo;eau s&rsquo;en \u00e9couler.<br><br><br><img decoding=\"async\" src=\"https:\/\/www.piscine-center.net\/uppict\/fiche\/29414\/robot-piscine-dolphin-e30-piscine-center-1463583207.jpg\" alt=\"Robot de piscine Dolphin E30  - maintenance filtre\"><br><strong>Nettoyage p\u00e9riodique mensuel du filtre<\/strong>\u00a0:<br>&#8211; Ouvrir le capot du robot, et retirer le panier gr\u00e2ce \u00e0 la poign\u00e9e.<br>&#8211; Retirer un \u00e0 un les 4 panneaux du panier ext\u00e9rieur (les panneaux num\u00e9rot\u00e9s de 1 \u00e0 4 doivent \u00eatre retir\u00e9s dans l&rsquo;ordre).<br>&#8211; Rincer chaque panneau sous un jet d&rsquo;eau<br>&#8211; Repositionner les panneaux num\u00e9rot\u00e9s, en respectant l&rsquo;ordre inverse (de 4 \u00e0 1).<br>&#8211; Replacer le panier filtrant int\u00e9rieur dans le bac et replacer le tout dans le capot du robot puis refermer le couvercle.<\/p>\n\n\n\n<p><\/p>\n\n\n\n<p><\/p>\n\n\n\n<p><\/p>","protected":false},"excerpt":{"rendered":"<p>R\u00e9sultat impeccable assur\u00e9 avec ce robot piscine Dolphin E30. Convient aux piscines enterr\u00e9es jusqu&rsquo;\u00e0 12 m de longueur, nettoie fond et parois et ligne d&rsquo;eau quelque soit le type de rev\u00eatement gr\u00e2ce au syst\u00e8me PowerStream et \u00e0 la brosse avant active. Filtration panier doubles parois permutables, acc\u00e8s par le dessus. Prise en main ergonomique, dimensions compactes et performances optimales !<\/p>","protected":false},"featured_media":8962,"comment_status":"closed","ping_status":"closed","template":"","meta":{"inline_featured_image":false},"product_brand":[],"product_cat":[60],"product_tag":[],"class_list":{"0":"post-8950","1":"product","2":"type-product","3":"status-publish","4":"has-post-thumbnail","6":"product_cat-robot-piscine","8":"first","9":"instock","10":"sale","11":"shipping-taxable","12":"purchasable","13":"product-type-simple"},"_links":{"self":[{"href":"https:\/\/feria-verde.com\/es\/wp-json\/wp\/v2\/product\/8950","targetHints":{"allow":["GET"]}}],"collection":[{"href":"https:\/\/feria-verde.com\/es\/wp-json\/wp\/v2\/product"}],"about":[{"href":"https:\/\/feria-verde.com\/es\/wp-json\/wp\/v2\/types\/product"}],"replies":[{"embeddable":true,"href":"https:\/\/feria-verde.com\/es\/wp-json\/wp\/v2\/comments?post=8950"}],"version-history":[{"count":0,"href":"https:\/\/feria-verde.com\/es\/wp-json\/wp\/v2\/product\/8950\/revisions"}],"wp:featuredmedia":[{"embeddable":true,"href":"https:\/\/feria-verde.com\/es\/wp-json\/wp\/v2\/media\/8962"}],"wp:attachment":[{"href":"https:\/\/feria-verde.com\/es\/wp-json\/wp\/v2\/media?parent=8950"}],"wp:term":[{"taxonomy":"product_brand","embeddable":true,"href":"https:\/\/feria-verde.com\/es\/wp-json\/wp\/v2\/product_brand?post=8950"},{"taxonomy":"product_cat","embeddable":true,"href":"https:\/\/feria-verde.com\/es\/wp-json\/wp\/v2\/product_cat?post=8950"},{"taxonomy":"product_tag","embeddable":true,"href":"https:\/\/feria-verde.com\/es\/wp-json\/wp\/v2\/product_tag?post=8950"}],"curies":[{"name":"wp","href":"https:\/\/api.w.org\/{rel}","templated":true}]}}