{"id":8951,"date":"2024-05-31T19:13:02","date_gmt":"2024-05-31T17:13:02","guid":{"rendered":"https:\/\/feria-verde.com\/?post_type=product&#038;p=8951"},"modified":"2025-04-06T17:12:27","modified_gmt":"2025-04-06T15:12:27","slug":"robot-piscine-dolphin-t35-prix-fabricant","status":"publish","type":"product","link":"https:\/\/feria-verde.com\/es\/producto\/robot-piscine-dolphin-t35-prix-fabricant\/","title":{"rendered":"Robot de piscina Dolphin T35 - Precio del fabricante"},"content":{"rendered":"<p>DESCRIPTION\u00a0ROBOT PISCINE DOLPHIN T35 AVEC CHARIOT &#8211; GARANTIE 5 ANS<br>Robot DolphinT35 avec chariot &#8211; Bassin jusqu&rsquo;\u00e0 12 m<br><br><br><img decoding=\"async\" src=\"https:\/\/www.piscine-center.net\/uppict\/fiche\/34912\/robot-dolphin-t35-piscine-center-1552467512.jpg\" alt=\"robot nettoyeur de piscine dolphin T35\"><br><br><br><img decoding=\"async\" src=\"https:\/\/www.piscine-center.net\/uppict\/fiche\/35200\/robot-piscine-dolphin-t35-avec-chariot-piscine-center-1618565667.jpg\" alt=\"pictogramme du robot de piscine dolphin T35 avec chariot\"><br>B\u00e9n\u00e9ficiant des\u00a0<strong>derni\u00e8res technologiques<\/strong>, simple \u00e0 utiliser et performant, voici le nouveau robot de piscine pr\u00e9sent\u00e9 par\u00a0<strong>Maytronics<\/strong>, leader en terme de nettoyage de piscine !<br><br>Exclusivit\u00e9, le\u00a0<strong>robot nettoyeur Dolphin T35<\/strong>\u00a0garantit une double action du\u00a0<strong>brossage actif<\/strong>\u00a0et un syst\u00e8me de\u00a0<strong>d\u00e9placement PowerStream<\/strong>\u00a0pour un nettoyage optimal de votre bassin quel que soit le type de rev\u00eatement. Son jeu de filtration compos\u00e9 de\u00a0<strong>2 niveaux de filtration<\/strong>\u00a0(fine et ultra fine) permet de capturer les gros d\u00e9bris comme les fines particules.<br><br>Il dispose \u00e9galement d&rsquo;un\u00a0<strong>c\u00e2ble Swivel anti-torsion\u00a0<\/strong>!<br><br>Id\u00e9al pour nettoyer en seulement\u00a0<strong>2h\u00a0<\/strong>,\u00a0<strong>le fond, les parois et la ligne d&rsquo;eau<\/strong>\u00a0des bassins de tous types et de toutes formes n&rsquo;exc\u00e9dant pas<strong>\u00a012 m de long<\/strong>.<br><br>Le robot automatique de piscine T35 vous sera\u00a0<strong>livr\u00e9 avec son chariot<\/strong>\u00a0pour une mise en place et un transport ais\u00e9s !!<br><br>La garantie du robot Dolphin T35 est de\u00a0<strong>5 a\u00f1os<\/strong>.<br><br><br><img decoding=\"async\" src=\"https:\/\/www.piscine-center.net\/uppict\/fiche\/35200\/robot-piscine-dolphin-t35-avec-chariot-piscine-center-1555398380.jpg\" alt=\"robot \u00e9lectrique de piscine dolphin maytronics t35\"><br><strong>EQUIPEMENTS FOURNIS<\/strong><br><br><br><img decoding=\"async\" src=\"https:\/\/www.piscine-center.net\/uppict\/fiche\/35200\/robot-piscine-dolphin-t35-avec-chariot-piscine-center-1615377707.jpg\" alt=\"\u00e9quipement du robot de piscine T35 Dolphin avec chariot\"><br>Le T35 vous sera fourni avec :<br>&#8211; un\u00a0<strong>transformateur<\/strong>\u00a0basse consommation d&rsquo;\u00e9nergie \u00e0 commande digitale. Cycle de 2h.(Cycle unique de 2h),<br>&#8211; un\u00a0<strong>Jeu interchangeable de filtres<\/strong>\u00a0(fin et ultra fin) qui collectent les particules fines et les gros d\u00e9bris : 4 filtres de 50 microns et 2 filtres de 100 microns<br>&#8211; un\u00a0<strong>c\u00e2ble Swivel anti-torsion\u00a0<\/strong>de 18 m<br>&#8211; un\u00a0<strong>caddy<\/strong>\u00a0de transport..<br><br>Robot Dolphin T35 avec chariot &#8211; Le Descriptif<br>Le robot Dolphin T35 poss\u00e8de les m\u00eames caract\u00e9ristiques que le T35 sauf qu&rsquo;il est \u00e9quip\u00e9 d&rsquo;un chariot de transport. Il nettoie efficacement le fond, les parois et la ligne d&rsquo;eau des bassins allant jusqu&rsquo;\u00e0\u00a0<strong>12 m\u00e8tres<\/strong>\u00a0de longueur en un cycle de\u00a0<strong>2h<\/strong>.<br><br>Intelligent, performant et compact, le robot de piscine Dolphin T35 nettoiera votre bassin en toute autonomie pour vous permettre de profiter de moments de d\u00e9tente !<br><br><strong>Ergonomique :<\/strong>\u00a0:Poids plume, poign\u00e9e ergonomique et chariot de transport, le Dolphin T35 sera facile \u00e0 manipuler, \u00e0 transporter et \u00e0 ranger.<br><br><br><br><img decoding=\"async\" src=\"https:\/\/www.piscine-center.net\/uppict\/fiche\/34912\/robot-dolphin-t35-piscine-center-1552469225.jpg\" alt=\"syst\u00e8me de navigation powerstream du robot dolphin t35\"><br><strong>La technologie PowerStream\u2122<\/strong>\u00a0: Navigation et d\u00e9placement optimis\u00e9s sur le fond, les parois et la ligne d\u2019eau. Adh\u00e8re en permanence sur tous rev\u00eatements, et dans toutes les conditions.<br><br><br><img decoding=\"async\" src=\"https:\/\/www.piscine-center.net\/uppict\/fiche\/35200\/robot-piscine-dolphin-t35-avec-chariot-piscine-center-1614088599.jpg\" alt=\"c\u00e2ble swivel anti torsion du Dolphin T35 avec chariot\"><br><strong>Le c\u00e2ble Swivel\u00a0<\/strong>: Le Dolphin T35 avec chariot est \u00e9quip\u00e9 d&rsquo;un syst\u00e8me unique d&rsquo;axe de rotation (Swivel) qui emp\u00eache le c\u00e2ble flottant de s&#8217;emm\u00ealer et lui assure une plus longue dur\u00e9e de vie. Le robot dispose ainsi d&rsquo;une meilleure libert\u00e9 de mouvement.<br><br><br><img decoding=\"async\" src=\"https:\/\/www.piscine-center.net\/uppict\/fiche\/31962\/dolphin-e25-piscine-center-1492770568.jpg\" alt=\"brosse PVC du robot Dolphin E25\"><br><strong>Le brossage actif<\/strong>\u00a0: Brosse avant active, tourne 2 fois plus vite que la vitesse de d\u00e9placement du robot pour un nettoyage am\u00e9lior\u00e9 du fond de la piscine. Peu importe le rev\u00eatement, toutes les impuret\u00e9s, m\u00eame les plus tenaces sont \u00e9limin\u00e9es gr\u00e2ce \u00e0 ses lamelles pour un fond impeccable !<br><br><br><br><img decoding=\"async\" src=\"https:\/\/www.piscine-center.net\/uppict\/fiche\/35200\/robot-piscine-dolphin-t35-avec-chariot-piscine-center-1615377000.jpg\" alt=\"jeu interchangeable de filtre pour robot dolphin T35\"><br><strong>La filtration<\/strong>\u00a0: Filtre multicouches, s\u00e9pare et filtre simultan\u00e9ment les gros d\u00e9bris, les fines et ultrafines particules, pour une filtration efficace sans risque de colmatage. Panneaux de filtration amovibles pour un nettoyage facile.<br><br><strong>Transformateur \u00e0 commande digitale\u00a0<\/strong>: con\u00e7u de mani\u00e8re \u00e0 ne consommer que tr\u00e8s peu d&rsquo;\u00e9nergie, il se met en route par simple appui sur le bouton.<br>Cycle unique 2h.<br><br><br><br><img decoding=\"async\" src=\"https:\/\/www.piscine-center.net\/uppict\/fiche\/35200\/robot-piscine-dolphin-t35-avec-chariot-piscine-center-1555398902.jpg\" alt=\"robot autonome de piscine avec hariot dolphin t35\"><br><strong>Le caddy Premium<\/strong>\u00a0:<br>Robuste et l\u00e9ger. Il vous facilitera grandement le d\u00e9placement de votre robot et vous permettra de ranger celui-ci quand vous en avez pas l&rsquo;utilit\u00e9.<br>Robot DolphinT35 &#8211; Les Caract\u00e9ristiques techniques<br><br><br><img decoding=\"async\" src=\"https:\/\/www.piscine-center.net\/uppict\/fiche\/34912\/robot-dolphin-t35-piscine-center-1552642276.jpg\" alt=\"fonctionnement du robot de piscone dolphin t35 en situation\"><br><strong>CARACT\u00c9RISTIQUES G\u00c9N\u00c9RALES<\/strong><br><strong>Marque<\/strong>DolphinT35 \/ Maytronics<br><strong>Tipo de robot<\/strong>El\u00e9ctrico<br><strong>Tipo de viaje<\/strong>Autom\u00e1tico<br><strong>Tipo de piscina<\/strong>Tous &#8211; Hors sol &#8211; Fond plat &#8211; Pente douce<br><strong>Tipo de revestimiento<\/strong>Tous : Liner &#8211; PVC &#8211; B\u00e9ton &#8211; Fibre de verre&#8230;.<br><strong>Forma de la piscina<\/strong>Todos : Redondos - Ovalados - Rectangulares - Otros...<br><strong>Tama\u00f1o de la piscina<\/strong>jusqu&rsquo;\u00e0 12 m<br><strong>Tipo de limpieza<\/strong>Fond &#8211; Parois &#8211; Ligne d&rsquo;eau<br><strong>Filtraci\u00f3n<\/strong>Top Access &#8211; panneaux interchangeables<br><strong>Cepillo<\/strong>PVC<br><strong>Accesorios incluidos<\/strong>Transformateur \u00e9lectrique commande digitale<br><strong>Caddy de transport<\/strong>inclus<br><strong>Peso<\/strong>7.5 kg<br><br><br><img decoding=\"async\" src=\"https:\/\/www.piscine-center.net\/uppict\/fiche\/34912\/robot-dolphin-t35-piscine-center-1554278945.jpg\" alt=\"d\u00e9tails du robot de piscine dolphin  t35 \"><br><strong>DATOS T\u00c9CNICOS<\/strong><br><strong>Duraci\u00f3n del ciclo<\/strong>2 h<br><strong>Filtraci\u00f3n<\/strong>50\u00b5 &#8211; 100\u00b5<br><strong>C\u00e2ble Swivel<\/strong>18 m<br><strong>taux d&rsquo;aspiration<\/strong>15 m\u00b3\/h<br><strong>Profondeur minimale<\/strong>0.80m\/2.6ft<br><strong>Profondeur maximale<\/strong>5m\/16.4ft<br><strong>DATOS EL\u00c9CTRICOS<\/strong><br><strong>Protecci\u00f3n Transfo<\/strong>IP 54<br><strong>Protecci\u00f3n del motor<\/strong>IP 68<br><strong>Entr\u00e9e<\/strong>100-130 AC Volts\/220-230 AC Volts<br><strong>Sortie<\/strong>&#8211; de 30 VDC<br><strong>Hertz<\/strong>50-60<br>Robot Dolphin T35 &#8211; L&rsquo;Utilisation<br><strong>Il est conseill\u00e9 de nettoyer la filtration apr\u00e8s chaque utilisation et surtout avant qu&rsquo;il ne s\u00e8che.<\/strong><br>&#8211; Mettre le robot hors tension<br>&#8211; Ouvrir le couvercle du filtre au dessus du robot<br>&#8211; Lorsque le capot est ouvert, la poign\u00e9e se soul\u00e8ve automatiquement<br>&#8211; Sortir le filtre du robot<br>&#8211; Ouvrir le loquet sur la partie inf\u00e9rieure du panier afin d&rsquo;\u00e9vacuer les salet\u00e9s<br>&#8211; Nettoyer tout simplement avec un jet d&rsquo;eau et le remettre en place.<br>&#8211; Vous pouvez \u00e9galement \u00f4ter chaque panneau lat\u00e9ral pour un meilleur nettoyage.<br><strong>CONSEILS DE S\u00c9CURIT\u00c9<\/strong><br>&#8211; D\u00e9brancher la source \u00e9lectrique avant toute manipulation ou entretien du robot<br>&#8211; V\u00e9rifier que le c\u00e2ble d&rsquo;alimentation ne comporte ni plis ni entortillements<br>&#8211; Utiliser exclusivement le transformateur \u00e9lectrique d&rsquo;origine fourni avec le robot<br>&#8211; Le transformateur doit \u00eatre plac\u00e9 vers le milieu de la piscine et au moins \u00e0 3 m du rebord<br>&#8211; Le transformateur doit \u00eatre d&rsquo;abord raccord\u00e9 sur le robot puis sur la prise de courant (ne jamais utiliser de rallonge)<br>&#8211; Ne pas entrer dans la piscine lorsque le robot est en marche<br><br><br><strong>MISE EN ROUTE ET RETRAIT<\/strong><br><br><br><img decoding=\"async\" src=\"https:\/\/www.piscine-center.net\/uppict\/fiche\/34912\/robot-dolphin-t35-piscine-center-1552643036.jpg\" alt=\"mise en route du robot de nettoyage de piscine dolphin t25\"><br>&#8211; Suivre les consignes de s\u00e9curit\u00e9 et pr\u00e9parer le transformateur<br>&#8211; D\u00e9faire la longueur de c\u00e2ble flotteur n\u00e9cessaire pour une bonne couverture de la piscine<br>&#8211; Plonger le robot dans la piscine \u00e0 l&rsquo;aide de sa poign\u00e9e et le laisser couler au fond<br>&#8211; Mettre l&rsquo;appareil sous tension \u00ab\u00a0ON\u00a0\u00bb. Il fonctionnera jusqu&rsquo;\u00e0 la fin du cycle.<br>&#8211; Lorsque le cycle est termin\u00e9, couper le courant \u00ab\u00a0OFF\u00a0\u00bbet d\u00e9brancher le transformateur<br>&#8211; Ramener le robot T35 au bord de la piscine avec son c\u00e2ble de flottaison<br>&#8211; Sortir le robot de l&rsquo;eau \u00e0 l&rsquo;aide de sa poign\u00e9e<br>&#8211; Attendre que l&rsquo;eau se vide au bord du bassin<br>&#8211;\u00a0<strong>Ne jamais retirer le robot de la piscine en tirant sur son c\u00e2ble de flottaison<\/strong><br><strong>STOCKAGE HORS SAISON<\/strong><br><strong>Durant la p\u00e9riode hivernale, entreposer le robot nettoyeur en suivant quelques \u00e9tapes :<\/strong><br>&#8211; D\u00e9brancher le T35 de la prise de courant.<br>&#8211; V\u00e9rifier qu&rsquo;il ne reste plus d&rsquo;eau \u00e0 l&rsquo;int\u00e9rieur.<br>&#8211; Nettoyer le panier filtrant et le remettre en place.<br>&#8211; Enrouler le c\u00e2ble sans plis.<br>&#8211; Ranger le robot sur son caddy de stockage.<br>&#8211; Ranger dans un endroit abrit\u00e9 de la lumi\u00e8re, de la pluie et de la neige.<br>&#8211; Stocker dans un lieu o\u00f9 la temp\u00e9rature est comprise entre 5\u00b0et 45\u00b0.<br><br><br><img decoding=\"async\" src=\"https:\/\/www.piscine-center.net\/uppict\/fiche\/31962\/dolphin-e25-piscine-center-1492782583.jpg\" alt=\"picto de stockage du robot de nettoyage de piscine Dolphin E25\"><\/p>\n\n\n\n<p><\/p>\n\n\n\n<p><\/p>\n\n\n\n<p><\/p>","protected":false},"excerpt":{"rendered":"<p>Performant et efficace le T35 est sp\u00e9cialement adapt\u00e9 pour le nettoyage du fond, des parois et de la ligne d&rsquo;eau des bassins jusqu&rsquo;\u00e0 12m de long.<br \/>C\u00e2ble Swivel anti-torsion, Syst\u00e8me PowerStream, brosse active, jeu interchangeable de filtres (fins et ultra fins), caddy de transport, composent votre robot T35 ! Convient \u00e0 tous types de rev\u00eatements. Dur\u00e9e du cycle 2h.<br \/>Garantie 5 ans ( 3 ans fournisseur plus 2 an offert gr\u00e2ce \u00e0 la garantie or !<\/p>","protected":false},"featured_media":8965,"comment_status":"closed","ping_status":"closed","template":"","meta":{"inline_featured_image":false},"product_brand":[],"product_cat":[60],"product_tag":[],"class_list":{"0":"post-8951","1":"product","2":"type-product","3":"status-publish","4":"has-post-thumbnail","6":"product_cat-robot-piscine","8":"first","9":"instock","10":"sale","11":"shipping-taxable","12":"purchasable","13":"product-type-simple"},"_links":{"self":[{"href":"https:\/\/feria-verde.com\/es\/wp-json\/wp\/v2\/product\/8951","targetHints":{"allow":["GET"]}}],"collection":[{"href":"https:\/\/feria-verde.com\/es\/wp-json\/wp\/v2\/product"}],"about":[{"href":"https:\/\/feria-verde.com\/es\/wp-json\/wp\/v2\/types\/product"}],"replies":[{"embeddable":true,"href":"https:\/\/feria-verde.com\/es\/wp-json\/wp\/v2\/comments?post=8951"}],"version-history":[{"count":0,"href":"https:\/\/feria-verde.com\/es\/wp-json\/wp\/v2\/product\/8951\/revisions"}],"wp:featuredmedia":[{"embeddable":true,"href":"https:\/\/feria-verde.com\/es\/wp-json\/wp\/v2\/media\/8965"}],"wp:attachment":[{"href":"https:\/\/feria-verde.com\/es\/wp-json\/wp\/v2\/media?parent=8951"}],"wp:term":[{"taxonomy":"product_brand","embeddable":true,"href":"https:\/\/feria-verde.com\/es\/wp-json\/wp\/v2\/product_brand?post=8951"},{"taxonomy":"product_cat","embeddable":true,"href":"https:\/\/feria-verde.com\/es\/wp-json\/wp\/v2\/product_cat?post=8951"},{"taxonomy":"product_tag","embeddable":true,"href":"https:\/\/feria-verde.com\/es\/wp-json\/wp\/v2\/product_tag?post=8951"}],"curies":[{"name":"wp","href":"https:\/\/api.w.org\/{rel}","templated":true}]}}