{"id":8952,"date":"2024-05-31T19:13:02","date_gmt":"2024-05-31T17:13:02","guid":{"rendered":"https:\/\/feria-verde.com\/?post_type=product&#038;p=8952"},"modified":"2025-04-06T17:15:06","modified_gmt":"2025-04-06T15:15:06","slug":"robot-dolphin-2001-vintage-brosse-combinee-2","status":"publish","type":"product","link":"https:\/\/feria-verde.com\/es\/producto\/robot-dolphin-2001-vintage-brosse-combinee-2\/","title":{"rendered":"Robot Dolphin 2001 Vintage - Cepillo combinado"},"content":{"rendered":"<p>DESCRIPCI\u00d3N ROBOT DOLPHIN 2001 VINTAGE - CEPILLO COMBINADO<br><br>Robot Dolphin 2001 Vintage - pinceles combinados<br><br><br><img decoding=\"async\" src=\"https:\/\/www.piscine-center.net\/uppict\/fiche\/1904\/robot-electrique-dolphin-2001-piscine-center-1586177072.jpg\" alt=\"robot nettoyeur de piscine dolphin 2001 vintage brosse combin\u00e9e\"><br><br><br><img decoding=\"async\" src=\"https:\/\/www.piscine-center.net\/uppict\/fiche\/1904\/robot-dolphin-2001-vintage-brosse-combinee-piscine-center-1618567973.jpg\" alt=\"pictogramme du robot de piscine dolphin 2001 vintage \"><br><br><br><img decoding=\"async\" src=\"https:\/\/www.piscine-center.net\/uppict\/fiche\/1904\/robot-dolphin-2001-vintage-brosse-combinee-piscine-center-1586249128.jpg\" alt=\"logo dolphin\"><br>Dise\u00f1ado por\u00a0<strong>Maytronics<\/strong>el l\u00edder en limpieza de piscinas y especialmente para los fans del famoso\u00a0<strong>robot m\u00edtico Delf\u00edn 2001<\/strong>el nuevo\u00a0<strong>Robot Dolphin Vintage<\/strong>\u00a0est\u00e1 en\u00a0<strong>exclusivo<\/strong>\u00a0\u00a1con nosotros! \u00bfPor qu\u00e9 cambiar un robot fiable y de alto rendimiento? El Dolphin 2001 Vintage conserva la<strong>\u00a0mismo look<\/strong>\u00a0con el\u00a0<strong>mismo color<\/strong>\u00a0pero sobre todo\u00a0<strong>mismas actuaciones<\/strong>\u00a0\u00a1que su predecesor! Este robot el\u00e9ctrico limpia de forma aut\u00f3noma y segura.\u00a0<strong>en su totalidad<\/strong>\u00a0el\u00a0<strong>fondo<\/strong>el\u00a0<strong>paredes<\/strong>\u00a0y el\u00a0<strong>l\u00ednea de agua<\/strong>\u00a0\u00a1en un tiempo r\u00e9cord!<br><br>Especificaciones t\u00e9cnicas de Dolphin-2001<br><br><br><img decoding=\"async\" src=\"https:\/\/www.piscine-center.net\/uppict\/fiche\/1904\/robot-electrique-dolphin-2001-vintage-brosse-combinee-piscine-center-1586182616.jpg\" alt=\"robot nettoyeur de piscine dolphin 2001 vintage brosse combin\u00e9e\"><br><strong>LA GARANT\u00cdA<\/strong> : <br>El robot Dolphin 2001 Vintage con cepillo combinado est\u00e1 garantizado\u00a0<strong>5 a\u00f1os<\/strong>.<br>Robot Dolphin 2001 Vintage - Ventajas<br>Fiable, eficaz, de alto rendimiento y r\u00e1pido, el robot Dolphin 2001 Vintage le conquistar\u00e1 por su enorme capacidad.<br><strong>INTELIGENTE<\/strong><br>&#8211;\u00a0<strong>F\u00e1cil de usar,\u00a0<\/strong>:<br>Funciona simplemente encendiendo el bot\u00f3n ON\/OFF.<br>&#8211;\u00a0<strong>Aut\u00f3nomo, eficaz y r\u00e1pido:<\/strong><br>Rel\u00e1jese y vea c\u00f3mo funciona. Basta un simple enchufe para fregar, limpiar, aspirar y filtrar piscinas de hasta 12 x 6 m en un ciclo de 3 horas.<br><strong>PERFORMANT<\/strong><br>&#8211;\u00a0<strong>Autoprogramaci\u00f3n<\/strong>\u00a0(no preprogramado) para una exploraci\u00f3n \u00f3ptima de la piscina.<br>&#8211;\u00a0<strong>Evitaci\u00f3n de obst\u00e1culos<\/strong>Sonda de aire para piscinas con cubiertas sumergidas<br>&#8211;\u00a0<strong>Gran superficie de filtraci\u00f3n<\/strong>La bolsa de filtro ultrafino de 50\u00b5 recoge impurezas, residuos y part\u00edculas finas de polvo.<br>&#8211;<strong>\u00a0Parada autom\u00e1tica<\/strong>\u00a0al final del ciclo<br>&#8211;\u00a0<strong>Excelente filtraci\u00f3n<\/strong>\u00a0Reduce considerablemente el n\u00famero de veces que hay que lavar el filtro.<br>&#8211;\u00a0<strong>Ahorrar energ\u00eda y agua<\/strong>\u00a0:<br>Mantiene el agua limpia durante m\u00e1s tiempo y consume poca energ\u00eda gracias a su motor de bajo voltaje (12 V).<br>&#8211;\u00a0<strong>un proceso de limpieza ecol\u00f3gico<\/strong>\u00a0:<br>- Reduce el uso de productos qu\u00edmicos al limitar la proliferaci\u00f3n de algas y bacterias.<br><strong>SEGURIDAD<\/strong><br>&#8211;\u00a0<strong>Protecci\u00f3n del motor<\/strong>\u00a0en caso de sobrecarga, falta de agua o si un objeto bloquea el sistema, \u00a1el motor se apagar\u00e1 autom\u00e1ticamente!<br>Robot Dolphin 2001 Vintage - Equipamiento<br><br><br><img decoding=\"async\" src=\"https:\/\/www.piscine-center.net\/uppict\/fiche\/1904\/robot-electrique-dolphin-2001-vintage-brosse-combinee-piscine-center-1586185590.jpg\" alt=\"accessoires fournis avec le robot piscine dolphin vintage 2001\"><br>El robot<strong>\u00a0Delf\u00edn 2001 Vintage<\/strong>\u00a0viene con :<br>&#8211;\u00a0<strong>Cepillo combinado<\/strong>\u00a0x 1<br>&#8211;\u00a0<strong>Bolsa filtrante<\/strong>\u00a0x 1<br>&#8211;\u00a0<strong>Cable<\/strong>\u00a0Cable de 18 m con sistema giratorio.<br>&#8211;\u00a0<strong>Caddy<\/strong>\u00a0transporte<br>&#8211;\u00a0<strong>Transformador<\/strong>\u00a0el\u00e9ctrico con control digital de 12 V.<br>Robot Delf\u00edn 2001 Vintage - Descripci\u00f3n<br>Extremadamente\u00a0<strong>fiable<\/strong>el robot Dolphin 2001 Vintage es el\u00a0<strong>soluci\u00f3n<\/strong>\u00a0m\u00e1s\u00a0<strong>simple<\/strong>m\u00e1s\u00a0<strong>eficaz<\/strong>\u00a0y el m\u00e1s\u00a0<strong>econ\u00f3mico<\/strong>\u00a0para mantener limpia su piscina<br>Limpia todo el\u00a0<strong>fondo<\/strong>el\u00a0<strong>paredes<\/strong>\u00a0y el\u00a0<strong>l\u00ednea de agua<\/strong>\u00a0piscinas de hasta 12 x 6 metros en un ciclo de 3 horas.<br>Es ideal para :<br>&#8211;\u00a0<strong>Todos los tipos<\/strong>\u00a0estanques<br>&#8211;\u00a0<strong>Todas las formas<\/strong>\u00a0estanques<br>&#8211;\u00a0<strong>Todos los tipos<\/strong>\u00a0fondo<br>&#8211;\u00a0<strong>Todos los tipos<\/strong>\u00a0de revestimientos<br><br><strong>* Pero recomendamos el cepillo de espuma para todas las superficies resbaladizas como baldosas, cascos de poli\u00e9ster, etc.<\/strong><br><strong>EL CEPILLO COMBINADO<\/strong><br><br><br><img decoding=\"async\" src=\"https:\/\/www.piscine-center.net\/uppict\/fiche\/1904\/robot-electrique-dolphin-2001-piscine-center-1406550247.jpg\" alt=\"robot piscine dolphin 2001 vue 1\"><br><br><br><img decoding=\"async\" src=\"https:\/\/www.piscine-center.net\/uppict\/fiche\/1904\/robot-electrique-dolphin-2001-piscine-center-1406550249.jpg\" alt=\"robot piscine dolphin 2001 vue 2\"><br><br>&#8211;\u00a0<strong>La Dolphin 2001 Vintage est\u00e1 equipada con cepillos granulados de PVC, ideales para una limpieza eficaz de las superficies.<\/strong><br>Garantizan un mejor agarre a las paredes de su piscina, por lo tanto una mayor eficacia.<br>Ideal para revestimientos de liner y PVC.<br><strong>NB<\/strong>\u00a0Los cepillos de PVC tambi\u00e9n pueden ser adecuados para ciertos cascos de poli\u00e9ster, pero se siguen recomendando los cepillos de espuma.<br><strong>CABLE GIRATORIO<\/strong><br><br><br><img decoding=\"async\" src=\"https:\/\/www.piscine-center.net\/uppict\/fiche\/1904\/robot-electrique-dolphin-2001-vintage-brosse-combinee-piscine-center-1586242638.jpg\" alt=\"c\u00e2ble swivel du robot Dolphin 2001 Vintage en situation\"><br>El Dolphin est\u00e1 equipado con un sistema giratorio antitorsi\u00f3n que impide que el cable se retuerza.<br><strong>TRANSFORMADOR - CADDY<\/strong><br><br><br><img decoding=\"async\" src=\"https:\/\/www.piscine-center.net\/uppict\/fiche\/1904\/robot-electrique-dolphin-2001-vintage-brosse-combinee-piscine-center-1586244375.jpg\" alt=\"transformateur et caddy de transport du robot dolphin 2001 vintage \"><br>\u00a1Simplif\u00edquese la vida con el carro de transporte!<br>Ergon\u00f3mico y f\u00e1cil de usar, permite :<br>&#8211;\u00a0<strong>Mover<\/strong>\u00a0trasladar r\u00e1pidamente y sin esfuerzo su robot y su transformador a la piscina<br>&#8211;\u00a0<strong>Para almacenar<\/strong>\u00a0y cables cuidadosamente enrollados alrededor de su mango.<br><strong>LA BOLSA DEL FILTRO<\/strong><br><br><br><img decoding=\"async\" src=\"https:\/\/www.piscine-center.net\/uppict\/fiche\/1904\/robot-dolphin-2001-vintage-brosse-combinee-piscine-center-1586272729.jpg\" alt=\"sac de filtration du robot de piscine dolphin 2001 vintage\"><br>Con su gran capacidad, la bolsa de filtro ultrafino\u00a0<strong>(50\u00b5)<\/strong>\u00a0es f\u00e1cilmente accesible desde la parte inferior del robot y recoge la suciedad, los residuos grandes y el polvo fino.<br><br><br><img decoding=\"async\" src=\"https:\/\/www.piscine-center.net\/uppict\/fiche\/1904\/robot-electrique-dolphin-2001-vintage-brosse-combinee-piscine-center-1586245598.jpg\" alt=\"entretien du filtre du robot de piscine Dolphin 2001 vintage \"><br><strong>Despu\u00e9s de cada ciclo de limpieza, le recomendamos que lave a fondo la bolsa filtrante.\u00a0<\/strong>:<br>- Coloque el limpiafondos boca abajo<br>- Abrir la tapa inferior<br>- Retire la bolsa del filtro<br>- Limpiar simplemente con un chorro de agua clara<br>- No olvide eliminar la suciedad atrapada en el impulsor.<br>- Puede limpiar la bolsa filtrante en la lavadora con un programa delicado una vez cada dos meses.<br>Delf\u00edn robot 2001 Vintage - Caracter\u00edsticas<br><strong>DATOS GENERALES<\/strong><br><strong>Tipo de robot<\/strong>El\u00e9ctrico<br><strong>Tipo de viaje<\/strong>Autom\u00e1tico<br><strong>Tama\u00f1o de la piscina<\/strong>12 x 6 m m\u00e1x.<br><strong>Tipo de piscina<\/strong>Todos : Enterrado-Sin tierra-Playa sumergida...<br><strong>Forma de la piscina<\/strong>Todos : Redondos - Ovalados - Rectangulares - Otros...<br><strong>Tipo de revestimiento<\/strong>Liner - PVC reforzado - Hormig\u00f3n pintado...<br><strong>Tipo de limpieza<\/strong>Fondo - Paredes - L\u00ednea de flotaci\u00f3n de la piscina<br><strong>Filtraci\u00f3n<\/strong>Bolsa filtrante ultrafina de gran capacidad<br><strong>Cepillo<\/strong>Combinado, PVC con 4 anillos de espuma<br><strong>Accesorios incluidos<\/strong>Carro de transporte y transformador<br><strong>DATOS T\u00c9CNICOS<\/strong><br><strong>Velocidad de desplazamiento<\/strong>900 m\/h<br><strong>Duraci\u00f3n del ciclo<\/strong>3 horas<br><strong>Caudal de aspiraci\u00f3n<\/strong>17 m\u00b3\/h<br><strong>Finura de filtraci\u00f3n<\/strong>50 \u00b5<br><strong>Longitud del cable<\/strong>18 m<br><strong>DATOS EL\u00c9CTRICOS<\/strong><br><strong>Protecci\u00f3n Transfo<\/strong>IP54 - IP44<br><strong>Protecci\u00f3n del motor<\/strong>IP 68<br><strong>Voltios<\/strong>240V<br><strong>Hertz<\/strong>50-60<br><strong>Tensi\u00f3n de salida Transfo<\/strong>- 30VDC<br><strong>Tensi\u00f3n de alimentaci\u00f3n del transformador<\/strong>24 VDC<br><strong>Sistema de seguridad<\/strong>S\u00ed - Sobrecarga - Salida de agua<br><strong>Consumo\/Potencia<\/strong>180 vatios<br>Dolphin 2001 Vintage robot - Precauciones antes de su uso<br><strong>CONSEJOS DE SEGURIDAD<\/strong><br><br><br><img decoding=\"async\" src=\"https:\/\/www.piscine-center.net\/uppict\/fiche\/1904\/robot-electrique-dolphin-2001-vintage-brosse-combinee-piscine-center-1586247496.jpg\" alt=\"installation du robot dolphin 2001 vintage \"><br><strong>Antes de utilizarlo, debe\u00a0<\/strong>:<br>- Desenrolle el cable y est\u00edrelo completamente sin torceduras ni dobleces.<br>- Coloque el transformador en el centro de la longitud de la piscina y aproximadamente a 3,5 m del borde de la piscina.<br>- Conecte el cable flotante a la fuente de alimentaci\u00f3n e introd\u00fazcalo en la muesca del conector<br>- Enchufe el transformador y d\u00e9jelo en posici\u00f3n OFF.<br>- No utilice una fuente de alimentaci\u00f3n distinta de la suministrada originalmente.<br>- Compruebe que la toma de corriente est\u00e9 protegida por un disyuntor.<br>- Mantenga la unidad de alimentaci\u00f3n alejada de charcos.<br>- No entre en la piscina cuando el robot est\u00e9 en marcha.<br>- Desconecte el cable el\u00e9ctrico antes de reparar el robot.<br><strong>CONSEJOS DE USO<\/strong><br><br><br><img decoding=\"async\" src=\"https:\/\/www.piscine-center.net\/uppict\/fiche\/1904\/robot-electrique-dolphin-2001-vintage-brosse-combinee-piscine-center-1586247841.jpg\" alt=\"mise en route du robot de piscines dolphin 2001 vintage\"><br>- Conecte el cable de alimentaci\u00f3n a la red el\u00e9ctrica.<br>- Aseg\u00farese de que la fuente de alimentaci\u00f3n est\u00e9 al menos a 3,5 m del borde de la piscina. No utilice un alargador.<br><strong>1<\/strong>\u00a0- Sumerja el pincel combinado en el agua y apri\u00e9telo hasta que est\u00e9 completamente empapado.<br><strong>2<\/strong>\u00a0- Libere la longitud m\u00ednima de cable flotador necesaria para que el robot pueda alcanzar el punto m\u00e1s alejado de la piscina.<br>- Aseg\u00farese de que no hay nada en el camino del cable de flotaci\u00f3n<br><strong>3<\/strong>\u00a0- Suelta el robot y deja que se hunda hasta el fondo de la piscina.<br><strong>4<\/strong>\u00a0- Encienda el aparato.<br><strong>5<\/strong>\u00a0- El robot se detendr\u00e1 al final del ciclo de limpieza (3h).<br><strong>6<\/strong>\u00a0- Desconecte la alimentaci\u00f3n.<br><strong>7<\/strong>\u00a0- Desenchufa el cable de alimentaci\u00f3n.<br><strong>8<\/strong>\u00a0- Lleva el robot de vuelta al borde de la piscina utilizando su cable de flotabilidad, pero nunca tirando de \u00e9l.<br><strong>9<\/strong>\u00a0- S\u00e1calo del agua.<br><strong>10<\/strong>\u00a0- Deja que drene el agua junto a la piscina.<br><strong>COLOCACI\u00d3N DE LAS ASAS DIAGONALES<\/strong><br><br><br><img decoding=\"async\" src=\"https:\/\/www.piscine-center.net\/uppict\/fiche\/1904\/robot-electrique-dolphin-2001-vintage-brosse-combinee-piscine-center-1586248034.jpg\" alt=\"r\u00e9glage de la poign\u00e9e du robot de piscine dolphin 2001 vintage\"><br>Cambia la posici\u00f3n diagonal de la empu\u00f1adura para que el robot realice los movimientos laterales necesarios para limpiar el borde del agua.<br><strong>A<\/strong>\u00a0- Presione hacia abajo el pestillo y mant\u00e9ngalo en su posici\u00f3n.<br><strong>B<\/strong>\u00a0- Mueva la empu\u00f1adura a la posici\u00f3n deseada y suelte el pestillo para mantener la empu\u00f1adura en su sitio.<br><strong>1 y 2<\/strong>\u00a0Progresi\u00f3n normal Para una limpieza m\u00e1s eficaz del borde del agua.<br><strong>3 y 4<\/strong>\u00a0Velocidad acelerada para una limpieza m\u00e1s r\u00e1pida pero menos diligente del borde del agua.<br><strong>ALMACENAMIENTO FUERA DE TEMPORADA<\/strong><br><br><br><img decoding=\"async\" src=\"https:\/\/www.piscine-center.net\/uppict\/fiche\/1904\/robot-electrique-dolphin-2001-vintage-brosse-combinee-piscine-center-1586248214.jpg\" alt=\"rangement du robot de piscine dolphoin 2001 vintage\"><br><strong>Cuando no lo utilice, guarde el limpiafondos en su Caddy en una zona sombreada, respetando las siguientes instrucciones\u00a0<\/strong>:<br>- Descon\u00e9ctelo de la red el\u00e9ctrica<br>- Compruebe que no haya m\u00e1s agua en el interior.<br>- Limpie la bolsa del filtro y sustit\u00fayala<br>- Enrolle el cable sin torceduras<br>- Gu\u00e1rdelo en posici\u00f3n vertical en su carro o simplemente col\u00f3quelo frente al suelo<br>- Almacenar protegido de la luz solar, la lluvia y la nieve.<br>- Gu\u00e1rdelo en un lugar donde la temperatura oscile entre 5\u00b0 y 45\u00b0 C.<br><strong>COLECCI\u00d3N<\/strong><br>&#8211;\u00a0<strong>Peso<\/strong>\u00a0:<br>10 Kg<\/p>\n\n\n\n<p><\/p>\n\n\n\n<p><\/p>\n\n\n\n<p><\/p>","protected":false},"excerpt":{"rendered":"<div class=\"desc\">\n<div class=\"article-ref tite_description\">Para los nost\u00e1lgicos del legendario robot Dolphin 2001, \u00a1aqu\u00ed tienen un avance exclusivo del nuevo Dolphin 2001 Vintage! Al igual que su predecesor, conserva el mismo dise\u00f1o y los mismos colores, pero sobre todo \u00a1las mismas prestaciones inigualables! Limpieza totalmente aut\u00f3noma del fondo, los laterales y la l\u00ednea de flotaci\u00f3n. Para piscinas de hasta 12 x 6 m. Duraci\u00f3n del ciclo 3 h. Suministrado con bolsa filtrante de 50\u00b5, cable giratorio, transformador de baja tensi\u00f3n y caddy. Garantizado durante 5 a\u00f1os.<\/div>\n<\/div>","protected":false},"featured_media":8969,"comment_status":"closed","ping_status":"closed","template":"","meta":{"inline_featured_image":false},"product_brand":[],"product_cat":[60],"product_tag":[],"class_list":{"0":"post-8952","1":"product","2":"type-product","3":"status-publish","4":"has-post-thumbnail","6":"product_cat-robot-piscine","8":"first","9":"instock","10":"sale","11":"shipping-taxable","12":"purchasable","13":"product-type-simple"},"_links":{"self":[{"href":"https:\/\/feria-verde.com\/es\/wp-json\/wp\/v2\/product\/8952","targetHints":{"allow":["GET"]}}],"collection":[{"href":"https:\/\/feria-verde.com\/es\/wp-json\/wp\/v2\/product"}],"about":[{"href":"https:\/\/feria-verde.com\/es\/wp-json\/wp\/v2\/types\/product"}],"replies":[{"embeddable":true,"href":"https:\/\/feria-verde.com\/es\/wp-json\/wp\/v2\/comments?post=8952"}],"version-history":[{"count":0,"href":"https:\/\/feria-verde.com\/es\/wp-json\/wp\/v2\/product\/8952\/revisions"}],"wp:featuredmedia":[{"embeddable":true,"href":"https:\/\/feria-verde.com\/es\/wp-json\/wp\/v2\/media\/8969"}],"wp:attachment":[{"href":"https:\/\/feria-verde.com\/es\/wp-json\/wp\/v2\/media?parent=8952"}],"wp:term":[{"taxonomy":"product_brand","embeddable":true,"href":"https:\/\/feria-verde.com\/es\/wp-json\/wp\/v2\/product_brand?post=8952"},{"taxonomy":"product_cat","embeddable":true,"href":"https:\/\/feria-verde.com\/es\/wp-json\/wp\/v2\/product_cat?post=8952"},{"taxonomy":"product_tag","embeddable":true,"href":"https:\/\/feria-verde.com\/es\/wp-json\/wp\/v2\/product_tag?post=8952"}],"curies":[{"name":"wp","href":"https:\/\/api.w.org\/{rel}","templated":true}]}}