{"id":8953,"date":"2024-05-31T19:13:02","date_gmt":"2024-05-31T17:13:02","guid":{"rendered":"https:\/\/feria-verde.com\/?post_type=product&#038;p=8953"},"modified":"2025-04-06T16:26:34","modified_gmt":"2025-04-06T14:26:34","slug":"robot-dolphin-nauty-tc-brosse-combinee-telecommande-2","status":"publish","type":"product","link":"https:\/\/feria-verde.com\/es\/producto\/robot-dolphin-nauty-tc-brosse-combinee-telecommande-2\/","title":{"rendered":"Cepillo combinado Dolphin Nauty TC + mando a distancia"},"content":{"rendered":"<p>DESCRIPTION\u00a0ROBOT DOLPHIN NAUTY TC BROSSE COMBIN\u00c9E + T\u00c9L\u00c9COMMANDE<br>Robot Dolphin Nauty TC &#8211; Bassins jusqu&rsquo;\u00e0 15m<br><br><br><img decoding=\"async\" src=\"https:\/\/www.piscine-center.net\/uppict\/fiche\/33986\/robot-dolphin-nauty-tc-piscine-center-1519981214.jpg\" alt=\"robot de piscine \u00e9lectrique dolphin nauty tc en situation\"><br>Photos et vid\u00e9os non contractuelles.<br><br><br><img decoding=\"async\" src=\"https:\/\/www.piscine-center.net\/uppict\/fiche\/33986\/robot-dolphin-nauty-tc-brosse-combinee-telecommande-piscine-center-1520869816.jpg\" alt=\"logo Dolphin\"><br><strong>Intelligent<\/strong>, autonome et\u00a0<strong>fiable<\/strong>, le robot de piscine\u00a0<strong>Dolphin Nauty TC<\/strong>\u00a0con\u00e7u par\u00a0<strong>Maytronics<\/strong>, leader sur le march\u00e9 en terme de nettoyage automatis\u00e9 de piscine, vous garantira un nettoyage complet du\u00a0<strong>fondo<\/strong>, des\u00a0<strong>paredes<\/strong>\u00a0et de la\u00a0<strong>l\u00ednea de agua<\/strong>\u00a0de votre bassin avec\u00a0<strong>2\u00a0<\/strong>cycles (<strong>1h\u00a0<\/strong>o\u00a0<strong>3h<\/strong>) au choix. Le Nauty est recommand\u00e9 pour les bassins jusqu&rsquo;\u00e0\u00a0<strong>15 m<\/strong>\u00a0de long. Livr\u00e9 avec\u00a0<strong>t\u00e9l\u00e9commande<\/strong>\u00a0pour un contr\u00f4le manuel ou automatique, une\u00a0<strong>brosse<\/strong>\u00a0combin\u00e9e,\u00a0<strong>8 cartouches filtrantes<\/strong>\u00a0et un\u00a0<strong>caddy<\/strong>\u00a0pour le transport.<br><br><strong>GARANTIE<\/strong><br>Le robot Dolphin Nauty TC avec brosse combin\u00e9e est <strong>garanti 5 ans.<\/strong><br>Avantages du Dolphin Nauty TC<br><br><br><img decoding=\"async\" src=\"https:\/\/www.piscine-center.net\/uppict\/fiche\/33986\/robot-dolphin-nauty-tc-brosse-combinee-telecommande-piscine-center-1618558164.jpg\" alt=\"pictogramme du robot de piscine Dolphin Nauty TC\"><br>&#8211;\u00a0<strong>Nettoyage autonome<\/strong>\u00a0et sans effort<br>&#8211;\u00a0<strong>Recommand\u00e9<\/strong>\u00a0pour les piscines jusqu&rsquo;\u00e0 15 m de longueur<br>&#8211;\u00a0<strong>Nettoyage<\/strong>\u00a0du Fond, des parois et de la ligne d&rsquo;eau de la piscine : Lave, brosse, aspire et filtre la piscine enti\u00e8re.<br>&#8211;\u00a0<strong>Choix du cycles<\/strong>\u00a0de nettoyage : 1h fond uniquement\/3h fond\/parois\/ligne d&rsquo;eau<br>&#8211;\u00a0<strong>T\u00e9l\u00e9commande<\/strong>\u00a0pour programmation et navigation<br>&#8211;\u00a0<strong>Compatible<\/strong>\u00a0tout type de rev\u00eatement<br>&#8211;\u00a0<strong>2 moteurs<\/strong>\u00a0d\u2019entra\u00eenement pour une meilleure maniabilit\u00e9.<br>&#8211;\u00a0<strong>Poign\u00e9e \u00e0 flotteur r\u00e9glable<\/strong>\u00a0pour une couverture optimum du bassin<br>&#8211;\u00a0<strong>Double niveau de filtration<\/strong>\u00a0par cartouches<br>&#8211;\u00a0<strong>Programme de scan intelligent<\/strong>.<br>&#8211;\u00a0<strong>Fourni avec caddy<\/strong>\u00a0pour faciliter le transport.<br><br><strong>PERFORMANT ET RAPIDE<\/strong><br>&#8211; Processus de nettoyage \u00e9cologique n\u00e9cessitant moins de produits chimiques.<br>&#8211; Programme de scan intelligent.<br>&#8211; Longueur du c\u00e2ble 18 m.<br><strong>NETTOYAGE IMPECCABLE<\/strong><br>&#8211; Lave, brosse, aspire et filtre la piscine enti\u00e8rement : fond, parois et ligne d&rsquo;eau avec 2 cycles de programmation au choix : 1h ou 3h.<br>&#8211; Double niveau de filtration par cartouches : filtre ultrafin pour ramasser tous types d&rsquo;impuret\u00e9s et de d\u00e9bris, y compris les fines particules de poussi\u00e8re.<br>et filtre sp\u00e9cial nettoyage de printemps.<br>&#8211; Pour une couverture optimale de la piscine, les flotteurs sont r\u00e9glables sur la poign\u00e9e.<br><strong>FACILE A UTILISER<\/strong><br>&#8211; Deux moteurs d&rsquo;entra\u00eenement pour une meilleure maniabilit\u00e9.<br>&#8211; Fourni avec un caddy pour le transport et le stockage.<br><br><br><img decoding=\"async\" src=\"https:\/\/www.piscine-center.net\/uppict\/fiche\/33986\/robot-dolphin-nauty-tc-brosse-combinee-telecommande-piscine-center-1520004913.jpg\" alt=\"t\u00e9l\u00e9commande deu robot piscine Dolphin Nauty \"><br>&#8211;\u00a0<strong>T\u00e9l\u00e9commande<\/strong>\u00a0: Joystick manuel, programmation des nettoyages et r\u00e9glages des param\u00e8tres.<br>Robot Dolphin Nauty &#8211; Descriptif<br>El robot\u00a0<strong>Dolphin NautyTC<\/strong>\u00a0poss\u00e8de les m\u00eames caract\u00e9ristiques que le\u00a0<strong>Dolphin Nauty<\/strong>\u00a0mais sa puissance est sup\u00e9rieure gr\u00e2ce \u00e0 ses 2 moteurs d\u2019entra\u00eenement.<br>Il poss\u00e8de \u00e9galement une\u00a0<strong>t\u00e9l\u00e9commande<\/strong>\u00a0Joystick manuel pour programmer les nettoyages et r\u00e9gler les param\u00e8tres.<br>&#8211;\u00a0<strong>2<\/strong>\u00a0Choix de dur\u00e9e du cycle : rapide ou lent (1h\/3h).<br>El robot\u00a0<strong>Nauty TC<\/strong>\u00a0nettoie avec efficacit\u00e9 et rapidit\u00e9 le fond, les parois et la ligne d&rsquo;eau des bassins n&rsquo;exc\u00e9dant pas\u00a0<strong>15 m\u00e8tres<\/strong>\u00a0de longueur.<br>&#8211; Gr\u00e2ce \u00e0 son\u00a0<strong>scan intelligent<\/strong>, une fois plong\u00e9 dans l&rsquo;eau, le Nauty TC analyse votre piscine avant de la parcourir en totalit\u00e9 et ce en toute autonomie<br><strong>Il s&rsquo;adapte parfaitement \u00e0<\/strong>\u00a0:<br>&#8211; Tous les types de piscines<br>&#8211; Toutes les formes de bassins<br>&#8211; Tous types de fond<br>&#8211; Tous types de rev\u00eatements sauf les carrelages \u00e9maux et les surfaces inox.<br>Robot Dolphin Nauty TC &#8211; Accessoires fournis<br><br><br><img decoding=\"async\" src=\"https:\/\/www.piscine-center.net\/uppict\/fiche\/33986\/robot-dolphin-nauty-tc-brosse-combinee-telecommande-piscine-center-1647531635.jpg\" alt=\"accessoires robot nauty tc \"><br>El robot\u00a0<strong>Dolphin Nauty TC<\/strong>\u00a0viene con :<br>1) Le\u00a0<strong>Nauty TC<\/strong><br>2) Le\u00a0<strong>Transformateur \u00e9lectrique<\/strong>\u00a0\u00e0 commande digitale<br>3) Le\u00a0<strong>Cable<\/strong>\u00a0de 18 m<br>4) La<strong>\u00a0t\u00e9l\u00e9commande<\/strong>\u00a02 fonctions<br>5) La\u00a0<strong>Cepillo combinado<\/strong><br>6)\u00a0<strong>4 cartouches filtrantes<\/strong>\u00a0fines + 4 plus fines<br>7) Le\u00a0<strong>Caddy<\/strong>\u00a0pour le transport et le stockage.<br><br>Robot Dolphin Nauty TC &#8211; Caract\u00e9ristiques<br><strong>CARACT\u00c9RISTIQUES G\u00c9N\u00c9RALES<\/strong><br><strong>Marque<\/strong>Dolphin Nauty TC \/ Maytronics<br><strong>Tipo de robot<\/strong>El\u00e9ctrico<br><strong>Tipo de viaje<\/strong>Autom\u00e1tico<br><strong>Tipo de piscina<\/strong>Todos : Enterrado-Sin tierra-Playa sumergida...<br><strong>Tipo de revestimiento<\/strong>Tous sauf carrelage \u00e9maux et surface inox<br><strong>Forma de la piscina<\/strong>Todos : Redondos - Ovalados - Rectangulares - Otros...<br><strong>Tama\u00f1o de la piscina<\/strong>Jusqu&rsquo;\u00e0 15m de long<br><strong>Tipo de limpieza<\/strong>Fondo - Paredes - L\u00ednea de flotaci\u00f3n de la piscina<br><strong>Filtraci\u00f3n<\/strong>Cartouches filtrantes amovibles<br><strong>Cepillo<\/strong>Combin\u00e9e<br><strong>Flotteurs<\/strong>r\u00e9glables sur la poign\u00e9e<br><strong>Accesorios incluidos<\/strong>Carro de transporte y transformador<br><strong>T\u00e9l\u00e9commande<\/strong>Choix du cycle: rapide ou normal<br><strong>DATOS T\u00c9CNICOS<\/strong><br><strong>Dur\u00e9e du cycle<\/strong>1h &#8211; 3 h<br><strong>1 h de cycle<\/strong>Fond uniquement<br><strong>3 h de cycle<\/strong>fond &#8211; parois &#8211; ligne d&rsquo;eau<br><strong>Longueur du c\u00e2ble<\/strong>18 m<br><strong>Deux moteurs d\u2019entra\u00eenement<\/strong>Pour une meilleure maniabilit\u00e9<br><strong>Filtraci\u00f3n<\/strong>2 niveaux de filtration<br><strong>Nombre de cartouches<\/strong>4 fines &#8211; 4 plus fines<br><strong>Finura de filtraci\u00f3n<\/strong>50 microns et 100 microns<br><strong>Type de filtration<\/strong>filtre ultrafin &#8211; filtre con\u00e7u pour nettoyage de printemps<br><strong>Capacit\u00e9 d\u2019aspiration<\/strong>17 m\u00b3\/h.<br><strong>Tension moteur<\/strong>24 VDC<br><strong>Alimentation<\/strong>Transformateur \u00e9lectrique \u00e0 commande digitale 100-250 V<br><strong>Sortie<\/strong>&lt; 30 VDC<br><strong>Protection<\/strong>IP54<br><strong>Protecci\u00f3n del motor<\/strong>IP 68<br><strong>Profondeur minimale<\/strong>0,80m\/2,6 pieds<br><strong>Profondeur maximale<\/strong>5m\/16,4 pieds<br><strong>Peso<\/strong>11 kg<br>Robot Dolphin Nauty TC &#8211; Installation<br><br><br><img decoding=\"async\" src=\"https:\/\/www.piscine-center.net\/uppict\/fiche\/33986\/robot-dolphin-nauty-tc-brosse-combinee-telecommande-piscine-center-1647531967.jpg\" alt=\"Nauty tc install\"><br>1) D\u00e9roulez le c\u00e2ble et \u00e9tirez-le enti\u00e8rement pour qu&rsquo;il n&rsquo;ait pas de plis.<br>2) Positionnez le transformateur au milieu de la piscine \u00e0 3 m\u00e8tres de distance.<br>3) \u00d4tez le couvercle en plastique sur les brosses.<br>4) Branchez le c\u00e2ble flottant \u00e0 l&rsquo;alimentation en l&rsquo;introduisant dans le connecteur.<br>5) Branchez le bloc d&rsquo;alimentation et laissez-le en position OFF.<br>6) plongez les brosses dans l&rsquo;eau et pressez-les de mani\u00e8re \u00e0 ce qu&rsquo;elles absorbent de l&rsquo;eau la premi\u00e8re<br>fois que vous utilisez le nettoyeur de piscine<br>&#8211; Lib\u00e9rez le nettoyeur de piscine et laissez-le couler vers le fond de la piscine.<br>7) Mettez l&rsquo;appareil sous tension (ON). Le nettoyeur de piscine fonctionnera jusqu&rsquo;\u00e0 ce qu&rsquo;il atteigne la fin du cycle de nettoyage.<br>Robot Dolphin Nauty TC &#8211; Nettoyage rapide du filtre<br><br><br><img decoding=\"async\" src=\"https:\/\/www.piscine-center.net\/uppict\/fiche\/33986\/robot-dolphin-nauty-tc-brosse-combinee-telecommande-piscine-center-1520004204.jpg\" alt=\"nettoyage du filtre du robot \u00e9lectrique de piscine nauty tc  dolphin\"><br><strong>Avant toute op\u00e9ration, d\u00e9branchez le bloc d&rsquo;alimentation :<\/strong><br>1) Le nettoyeur de piscine \u00e9tant \u00e0 l&rsquo;envers, ouvrez le couvercle inf\u00e9rieur<br>2) Sortez-le de l&rsquo;appareil<br>3) Ouvrez les agrafes<br>4) Sortez les filtres.<br>5) Nettoyez les filtres \u00e0 l&rsquo;aide d&rsquo;un tuyau d&rsquo;eau.<br>6) Introduisez les filtres, les supports<br>en plastique donnant vers l&rsquo;ext\u00e9rieur puis introduire l&rsquo;unit\u00e9 de cartouche.<br>Robot Dolphin Nauty TC &#8211; Stockage hors saison<br><br><br><img decoding=\"async\" src=\"https:\/\/www.piscine-center.net\/uppict\/fiche\/33986\/robot-dolphin-nauty-tc-brosse-combinee-telecommande-piscine-center-1519998746.jpg\" alt=\"LOGO STAOCKAGE\"><br><strong>Si le nettoyeur de piscine n&rsquo;est pas utilis\u00e9 pendant une p\u00e9riode prolong\u00e9e, veuillez l&rsquo;entreposer de la mani\u00e8re suivante :<\/strong><br>&#8211; D\u00e9branchez le robot Nauty TC du secteur \u00e9lectrique<br>&#8211; V\u00e9rifiez qu&rsquo;il n&rsquo;y ait plus d&rsquo;eau dans le robot<br>&#8211; Nettoyez \u00e0 fond les cartouches filtrantes et les remettre en place<br>&#8211; Enroulez le c\u00e2ble sans plis et placez-le sur le Chariot<br>&#8211; Rangez le robot Nauty TC en position verticale sur son Caddy ou inversez-le tout simplement au sol<br>&#8211; Stockez le Nauty TC dans un endroit \u00e0 l&rsquo;abri de la lumi\u00e8re solaire, de la pluie ou de la neige dont la temp\u00e9rature se situe entre 5\u00b0et 45\u00b0C \/ 41\u00b0et 113\u00b0F.<br><br><br><img decoding=\"async\" src=\"https:\/\/www.piscine-center.net\/uppict\/fiche\/33986\/robot-dolphin-nauty-tc-brosse-combinee-telecommande-piscine-center-1520008500.jpg\" alt=\"DOLPHIN NAUTY CADDY\"><br>Mod\u00e8le Nauty et Nauty TC.<\/p>\n\n\n\n<p><\/p>\n\n\n\n<p><\/p>\n\n\n\n<p><\/p>","protected":false},"excerpt":{"rendered":"<div class=\"desc\">\n<div class=\"article-ref tite_description\">Con\u00e7u pour nettoyer efficacement et en toute autonomie le fond, les parois et la ligne d&rsquo;eau des bassins jusqu&rsquo;\u00e0 15m de long, le robot piscine Dolphin Nauty TC va vous garantir une eau de piscine propre et saine durant des heures ! 2 cycles de nettoyage 1h\/3h. D\u00e9bit de filtration 17m\u00b3\/h. Livr\u00e9 avec t\u00e9l\u00e9commande, cartouches filtrantes et chariot de transport. Garantie 5 ans.<\/div>\n<\/div>","protected":false},"featured_media":8971,"comment_status":"closed","ping_status":"closed","template":"","meta":{"inline_featured_image":false},"product_brand":[],"product_cat":[60],"product_tag":[],"class_list":{"0":"post-8953","1":"product","2":"type-product","3":"status-publish","4":"has-post-thumbnail","6":"product_cat-robot-piscine","8":"first","9":"instock","10":"sale","11":"shipping-taxable","12":"purchasable","13":"product-type-simple"},"_links":{"self":[{"href":"https:\/\/feria-verde.com\/es\/wp-json\/wp\/v2\/product\/8953","targetHints":{"allow":["GET"]}}],"collection":[{"href":"https:\/\/feria-verde.com\/es\/wp-json\/wp\/v2\/product"}],"about":[{"href":"https:\/\/feria-verde.com\/es\/wp-json\/wp\/v2\/types\/product"}],"replies":[{"embeddable":true,"href":"https:\/\/feria-verde.com\/es\/wp-json\/wp\/v2\/comments?post=8953"}],"version-history":[{"count":0,"href":"https:\/\/feria-verde.com\/es\/wp-json\/wp\/v2\/product\/8953\/revisions"}],"wp:featuredmedia":[{"embeddable":true,"href":"https:\/\/feria-verde.com\/es\/wp-json\/wp\/v2\/media\/8971"}],"wp:attachment":[{"href":"https:\/\/feria-verde.com\/es\/wp-json\/wp\/v2\/media?parent=8953"}],"wp:term":[{"taxonomy":"product_brand","embeddable":true,"href":"https:\/\/feria-verde.com\/es\/wp-json\/wp\/v2\/product_brand?post=8953"},{"taxonomy":"product_cat","embeddable":true,"href":"https:\/\/feria-verde.com\/es\/wp-json\/wp\/v2\/product_cat?post=8953"},{"taxonomy":"product_tag","embeddable":true,"href":"https:\/\/feria-verde.com\/es\/wp-json\/wp\/v2\/product_tag?post=8953"}],"curies":[{"name":"wp","href":"https:\/\/api.w.org\/{rel}","templated":true}]}}