{"id":8954,"date":"2024-05-31T19:13:02","date_gmt":"2024-05-31T17:13:02","guid":{"rendered":"https:\/\/feria-verde.com\/?post_type=product&#038;p=8954"},"modified":"2025-04-06T17:10:53","modified_gmt":"2025-04-06T15:10:53","slug":"robot-piscine-dolphin-t25-prix-fabricant","status":"publish","type":"product","link":"https:\/\/feria-verde.com\/es\/producto\/robot-piscine-dolphin-t25-prix-fabricant\/","title":{"rendered":"Robot de piscina Dolphin T25 - Precio del fabricante"},"content":{"rendered":"<p>Robot DolphinT25 &#8211; Bassin jusqu&rsquo;\u00e0 10 m<br><br><br><img decoding=\"async\" src=\"https:\/\/www.piscine-center.net\/uppict\/fiche\/34910\/robot-dolphin-t25-piscine-center-1552395858.jpg\" alt=\"robot piscine dolphin t25 en situation\"><br><br><br><img decoding=\"async\" src=\"https:\/\/www.piscine-center.net\/uppict\/fiche\/34910\/robot-piscine-dolphin-t25-piscine-center-1618563207.jpg\" alt=\"pictogramme du robot de piscine dolphin T25\"><br><strong>Maytronics<\/strong>, leader en terme de nettoyage de piscine propose son nouveau robot\u00a0<strong>Dolphin T25<\/strong>,\u00a0<strong>disponible uniquement chez nous.<\/strong>\u00a0L\u00e9ger et facilement maniable, parfait pour nettoyer les piscines de tailles moyennes (jusqu&rsquo;\u00e0 10m) y compris les piscines hors sol.<br><br>Le\u00a0<strong>nettoyeur Dolphin T25<\/strong>\u00a0nettoie en toute autonomie et en\u00a0<strong>seulement 2h<\/strong>, le fond et les parois de votre piscine, quelque soit son rev\u00eatement \u00e0 l&rsquo;aide de sa brosse active qui d\u00e9sincruste les salet\u00e9s, m\u00eame les plus tenaces !<br><br>Compos\u00e9 d&rsquo;un transformateur \u00e0 basse consommation d&rsquo;\u00e9nergie, d&rsquo;un panier filtrant et de\u00a0<strong>2 cassettes lat\u00e9rales<\/strong>\u00a0qui le diff\u00e9rencient du E25 et d&rsquo;une poign\u00e9e ergonomique pour faciliter sa manipulation, le T25 sera l&rsquo;<strong>atout propret\u00e9<\/strong>\u00a0de votre bassin !!<br><br>La garantie du robot Dolphin T25 est de\u00a0<strong>5 a\u00f1os<\/strong>.<br><br><br><img decoding=\"async\" src=\"https:\/\/www.piscine-center.net\/uppict\/fiche\/34910\/robot-dolphin-t25-piscine-center-1552400160.jpg\" alt=\"descriptif du robot piscine t25 en situation\"><br><strong>EQUIPEMENTS FOURNIS<\/strong><br><br><br><img decoding=\"async\" src=\"https:\/\/www.piscine-center.net\/uppict\/fiche\/34910\/robot-dolphin-t25-piscine-center-1554213505.jpg\" alt=\"panier filtrant top access robot nettoyage  piscine Dolphin T25\"><br>Le T25 est livr\u00e9 avec son\u00a0<strong>c\u00e2ble<\/strong>\u00a0de 15 m, son\u00a0<strong>panier filtrant Top Access<\/strong>\u00a0100 microns et 2 cartouches lat\u00e9rales 50 microns et son\u00a0<strong>transformateur \u00e9lectrique<\/strong>\u00a0basse tension \u00e0 commande digitale. Cycle de 2h.<br>Robot Dolphin T25 &#8211; Le Descriptif<br>Le robot Dolphin T25 nettoie efficacement le fond et les parois de votre bassin allant jusqu&rsquo;\u00e0\u00a0<strong>10 m\u00e8tres<\/strong>\u00a0de longueur en un cycle de\u00a0<strong>2h<\/strong>.<br><br>Le robot Dolphin T25, de par sa conception, son \u00e9quipement de qualit\u00e9 et sa technologie de pointe va vous simplifier la vie !<br><br><br><img decoding=\"async\" src=\"https:\/\/www.piscine-center.net\/uppict\/fiche\/34910\/robot-dolphin-t25-piscine-center-1552399991.jpg\" alt=\"descriptif du robot piscine dolphin t25\"><br><strong>La technologie CleverClean \u2122<\/strong>\u00a0: La navigation de pr\u00e9cision : Propuls\u00e9 par la technologie CleverClean \u2122, la couverture de votre bassin est optimis\u00e9e par un syst\u00e8me de navigation avanc\u00e9 et un logiciel de num\u00e9risation. Cette technologie garantit \u00e0 votre robot l&rsquo;itin\u00e9raire le plus efficace pour nettoyer le fond de votre piscine. Tellement intelligent, le syst\u00e8me permet \u00e0 votre nettoyeur de contourner automatiquement les obstacles et de reprendre rapidement son chemin.<br><br><strong>Le brossage actif<\/strong>\u00a0: Brosse avant active, tourne 2 fois plus vite que la vitesse de d\u00e9placement du robot pour un nettoyage am\u00e9lior\u00e9 du fond de la piscine. Peu importe le rev\u00eatement, toutes les impuret\u00e9s, m\u00eame les plus tenaces sont \u00e9limin\u00e9es gr\u00e2ce \u00e0 ses lamelles pour un fond impeccable !<br><br><br><img decoding=\"async\" src=\"https:\/\/www.piscine-center.net\/uppict\/fiche\/31962\/dolphin-e25-piscine-center-1492770568.jpg\" alt=\"brosse PVC du robot Dolphin E25\"><br><strong>La manipulation facile<\/strong>\u00a0: Poids plume et design compact, le Dolphin T25 se transporte facilement gr\u00e2ce \u00e0 sa poign\u00e9e ergonomique qui vous facilitera grandement toute manipulation.<br><br><strong>La mise en route, un jeu d&rsquo;enfant<\/strong>\u00a0: Appuyez sur la touche ON\/OFF du transformateur et laisser votre robot T25 se mettre au travail ! Lorsque le cycle se termine, appuyez de nouveau sur la touche pour couper l&rsquo;alimentation.<br><br><br><img decoding=\"async\" src=\"https:\/\/www.piscine-center.net\/uppict\/fiche\/34910\/robot-dolphin-t25-piscine-center-1552578881.jpg\" alt=\"transformateur du robot de piscine Dolphin t15\"><br><strong>L&rsquo;aspiration<\/strong>\u00a0: Les petits comme les gros d\u00e9bris sont aspir\u00e9s du fond et des parois de votre bassin !<br><br><strong>La filtration<\/strong>\u00a0: Filtration efficace de l&rsquo;eau gr\u00e2ce \u00e0 son panier filtrant fin et ultra fin pour une finesse pr\u00e9cise de filtration des d\u00e9bris, quelle que soit leur taille. Pour nettoyer votre filtre, rien de plus facile, il suffit juste de le retirer par le dessus du robot et de le rincer \u00e0 l&rsquo;eau claire !<br><br><br><br><img decoding=\"async\" src=\"https:\/\/www.piscine-center.net\/uppict\/fiche\/34910\/robot-dolphin-t25-piscine-center-1554213787.jpg\" alt=\"filtration du robot de piscine Dolphin t25 en situation\"><br>Robot DolphinT25 &#8211; Les Caract\u00e9ristiques techniques<br><br><br><img decoding=\"async\" src=\"https:\/\/www.piscine-center.net\/uppict\/fiche\/34910\/robot-dolphin-t25-piscine-center-1554213035.jpg\" alt=\"robot autonome de nettoyage de piscine dolphin t25 en situation\"><br><strong>CARACT\u00c9RISTIQUES G\u00c9N\u00c9RALES<\/strong><br><strong>Marque<\/strong>DolphinT25 \/ Maytronics<br><strong>Tipo de robot<\/strong>El\u00e9ctrico<br><strong>Tipo de viaje<\/strong>Autom\u00e1tico<br><strong>Tipo de piscina<\/strong>Tous &#8211; Hors sol &#8211; Fond plat &#8211; Pente douce<br><strong>Tipo de revestimiento<\/strong>Tous : Liner &#8211; PVC &#8211; B\u00e9ton &#8211; Fibre de verre&#8230;.<br><strong>Forma de la piscina<\/strong>Todos : Redondos - Ovalados - Rectangulares - Otros...<br><strong>Tama\u00f1o de la piscina<\/strong>jusqu&rsquo;\u00e0 10 m<br><strong>Tipo de limpieza<\/strong>Fond &#8211; Parois de la piscine<br><strong>Filtraci\u00f3n<\/strong>Panier filtrant amovible Top Access<br><strong>Cepillo<\/strong>PVC<br><strong>Accesorios incluidos<\/strong>Transformateur \u00e9lectrique commande digitale<br><strong>Peso<\/strong>6.5 kg<br><strong>DATOS T\u00c9CNICOS<\/strong><br><strong>Duraci\u00f3n del ciclo<\/strong>2h<br><strong>Longitud del cable<\/strong>15 m<br><strong>Finura de filtraci\u00f3n<\/strong>50\u00b5 &#8211; 100\u00b5<br><strong>Caudal de aspiraci\u00f3n<\/strong>15 m\u00b3\/h<br><strong>Profondeur minimale<\/strong>0.80m\/2.6ft<br><strong>Profondeur maximale<\/strong>5m\/16.4ft<br><strong>DATOS EL\u00c9CTRICOS<\/strong><br><strong>Protecci\u00f3n Transfo<\/strong>IP 54<br><strong>Protecci\u00f3n del motor<\/strong>IP 68<br><strong>Entr\u00e9e<\/strong>100-130 AC Volts\/220-230 AC Volts<br><strong>Sortie<\/strong>&#8211; de 30 VDC<br><strong>Hertz<\/strong>50-60<br>Robot Dolphin T25 &#8211; L&rsquo;Utilisation<br><strong>NETTOYAGE DU PANIER FILTRANT<\/strong><br><br><br><img decoding=\"async\" src=\"https:\/\/www.piscine-center.net\/uppict\/fiche\/34910\/robot-dolphin-t25-piscine-center-1554213990.jpg\" alt=\"panier de filtration du robot dolphin t25\"><br><strong>Il est conseill\u00e9 de nettoyer son panier filtrant apr\u00e8s chaque utilisation et surtout avant qu&rsquo;il ne s\u00e8che.<\/strong><br>&#8211; Mettre le robot hors tension<br>&#8211; Ouvrir le couvercle du filtre au dessus du robot<br>&#8211; Lorsque le capot est ouvert, la poign\u00e9e se soul\u00e8ve automatiquement<br>&#8211; Sortir le panier du robot<br>&#8211; Ouvrir le loquet sur la partie inf\u00e9rieure du panier afin d&rsquo;\u00e9vacuer les salet\u00e9s<br>&#8211; Nettoyer tout simplement le panier filtrant avec un jet d&rsquo;eau et le remettre en place.<br>&#8211; Vous pouvez \u00e9galement \u00f4ter chaque panneau lat\u00e9ral pour un meilleur nettoyage.<br><strong>CONSEILS DE S\u00c9CURIT\u00c9<\/strong><br><br><br><img decoding=\"async\" src=\"https:\/\/www.piscine-center.net\/uppict\/fiche\/34910\/robot-dolphin-t25-piscine-center-1554214130.jpg\" alt=\"installation du robot de piscine Dolphin t25\"><br>&#8211; D\u00e9brancher la source \u00e9lectrique avant toute manipulation ou entretien du robot<br>&#8211; V\u00e9rifier que le c\u00e2ble d&rsquo;alimentation ne comporte ni plis ni entortillements<br>&#8211; Utiliser exclusivement le transformateur \u00e9lectrique d&rsquo;origine fourni avec le robot<br>&#8211; Le transformateur doit \u00eatre plac\u00e9 vers le milieu de la piscine et au moins \u00e0 3 m du rebord<br>&#8211; Le transformateur doit \u00eatre d&rsquo;abord raccord\u00e9 sur le robot puis sur la prise de courant (ne jamais utiliser de rallonge)<br>&#8211; Ne pas entrer dans la piscine lorsque le robot est en marche<br><br><br><strong>MISE EN ROUTE ET RETRAIT<\/strong><br><br><br><img decoding=\"async\" src=\"https:\/\/www.piscine-center.net\/uppict\/fiche\/34910\/robot-dolphin-t25-piscine-center-1552637000.jpg\" alt=\"robot dolphin t25 fonctionnemnt\"><br>&#8211; Suivre les consignes de s\u00e9curit\u00e9 et pr\u00e9parer le transformateur<br>&#8211; D\u00e9faire la longueur de c\u00e2ble flotteur n\u00e9cessaire pour une bonne couverture de la piscine<br>&#8211; Plonger le robot dans la piscine \u00e0 l&rsquo;aide de sa poign\u00e9e et le laisser couler au fond<br>&#8211; Mettre l&rsquo;appareil sous tension \u00ab\u00a0ON\u00a0\u00bb. Il fonctionnera jusqu&rsquo;\u00e0 la fin du cycle.<br>&#8211; Lorsque le cycle est termin\u00e9, couper le courant \u00ab\u00a0OFF\u00a0\u00bbet d\u00e9brancher le transformateur<br>&#8211; Ramener le robot T25 au bord de la piscine avec son c\u00e2ble de flottaison<br>&#8211; Sortir le robot de l&rsquo;eau \u00e0 l&rsquo;aide de sa poign\u00e9e<br>&#8211; Attendre que l&rsquo;eau se vide au bord du bassin<br>&#8211;\u00a0<strong>Ne jamais retirer le robot de la piscine en tirant sur son c\u00e2ble de flottaison<\/strong><br><strong>STOCKAGE HORS SAISON<\/strong><br><strong>Durant la p\u00e9riode hivernale, entreposer le robot nettoyeur en suivant quelques \u00e9tapes :<\/strong><br>&#8211; D\u00e9brancher le T25 de la prise de courant.<br>&#8211; V\u00e9rifier qu&rsquo;il ne reste plus d&rsquo;eau \u00e0 l&rsquo;int\u00e9rieur.<br>&#8211; Nettoyer le panier filtrant et le remettre en place.<br>&#8211; Enrouler le c\u00e2ble sans plis.<br>&#8211; Ranger le robot en le positionnant \u00e0 l&rsquo;envers s&rsquo;il ne poss\u00e8de pas de caddy de stockage.<br>&#8211; Ranger dans un endroit abrit\u00e9 de la lumi\u00e8re, de la pluie et de la neige.<br>&#8211; Stocker dans un lieu o\u00f9 la temp\u00e9rature est comprise entre 5\u00b0et 45\u00b0.<br><br><br><img decoding=\"async\" src=\"https:\/\/www.piscine-center.net\/uppict\/fiche\/31962\/dolphin-e25-piscine-center-1492782583.jpg\" alt=\"picto de stockage du robot de nettoyage de piscine Dolphin E25\"><\/p>\n\n\n\n<p><\/p>\n\n\n\n<p><\/p>\n\n\n\n<p><\/p>","protected":false},"excerpt":{"rendered":"<div class=\"desc\">\n<div class=\"article-ref tite_description\">Simple \u00e0 utiliser, \u00e0 transporter et \u00e0 sortir de l&rsquo;eau, le robot Dolphin T25, issu de la gamme T est disponible uniquement chez nous. Parfait pour nettoyer en toute autonomie et sans effort le fond et les parois des bassins et piscines hors sol jusqu&rsquo;\u00e0 10m de long. Cycle de nettoyage de 2h. Sa brosse active s&rsquo;adapte \u00e0 tous types de rev\u00eatements. Panier filtre amovible Top Access + 2 panneaux lat\u00e9raux (100\u00b5m et 50 \u00b5m). Garantie 5 ans !<\/div>\n<\/div>","protected":false},"featured_media":8975,"comment_status":"closed","ping_status":"closed","template":"","meta":{"inline_featured_image":false},"product_brand":[],"product_cat":[60],"product_tag":[],"class_list":{"0":"post-8954","1":"product","2":"type-product","3":"status-publish","4":"has-post-thumbnail","6":"product_cat-robot-piscine","8":"first","9":"instock","10":"sale","11":"shipping-taxable","12":"purchasable","13":"product-type-simple"},"_links":{"self":[{"href":"https:\/\/feria-verde.com\/es\/wp-json\/wp\/v2\/product\/8954","targetHints":{"allow":["GET"]}}],"collection":[{"href":"https:\/\/feria-verde.com\/es\/wp-json\/wp\/v2\/product"}],"about":[{"href":"https:\/\/feria-verde.com\/es\/wp-json\/wp\/v2\/types\/product"}],"replies":[{"embeddable":true,"href":"https:\/\/feria-verde.com\/es\/wp-json\/wp\/v2\/comments?post=8954"}],"version-history":[{"count":1,"href":"https:\/\/feria-verde.com\/es\/wp-json\/wp\/v2\/product\/8954\/revisions"}],"predecessor-version":[{"id":11300,"href":"https:\/\/feria-verde.com\/es\/wp-json\/wp\/v2\/product\/8954\/revisions\/11300"}],"wp:featuredmedia":[{"embeddable":true,"href":"https:\/\/feria-verde.com\/es\/wp-json\/wp\/v2\/media\/8975"}],"wp:attachment":[{"href":"https:\/\/feria-verde.com\/es\/wp-json\/wp\/v2\/media?parent=8954"}],"wp:term":[{"taxonomy":"product_brand","embeddable":true,"href":"https:\/\/feria-verde.com\/es\/wp-json\/wp\/v2\/product_brand?post=8954"},{"taxonomy":"product_cat","embeddable":true,"href":"https:\/\/feria-verde.com\/es\/wp-json\/wp\/v2\/product_cat?post=8954"},{"taxonomy":"product_tag","embeddable":true,"href":"https:\/\/feria-verde.com\/es\/wp-json\/wp\/v2\/product_tag?post=8954"}],"curies":[{"name":"wp","href":"https:\/\/api.w.org\/{rel}","templated":true}]}}