{"id":8955,"date":"2024-05-31T19:13:02","date_gmt":"2024-05-31T17:13:02","guid":{"rendered":"https:\/\/feria-verde.com\/?post_type=product&#038;p=8955"},"modified":"2025-04-06T17:13:21","modified_gmt":"2025-04-06T15:13:21","slug":"robot-piscine-dolphin-t45i-prix-fabricant-2","status":"publish","type":"product","link":"https:\/\/feria-verde.com\/es\/producto\/robot-piscine-dolphin-t45i-prix-fabricant-2\/","title":{"rendered":"Robot de piscina Dolphin T45I - Precio del fabricante"},"content":{"rendered":"<p>DESCRIPTION\u00a0ROBOT PISCINE DOLPHIN T45I &#8211; GARANTIE 5 ANS<br><br><strong>Maytronics<\/strong>\u00a0a su s&rsquo;adapter aux besoins des utilisateurs en proposant son tout nouveau robot connect\u00e9\u00a0<strong>Dolphin T45I\u00a0<\/strong>!<br>Outre sa\u00a0<strong>technologie de pointe<\/strong>\u00a0(Cleverclean et Powerstream), ses\u00a0<strong>mat\u00e9riaux de qualit\u00e9<\/strong>\u00a0et sa\u00a0<strong>haute performance<\/strong>, Le T45I pr\u00e9sente un nouveau look design, une application MYDOLPHIN\u2122 Plus pour Smartphone et tablette, une double filtration et un caddy de transport.<br><br>Le<strong>\u00a0T45I<\/strong>\u00a0arrive en exclusivit\u00e9 chez nous et garantit un nettoyage minutieux du\u00a0<strong>fond, des parois et de la ligne d&rsquo;eau<\/strong>\u00a0des bassins jusqu&rsquo;\u00e0 12 m en un\u00a0<strong>cycle au choix de 1 ou 2 h<\/strong>.<br><br>La garantie du robot Dolphin T45 I est de\u00a0<strong>5 a\u00f1os<\/strong>.<br><br>Robot DolphinT45I connect\u00e9 &#8211; Les points forts<br><strong>&#8211; Connect\u00e9 :<\/strong>\u00a0pour un contr\u00f4le total via l\u2019application My Dolphin\u2122 Plus !<br><strong>&#8211; Nettoyage :\u00a0<\/strong>autonome du bassin<br><strong>&#8211; Recommand\u00e9 :\u00a0<\/strong>pour les piscines jusqu&rsquo;\u00e0 12 m de longueur<br><strong>&#8211; Nettoyage :\u00a0<\/strong>Fond, parois et ligne d&rsquo;eau<br><strong>&#8211; Brossage :\u00a0<\/strong>actif et filtration de l&rsquo;eau sup\u00e9rieure<br><strong>&#8211; Choix du cycle de nettoyage :<\/strong>\u00a01h \/ 2h<br><strong>&#8211; Compatible :\u00a0<\/strong>tout type de rev\u00eatement<br><strong>&#8211; Fourni :\u00a0<\/strong>avec caddy pour un d\u00e9placement facile<br><strong>&#8211; Garantie :\u00a0<\/strong>5 a\u00f1os<br><br><br><img decoding=\"async\" src=\"https:\/\/www.piscine-center.net\/uppict\/fiche\/34914\/robot-piscine-dolphin-t45-piscine-center-1618565947.jpg\" alt=\"pictogramme du robot de piscine dolphin T45  bluetooth\u00ae\"><br>Robot DolphinT45I connect\u00e9 &#8211; Pour quelles piscines ?<br>&#8211;\u00a0<strong>Piscines :<\/strong>\u00a0enterr\u00e9es et hors sol \u00e0 parois rigides<br>&#8211;\u00a0<strong>Pour piscines :<\/strong>\u00a0jusqu&rsquo;\u00e0 12 m<br>&#8211;\u00a0<strong>Toutes formes :<\/strong>\u00a0rectangulaires, ovales, formes libres&#8230;<br>&#8211;\u00a0<strong>Tous types de fond :<\/strong>\u00a0plat, pente douce, pente compos\u00e9e, pointe de diamant&#8230;<br>&#8211;\u00a0<strong>Tous types de rev\u00eatements :<\/strong>\u00a0liner, PVC arm\u00e9, b\u00e9ton peint, coque polyester, carrelage.<br><br><br>Robot DolphinT45I connect\u00e9 &#8211; Les Caract\u00e9ristiques techniques<br><strong>&#8211; Type de nettoyage :<\/strong>\u00a0Fond, parois et ligne d&rsquo;eau<br><strong>&#8211; Taille de bassin :<\/strong>\u00a0Id\u00e9al pour piscines jusqu&rsquo;\u00e0 12 m de long.<br><strong>&#8211; Dur\u00e9e de cycle :<\/strong>\u00a01h\/2h<br><strong>&#8211; Filtration :<\/strong>\u00a0Filtre multicouches, s\u00e9pare et filtre simultan\u00e9ment les gros d\u00e9bris, les particules fines et ultrafines, pour une filtration efficace sans risque de colmatage. Panneaux de filtration amovibles pour un nettoyage facile.<br><strong>&#8211; Brossage :<\/strong>\u00a0Brosse active<br><strong>&#8211; Syst\u00e8me Powerstream :<\/strong>\u00a0Navigation et d\u00e9placement optimis\u00e9s sur le fond, les parois et la ligne d&rsquo;eau. Adh\u00e8re en permanence sur tout type de rev\u00eatement et dans toutes les conditions.<br><strong>&#8211; Longueur c\u00e2ble :<\/strong>\u00a018 m<br><strong>&#8211; Application mobile :\u00a0<\/strong>Application MyDolphin\u2122 Plus. Contr\u00f4lez votre robot de n&rsquo;importe o\u00f9, \u00e0 n&rsquo;importe quel moment !<br><strong>&#8211; Poids :<\/strong>\u00a07.5 kg<br><strong>&#8211; Caddy fourni :<\/strong>\u00a0Facilite le transport et le rangement du robot.<br><strong>&#8211; Garantie :<\/strong>\u00a05 a\u00f1os<br><br><br><img decoding=\"async\" src=\"https:\/\/www.piscine-center.net\/uppict\/fiche\/34914\/robot-dolphin-t45-piscine-center-1554281297.jpg\" alt=\"d\u00e9tails du robot de nettoyage dolphin t45\"><br>Robot DolphinT45I connect\u00e9 &#8211; Ses principales fonctionnalit\u00e9s<br><br><br><img decoding=\"async\" src=\"https:\/\/www.piscine-center.net\/uppict\/fiche\/34914\/robot-piscine-dolphin-t45i-piscine-center-1679499375.jpg\" alt=\"contr\u00f4le \u00e0 distance du robot \u00e9lectrique de piscine dolphin t45 i\"><br><strong>ALWAYS CONNECTED<\/strong><br><br>Contr\u00f4lez votre robot nettoyeur de piscine Dolphin T45I \u00e0 distance via\u00a0<strong><a href=\"https:\/\/www.youtube.com\/watch?v=xaioILYOlhQ\">l&rsquo;application My Dolphin\u2122 Plus<\/a>\u00a0<\/strong>connect\u00e9e au Cloud.<br><br>Programmez les cycles de nettoyage rapide (1h) ou classique (2h) et recevez des alertes et conseils pour une exp\u00e9rience d&rsquo;utilisation optimale.<br><br><br><br><br><br><img decoding=\"async\" src=\"https:\/\/www.piscine-center.net\/uppict\/fiche\/34914\/robot-piscine-dolphin-t45i-piscine-center-1679497974.jpg\" alt=\"technologie powerstream\"><br><strong>TECHNOLOGIE POWERSTREAM<\/strong><br><br>Cette technologie brevet\u00e9 permet au robot de coller parfaitement aux parois, quelque soit le rev\u00eatement et dans toutes les conditions.<br><br><br><br><img decoding=\"async\" src=\"https:\/\/www.piscine-center.net\/uppict\/fiche\/34914\/robot-piscine-dolphin-t45i-piscine-center-1679499917.jpg\" alt=\"ERGONOMIE DU ROBOT T45 I\"><br><strong>ERGONOMIQUE<\/strong><br><br><strong>Poids l\u00e9ger<\/strong>, design compact et poign\u00e9e ergonomique, le Dolphin T45I se manipule, se transporte et se range facilement.<br><br><br><br><img decoding=\"async\" src=\"https:\/\/www.piscine-center.net\/uppict\/fiche\/34914\/robot-piscine-dolphin-t45i-piscine-center-1679498591.jpg\" alt=\"filtration du robot dolphin t45i\"><br><strong>LA FILTRATION<\/strong><br><br><strong>Filtre multicouches<\/strong>, s\u00e9pare et filtre simultan\u00e9ment les gros d\u00e9bris, les fines et ultrafines particules, pour une filtration efficace sans risque de colmatage. Panneaux de filtration amovibles par le dessus du robot \u00ab\u00a0Top Access\u00a0\u00bb pour un nettoyage facile.<br><br><br><br><img decoding=\"async\" src=\"https:\/\/www.piscine-center.net\/uppict\/fiche\/34914\/robot-piscine-dolphin-t45i-piscine-center-1679498320.jpg\" alt=\"brossage actif robot dolphin t45i\"><br><strong>BROSSAGE ACTIF<\/strong><br><br><strong>Brosse avant active<\/strong>, tourne 2 fois plus vite que la vitesse de d\u00e9placement du robot pour un nettoyage am\u00e9lior\u00e9 du fond de la piscine. Peu importe le rev\u00eatement, toutes les impuret\u00e9s, m\u00eame les plus tenaces sont \u00e9limin\u00e9es gr\u00e2ce \u00e0 ses lamelles pour un fond impeccable !<br><br><br><br><br><img decoding=\"async\" src=\"https:\/\/www.piscine-center.net\/uppict\/fiche\/34914\/robot-piscine-dolphin-t45i-piscine-center-1679498711.jpg\" alt=\"transformateur du robot de piscine Dolphin t45i\"><br><strong>TRANSFORMATEUR DEMARRAGE RAPIDE (Plug-and-play)<\/strong><br><br>Con\u00e7u de mani\u00e8re \u00e0 ne consommer que tr\u00e8s peu d&rsquo;\u00e9nergie, il se met en route par simple appui sur la touche tactile et permet de s\u00e9lectionner le programme de nettoyage (Cycle de 1h ou 2h).<br><br><strong>Mode Normal\/Mode Rapide<\/strong><br>S\u00e9lection rapide du mode de nettoyage souhait\u00e9<br><br>Robot DolphinT45I connect\u00e9 &#8211; L&rsquo;\u00e9quipement de s\u00e9rie<br><br><br><img decoding=\"async\" src=\"https:\/\/www.piscine-center.net\/uppict\/fiche\/34914\/robot-piscine-dolphin-t45i-piscine-center-1679580005.jpg\" alt=\"\u00e9quipement du robot DolphinT45I connect\u00e9 \"><br><strong>Le T45I vous sera fourni avec\u00a0<\/strong>:<br>&#8211; son transformateur tactile \u00e0 basse consommation d&rsquo;\u00e9nergie,<br>&#8211; son double panier filtrant (fin et ultra fin)<br>&#8211; son c\u00e2ble de 18 m.<br>&#8211; Son caddy de transport<br><br>Vous aimerez aussi<br><br><br><img decoding=\"async\" src=\"https:\/\/www.piscine-center.net\/uppict\/fiche\/34914\/robot-piscine-dolphin-t45i-piscine-center-1679501344.jpg\" alt=\"gamme robot dolphin gamme t\"><\/p>\n\n\n\n<p><\/p>\n\n\n\n<p><\/p>\n\n\n\n<p><\/p>","protected":false},"excerpt":{"rendered":"<p>Prenez le contr\u00f4le de votre robot de piscine\u00a0<b>Dolphin T45I<\/b>\u00a0pour un nettoyage efficace \u00e0 tout moment ! Application MyDolphin Plus pour navigation via smartphone ou tablette !<\/p>\n<p><b>&#8211; Compatible :<\/b>\u00a0Tous types de piscines jusqu&rsquo;\u00e0 12 m et tous types de rev\u00eatements<br \/><b>&#8211; Cycle de nettoyage :<\/b>\u00a0au choix 1 h\/2 h fond &#8211; parois &#8211; ligne d&rsquo;eau<br \/><b>&#8211; Panier filtrant Top Access :<\/b>\u00a0multicouches (fine et ultra fine)<br \/><b>&#8211; Caddy :\u00a0<\/b>de transport et de stockage<\/p>","protected":false},"featured_media":8977,"comment_status":"closed","ping_status":"closed","template":"","meta":{"inline_featured_image":false},"product_brand":[],"product_cat":[60],"product_tag":[],"class_list":{"0":"post-8955","1":"product","2":"type-product","3":"status-publish","4":"has-post-thumbnail","6":"product_cat-robot-piscine","8":"first","9":"instock","10":"sale","11":"shipping-taxable","12":"purchasable","13":"product-type-simple"},"_links":{"self":[{"href":"https:\/\/feria-verde.com\/es\/wp-json\/wp\/v2\/product\/8955","targetHints":{"allow":["GET"]}}],"collection":[{"href":"https:\/\/feria-verde.com\/es\/wp-json\/wp\/v2\/product"}],"about":[{"href":"https:\/\/feria-verde.com\/es\/wp-json\/wp\/v2\/types\/product"}],"replies":[{"embeddable":true,"href":"https:\/\/feria-verde.com\/es\/wp-json\/wp\/v2\/comments?post=8955"}],"version-history":[{"count":0,"href":"https:\/\/feria-verde.com\/es\/wp-json\/wp\/v2\/product\/8955\/revisions"}],"wp:featuredmedia":[{"embeddable":true,"href":"https:\/\/feria-verde.com\/es\/wp-json\/wp\/v2\/media\/8977"}],"wp:attachment":[{"href":"https:\/\/feria-verde.com\/es\/wp-json\/wp\/v2\/media?parent=8955"}],"wp:term":[{"taxonomy":"product_brand","embeddable":true,"href":"https:\/\/feria-verde.com\/es\/wp-json\/wp\/v2\/product_brand?post=8955"},{"taxonomy":"product_cat","embeddable":true,"href":"https:\/\/feria-verde.com\/es\/wp-json\/wp\/v2\/product_cat?post=8955"},{"taxonomy":"product_tag","embeddable":true,"href":"https:\/\/feria-verde.com\/es\/wp-json\/wp\/v2\/product_tag?post=8955"}],"curies":[{"name":"wp","href":"https:\/\/api.w.org\/{rel}","templated":true}]}}