{"id":8956,"date":"2024-05-31T19:13:02","date_gmt":"2024-05-31T17:13:02","guid":{"rendered":"https:\/\/feria-verde.com\/?post_type=product&#038;p=8956"},"modified":"2025-04-06T17:09:58","modified_gmt":"2025-04-06T15:09:58","slug":"robot-piscine-dolphin-e35-avec-chariot-2","status":"publish","type":"product","link":"https:\/\/feria-verde.com\/es\/producto\/robot-piscine-dolphin-e35-avec-chariot-2\/","title":{"rendered":"Dolphin E35 robot de piscina con carro"},"content":{"rendered":"<p>Robot Dolphin E35 &#8211; Bassin jusqu&rsquo;\u00e0 12 m<br><br><br><img decoding=\"async\" src=\"https:\/\/www.piscine-center.net\/uppict\/fiche\/44397\/robot-piscine-dolphin-e35-piscine-center-1615450295.jpg\" alt=\"robot nettoyeur de piscine Dolphin E35 en situation\"><br><br><br><img decoding=\"async\" src=\"https:\/\/www.piscine-center.net\/uppict\/fiche\/44397\/robot-piscine-dolphin-e35-piscine-center-1615454181.jpg\" alt=\"pictogramme du robot de piscine Dolphin E35\"><br>Avec la\u00a0<strong>s\u00e9rie Dolphin, Maytronics\u00a0<\/strong>offre aux utilisateurs\u00a0<strong>des robots de piscines hautes performances<\/strong>,\u00a0<strong>agr\u00e9able<\/strong>\u00a0e t<strong>facile \u00e0 utiliser<\/strong>\u00a0qui b\u00e9n\u00e9ficie des derni\u00e8res innovations technologiques.<br><br>Le\u00a0<strong>E35<\/strong>\u00a0est un robot \u00e9lectrique peu encombrant qui fournit toutes les comp\u00e9tences pr\u00e9vues d&rsquo;un robot Dolphin.<br><br>Id\u00e9al pour les\u00a0<strong>piscines jusqu&rsquo;\u00e0 12 m de long<\/strong>, il vous procurera un nettoyage minutieux du fond, des parois et de la ligne d&rsquo;eau.<br><br><strong>Maniable, avec un filtre accessible par le dessus \u00ab\u00a0Top Access\u00a0\u00bb<\/strong>, vous b\u00e9n\u00e9ficierez d&rsquo;un entretien simple et rapide !<br><br><br><img decoding=\"async\" src=\"https:\/\/www.piscine-center.net\/uppict\/fiche\/44397\/robot-piscine-dolphin-e35-piscine-center-1615450644.jpg\" alt=\"descriptif robot nettoyeur de piscines Dolphin E35\"><br>Robot Dolphin E35 &#8211; L&rsquo;\u00e9quipement<br><br><br><img decoding=\"async\" src=\"https:\/\/www.piscine-center.net\/uppict\/fiche\/44397\/robot-piscine-dolphin-e35-piscine-center-1615454904.jpg\" alt=\"\u00e9quipements du robot nettoyeur de piscine Dolphin E35\"><br>Le E35 vous sera fourni avec :<br>&#8211; un\u00a0<strong>transformateur<\/strong>\u00a0basse tension \u00e0 commande digitale. (Cycle unique de 2h),<br>&#8211; un\u00a0<strong>jeu interchangeable de filtres<\/strong>\u00a0(fin et ultra fin) qui collectent les particules fines et les gros d\u00e9bris : 4 filtres de 50 microns et 2 filtres de 100 microns<br>&#8211; un\u00a0<strong>c\u00e2ble Swivel<\/strong>\u00a0anti-torsion de 18 m.<br>&#8211; un\u00a0<strong>chariot<\/strong>\u00a0pour faciliter le transport et le rangement<br>Robot Dolphin E35 &#8211; Le Descriptif<br><br><br><img decoding=\"async\" src=\"https:\/\/www.piscine-center.net\/uppict\/fiche\/44397\/robot-piscine-dolphin-e35-piscine-center-1615452009.jpg\" alt=\"nettoyage du robot de piscine Dolphin E35\"><br>Le\u00a0<strong>robot \u00e9lectrique Dolphin E35<\/strong>\u00a0est sp\u00e9cialement con\u00e7u pour le nettoyage des\u00a0<strong>piscines jusqu&rsquo;\u00e0 12 m\u00e8tres de long<\/strong>. Un seul appareil compacte et efficace qui allie la technologie et la simplicit\u00e9.<br><br><strong>Sa petite taille<\/strong>\u00a0y\u00a0<strong>sa puissance d&rsquo;aspiration<\/strong>\u00a0ont \u00e9t\u00e9 \u00e9tudi\u00e9es pour vous permettre d&rsquo;obtenir une piscine propre.\u00a0<strong>Le Dolphin E35<\/strong>\u00a0peut nettoyer le\u00a0<strong>fondo<\/strong>,\u00a0<strong>les panneaux<\/strong>\u00a0y\u00a0<strong>la ligne d&rsquo;eau<\/strong>\u00a0de votre piscine,\u00a0<strong>peu importe le rev\u00eatement<\/strong>.<br><br><strong>Plongez<\/strong>\u00a0votre robot de piscine Dolphin E35 dans l&rsquo;eau, il effectuera\u00a0<strong>en toute autonomie<\/strong>, un nettoyage minutieux, en un\u00a0<strong>cycle de 2 heures<\/strong>\u00a0afin que vous puissiez facilement profiter d&rsquo;une piscine propre sans efforts !<br><br>Les salet\u00e9s et autres d\u00e9bris sont collect\u00e9s dans un\u00a0<strong>filtre mobile<\/strong>. Les\u00a0<strong>panneaux<\/strong>\u00a0de ce dernier\u00a0<strong>sont interchangeables<\/strong>\u00a0y\u00a0<strong>amovibles<\/strong>\u00a0pour un\u00a0<strong>entretien facile<\/strong>.<br><br><br><img decoding=\"async\" src=\"https:\/\/www.piscine-center.net\/uppict\/fiche\/44397\/robot-piscine-dolphin-e35-piscine-center-1615453301.jpg\" alt=\"syst\u00e8me de navigation power stream du robot piscine Dolphin E35\"><br><strong>La technologie PowerStream TM\u00a0<\/strong>: Optimisation de la navigation et du d\u00e9placement sur le fond, les parois et de la ligne d&rsquo;eau. Adh\u00e8re en permanence \u00e0 toutes les surfaces et dans toutes les conditions.<br><br><br><img decoding=\"async\" src=\"https:\/\/www.piscine-center.net\/uppict\/fiche\/44397\/robot-piscine-dolphin-e35-piscine-center-1615451058.jpg\" alt=\"robot nettoyeur de piscine dolphin E35 \"><br><strong>Ergonomique\u00a0<\/strong>: Peu encombrante et tr\u00e8s l\u00e9ger (7,5 kg), le Dolphin E35 est \u00e9quip\u00e9 d&rsquo;une poign\u00e9e facile \u00e0 utiliser qui facilite sa mise et sa sortie d&rsquo;eau, ainsi que son entretien.<br><br><br><img decoding=\"async\" src=\"https:\/\/www.piscine-center.net\/uppict\/fiche\/44397\/robot-piscine-dolphin-e35-piscine-center-1615455011.jpg\" alt=\"c\u00e2ble swivel anti torsion du Dolphin E35\"><br><strong>Le c\u00e2ble Swivel\u00a0<\/strong>: Le Dolphin E35 est \u00e9quip\u00e9 d&rsquo;un syst\u00e8me unique d&rsquo;axe de rotation (Swivel) qui emp\u00eache le c\u00e2ble flottant de s&#8217;emm\u00ealer et lui assure une plus longue dur\u00e9e de vie. Le robot dispose ainsi d&rsquo;une meilleure libert\u00e9 de mouvement.<br><br><br><img decoding=\"async\" src=\"https:\/\/www.piscine-center.net\/uppict\/fiche\/44397\/robot-piscine-dolphin-e35-piscine-center-1615451439.jpg\" alt=\"panier de filtration pour robot Dolphin E35\"><br><strong>Filtraci\u00f3n\u00a0<\/strong>: Elle se compose de panneaux interchangeables vous permettant de choisir entre deux niveaux de filtration. Cela offre les meilleures performances de nettoyage selon les besoins et r\u00e9duit le risque de colmatage. Les panneaux filtrants sont d\u00e9tachables pour un entretien facile.<br><br><strong>Deux finesses de filtration sont propos\u00e9es<\/strong>\u00a0:<br>&#8211;\u00a0<strong>100 \u00b5<\/strong>\u00a0pour un nettoyage en profondeur du bassin<br>&#8211;\u00a0<strong>50 \u00b5<\/strong>, pour une filtration fine pour un nettoyage quotidien.<br><br><br><img decoding=\"async\" src=\"https:\/\/www.piscine-center.net\/uppict\/fiche\/44399\/robot-piscine-dolphin-t30-piscine-center-1615392711.jpg\" alt=\"brosse active du robot nettoyeur de piscines Dolphin T30\"><br><strong>Brossage actif<\/strong>\u00a0: Brosse avant active, Elle tourne 2 fois plus vite que la vitesse de d\u00e9placement du E35 afin am\u00e9liorer le nettoyage du fond du bassin. Peu importe le rev\u00eatement, toutes les salet\u00e9s, m\u00eame les plus tenaces peuvent \u00eatre \u00e9limin\u00e9es gr\u00e2ce \u00e0 ses lamelles et retrouver un fond impeccable !<br><br><strong>Transformateur digital intuitif<\/strong>\u00a0: con\u00e7u de mani\u00e8re \u00e0 ne consommer que tr\u00e8s peu d&rsquo;\u00e9nergie, il se met en route par simple appui sur un bouton. Cycle unique de 2 h.<br><br><br><img decoding=\"async\" src=\"https:\/\/www.piscine-center.net\/uppict\/fiche\/44397\/robot-piscine-dolphin-e35-piscine-center-1615460797.jpg\" alt=\"caddy de transport du robot de piscine Dolphin E35\"><br><strong>Chariot de transport<\/strong>\u00a0: Le Dolphin E35 est livr\u00e9 avec son chariot de transport, qui vous permettra de le d\u00e9placer et de le stocker sans efforts.<br>Robot Dolphin E35 &#8211; Les Caract\u00e9ristiques<br><br><br><img decoding=\"async\" src=\"https:\/\/www.piscine-center.net\/uppict\/fiche\/44397\/robot-piscine-dolphin-e35-avec-chariot-piscine-center-1615993311.jpg\" alt=\"caract\u00e9ristiques du robot dolphin E35 \"><br>Robot Dolphin E35 &#8211; L&rsquo;Utilisation<br><br><br><img decoding=\"async\" src=\"https:\/\/www.piscine-center.net\/uppict\/fiche\/44397\/robot-piscine-dolphin-e35-piscine-center-1615459362.jpg\" alt=\"nettoyage du filtre du robot de piscine Dolphin E35\"><br><strong>Il est conseill\u00e9 de nettoyer la filtration apr\u00e8s chaque utilisation et surtout avant qu&rsquo;il ne s\u00e8che.<\/strong><br>&#8211; Mettre le robot hors tension<br>&#8211; Ouvrir le couvercle du filtre au-dessus du robot<br>&#8211; Lorsque le capot est ouvert, la poign\u00e9e se soul\u00e8ve automatiquement<br>&#8211; Sortir le filtre du robot<br>&#8211; Ouvrir le loquet sur la partie inf\u00e9rieure du filtre afin d&rsquo;\u00e9vacuer les salet\u00e9s<br>&#8211; Nettoyer tout simplement la filtration avec un jet d&rsquo;eau et le remettre en place.<br>&#8211; Vous pouvez \u00e9galement \u00f4ter chaque panneau lat\u00e9ral pour un meilleur nettoyage.<br>Robot Dolphin E35 &#8211; Conseils de s\u00e9curit\u00e9<br>&#8211; D\u00e9brancher la source \u00e9lectrique avant toute manipulation ou entretien du robot<br>&#8211; V\u00e9rifier que le c\u00e2ble d&rsquo;alimentation ne comporte ni plis ni entortillements<br>&#8211; Utiliser exclusivement le transformateur \u00e9lectrique d&rsquo;origine fourni avec le robot<br>&#8211; Le transformateur doit \u00eatre plac\u00e9 vers le milieu de la piscine et au moins \u00e0 3 m du rebord<br>&#8211; Le transformateur doit \u00eatre d&rsquo;abord raccord\u00e9 sur le robot puis sur la prise de courant (ne jamais utiliser de rallonge)<br>&#8211; Ne pas entrer dans la piscine lorsque le robot est en marche<br>Robot Dolphin E35 &#8211; Mise en route et retrait<br><br><br><img decoding=\"async\" src=\"https:\/\/www.piscine-center.net\/uppict\/fiche\/44397\/robot-piscine-dolphin-e35-piscine-center-1615459909.jpg\" alt=\"mise en route et retrait de l'eau du robot de piscine E35\"><br>&#8211; Suivre les consignes de s\u00e9curit\u00e9 et pr\u00e9parer le transformateur<br>&#8211; D\u00e9faire la longueur de c\u00e2ble flotteur n\u00e9cessaire pour une bonne couverture de la piscine<br>&#8211; Plonger le robot dans la piscine \u00e0 l&rsquo;aide de sa poign\u00e9e et le laisser couler au fond<br>&#8211; Mettre l&rsquo;appareil sous tension \u00ab\u00a0ON\u00a0\u00bb. Il fonctionnera jusqu&rsquo;\u00e0 la fin du cycle.<br>&#8211; Lorsque le cycle est termin\u00e9, couper le courant \u00ab\u00a0OFF\u00a0\u00bbet d\u00e9brancher le transformateur<br>&#8211; Ramener le robot E35 au bord de la piscine avec son c\u00e2ble de flottaison<br>&#8211; Sortir le robot de l&rsquo;eau \u00e0 l&rsquo;aide de sa poign\u00e9e<br>&#8211; Attendre que l&rsquo;eau se vide au bord du bassin<br>&#8211;\u00a0<strong>Ne jamais retirer le robot de la piscine en tirant sur son c\u00e2ble de flottaison<\/strong><br>Robot Dolphin E35 -Stockage hors saison<br><br><br><img decoding=\"async\" src=\"https:\/\/www.piscine-center.net\/uppict\/fiche\/44397\/robot-piscine-dolphin-e35-piscine-center-1615460004.jpg\" alt=\"stockage hors saison du robot de piscine Dolphin E35\"><br><strong>Durant la p\u00e9riode hivernale, entreposer le robot nettoyeur en suivant quelques \u00e9tapes :<\/strong><br>&#8211; D\u00e9brancher le E35 de la prise de courant.<br>&#8211; V\u00e9rifier qu&rsquo;il ne reste plus d&rsquo;eau \u00e0 l&rsquo;int\u00e9rieur.<br>&#8211; Nettoyer le jeu de filtres et le remettre en place.<br>&#8211; Enrouler le c\u00e2ble sans plis.<br>&#8211; Ranger le robot dans son caddy de stockage.<br>&#8211; Ranger dans un endroit abrit\u00e9 de la lumi\u00e8re, de la pluie et de la neige.<br>&#8211; Stocker dans un lieu o\u00f9 la temp\u00e9rature est comprise entre 5\u00b0 et 45\u00b0.<\/p>\n\n\n\n<p><\/p>\n\n\n\n<p><\/p>\n\n\n\n<p><\/p>","protected":false},"excerpt":{"rendered":"<div class=\"desc\">\n<div class=\"article-ref tite_description\">Utilisez le robot Maytronics Dolphin E35 et retrouvez une piscine propre en 2 heures ! Id\u00e9al pour le nettoyage du fond , des parois et de la ligne d&rsquo;eau des bassins enterr\u00e9s de 12 m de longueur maxi. Technologie Powerstream et brosse avant active, jeu de filtres fins et ultra-fins amovibles par le dessus \u00ab\u00a0Top Access\u00a0\u00bb avec parois interchangeables. C\u00e2ble Swivel anti-torsion. Efficace, l\u00e9ger et ergonomique, il est \u00e9quip\u00e9 d&rsquo;un chariot de transport.<\/div>\n<\/div>","protected":false},"featured_media":8979,"comment_status":"closed","ping_status":"closed","template":"","meta":{"inline_featured_image":false},"product_brand":[],"product_cat":[60],"product_tag":[],"class_list":{"0":"post-8956","1":"product","2":"type-product","3":"status-publish","4":"has-post-thumbnail","6":"product_cat-robot-piscine","8":"first","9":"instock","10":"sale","11":"shipping-taxable","12":"purchasable","13":"product-type-simple"},"_links":{"self":[{"href":"https:\/\/feria-verde.com\/es\/wp-json\/wp\/v2\/product\/8956","targetHints":{"allow":["GET"]}}],"collection":[{"href":"https:\/\/feria-verde.com\/es\/wp-json\/wp\/v2\/product"}],"about":[{"href":"https:\/\/feria-verde.com\/es\/wp-json\/wp\/v2\/types\/product"}],"replies":[{"embeddable":true,"href":"https:\/\/feria-verde.com\/es\/wp-json\/wp\/v2\/comments?post=8956"}],"version-history":[{"count":0,"href":"https:\/\/feria-verde.com\/es\/wp-json\/wp\/v2\/product\/8956\/revisions"}],"wp:featuredmedia":[{"embeddable":true,"href":"https:\/\/feria-verde.com\/es\/wp-json\/wp\/v2\/media\/8979"}],"wp:attachment":[{"href":"https:\/\/feria-verde.com\/es\/wp-json\/wp\/v2\/media?parent=8956"}],"wp:term":[{"taxonomy":"product_brand","embeddable":true,"href":"https:\/\/feria-verde.com\/es\/wp-json\/wp\/v2\/product_brand?post=8956"},{"taxonomy":"product_cat","embeddable":true,"href":"https:\/\/feria-verde.com\/es\/wp-json\/wp\/v2\/product_cat?post=8956"},{"taxonomy":"product_tag","embeddable":true,"href":"https:\/\/feria-verde.com\/es\/wp-json\/wp\/v2\/product_tag?post=8956"}],"curies":[{"name":"wp","href":"https:\/\/api.w.org\/{rel}","templated":true}]}}