{"id":8957,"date":"2024-05-31T19:13:02","date_gmt":"2024-05-31T17:13:02","guid":{"rendered":"https:\/\/feria-verde.com\/?post_type=product&#038;p=8957"},"modified":"2025-04-06T16:27:47","modified_gmt":"2025-04-06T14:27:47","slug":"robot-piscine-dolphin-e20-prix-fabricant-2","status":"publish","type":"product","link":"https:\/\/feria-verde.com\/es\/producto\/robot-piscine-dolphin-e20-prix-fabricant-2\/","title":{"rendered":"Robot de piscina Dolphin E20 - Precio del fabricante"},"content":{"rendered":"<p>Robot Dolphin E20, pour piscine jusqu&rsquo;\u00e0 10 x 5 m<br><br><br><img decoding=\"async\" src=\"https:\/\/www.piscine-center.net\/uppict\/fiche\/17780\/robot-piscine-dolphin-e20-piscine-center-1428667012.jpg\" alt=\"dolphin e20 - robot de piscine\"><br><strong>Maytronics<\/strong>, num\u00e9ro 1 mondial de l&rsquo;\u00e9quipement piscine, enrichit sa c\u00e9l\u00e8bre gamme Dolphin d&rsquo;un\u00a0<strong>robot destin\u00e9 au nettoyage des petits bassins, fond et parois<\/strong>.<br>Design futuriste, coloris modernes et prix imbattable, le Dolphin E20 est le robot \u00e9lectrique qu&rsquo;il vous faut pour l&rsquo;entretien sans contrainte de petites piscines !<br><strong>Poign\u00e9e ergonomique, panier top access et brosse active<\/strong>, ses d\u00e9tails ont \u00e9t\u00e9 pens\u00e9s pour un confort total d&rsquo;utilisation.<br><br><br><img decoding=\"async\" src=\"https:\/\/www.piscine-center.net\/uppict\/fiche\/17780\/robot-piscine-dolphin-e20-piscine-center-1618560431.jpg\" alt=\"pictogramme du robot de piscine dolphin e20\"><br><strong>Le robot piscine E20 est disponible en exclusivit\u00e9, il est garanti 5 ans.<\/strong><br>Robot Dolphin E20 &#8211; Descriptif<br><br><br><img decoding=\"async\" src=\"https:\/\/www.piscine-center.net\/uppict\/fiche\/17780\/robot-piscine-dolphin-e20-piscine-center-1428668080.jpg\" alt=\"robot e20 dolphin - bandeau\"><br><br><br><img decoding=\"async\" src=\"https:\/\/www.piscine-center.net\/uppict\/fiche\/17780\/robot-piscine-dolphin-e20-piscine-center-1428666716.jpg\" alt=\"robot dolphin E20 - zoom roues\"><br><br><br><img decoding=\"async\" src=\"https:\/\/www.piscine-center.net\/uppict\/fiche\/17780\/robot-piscine-dolphin-e20-piscine-center-1428666718.jpg\" alt=\"robot dolphin E20 - zoom filtre\"><br><br><strong>Parfait pour le nettoyage de votre piscine jusqu&rsquo;\u00e0 10 x 5 m<\/strong>, le E20 prom\u00e8ne sa silhouette dynamique sur\u00a0<strong>le fond et sur les parois<\/strong>\u00a0de votre bassin, et r\u00e9v\u00e8le sa\u00a0<strong>technologie<\/strong>\u00a0aboutie pour un r\u00e9sultat plus que satisfaisant. Il est compatible avec tous les types de rev\u00eatements.<br><br><strong>NB<\/strong>\u00a0: Le E20 est adapt\u00e9 aux bassins \u00e0\u00a0<strong>fond plat ou en pente douce<\/strong>.<br><br>Il suffit d&rsquo;immerger le robot et de le laisser effectuer son travail en toute\u00a0<strong>autonomie.<\/strong><br>Au bout d&rsquo;un\u00a0<strong>cycle de 2 heures<\/strong>, l&rsquo;eau de votre piscine est propre, les impuret\u00e9s sont recueillies dans le panier filtrant tr\u00e8s facile \u00e0 entretenir.<br><br>Le robot nettoyeur E20 est livr\u00e9 avec un\u00a0<strong>panier filtrant amovible et un transformateur digital.<\/strong><br><br><br><img decoding=\"async\" src=\"https:\/\/www.piscine-center.net\/uppict\/fiche\/17780\/robot-piscine-dolphin-e20-piscine-center-1428665824.jpg\" alt=\"robot de piscine dolphin E20 -\"><br><br><br><img decoding=\"async\" src=\"https:\/\/www.piscine-center.net\/uppict\/fiche\/17780\/robot-piscine-dolphin-e20-piscine-center-1428665826.jpg\" alt=\"robot piscine dolphin E20 -\"><br><br><br><br><img decoding=\"async\" src=\"https:\/\/www.piscine-center.net\/uppict\/fiche\/17780\/robot-piscine-dolphin-e20-piscine-center-1428075328.jpg\" alt=\"robot piscine dolphin E20 - filtre\"><br><strong>Aspiration des d\u00e9bris<\/strong>\u00a0: poussi\u00e8re fine ou salet\u00e9s plus importantes, toutes sont aspir\u00e9es par le robot piscine E20.<br><br><strong>La filtration<\/strong>\u00a0: les salet\u00e9s sont collect\u00e9es dans le panier d&rsquo;une finesse de 100 \u00b5, \u00e0 travers le clapet d&rsquo;aspiration sur la face inf\u00e9rieure. Amovible par le dessus, le filtre se nettoie facilement. Les panneaux filtrants avant et arri\u00e8re se retirent sans difficult\u00e9s et se rincent \u00e0 l&rsquo;eau.<br><br><br><img decoding=\"async\" src=\"https:\/\/www.piscine-center.net\/uppict\/fiche\/17780\/robot-piscine-dolphin-e20-piscine-center-1428667693.jpg\" alt=\"robot dolphin e20 - vue under\"><br><br><br><img decoding=\"async\" src=\"https:\/\/www.piscine-center.net\/uppict\/fiche\/17780\/robot-piscine-dolphin-e20-piscine-center-1428668419.jpg\" alt=\"dolphin E20 - robot de piscine fond et parois\"><br><strong>La technologie brossage actif<\/strong>\u00a0: sur tous les types de rev\u00eatement, ce proc\u00e9d\u00e9 permet d&rsquo;obtenir un r\u00e9sultat soign\u00e9, et un nettoyage minutieux du fond et des parois. La brosse ayant une rotation deux fois plus rapide que la vitesse de d\u00e9placement du robot, les salet\u00e9s les plus incrust\u00e9es telles que les algues ou les bact\u00e9ries sont d\u00e9coll\u00e9es.<br><br><strong>Syst\u00e8me de scan Clever Clean\u2122<\/strong><br>Les robots nettoyeurs de piscine dot\u00e9s du syst\u00e8me de balayage Clever-clean se d\u00e9placent gr\u00e2ce \u00e0 un programme de scan intelligent pour une haute pr\u00e9cision de nettoyage. Garantissant ainsi la couverture compl\u00e8te de la piscine et l\u2019optimisation du cycle de nettoyage quel que soit la forme du bassin.<br><br><br><img decoding=\"async\" src=\"https:\/\/www.piscine-center.net\/uppict\/fiche\/17780\/robot-piscine-dolphin-e20-piscine-center-1428668715.jpg\" alt=\"dolphin E20 - robot de piscine manipulation facile\"><br><br><br><img decoding=\"async\" src=\"https:\/\/www.piscine-center.net\/uppict\/fiche\/17780\/robot-piscine-dolphin-e20-piscine-center-1428663024.jpg\" alt=\"robot dolphin e20 - manipulation filtre top access\"><br><strong>L&rsquo;ergonomie<\/strong>\u00a0: encombrement r\u00e9duit, poids plume et poign\u00e9e pour une prise en main facile, le robot E2 par Dolphin est facile \u00e0 plonger puis \u00e0 retirer de la piscine. Gr\u00e2ce \u00e0 ses 6.5 kg, il est l\u00e9ger, et facile \u00e0 manipuler et \u00e0 transporter.<br><br><strong>La simplicit\u00e9 d&rsquo;utilisation<\/strong>\u00a0: le transformateur \u00e9quip\u00e9 d&rsquo;un seul bouton qui permet de d\u00e9marrer le cycle ou d&rsquo;\u00e9teindre l&rsquo;appareil. Il fournit une puissance suffisante \u00e0 un cycle efficace, tout en consommant un minimum d&rsquo;\u00e9nergie.<br>Robot Dolphin E20 &#8211; Caract\u00e9ristiques techniques<br><br><br><img decoding=\"async\" src=\"https:\/\/www.piscine-center.net\/uppict\/fiche\/17780\/robot-piscine-dolphin-e20-piscine-center-1428076225.jpg\" alt=\"robot de piscine dolphin E20 - transfo digital\"><br><br><br><img decoding=\"async\" src=\"https:\/\/www.piscine-center.net\/uppict\/fiche\/17780\/robot-piscine-dolphin-e20-piscine-center-1428076226.jpg\" alt=\"robot de piscine E20 -  entretien filtre\"><br><br><br><img decoding=\"async\" src=\"https:\/\/www.piscine-center.net\/uppict\/fiche\/17780\/robot-piscine-dolphin-e20-piscine-center-1428076227.jpg\" alt=\"dolphin e20 robot piscine - entretien facile\"><br><br><strong>Nettoyage<\/strong>Fond et parois du bassin<br><strong>Rev\u00eatements<\/strong>Todos los tipos<br><strong>Dimensions du bassin<\/strong>10 x 5 m<br><strong>Dur\u00e9e du cycle<\/strong>2 heures<br><strong>Filtraci\u00f3n<\/strong>Panier amovible Top Access<br><strong>Caudal de aspiraci\u00f3n<\/strong>15 m\u00b3\/h<br><strong>Finura de filtraci\u00f3n<\/strong>100 \u00b5<br><strong>Longitud del cable<\/strong>15 m<br><strong>Poids net<\/strong>6.5 kg<br><strong>Alimentation<\/strong>Transformateur \u00e9lectrique (commande digitale)<br><strong>Tension de sortie<\/strong>Max 30 V-DC<br><strong>Tension d&rsquo;entr\u00e9e<\/strong>110-130 V-AC \/ 220-230 V-AC \/ 50 &#8211; 60 Hz<br><strong>Protection<\/strong>IP54<br><strong>Protection moteur<\/strong>IP68<br><strong>Garantie<\/strong>5 a\u00f1os<br><br><br><img decoding=\"async\" src=\"https:\/\/www.piscine-center.net\/uppict\/fiche\/17780\/robot-piscine-dolphin-e20-piscine-center-1428487408.jpg\" alt=\"dolphin e20 - robot de piscine\"><br><br><br><img decoding=\"async\" src=\"https:\/\/www.piscine-center.net\/uppict\/fiche\/17780\/robot-piscine-dolphin-e20-piscine-center-1428080164.jpg\" alt=\"robot piscine dolphin E20 - panier filtrant vue 1\"><br><br><br><img decoding=\"async\" src=\"https:\/\/www.piscine-center.net\/uppict\/fiche\/17780\/robot-piscine-dolphin-e20-piscine-center-1428080166.jpg\" alt=\"robot piscine dolphin E20 - panier filtrant vue 2\"><br><br>Robot Dolphin E20 &#8211; Utilisation<br><strong>Quelques conseils pour la s\u00e9curit\u00e9<\/strong>\u00a0:<br>&#8211; La distance de s\u00e9curit\u00e9 minimale pour le transformateur est de 3 m, et ce dernier doit \u00eatre positionn\u00e9 au milieu de la longueur du bassin.<br>&#8211; Le c\u00e2ble d&rsquo;alimentation ne doit pas comporter de noeuds, ni \u00eatre entortill\u00e9.<br>&#8211; Le transformateur se raccorde en premier lieu au c\u00e2ble du robot, ensuite \u00e0 la prise \u00e9lectrique (prise de courant standard). Lors de cette \u00e9tape, l&rsquo;alimentation devra \u00eatre \u00e9teinte.<br><br><br><img decoding=\"async\" src=\"https:\/\/www.piscine-center.net\/uppict\/fiche\/17780\/robot-piscine-dolphin-e20-piscine-center-1428075698.jpg\" alt=\"robot de piscine dolphin E20 - entretien du filtre top access\"><br><strong>D\u00e9marrage du robot et retrait en fin de cycle<\/strong>\u00a0:<br>&#8211; Une fois le transformateur correctement positionn\u00e9, et l&rsquo;alimentation branch\u00e9e dans l&rsquo;ordre conseill\u00e9, le Dolphin E20 peut \u00eatre plong\u00e9 dans le bassin.<br>&#8211; L&rsquo;immerger en le tenant par la poign\u00e9e et le laisser couler.<br>&#8211; Une fois que le robot est en position, l&rsquo;ensemble peut \u00eatre allum\u00e9 (touche ON du transformateur)<br>&#8211; Lorsque le cycle se termine (au bout de 2 heures), \u00e9teindre l&rsquo;alimentation, puis d\u00e9brancher le c\u00e2ble, et retirer alors le robot du bassin, et laisser l&rsquo;eau s&rsquo;en \u00e9couler.<br><br><br><img decoding=\"async\" src=\"https:\/\/www.piscine-center.net\/uppict\/fiche\/17780\/robot-piscine-dolphin-e20-piscine-center-1428075741.jpg\" alt=\"Dolphin E20 maytronics - schema de raccordement \"><br><strong>Entretien du panier de filtration amovible<\/strong>\u00a0:<br>&#8211; Cette \u00e9tape doit s&rsquo;effectuer avec l&rsquo;alimentation \u00e9teinte et le c\u00e2ble d\u00e9branch\u00e9.<br>&#8211; Ouvrir le capot sup\u00e9rieur du robot gr\u00e2ce \u00e0 la poign\u00e9e pr\u00e9vue \u00e0 cet effet. (Ouverture facile en un click !)<br>&#8211; \u00d4ter le panier de son compartiment, ouvrir la face inf\u00e9rieure, et retirer les panneaux (frontal et arri\u00e8re). Rincer les \u00e9l\u00e9ments sous un jet d&rsquo;eau, puis r\u00e9-embo\u00eeter le tout avant de remettre le panier dans son emplacement.<br><br><br><img decoding=\"async\" src=\"https:\/\/www.piscine-center.net\/uppict\/fiche\/17780\/robot-piscine-dolphin-e20-piscine-center-1428076166.jpg\" alt=\"robot de piscine dolphin E20 - filtre vue de dessous\"><br><br><br><img decoding=\"async\" src=\"https:\/\/www.piscine-center.net\/uppict\/fiche\/17780\/robot-piscine-dolphin-e20-piscine-center-1428076168.jpg\" alt=\"robot de piscine dolphin E20 - filtre ouvert vue de dessous\"><\/p>\n\n\n\n<p><\/p>\n\n\n\n<p><\/p>\n\n\n\n<p><\/p>","protected":false},"excerpt":{"rendered":"<div class=\"desc\">\n<div class=\"article-ref tite_description\">D\u00e9couvrez l&rsquo;ergonomie et la l\u00e9g\u00e8ret\u00e9 du robot Dolphin E20 par Maytronics, disponible uniquement chez nous. Il nettoie efficacement le fond (plat ou pente douce) et les parois de piscines jusqu&rsquo;\u00e0 10&#215;5 m, pour un r\u00e9sultat impeccable sur tous types de rev\u00eatements gr\u00e2ce au brossage actif et \u00e0 la collecte des d\u00e9bris de toute taille dans le panier top access. Syst\u00e8me Clever Clean, entretien ais\u00e9, encombrement minimal et efficacit\u00e9 maximale !<\/div>\n<\/div>","protected":false},"featured_media":8985,"comment_status":"closed","ping_status":"closed","template":"","meta":{"inline_featured_image":false},"product_brand":[],"product_cat":[60],"product_tag":[],"class_list":{"0":"post-8957","1":"product","2":"type-product","3":"status-publish","4":"has-post-thumbnail","6":"product_cat-robot-piscine","8":"first","9":"instock","10":"sale","11":"shipping-taxable","12":"purchasable","13":"product-type-simple"},"_links":{"self":[{"href":"https:\/\/feria-verde.com\/es\/wp-json\/wp\/v2\/product\/8957","targetHints":{"allow":["GET"]}}],"collection":[{"href":"https:\/\/feria-verde.com\/es\/wp-json\/wp\/v2\/product"}],"about":[{"href":"https:\/\/feria-verde.com\/es\/wp-json\/wp\/v2\/types\/product"}],"replies":[{"embeddable":true,"href":"https:\/\/feria-verde.com\/es\/wp-json\/wp\/v2\/comments?post=8957"}],"version-history":[{"count":0,"href":"https:\/\/feria-verde.com\/es\/wp-json\/wp\/v2\/product\/8957\/revisions"}],"wp:featuredmedia":[{"embeddable":true,"href":"https:\/\/feria-verde.com\/es\/wp-json\/wp\/v2\/media\/8985"}],"wp:attachment":[{"href":"https:\/\/feria-verde.com\/es\/wp-json\/wp\/v2\/media?parent=8957"}],"wp:term":[{"taxonomy":"product_brand","embeddable":true,"href":"https:\/\/feria-verde.com\/es\/wp-json\/wp\/v2\/product_brand?post=8957"},{"taxonomy":"product_cat","embeddable":true,"href":"https:\/\/feria-verde.com\/es\/wp-json\/wp\/v2\/product_cat?post=8957"},{"taxonomy":"product_tag","embeddable":true,"href":"https:\/\/feria-verde.com\/es\/wp-json\/wp\/v2\/product_tag?post=8957"}],"curies":[{"name":"wp","href":"https:\/\/api.w.org\/{rel}","templated":true}]}}