{"id":8958,"date":"2024-05-31T19:13:02","date_gmt":"2024-05-31T17:13:02","guid":{"rendered":"https:\/\/feria-verde.com\/?post_type=product&#038;p=8958"},"modified":"2025-04-06T17:09:21","modified_gmt":"2025-04-06T15:09:21","slug":"robot-piscine-dolphin-e30-avec-chariot-2","status":"publish","type":"product","link":"https:\/\/feria-verde.com\/es\/producto\/robot-piscine-dolphin-e30-avec-chariot-2\/","title":{"rendered":"Dolphin E30 robot de piscina con carro"},"content":{"rendered":"<p>Dolphin E30 robot de piscina con carro<br><br><br><img decoding=\"async\" src=\"https:\/\/www.piscine-center.net\/uppict\/fiche\/29414\/robot-piscine-dolphin-e30-piscine-center-1458062412.jpg\" alt=\"Robot de piscine Dolphin E30\"><br>Avec la gamme Dolphin, Maytronics propose \u00e0 l&rsquo;utilisateur un\u00a0<strong>robot de piscine\u00a0<\/strong>performant, facile et plaisant \u00e0 utiliser, et b\u00e9n\u00e9ficiant des derni\u00e8res innovations technologiques.<br><br>Le E30 est un robot \u00e9lectrique peu encombrant, qui offre toute la performance attendue d&rsquo;un\u00a0<strong>robot Dolphin.<\/strong><br>Id\u00e9al pour les piscines allant jusqu&rsquo;\u00e0 une\u00a0<strong>longueur de 12 m<\/strong>, il vous offrira un nettoyage multi-surfaces impeccable,\u00a0<strong>fond, parois et ligne d&rsquo;eau.<\/strong><br><br>Sa cassette de filtration accessible par le dessus ainsi que sa maniabilit\u00e9 imbattable vous permettront de maintenir un bassin propre en toutes circonstances.<br><br><br><img decoding=\"async\" src=\"https:\/\/www.piscine-center.net\/uppict\/fiche\/30024\/robot-piscine-dolphin-e30-avec-chariot-piscine-center-1618561917.jpg\" alt=\"pictogramme du robot de piscine dolphin e30 avec chariot\"><br>Le\u00a0<strong>robot de piscine<\/strong>\u00a0Dolphin E30 est une exclusivit\u00e9 chez nous.<br>Il b\u00e9n\u00e9ficie d&rsquo;une garantie de 5 ans.<br><br><strong>NB<\/strong>\u00a0: Robot livr\u00e9 avec panier filtrant, transformateur et chariot de transport et de stockage.<br><br><br><br><img decoding=\"async\" src=\"https:\/\/www.piscine-center.net\/uppict\/fiche\/29414\/robot-piscine-dolphin-e30-piscine-center-1458138597.jpg\" alt=\"Robot de piscine Dolphin E30 - synth\u00e8se\"><br>Robot Dolphin E30 &#8211; Descriptif<br><br><br><img decoding=\"async\" src=\"https:\/\/www.piscine-center.net\/uppict\/fiche\/30024\/robot-dolphin-e30-avec-chariot-piscine-center-1467036837.jpg\" alt=\"Robot piscine Dolphin E30 avec chariot\"><br>Con\u00e7u pour le nettoyage des bassins\u00a0<strong>jusqu&rsquo;\u00e0 12 m\u00e8tres\u00a0<\/strong>de long, le\u00a0<strong>robot \u00e9lectrique Dolphin E30\u00a0<\/strong>conjugue technicit\u00e9 et aisance en un seul appareil, compact et efficace.<br><br>Son encombrement r\u00e9duit et \u00e9tudi\u00e9 ainsi que ses performances d&rsquo;aspiration vous permettent d&rsquo;obtenir une piscine nette.\u00a0<strong>Le Dolphin E30 nettoiera le fond, les parois et la ligne d&rsquo;eau<\/strong>\u00a0de votre bassin quel que soit son rev\u00eatement.<br><br>Placez votre\u00a0<strong>robot piscine Dolphin E30\u00a0<\/strong>dans l&rsquo;eau, il effectuera un cycle de deux heures, de mani\u00e8re autonome, et vous permettra de profiter d&rsquo;une piscine nettoy\u00e9e sans efforts.<br>Les d\u00e9bris et les poussi\u00e8res sont recueillies dans le\u00a0<strong>panier filtrant amovible.\u00a0<\/strong>Les parois de ce dernier sont amovibles pour plus de facilit\u00e9 \u00e0 l&rsquo;entretien, et interchangeables.<br><br><br><img decoding=\"async\" src=\"https:\/\/www.piscine-center.net\/uppict\/fiche\/29414\/robot-piscine-dolphin-e30-piscine-center-1458137216.jpg\" alt=\"Robot de piscine Dolphin E30\"><br><strong>La technologie PowerStream(TM)\u00a0<\/strong>: Les robots nettoyeurs de piscine dot\u00e9s du syst\u00e8me brevet\u00e9 \u00ab Powerstream \u00bb se d\u00e9placent via un flux d\u2019eau multidirectionnel pour une navigation optimis\u00e9e et une adh\u00e9rence parfaite aux parois et \u00e0 la ligne d\u2019eau. Ils sont adapt\u00e9s \u00e0 tous types de rev\u00eatements et nettoient dans toutes les circonstances le fond, les parois et la ligne d\u2019eau.<br><br><strong>Filtraci\u00f3n\u00a0<\/strong>: Les salet\u00e9s et autres d\u00e9bris sont collect\u00e9s dans un filtre mobile. Les panneaux de ce dernier sont interchangeables et amovibles pour un entretien facile.<br><br>Un\u00a0<strong>jeu interchangeable de filtres<\/strong>\u00a0(fin et ultra fin) qui collectent les particules fines et les gros d\u00e9bris : 4 filtres de 50 microns et 2 filtres de 100 microns<br><br><br><img decoding=\"async\" src=\"https:\/\/www.piscine-center.net\/uppict\/fiche\/30024\/robot-piscine-dolphin-e30-avec-chariot-piscine-center-1622184446.jpg\" alt=\"panier de filtration pour robot Dolphin E30 avec chariot\"><br><strong>Brossage actif<\/strong>\u00a0: gr\u00e2ce \u00e0 ce m\u00e9canisme con\u00e7u par Maytronics, la vitesse de rotation de la brosse avant du Dolphin E30 est deux fois plus rapide que la vitesse de d\u00e9placement de l&rsquo;appareil. Cela permet de d\u00e9crocher ais\u00e9ment les salissures les plus tenaces (algues ou bact\u00e9ries) quelque soit le type de rev\u00eatement.<br><br><strong>Transformateur digital intuitif<\/strong>\u00a0: con\u00e7u de mani\u00e8re \u00e0 ne consommer que tr\u00e8s peu d&rsquo;\u00e9nergie, il se met en route par simple appui sur un bouton et permet de s\u00e9lectionner le programme de nettoyage.<br><br><br><img decoding=\"async\" src=\"https:\/\/www.piscine-center.net\/uppict\/fiche\/30024\/robot-dolphin-e30-avec-chariot-piscine-center-1467023459.jpg\" alt=\"Robot piscine Dolphin E30 avec chariot\"><br><strong>Ergonomique\u00a0<\/strong>: muni d&rsquo;une poign\u00e9e facilitant sa prise en main, et peu encombrant, le Dolphin E30 est l\u00e9ger (7.5 kg), ce qui facilite sa mise en eau, son retrait ainsi que son nettoyage.<br><br><strong>Chariot de transport<\/strong>\u00a0: Le Dolphin E30 est livr\u00e9 avec son chariot \u00e0 roues, qui vous permettra de le d\u00e9placer et de le stocker.<br><br><br><img decoding=\"async\" src=\"https:\/\/www.piscine-center.net\/uppict\/fiche\/29414\/robot-piscine-dolphin-e30-piscine-center-1463582265.jpg\" alt=\"Robot de piscine Dolphin E30 - schemas accesoires\"><br>Robot Dolphin E30 &#8211; Caract\u00e9ristiques techniques<br><br><br><img decoding=\"async\" src=\"https:\/\/www.piscine-center.net\/uppict\/fiche\/29414\/robot-piscine-dolphin-e30-piscine-center-1458813656.jpg\" alt=\"Robot de piscine Dolphin E30 - coffret electr(ique\"><br><strong>Nettoyage<\/strong>Fond et parois du bassin<br><strong>Rev\u00eatements<\/strong>Todos los tipos<br><strong>Dimensions du bassin<\/strong>12 x 6 m<br><strong>Filtraci\u00f3n<\/strong>Top Access &#8211; panneaux interchangeables<br><strong>Finesse de filtration panneaux fins<\/strong>50 \u00b5<br><strong>Finesse de filtration panneaux printemps<\/strong>100 \u00b5<br><strong>Cycle de nettoyage<\/strong>2 heures<br><strong>taux d&rsquo;aspiration<\/strong>15 m\u00b3\/h<br><strong>Longitud del cable<\/strong>18 m<br><strong>Poids net<\/strong>7.5 kg<br><strong>Alimentation<\/strong>Tranformateur \u00e9lectrique (commande digitale)<br><strong>Tension de sortie<\/strong>Max 30 V-DC<br><strong>Tension d&rsquo;entr\u00e9e<\/strong>110-130 V-AC \/ 220-230 V-AC \/ 50 &#8211; 60 Hz<br><strong>Protection<\/strong>IP54<br><strong>Tension moteur<\/strong>24 VDC<br><strong>Protection moteur<\/strong>IP68<br><strong>Garantie<\/strong> 5 a\u00f1os<br><br><br><img decoding=\"async\" src=\"https:\/\/www.piscine-center.net\/uppict\/fiche\/29414\/robot-piscine-dolphin-e30-piscine-center-1458122451.jpg\" alt=\"Robot Dolphin E30 - Batterie et Filtre\"><br>Robot Dolphin E30 &#8211; Utilisation<br><strong>Recommandations de s\u00e9curit\u00e9<\/strong>\u00a0:<br>&#8211; Le transformateur doit \u00eatre positionn\u00e9 \u00e0 une distance minimale de 3 m du bassin, au niveau du milieu de la longueur de celui-ci.<br>&#8211; Le c\u00e2ble \u00e9lectrique doit \u00eatre bien d\u00e9roul\u00e9 (sans n\u0153uds ni entortillement).<br>&#8211; Le transformateur doit \u00eatre raccord\u00e9 au robot avant d&rsquo;\u00eatre branch\u00e9 sur une prise \u00e9lectrique. Ne pas allumer l&rsquo;alimentation avant de l&rsquo;avoir raccord\u00e9e des deux c\u00f4t\u00e9s.<br><br><br><img decoding=\"async\" src=\"https:\/\/www.piscine-center.net\/uppict\/fiche\/29414\/robot-piscine-dolphin-e30-piscine-center-1458134958.jpg\" alt=\"Robot Dolphin E30 pour piscine 12 m - schema explications\"><br><strong>Manipulation du robot en d\u00e9but et en fin de cycle<\/strong>\u00a0:<br>&#8211; Une fois le bo\u00eetier \u00e9lectrique raccord\u00e9 et correctement positionn\u00e9, immerger le robot Dolphin E30 en le tenant par la poign\u00e9e puis en le laissant couler.<br>&#8211; Une fois le robot au fond de l&rsquo;eau, l&rsquo;alimentation peut \u00eatre allum\u00e9e (touche ON sur le transformateur)<br>&#8211; Une fois le cycle termin\u00e9, \u00e9teindre l&rsquo;alimentation, d\u00e9brancher le c\u00e2ble, et retirer le robot de la piscine, en prenant soin de laisser l&rsquo;eau s&rsquo;en \u00e9couler.<br><br><br><img decoding=\"async\" src=\"https:\/\/www.piscine-center.net\/uppict\/fiche\/29414\/robot-piscine-dolphin-e30-piscine-center-1463583207.jpg\" alt=\"Robot de piscine Dolphin E30  - maintenance filtre\"><br><strong>Nettoyage du filtre apr\u00e8s utilisation<\/strong>\u00a0:<br>&#8211; Ouvrir le capot sup\u00e9rieur du robot, et attraper le panier filtrant par la poign\u00e9e qui se sera automatiquement soulev\u00e9e<br>&#8211; Actionner le verrou inf\u00e9rieur de mani\u00e8re \u00e0 ouvrir le panneau du fond et vider le filtre<br>&#8211; Rincer le panier avec un jet d&rsquo;eau<br><strong>Nettoyage p\u00e9riodique mensuel du filtre<\/strong>\u00a0:<br>&#8211; Ouvrir le capot du robot, et retirer le panier gr\u00e2ce \u00e0 la poign\u00e9e.<br>&#8211; Retirer un \u00e0 un les 4 panneaux du panier ext\u00e9rieur (les panneaux num\u00e9rot\u00e9s de 1 \u00e0 4 doivent \u00eatre retir\u00e9s dans l&rsquo;ordre).<br>&#8211; Rincer chaque panneau sous un jet d&rsquo;eau<br>&#8211; Repositionner les panneaux num\u00e9rot\u00e9s, en respectant l&rsquo;ordre inverse (de 4 \u00e0 1).<br>&#8211; Replacer le panier filtrant int\u00e9rieur dans le bac et replacer le tout dans le capot du robot puis refermer le couvercle.<\/p>\n\n\n\n<p><\/p>\n\n\n\n<p><\/p>\n\n\n\n<p><\/p>","protected":false},"excerpt":{"rendered":"<div class=\"desc\">\n<div class=\"article-ref tite_description\">Votre piscine propre en 2 h avec le robot E30 par Dolphin Maytronics ! Pour bassins enterr\u00e9s (longueur maximale 12 m), nettoyage complet fond, parois et ligne d&rsquo;eau. Technologie Powerstream et brosse avant active, panier filtrant amovible Top Access avec 2 sets de parois interchangeables. Efficace, l\u00e9ger et ergonomique, livr\u00e9 avec chariot de transport et de stockage.<\/div>\n<\/div>","protected":false},"featured_media":8990,"comment_status":"closed","ping_status":"closed","template":"","meta":{"inline_featured_image":false},"product_brand":[],"product_cat":[60],"product_tag":[],"class_list":{"0":"post-8958","1":"product","2":"type-product","3":"status-publish","4":"has-post-thumbnail","6":"product_cat-robot-piscine","8":"first","9":"instock","10":"sale","11":"shipping-taxable","12":"purchasable","13":"product-type-simple"},"_links":{"self":[{"href":"https:\/\/feria-verde.com\/es\/wp-json\/wp\/v2\/product\/8958","targetHints":{"allow":["GET"]}}],"collection":[{"href":"https:\/\/feria-verde.com\/es\/wp-json\/wp\/v2\/product"}],"about":[{"href":"https:\/\/feria-verde.com\/es\/wp-json\/wp\/v2\/types\/product"}],"replies":[{"embeddable":true,"href":"https:\/\/feria-verde.com\/es\/wp-json\/wp\/v2\/comments?post=8958"}],"version-history":[{"count":0,"href":"https:\/\/feria-verde.com\/es\/wp-json\/wp\/v2\/product\/8958\/revisions"}],"wp:featuredmedia":[{"embeddable":true,"href":"https:\/\/feria-verde.com\/es\/wp-json\/wp\/v2\/media\/8990"}],"wp:attachment":[{"href":"https:\/\/feria-verde.com\/es\/wp-json\/wp\/v2\/media?parent=8958"}],"wp:term":[{"taxonomy":"product_brand","embeddable":true,"href":"https:\/\/feria-verde.com\/es\/wp-json\/wp\/v2\/product_brand?post=8958"},{"taxonomy":"product_cat","embeddable":true,"href":"https:\/\/feria-verde.com\/es\/wp-json\/wp\/v2\/product_cat?post=8958"},{"taxonomy":"product_tag","embeddable":true,"href":"https:\/\/feria-verde.com\/es\/wp-json\/wp\/v2\/product_tag?post=8958"}],"curies":[{"name":"wp","href":"https:\/\/api.w.org\/{rel}","templated":true}]}}