{"id":8959,"date":"2024-05-31T19:13:02","date_gmt":"2024-05-31T17:13:02","guid":{"rendered":"https:\/\/feria-verde.com\/?post_type=product&#038;p=8959"},"modified":"2025-04-06T17:14:08","modified_gmt":"2025-04-06T15:14:08","slug":"robot-piscine-dolphin-t60-prix-fabricant-2","status":"publish","type":"product","link":"https:\/\/feria-verde.com\/es\/producto\/robot-piscine-dolphin-t60-prix-fabricant-2\/","title":{"rendered":"Robot de piscina Dolphin T60 - Precio del fabricante"},"content":{"rendered":"<p>Robot DolphinT60 bluetooth\u00ae &#8211; Bassin jusqu&rsquo;\u00e0 15 m<br><br><br><img decoding=\"async\" src=\"https:\/\/www.piscine-center.net\/uppict\/fiche\/34906\/robot-dolphin-t60-piscine-center-1552898489.jpg\" alt=\"robot nettoyeur de piscine Dolphin t60 en situation\"><br><br><br><img decoding=\"async\" src=\"https:\/\/www.piscine-center.net\/uppict\/fiche\/34906\/robot-piscine-dolphin-t60-piscine-center-1674550379.jpg\" alt=\"pictogramme Robot DolphinT60 bluetooth\u00ae - Bassin jusqu'\u00e0 15 m\"><br>Id\u00e9al pour les\u00a0<strong>bassins jusqu&rsquo;\u00e0 15m<\/strong>\u00a0de longueur, le robot nettoyeur\u00a0<strong>Dolphin T60<\/strong>\u00a0par\u00a0<strong>Maytronics<\/strong>\u00a0brosse, frotte, aspire et filtre enti\u00e8rement le\u00a0<strong>fondo<\/strong>el\u00a0<strong>paredes<\/strong>\u00a0y el\u00a0<strong>l\u00ednea de agua<\/strong>\u00a0gr\u00e2ce \u00e0 sa\u00a0<strong>double motorisation<\/strong>\u00a0y\u00a0<strong>son gyroscope<\/strong>\u00a0int\u00e9gr\u00e9 qui lui permettent un meilleur d\u00e9placement et une pr\u00e9cision de nettoyage optimale.<br><br>Autonome, fiable et ultra performant, le robot \u00e9lectrique Dolphin T60 offre un cycle de nettoyage de\u00a0<strong>2h30<\/strong>.<br><br>Pour un meilleur\u00a0<strong>confort d&rsquo;utilisation<\/strong>, t\u00e9l\u00e9chargez l&rsquo;application\u00a0<strong>MyDolphin\u2122<\/strong>\u00a0sur votre smartphone et prenez le contr\u00f4le manuel de votre robot.<br><br>La garantie du robot Dolphin T60 est de\u00a0<strong>5 a\u00f1os<\/strong>.<br>Robot Dolphin T60 bluetooth\u00ae &#8211; Les points forts<br><br><br><img decoding=\"async\" src=\"https:\/\/www.piscine-center.net\/uppict\/fiche\/34906\/robot-dolphin-t60-piscine-center-1552900330.jpg\" alt=\"robot de nettoyage de piscine dolphin t60\"><br>Plus qu\u2019un simple robot nettoyeur de piscine, le T60 offre :<br>&#8211;\u00a0<strong>Des technologies de pointe<\/strong>,<br>&#8211;\u00a0<strong>Un logiciel intelligent<\/strong>\u00a0et auto r\u00e9glable pour un nettoyage optimal de votre bassin, quelle que soit sa taille ou sa forme,<br>&#8211;\u00a0<strong>Une double motorisation<\/strong>\u00a0pour plus de performance<br>&#8211;\u00a0<strong>Un collecte fiable<\/strong>\u00a0des salet\u00e9s et d\u00e9bris<br>&#8211;\u00a0<strong>Une double filtration<\/strong>\u00a0(fine et ultra fine) pour une efficacit\u00e9 en toutes circonstances<br>&#8211;\u00a0<strong>Un nettoyage pr\u00e9cis<\/strong>\u00a0de la ligne d\u2019eau, emp\u00eachant toute formation de pellicule grasse.<br>&#8211;\u00a0<strong>Des performances fiables<\/strong>\u00a0et durables<br>&#8211;\u00a0<strong>Un fonctionnement<\/strong>\u00a0enti\u00e8rement automatis\u00e9<br>&#8211;\u00a0<strong>Un Syst\u00e8me\u00a0<\/strong>anti-obstacles<br>&#8211;\u00a0<strong>Un Syst\u00e8me de protection<\/strong>\u00a0du moteur<br>&#8211;\u00a0<strong>Un entretien facile\u00a0<\/strong>et avantageux : Con\u00e7u pour durer.<br>&#8211;\u00a0<strong>Un diagnostic automatique<\/strong>\u00a0int\u00e9gr\u00e9<br>&#8211;\u00a0<strong>Un entretien simple<\/strong>\u00a0\u00e0 r\u00e9aliser<br>&#8211;\u00a0<strong>Une Garantie totale<\/strong>\u00a0de 5 ans<br><br>Outre toutes ses fonctionnalit\u00e9s, vous pourrez t\u00e9l\u00e9charger\u00a0<strong>l&rsquo;application MyDolphin\u2122<\/strong>\u00a0pour contr\u00f4ler la navigation et la s\u00e9lection du programme de nettoyage \u00e0 distance de votre robot de piscine Dolphin T60 directement de votre tablette ou de votre smartphone !<br><strong>EQUIPEMENTS FOURNIS<\/strong><br><br><br><img decoding=\"async\" src=\"https:\/\/www.piscine-center.net\/uppict\/fiche\/34906\/robot-piscine-dolphin-t60-piscine-center-1554452823.jpg\" alt=\"accessoires du robot de piscine dolphin t60\"><br><strong>Le T60 vous sera fourni avec\u00a0<\/strong>:<br>&#8211; son transformateur tactile \u00e0 basse consommation d&rsquo;\u00e9nergie,<br>&#8211; ses cartouches filtrantes (filtre fin et ultra fin)<br>&#8211; son c\u00e2ble Swivel de 18 m.<br>&#8211; Son caddy de transport<br><br>Robot Dolphin T60 bluetooth\u00ae &#8211; Le Descriptif<br>Le Dolphin T60 est un robot nettoyeur de piscine haut de gamme qui offre aux utilisateurs des capacit\u00e9s avanc\u00e9es qui lui permettent de contr\u00f4ler ses fonctions de nettoyage du fond, des parois et de la ligne d&rsquo;eau via l&rsquo;application MyDolphin\u2122 !<br><br>Vous pouvez contr\u00f4ler votre robot via\u00a0<strong>son transformateur<\/strong>\u00a0ou par simple utilisation de\u00a0<strong>l&rsquo;application MyDolphin \u2122<\/strong>\u00a0sur votre smartphone, ou tablette.<br><strong>APPLICATION MYDOLPHIN\u2122<\/strong><br><br><br><img decoding=\"async\" src=\"https:\/\/www.piscine-center.net\/uppict\/fiche\/34914\/robot-dolphin-t45-piscine-center-1552644289.jpg\" alt=\"application du robot de piscine dolphin t45\"><br>Simple d&rsquo;utilisation\u00a0<strong>l&rsquo;application MyDolphin\u2122\u00a0<\/strong>permet de contr\u00f4ler \u00e0 distance votre robot de nettoyage Dolphin T60 \u00e0 l&rsquo;aide de\u00a0<strong>Bluetooth\u00ae<\/strong>. Vous pourrez ainsi naviguer manuellement.<br>&#8211; L&rsquo;application MyDolphin\u2122 peut \u00eatre installer sur la plupart des appareils mobiles en particulier sur\u00a0<strong>IPhone 4<\/strong>\u00a0avec iOS 6 (et plus r\u00e9cent), et<strong>\u00a0Android 4.4\u00a0<\/strong>(et plus r\u00e9cent), y compris les tablettes.<br><br>1) V\u00e9rifier que l&rsquo;alimentation \u00e9lectrique soit branch\u00e9e \u00e0 votre robot Dolphin et \u00e0 une source \u00e9lectrique.<br>&#8211; Plonger le robot dans l&rsquo;eau<br>&#8211; Activer le Bluetooth\u00ae sur votre smartphone<br>&#8211; T\u00e9l\u00e9charger et activer l\u2019application MyDolphin\u2122 (Une fois t\u00e9l\u00e9charg\u00e9e, l\u2019application recherchera et affichera le n\u00b0 de s\u00e9rie du robot Dolphin le plus proche)<br>&#8211; Cliquer sur le n\u00b0 de s\u00e9rie de votre robot Dolphin qui s\u2019affiche \u00e0 l\u2019\u00e9cran.<br>S&rsquo;inscrire en saisissant votre adresse email et en cr\u00e9ant votre mot de passe<br>&#8211; Votre smartphone compl\u00e9tera l\u2019appariement Bluetooth\u00ae.<br>&#8211;\u00a0<strong>dolphinpoolrobot.com\/mydolphin-app-ios<\/strong><br>&#8211;\u00a0<strong>dolphinpoolrobot.com\/mydolphin-app-android<\/strong><br><br><strong>Pour plus de renseignement se connecter au http:\/\/mydolphin-app.com\/<\/strong><br><br><strong>CARACT\u00c9RISTIQUES DE L&rsquo;APPLICATION<\/strong><br><br><br><img decoding=\"async\" src=\"https:\/\/www.piscine-center.net\/uppict\/fiche\/34916\/robot-dolphin-t55i-piscine-center-1552655651.jpg\" alt=\"application du robot piscine t55i \"><br>&#8211; L&rsquo;application MyDolphin\u2122 vous permettra d&rsquo;effectuer des man\u0153uvres manuelles avec votre robot dans les endroits que vous voulez en tra\u00eenant la poign\u00e9e dans les directions d\u00e9sir\u00e9es.<br>&#8211; Vous pourrez ainsi nettoyer efficacement et rapidement les endroits difficiles d&rsquo;acc\u00e8s.<br>&#8211; Vous pouvez choisir aussi le mode \u00ab\u00a0Inclinaison\u00a0\u00bb (Tilt) pour cr\u00e9er une exp\u00e9rience r\u00e9aliste et man\u0153uvrer votre T60 en inclinant le smartphone selon des angles diff\u00e9rents.<br><strong>SIMPLE A MANIPULER<\/strong><br><strong>Manipulation ais\u00e9e:<\/strong>\u00a0: Le robot \u00e9lectrique Dolphin T60 est facile \u00e0 manier et \u00e0 entretenir.<br><br><br><img decoding=\"async\" src=\"https:\/\/www.piscine-center.net\/uppict\/fiche\/34906\/robot-dolphin-t60-piscine-center-1552900595.jpg\" alt=\"caract\u00e9ristiques techniques du robot de piscine Dolphin T60\"><br>&#8211;\u00a0<strong>Syst\u00e8me gyroscopique de balayage<\/strong>\u00a0:<br>unique assure une couverture compl\u00e8te de tous types de bassins, y compris ceux \u00e0 forme sp\u00e9ciale et avec obstacles.<br>&#8211;\u00a0<strong>Autonome<\/strong>\u00a0:<br>Le robot ne n\u00e9cessite aucun branchement ni pr\u00e9 -installation \u00e0 la piscine.<br>&#8211;\u00a0<strong>Cycle rapide<\/strong>\u00a0:<br>Il nettoie en int\u00e9gralit\u00e9 votre piscine en un cycle de 2h30.<br><strong>Transformateur \u00e0 d\u00e9marrage rapide (Plug-and-play\u00a0<\/strong>: con\u00e7u de mani\u00e8re \u00e0 ne consommer que tr\u00e8s peu d&rsquo;\u00e9nergie, il se met en route par simple appui sur la touche tactile pour d\u00e9marrer son cycle.<br><br><br><img decoding=\"async\" src=\"https:\/\/www.piscine-center.net\/uppict\/fiche\/34906\/robot-dolphin-t60-piscine-center-1552900636.jpg\" alt=\"brosse combin\u00e9e du robot de piscine dolphin t60\"><br>&#8211;\u00a0<strong>Cepillo combinado<\/strong>\u00a0recommand\u00e9e pour tous type de rev\u00eatements.<br>&#8211;\u00a0<strong>Double motorisation<\/strong>\u00a0: Pour plus de performance.Le T60 Brosse et frotte efficacement le fond et les parois de votre piscine pour r\u00e9duire le d\u00e9veloppement d&rsquo;algues et assurer une eau saine, propre et hygi\u00e9nique.<br><br><br><img decoding=\"async\" src=\"https:\/\/www.piscine-center.net\/uppict\/fiche\/34906\/robot-piscine-dolphin-t60-piscine-center-1554387048.jpg\" alt=\"brosse active du robot t60 dolphin gamme t\"><br><strong>La filtration<\/strong>\u00a0: Filtre multicouches, s\u00e9pare et filtre simultan\u00e9ment les gros d\u00e9bris, les fines et ultrafines particules, pour une filtration efficace sans risque de colmatage. Panneaux de filtration amovibles pour un nettoyage facile.<br><br><br><img decoding=\"async\" src=\"https:\/\/www.piscine-center.net\/uppict\/fiche\/34906\/robot-dolphin-t60-piscine-center-1552901162.jpg\" alt=\"chariot de stockage pour le robot de piscine dolphin t60\"><br><strong>Le caddy Premium<\/strong>\u00a0:<br>Robuste et l\u00e9ger. Il vous facilitera grandement le d\u00e9placement de votre robot et vous permettra de ranger celui-ci quand vous en avez pas l&rsquo;utilit\u00e9.<br>Robot DolphinT60 bluetooth\u00ae &#8211; Les Caract\u00e9ristiques techniques<br><strong>CARACT\u00c9RISTIQUES G\u00c9N\u00c9RALES<\/strong><br><strong>Marque<\/strong>DolphinT60\/ Maytronics<br><strong>Tipo de robot<\/strong>El\u00e9ctrico<br><strong>Tipo de viaje<\/strong>Autom\u00e1tico<br><strong>Tipo de piscina<\/strong>Tous : Hors sol &#8211; Fond plat &#8211; Pente douce ou forte &#8211; pointes de diamant &#8211; il\u00f6t<br><strong>Tipo de revestimiento<\/strong>Liner &#8211; PVC arm\u00e9 &#8211; B\u00e9ton peint<br><strong>Forma de la piscina<\/strong>Tous : Rond &#8211; Ovale &#8211; Rectangulaire &#8211; complexes &#8211; Autre..<br><strong>Tama\u00f1o de la piscina<\/strong>Jusqu&rsquo;\u00e0 15m de long<br><strong>Tipo de limpieza<\/strong>Fond &#8211; Parois &#8211; Ligne d&rsquo;eau<br><strong>Filtraci\u00f3n<\/strong>Cartouches avec filtres + 4<br><strong>Cepillo<\/strong>PVC<br><strong>Accesorios incluidos<\/strong>Transformateur \u00e9lectrique commande digitale<br><strong>Caddy de transport<\/strong>Inclus<br><strong>Peso<\/strong>10 kg<br><strong>Garantie<\/strong>5 a\u00f1os<br><strong>DATOS T\u00c9CNICOS<\/strong><br><strong>Aplicaci\u00f3n<\/strong>IOS &amp; ANDROID<br><strong>Dur\u00e9e du cycle<\/strong>2h30<br><strong>Longitud del cable<\/strong>18 m<br><strong>Swivel<\/strong>Oui<br><strong>Finura de filtraci\u00f3n<\/strong>50\u00b5 &#8211; 100\u00b5<br><strong>Caudal de aspiraci\u00f3n<\/strong>17 m\u00b3\/h<br><strong>Profondeur minimale<\/strong>0.80m\/2.6ft<br><strong>Profondeur maximale<\/strong>5m\/16.4ft<br><strong>DATOS EL\u00c9CTRICOS<\/strong><br><strong>Protecci\u00f3n Transfo<\/strong>IP 54<br><strong>Protecci\u00f3n del motor<\/strong>IP 68<br><strong>Entr\u00e9e<\/strong>100-130 AC Volts\/220-230 AC Volts<br><strong>Sortie<\/strong>&#8211; de 30 VDC<br><strong>Hertz<\/strong>50-60<br>Robot Dolphin T60 &#8211; L&rsquo;Utilisation<br><strong>NETTOYAGE DU PANIER FILTRANT<\/strong><br><br><br><img decoding=\"async\" src=\"https:\/\/www.piscine-center.net\/uppict\/fiche\/34906\/robot-piscine-dolphin-t60-piscine-center-1554453293.jpg\" alt=\"entretien du filtre de robot  de nettoyage de piscine Dolphin T60\"><br><strong>Il est conseill\u00e9 de nettoyer son panier filtrant apr\u00e8s chaque utilisation et surtout avant qu&rsquo;il ne s\u00e8che.<\/strong><br>&#8211; Mettre le robot hors tension<br>&#8211; Ouvrir le couvercle du filtre au dessus du robot<br>&#8211; Retirer les cartouches des 2 c\u00f4t\u00e9s du robot<br>&#8211; Ouvrir les attaches et retirer les filtres<br>&#8211; Nettoyer tout simplement les filtres avec un jet d&rsquo;eau et les remettre en place.<br><strong>CONSEILS DE S\u00c9CURIT\u00c9<\/strong><br><br><br><img decoding=\"async\" src=\"https:\/\/www.piscine-center.net\/uppict\/fiche\/34906\/robot-dolphin-t60-piscine-center-1554285490.jpg\" alt=\"installation du robot dolphin t60 \"><br>&#8211; D\u00e9brancher la source \u00e9lectrique avant toute manipulation ou entretien du robot<br>&#8211; V\u00e9rifier que le c\u00e2ble d&rsquo;alimentation ne comporte ni plis ni entortillements<br>&#8211; Utiliser exclusivement le transformateur \u00e9lectrique d&rsquo;origine fourni avec le robot<br>&#8211; Le transformateur doit \u00eatre plac\u00e9 vers le milieu de la piscine et au moins \u00e0 3 m du rebord<br>&#8211; Le transformateur doit \u00eatre d&rsquo;abord raccord\u00e9 sur le robot puis sur la prise de courant (ne jamais utiliser de rallonge)<br>&#8211; Ne pas entrer dans la piscine lorsque le robot est en marche<br><br><br><strong>MISE EN ROUTE ET RETRAIT<\/strong><br><br><br><img decoding=\"async\" src=\"https:\/\/www.piscine-center.net\/uppict\/fiche\/34906\/robot-dolphin-t60-piscine-center-1554285774.jpg\" alt=\"mise en route du robot de piscine dolphin t60\"><br>&#8211; Suivre les consignes de s\u00e9curit\u00e9 et pr\u00e9parer le transformateur<br>&#8211; D\u00e9faire la longueur de c\u00e2ble flotteur n\u00e9cessaire pour une bonne couverture de la piscine<br>&#8211; Plonger le robot dans la piscine \u00e0 l&rsquo;aide de sa poign\u00e9e et le laisser couler au fond<br>&#8211; Mettre l&rsquo;appareil sous tension \u00ab\u00a0ON\u00a0\u00bb. Il fonctionnera jusqu&rsquo;\u00e0 la fin.<br>&#8211; Lorsque le cycle est termin\u00e9, couper le courant \u00ab\u00a0OFF\u00a0\u00bbet d\u00e9brancher le transformateur<br>&#8211; Ramener le robot T60 au bord de la piscine avec son c\u00e2ble de flottaison<br>&#8211; Sortir le robot de l&rsquo;eau \u00e0 l&rsquo;aide de sa poign\u00e9e<br>&#8211; Attendre que l&rsquo;eau se vide au bord du bassin<br>&#8211;\u00a0<strong>Ne jamais retirer le robot de la piscine en tirant sur son c\u00e2ble de flottaison<\/strong><br><strong>STOCKAGE HORS SAISON<\/strong><br><strong>Durant la p\u00e9riode hivernale, entreposer le robot nettoyeur en suivant quelques \u00e9tapes :<\/strong><br>&#8211; D\u00e9brancher le T60 de la prise de courant.<br>&#8211; V\u00e9rifier qu&rsquo;il ne reste plus d&rsquo;eau \u00e0 l&rsquo;int\u00e9rieur.<br>&#8211; Nettoyer le panier filtrant et le remettre en place.<br>&#8211; Enrouler le c\u00e2ble sans plis.<br>&#8211; Ranger le robot sur son caddy de stockage.<br>&#8211; Ranger dans un endroit abrit\u00e9 de la lumi\u00e8re, de la pluie et de la neige.<br>&#8211; Stocker dans un lieu o\u00f9 la temp\u00e9rature est comprise entre 5\u00b0et 45\u00b0.<br><br><br><img decoding=\"async\" src=\"https:\/\/www.piscine-center.net\/uppict\/fiche\/31962\/dolphin-e25-piscine-center-1492782583.jpg\" alt=\"picto de stockage du robot de nettoyage de piscine Dolphin E25\"><\/p>\n\n\n\n<p><\/p>\n\n\n\n<p><\/p>\n\n\n\n<p><\/p>","protected":false},"excerpt":{"rendered":"<div class=\"desc\">\n<div class=\"article-ref tite_description\">Le Dolphin T60 nettoie minutieusement le fond, les parois et la ligne d&rsquo;eau de tous types de piscines n&rsquo;exc\u00e9dant pas 15 m de long. Technologies de nettoyage les plus avanc\u00e9es, cartouches filtrantes accessibles par le haut, brosses combin\u00e9es, cycle de 2h30, c\u00e2ble Swivel (anti-torsion), le T60 a tout pour plaire !! Totalement autonome, vous pouvez le piloter \u00e0 distance si vous le souhaitez, il suffit d&rsquo;utiliser l&rsquo;application mobile MyDolphin \u00e0 partir de votre tablette ou de votre Smartphone. Garantie 5 ans.<\/div>\n<\/div>","protected":false},"featured_media":8993,"comment_status":"closed","ping_status":"closed","template":"","meta":{"inline_featured_image":false},"product_brand":[],"product_cat":[60],"product_tag":[],"class_list":{"0":"post-8959","1":"product","2":"type-product","3":"status-publish","4":"has-post-thumbnail","6":"product_cat-robot-piscine","8":"first","9":"instock","10":"sale","11":"shipping-taxable","12":"purchasable","13":"product-type-simple"},"_links":{"self":[{"href":"https:\/\/feria-verde.com\/es\/wp-json\/wp\/v2\/product\/8959","targetHints":{"allow":["GET"]}}],"collection":[{"href":"https:\/\/feria-verde.com\/es\/wp-json\/wp\/v2\/product"}],"about":[{"href":"https:\/\/feria-verde.com\/es\/wp-json\/wp\/v2\/types\/product"}],"replies":[{"embeddable":true,"href":"https:\/\/feria-verde.com\/es\/wp-json\/wp\/v2\/comments?post=8959"}],"version-history":[{"count":0,"href":"https:\/\/feria-verde.com\/es\/wp-json\/wp\/v2\/product\/8959\/revisions"}],"wp:featuredmedia":[{"embeddable":true,"href":"https:\/\/feria-verde.com\/es\/wp-json\/wp\/v2\/media\/8993"}],"wp:attachment":[{"href":"https:\/\/feria-verde.com\/es\/wp-json\/wp\/v2\/media?parent=8959"}],"wp:term":[{"taxonomy":"product_brand","embeddable":true,"href":"https:\/\/feria-verde.com\/es\/wp-json\/wp\/v2\/product_brand?post=8959"},{"taxonomy":"product_cat","embeddable":true,"href":"https:\/\/feria-verde.com\/es\/wp-json\/wp\/v2\/product_cat?post=8959"},{"taxonomy":"product_tag","embeddable":true,"href":"https:\/\/feria-verde.com\/es\/wp-json\/wp\/v2\/product_tag?post=8959"}],"curies":[{"name":"wp","href":"https:\/\/api.w.org\/{rel}","templated":true}]}}