{"id":8960,"date":"2024-05-31T19:13:02","date_gmt":"2024-05-31T17:13:02","guid":{"rendered":"https:\/\/feria-verde.com\/?post_type=product&#038;p=8960"},"modified":"2025-04-06T17:07:53","modified_gmt":"2025-04-06T15:07:53","slug":"robot-piscine-dolphin-e25-prix-fabricant-2","status":"publish","type":"product","link":"https:\/\/feria-verde.com\/es\/producto\/robot-piscine-dolphin-e25-prix-fabricant-2\/","title":{"rendered":"Robot de piscina Dolphin E25 - Precio del fabricante"},"content":{"rendered":"<p>Robot Dolphin E25<br><br><br><img decoding=\"async\" src=\"https:\/\/www.piscine-center.net\/uppict\/fiche\/31962\/dolphin-e25-piscine-center-1492594525.jpg\" alt=\"Robot \u00e9lectrique de nettoyage de piscine Dolphin E25 \"><br>Riche de son exp\u00e9rience en terme de nettoyage automatis\u00e9 de piscine,\u00a0<strong>Maytronics<\/strong>\u00a0pr\u00e9sente son nouveau robot\u00a0<strong>Dolphin E25<\/strong>, le grand fr\u00e8re du E20\u00a0<strong>disponible uniquement chez nous.<\/strong>\u00a0L\u00e9ger et facilement maniable, il est id\u00e9al pour nettoyer efficacement le fond et les parois des bassins de tailles moyennes (jusqu&rsquo;\u00e0 10m) quelque soit leurs rev\u00eatements y compris les piscines hors sol.\u00a0<strong>\u00c9quip\u00e9 d\u2019un programmateur hebdomadaire<\/strong>\u00a0qui permet de configurer un programme de nettoyage automatique sur une semaine pour une dur\u00e9e de cycle de\u00a0<strong>2h<\/strong>.<br><br><br><img decoding=\"async\" src=\"https:\/\/www.piscine-center.net\/uppict\/fiche\/31962\/robot-piscine-dolphin-e25-piscine-center-1618560587.jpg\" alt=\"Pictogramme du robot de piscine Dolphin E25\"><br>Le nettoyeur de piscine Dolphin E25 poss\u00e8de des\u00a0<strong>technologies de nettoyage d\u00e9velop\u00e9es<\/strong>,<br>offre des\u00a0<strong>performances durables<\/strong>\u00a0et s&rsquo;<strong>entretient facilement<\/strong>.<br>Les points forts du robot Dolphin E25<br><br><br><img decoding=\"async\" src=\"https:\/\/www.piscine-center.net\/uppict\/fiche\/31962\/dolphin-e25-piscine-center-1492779632.jpg\" alt=\"robot pour piscine Dolphin E25 en situation\"><br><strong>Le robot E25 poss\u00e8de tous les atouts pour vous plaire\u00a0<\/strong>: Un design moderne, un poids plume, un prix attractif et un\u00a0<strong>\u00e9quipement tout confort\u00a0<\/strong>: Brosse active, panier filtrant Top Access, une poign\u00e9e ergonomique et un\u00a0<strong>programmateur hebdomadaire<\/strong>\u00a0pour vous faciliter la vie !<br><br><strong>UNE UTILISATION SIMPLE ET SANS EFFORTS<\/strong><br>&#8211;\u00a0<strong>L\u00e9ger et ergonomique<\/strong>\u00a0: Gr\u00e2ce \u00e0 son poids de\u00a0<strong>6.5 Kg<\/strong>\u00a0et sa poign\u00e9e ergonomique, le Dolphin E25 est facile \u00e0 manipuler et \u00e0 transporter.<br>&#8211;\u00a0<strong>Acc\u00e8s facile<\/strong>\u00a0: Angle d&rsquo;ouverture au dessus du robot pour faciliter l&rsquo;acc\u00e8s au panier de filtration.<br>&#8211;\u00a0<strong>Facilit\u00e9 de nettoyage du panier de filtration\u00a0<\/strong>: Gr\u00e2ce \u00e0 son syst\u00e8me de panneaux filtrants totalement amovibles.<br>&#8211;\u00a0<strong>\u00c9vacuation rapide et propre de l&rsquo;eau<\/strong>\u00a0: Permet de sortir votre robot Dolphin E25 de la piscine sans effort.<br><strong>UNE EXCELLENTE PERFORMANCE<\/strong><br>&#8211;\u00a0<strong>Brossage actif<\/strong>\u00a0: Qui permet d&rsquo;\u00e9liminer les impuret\u00e9s les plus tenaces et \u00e9viter l&rsquo;accumulation d&rsquo;algues et de bact\u00e9ries dans votre piscine.<br>&#8211;\u00a0<strong>Filtration Efficace et simple \u00e0 utiliser<\/strong>\u00a0: Le E25 aspire les fines poussi\u00e8res comme les gros d\u00e9bris.<br><strong>UNE PARFAITE AUTONOMIE<\/strong><br>&#8211;\u00a0<strong>Intelligent<\/strong>\u00a0: Il nettoie en toute autonomie le fond et les parois de tous types de rev\u00eatements et tous types de bassins allant jusqu&rsquo;\u00e0 10 m en seulement 2h.<br>&#8211;\u00a0<strong>Arr\u00eat automatique :<\/strong>\u00a0S&rsquo;arr\u00eate automatiquement \u00e0 la fin du cycle.<br>&#8211;\u00a0<strong>Syst\u00e8me De Navigation Clever-Clean\u2122<\/strong>\u00a0: Il calcule la longueur et la largeur du bassin pour une couverture optimale et permet au robot de garder sa trajectoire en contournant les obstacles rencontr\u00e9s sur son chemin.<br>&#8211;\u00a0<strong>Pr\u00eat \u00e0 l&#8217;emploi :<\/strong>\u00a0Le Dolphin E25 ne n\u00e9cessite aucune pr\u00e9-installation ni branchement aux syst\u00e8me de la piscine. Branchez-le \u00e0 une source \u00e9lectrique et regardez-le travailler tout seul !<br><strong>PROGRAMMATEUR HEBDOMADAIRE<\/strong><br>Lorsque l\u2019alimentation \u00e9lectrique est allum\u00e9e, vous pouvez appuyer sur le bouton \u00ab Programmateur Hebdomadaire \u00bb pour s\u00e9lectionner l\u2019un des programmes suivants pour la semaine :<br><strong>1 clic<\/strong>\u00a0: Le robot se mettra automatiquement en route chaque jour pour un cycle complet, soit une fois par jour pendant 7 jours.<br><strong>2 clics<\/strong>\u00a0: Le robot se mettra automatiquement en route tous les 2 jours, soit 4 fois par semaine.<br><strong>3 clics<\/strong>\u00a0: Le robot se mettra automatiquement en route tous les 3 jours, soit 3 fois par semaine.<br><strong>UNE TRANQUILLIT\u00c9 ASSUR\u00c9E<\/strong><br>&#8211;\u00a0<strong>Sans risque<\/strong>\u00a0: Le E25 est sans risque pour l&rsquo;utilisateur. Aliment\u00e9 par un transformateur 24 V, il est puissant mais peu gourmand en consommation \u00e9nerg\u00e9tique.<br>&#8211;\u00a0<strong>Sa fiabilit\u00e9 prouv\u00e9<\/strong>\u00a0: Con\u00e7u par Maytronics leader en terme de robot de nettoyage de piscine.<br>&#8211;\u00a0<strong>Entretien et r\u00e9paration :\u00a0<\/strong>Faciles et rapides.<br><strong>UNE GARANTIE LONGUE DUR\u00c9E<\/strong><br>La garantie du robot Dolphin E25 est de\u00a0<strong>5 a\u00f1os<\/strong>.<br><br><br><img decoding=\"async\" src=\"https:\/\/www.piscine-center.net\/uppict\/fiche\/31962\/dolphin-e25-piscine-center-1493023628.jpg\" alt=\"Dolphin E25 en situation\"><br>Descriptif du robot Dolphin E25<br><br><br><img decoding=\"async\" src=\"https:\/\/www.piscine-center.net\/uppict\/fiche\/31962\/dolphin-e25-piscine-center-1492769159.jpg\" alt=\"d\u00e9tails du robot de nettoyage de piscine Dolphin E25 \"><br>Alliant\u00a0<strong>robustez<\/strong>,\u00a0<strong>design<\/strong>\u00a0y\u00a0<strong>performance<\/strong>, le robot Dolphin E25 nettoie efficacement le fond et les parois de votre bassin allant jusqu&rsquo;\u00e0\u00a0<strong>10 m\u00e8tres<\/strong>\u00a0en un cycle de\u00a0<strong>2h<\/strong>. Le Dolphin E25 est adapt\u00e9 pour :<br><br>&#8211;\u00a0<strong>Tous types de piscine<\/strong>\u00a0: Piscines enterr\u00e9es priv\u00e9es et piscines hors sol avec parois rigides, jusqu&rsquo;\u00e0 10 m de longueurs<br><br>&#8211;\u00a0<strong>Toutes formes de bassin\u00a0<\/strong>: Rectangulaires, ovales, rondes et formes libres<br><br>&#8211;\u00a0<strong>Tous type de fond<\/strong>\u00a0: Hors sol, Fond plat, Pente douce&#8230;<br><br>&#8211;\u00a0<strong>Tous rev\u00eatements<\/strong>\u00a0: Carrelage, liner, coque polyester, PVC arm\u00e9, b\u00e9ton peint<br><br><br><img decoding=\"async\" src=\"https:\/\/www.piscine-center.net\/uppict\/fiche\/31962\/dolphin-e25-piscine-center-1493022519.jpg\" alt=\"D\u00e9tail du robot de nettoyage de piscine Dolphin E25 \"><br><br><br><img decoding=\"async\" src=\"https:\/\/www.piscine-center.net\/uppict\/fiche\/31962\/dolphin-e25-piscine-center-1493023026.jpg\" alt=\"caract\u00e9ristiques techniques du robot de piscine Dolphin E25\"><br><strong>BROSSAGE ACTIF<\/strong><br><br><br><img decoding=\"async\" src=\"https:\/\/www.piscine-center.net\/uppict\/fiche\/31962\/dolphin-e25-piscine-center-1492770568.jpg\" alt=\"brosse PVC du robot Dolphin E25\"><br>Gr\u00e2ce \u00e0 sa\u00a0<strong>brosse active<\/strong>\u00a0qui poss\u00e8de une vitesse sup\u00e9rieure \u00e0 celle du robot, les impuret\u00e9s et les bact\u00e9ries coll\u00e9es sont compl\u00e8tement d\u00e9sincrust\u00e9es par ses lamelles pour un\u00a0<strong>nettoyage impeccable<\/strong>\u00a0du fond et des parois de votre piscine quelque soit le rev\u00eatement. Ce syst\u00e8me de brossage actif emp\u00eache la prolif\u00e9ration d&rsquo;algues et contribue \u00e0 la diminution de produits chimiques dans votre bassin.<br><strong>PANIER DE FILTRATION<\/strong><br><br><br><img decoding=\"async\" src=\"https:\/\/www.piscine-center.net\/uppict\/fiche\/31962\/dolphin-e25-piscine-center-1493024228.jpg\" alt=\"panier filtrant top access robot nettoyage  piscine Dolphin E25\"><br>Le robot de nettoyage\u00a0<strong>Dolphin E25<\/strong>\u00a0aspire directement les fines poussi\u00e8res et m\u00eame les gros d\u00e9bris via son clapet inf\u00e9rieur et les r\u00e9colte dans son panier filtrant d&rsquo;une finesse de\u00a0<strong>100\u00b5<\/strong>.<br>Le panier se d\u00e9monte facilement et se nettoie rapidement d&rsquo;un simple jet d&rsquo;eau.<br><strong>NETTOYAGE DU PANIER FILTRANT<\/strong><br><br><br><img decoding=\"async\" src=\"https:\/\/www.piscine-center.net\/uppict\/fiche\/31962\/dolphin-e25-piscine-center-1493029548.jpg\" alt=\"entretien du robot  de nettoyage de piscine Dolphin E25\"><br><strong>Il est conseill\u00e9 de nettoyer son panier filtrant apr\u00e8s chaque utilisation et surtout avant qu&rsquo;il ne s\u00e8che.<\/strong><br>&#8211; Mettre le robot hors tension<br>&#8211; Ouvrir le couvercle du filtre au dessus du robot<br>&#8211; Lorsque le capot est ouvert, la poign\u00e9e se soul\u00e8ve automatiquement<br>&#8211; Sortir le panier du robot<br>&#8211; Ouvrir le loquet sur la partie inf\u00e9rieure du panier afin d&rsquo;\u00e9vacuer les salet\u00e9s<br>&#8211; Nettoyer tout simplement le panier filtrant avec un jet d&rsquo;eau et le remettre en place.<br>&#8211; Vous pouvez \u00e9galement \u00f4ter chaque panneau lat\u00e9ral pour un meilleur nettoyage.<br><strong>EQUIPEMENTS FOURNIS<\/strong><br><br><br><img decoding=\"async\" src=\"https:\/\/www.piscine-center.net\/uppict\/fiche\/31962\/dolphin-e25-piscine-center-1492777847.jpg\" alt=\"\u00e9quipement complet du robot \u00e9lectrique piscine Dolphin E25 \"><br>Le E25 est livr\u00e9 avec son\u00a0<strong>c\u00e2ble<\/strong>\u00a0de 15 m, son\u00a0<strong>panier filtrant Top Access<\/strong>\u00a0et son\u00a0<strong>transformateur \u00e9lectrique<\/strong>\u00a0basse tension \u00e0 commande digitale. Cycle de 2h programmable.<br>Caract\u00e9ristiques du robot Dolphin E25<br><br><br><img decoding=\"async\" src=\"https:\/\/www.piscine-center.net\/uppict\/fiche\/31962\/dolphin-e25-piscine-center-1493027882.jpg\" alt=\"D\u00e9tails du Dolphin E25 robot de piscine \"><br><strong>CARACT\u00c9RISTIQUES G\u00c9N\u00c9RALES<\/strong><br><strong>Marque<\/strong>Dolphin E25 \/ Maytronics<br><strong>Tipo de robot<\/strong>El\u00e9ctrico<br><strong>Tipo de viaje<\/strong>Autom\u00e1tico<br><strong>Tipo de piscina<\/strong>Tous &#8211; Hors sol &#8211; Fond plat &#8211; Pente douce<br><strong>Tipo de revestimiento<\/strong>Tous : Liner &#8211; PVC &#8211; B\u00e9ton &#8211; Fibre de verre&#8230;.<br><strong>Forma de la piscina<\/strong>Todos : Redondos - Ovalados - Rectangulares - Otros...<br><strong>Tama\u00f1o de la piscina<\/strong>jusqu&rsquo;\u00e0 10 m<br><strong>Tipo de limpieza<\/strong>Fond &#8211; Parois de la piscine<br><strong>Filtraci\u00f3n<\/strong>Panier filtrant amovible Top Access<br><strong>Cepillo<\/strong>PVC<br><strong>Accesorios incluidos<\/strong>Transformateur \u00e9lectrique commande digitale<br><strong>Peso<\/strong>6.5 kg<br><strong>Garantie<\/strong> 5 a\u00f1os<br><br><br><img decoding=\"async\" src=\"https:\/\/www.piscine-center.net\/uppict\/fiche\/31962\/dolphin-e25-piscine-center-1493021533.jpg\" alt=\"D\u00e9tail du robot de piscine Dolphin E25 \"><br><strong>DATOS T\u00c9CNICOS<\/strong><br><strong>Nombre de cycle<\/strong>1<br><strong>Dur\u00e9e du cycle<\/strong>2h<br><strong>Programmable \u00e0 heure fixe<\/strong>Tous les jours-Tous les 2jrs-Tous les 3jrs<br><strong>Longitud del cable<\/strong>15 m<br><strong>Finura de filtraci\u00f3n<\/strong>100 \u00b5<br><strong>Caudal de aspiraci\u00f3n<\/strong>15 m\u00b3\/h<br><strong>Profondeur minimale<\/strong>0.80m\/2.6ft<br><strong>Profondeur maximale<\/strong>5m\/16.4ft<br><strong>DATOS EL\u00c9CTRICOS<\/strong><br><strong>Protecci\u00f3n Transfo<\/strong>IP 54<br><strong>Protecci\u00f3n del motor<\/strong>IP 68<br><strong>Entr\u00e9e<\/strong>100-130 AC Volts\/220-230 AC Volts<br><strong>Sortie<\/strong>&#8211; de 30 VDC<br><strong>Hertz<\/strong>50-60<br>Utilisation du robot Dolphin E25<br><strong>CONSEILS DE S\u00c9CURIT\u00c9<\/strong><br><br><br><img decoding=\"async\" src=\"https:\/\/www.piscine-center.net\/uppict\/fiche\/31962\/dolphin-e25-piscine-center-1492781806.jpg\" alt=\"conseil de s\u00e9curit\u00e9 du robot de piscine Dolphin e25\"><br>&#8211; D\u00e9brancher la source \u00e9lectrique avant toute manipulation ou entretien du robot<br>&#8211; V\u00e9rifier que le c\u00e2ble d&rsquo;alimentation ne comporte ni plis ni entortillements<br>&#8211; Utiliser exclusivement le transformateur \u00e9lectrique d&rsquo;origine fourni avec le robot<br>&#8211; Le transformateur doit \u00eatre plac\u00e9 vers le milieu de la piscine et au moins \u00e0 3 m du rebord<br>&#8211; Le transformateur doit \u00eatre d&rsquo;abord raccord\u00e9 sur le robot puis sur la prise de courant (ne jamais utiliser de rallonge)<br>&#8211; Ne pas entrer dans la piscine lorsque le robot est en marche<br><br><strong>UTILISATION<\/strong><br><br><br><br><img decoding=\"async\" src=\"https:\/\/www.piscine-center.net\/uppict\/fiche\/31962\/dolphin-e25-piscine-center-1493027439.jpg\" alt=\"utilisation du robot  de nettoyage de piscine Dolphin E25\"><br>&#8211; Suivre les consignes de s\u00e9curit\u00e9 et pr\u00e9parer le transformateur<br>&#8211; D\u00e9faire la longueur de c\u00e2ble flotteur n\u00e9cessaire pour une bonne couverture de la piscine<br>&#8211; Plonger le robot dans la piscine \u00e0 l&rsquo;aide de sa poign\u00e9e et le laisser couler au fond<br>&#8211; Mettre l&rsquo;appareil sous tension \u00ab\u00a0ON\u00a0\u00bb. Il fonctionnera jusqu&rsquo;\u00e0 la fin du cycle 1 h ou 2 h selon le programme.<br>&#8211; Lorsque le cycle est termin\u00e9, couper le courant \u00ab\u00a0OFF\u00a0\u00bbet d\u00e9brancher le transformateur<br>&#8211; Ramener le robot E25 au bord de la piscine avec son c\u00e2ble de flottaison<br>&#8211; Sortir le robot de l&rsquo;eau \u00e0 l&rsquo;aide de sa poign\u00e9e<br>&#8211; Attendre que l&rsquo;eau se vide au bord du bassin<br>&#8211;\u00a0<strong>Ne jamais retirer le robot de la piscine en tirant sur son c\u00e2ble de flottaison<\/strong><br><strong>ENTRETIEN P\u00c9RIODIQUE<\/strong><br>Pr\u00e9conis\u00e9 au moins une fois par mois, le nettoyage intensif du panier filtrant et de l&rsquo;impulseur s&rsquo;effectue hors tension et en suivant quelques \u00e9tapes :<br><strong>Pour le panier filtrant<\/strong><br>&#8211; D\u00e9sassembler les 2 panneaux \u00e0 l&rsquo;aide de vos pouces<br>&#8211; Les nettoyer avec un jet d&rsquo;eau<br>&#8211; R\u00e9unir et remonter les panneaux propres dans le robot et fermer le couvercle<br><br><br><br><img decoding=\"async\" src=\"https:\/\/www.piscine-center.net\/uppict\/fiche\/31962\/dolphin-e25-piscine-center-1492783780.jpg\" alt=\"entretien du filtre de robot  de nettoyage de piscine Dolphin E25\"><br><strong>Pour l&rsquo;impulseur<\/strong><br>&#8211; \u00d4ter les d\u00e9chets visibles sinon ouvrir le couvercle en d\u00e9vissant les 2 vis<br>&#8211; D\u00e9gager le couvercle de l&rsquo;h\u00e9lice, \u00f4ter les d\u00e9chets coinc\u00e9s et refermer en vissant le couvercle<br><br><br><img decoding=\"async\" src=\"https:\/\/www.piscine-center.net\/uppict\/fiche\/31962\/dolphin-e25-piscine-center-1493036081.jpg\" alt=\"entretien de l'impulseur du robot Dolphin E25\"><br><strong>STOCKAGE HORS SAISON<\/strong><br><strong>Durant la p\u00e9riode hivernale, entreposer le robot nettoyeur en suivant quelques \u00e9tapes :<\/strong><br>&#8211; D\u00e9brancher le E25 de la prise de courant.<br>&#8211; V\u00e9rifier qu&rsquo;il ne reste plus d&rsquo;eau \u00e0 l&rsquo;int\u00e9rieur.<br>&#8211; Nettoyer le panier filtrant et le remettre en place.<br>&#8211; Enrouler le c\u00e2ble sans plis.<br>&#8211; Ranger le robot en le positionnant \u00e0 l&rsquo;envers s&rsquo;il ne poss\u00e8de pas de caddy de stockage.<br>&#8211; Ranger dans un endroit abrit\u00e9 de la lumi\u00e8re, de la pluie et de la neige.<br>&#8211; Stocker dans un lieu o\u00f9 la temp\u00e9rature est comprise entre 5\u00b0et 45\u00b0.<br><br><br><img decoding=\"async\" src=\"https:\/\/www.piscine-center.net\/uppict\/fiche\/31962\/dolphin-e25-piscine-center-1492782583.jpg\" alt=\"picto de stockage du robot de nettoyage de piscine Dolphin E25\"><\/p>\n\n\n\n<p><\/p>\n\n\n\n<p><\/p>\n\n\n\n<p><\/p>","protected":false},"excerpt":{"rendered":"<div class=\"desc\">\n<div class=\"article-ref tite_description\">L\u00e9ger, facile \u00e0 sortir de l&rsquo;eau et \u00e0 transporter, le robot Dolphin E25, grand fr\u00e8re du E20 est disponible uniquement chez nous. Id\u00e9al pour un nettoyage en toute autonomie et sans effort du fond et des parois de tous types de bassins (jusqu&rsquo;\u00e0 10m de long) y compris les piscines hors sol. \u00c9quip\u00e9 d&rsquo;un programmateur hebdomadaire. Cycle de 2 h. Convient \u00e0 tous types de rev\u00eatements gr\u00e2ce \u00e0 sa brosse active. Panier filtre amovible Top Access 100\u00b5. Garantie 5 ans.<\/div>\n<\/div>","protected":false},"featured_media":8997,"comment_status":"closed","ping_status":"closed","template":"","meta":{"inline_featured_image":false},"product_brand":[],"product_cat":[60],"product_tag":[],"class_list":{"0":"post-8960","1":"product","2":"type-product","3":"status-publish","4":"has-post-thumbnail","6":"product_cat-robot-piscine","8":"first","9":"instock","10":"sale","11":"shipping-taxable","12":"purchasable","13":"product-type-simple"},"_links":{"self":[{"href":"https:\/\/feria-verde.com\/es\/wp-json\/wp\/v2\/product\/8960","targetHints":{"allow":["GET"]}}],"collection":[{"href":"https:\/\/feria-verde.com\/es\/wp-json\/wp\/v2\/product"}],"about":[{"href":"https:\/\/feria-verde.com\/es\/wp-json\/wp\/v2\/types\/product"}],"replies":[{"embeddable":true,"href":"https:\/\/feria-verde.com\/es\/wp-json\/wp\/v2\/comments?post=8960"}],"version-history":[{"count":0,"href":"https:\/\/feria-verde.com\/es\/wp-json\/wp\/v2\/product\/8960\/revisions"}],"wp:featuredmedia":[{"embeddable":true,"href":"https:\/\/feria-verde.com\/es\/wp-json\/wp\/v2\/media\/8997"}],"wp:attachment":[{"href":"https:\/\/feria-verde.com\/es\/wp-json\/wp\/v2\/media?parent=8960"}],"wp:term":[{"taxonomy":"product_brand","embeddable":true,"href":"https:\/\/feria-verde.com\/es\/wp-json\/wp\/v2\/product_brand?post=8960"},{"taxonomy":"product_cat","embeddable":true,"href":"https:\/\/feria-verde.com\/es\/wp-json\/wp\/v2\/product_cat?post=8960"},{"taxonomy":"product_tag","embeddable":true,"href":"https:\/\/feria-verde.com\/es\/wp-json\/wp\/v2\/product_tag?post=8960"}],"curies":[{"name":"wp","href":"https:\/\/api.w.org\/{rel}","templated":true}]}}