{"id":8961,"date":"2024-05-31T19:13:03","date_gmt":"2024-05-31T17:13:03","guid":{"rendered":"https:\/\/feria-verde.com\/?post_type=product&#038;p=8961"},"modified":"2025-04-06T17:11:32","modified_gmt":"2025-04-06T15:11:32","slug":"robot-piscine-dolphin-t30-prix-fabricant-2","status":"publish","type":"product","link":"https:\/\/feria-verde.com\/es\/producto\/robot-piscine-dolphin-t30-prix-fabricant-2\/","title":{"rendered":"Robot de piscina Dolphin T30 - Precio del fabricante"},"content":{"rendered":"<p>Robot DolphinT30 &#8211; Bassin jusqu&rsquo;\u00e0 12 m<br><br><br><img decoding=\"async\" src=\"https:\/\/www.piscine-center.net\/uppict\/fiche\/44399\/robot-piscine-dolphin-t30-piscine-center-1615384015.jpg\" alt=\"robot nettoyeur de piscine dolphin T30 en situation\"><br><br><br><img decoding=\"async\" src=\"https:\/\/www.piscine-center.net\/uppict\/fiche\/44399\/robot-piscine-dolphin-t30-piscine-center-1615384631.jpg\" alt=\"pictogramme du robot d piscine Dolphin T30\"><br>Ann\u00e9e apr\u00e8s ann\u00e9e,\u00a0<strong>Maytronics encourage davantage le d\u00e9veloppement technologique<\/strong>\u00a0et propose aux consommateurs des\u00a0<strong>appareils efficaces<\/strong>,\u00a0<strong>intuitifs<\/strong>\u00a0y\u00a0<strong>faciles \u00e0 utiliser<\/strong>.<br><br>Le\u00a0<strong>robot de piscine Dolphin T30<\/strong>\u00a0le prouve \u00e0 nouveau. Ce nettoyeur \u00e9lectrique compact et pratique sera l&rsquo;alli\u00e9 de votre\u00a0<strong>piscine enterr\u00e9e 12 m de long maxi<\/strong>.<br><br>Il\u00a0<strong>garantira un entretien irr\u00e9prochable<\/strong>\u00a0de toutes les surfaces, du fond, des parois et de la ligne d&rsquo;eau.<br><br><strong>Entretien facilit\u00e9\u00a0<\/strong>gr\u00e2ce \u00e0 sa prise en main ad\u00e9quate et sa filtration\u00a0<strong>\u00ab\u00a0Top Access\u00a0\u00bb<\/strong>.<br><br>Votre robot Dolphin T30 est\u00a0<strong>garanti 5 ans<\/strong>.<br><br><br><img decoding=\"async\" src=\"https:\/\/www.piscine-center.net\/uppict\/fiche\/44399\/robot-piscine-dolphin-t30-piscine-center-1615385422.jpg\" alt=\"descriptif du robot nettoyeur de fond de piscine Dolphin T30\"><br>Robot DolphinT30 &#8211; L&rsquo;\u00e9quipement<br><br><br><img decoding=\"async\" src=\"https:\/\/www.piscine-center.net\/uppict\/fiche\/44399\/robot-piscine-dolphin-t30-piscine-center-1615385213.jpg\" alt=\"\u00e9quipement du robot nettoyeur de piscine dolphin t30\"><br>Le T30 vous sera fourni avec :<br>&#8211; un\u00a0<strong>transformateur<\/strong>\u00a0basse tension \u00e0 commande digitale. (Cycle unique de 2h),<br>&#8211; un\u00a0<strong>jeu interchangeable de filtres<\/strong>\u00a0(fins et ultra-fins) qui collectent les particules fines et les gros d\u00e9bris<br>&#8211; un\u00a0<strong>c\u00e2ble\u00a0<\/strong>de 18 m.<br>Robot DolphinT30 &#8211; Le Descriptif<br><br><br><img decoding=\"async\" src=\"https:\/\/www.piscine-center.net\/uppict\/fiche\/44399\/robot-piscine-dolphin-t30-piscine-center-1615393953.jpg\" alt=\"d\u00e9placement du robot de piscine Dolphin T30\"><br><strong>Combinaison ing\u00e9nieuse de praticit\u00e9 et de modernit\u00e9<\/strong>, le Dolphin T3O est sp\u00e9cialement adapt\u00e9 pour le nettoyage du fond, des parois et de la ligne d&rsquo;eau de tous types de bassins, quel que soit le type de rev\u00eatement, n&rsquo;exc\u00e9dant pas\u00a0<strong>12 m\u00e8tres<\/strong>\u00a0de longueur.<br><br>Apr\u00e8s avoir\u00a0<strong>immerg\u00e9 le nettoyeur de piscine dans l&rsquo;eau<\/strong>, il effectuera son travail de mani\u00e8re\u00a0<strong>autonome en un cycle de 2 h<\/strong>. Les\u00a0<strong>d\u00e9bris<\/strong>\u00a0y\u00a0<strong>les particules<\/strong>\u00a0sont collect\u00e9s dans un\u00a0<strong>filtre amovible avec des panneaux interchangeables<\/strong>\u00a0sur le dessus.<br><br><br><img decoding=\"async\" src=\"https:\/\/www.piscine-center.net\/uppict\/fiche\/44399\/robot-piscine-dolphin-t30-piscine-center-1615390533.jpg\" alt=\"zoom sur le robot nettoyeur de piscine Dolphin T30\"><br><strong>La technologie PowerStream TM\u00a0<\/strong>: Navigation et d\u00e9placement optimis\u00e9s sur le fond, les parois et la ligne d&rsquo;eau. Adh\u00e8re en permanence sur tous rev\u00eatements, et dans toutes les conditions<br><br><br><img decoding=\"async\" src=\"https:\/\/www.piscine-center.net\/uppict\/fiche\/44399\/robot-piscine-dolphin-t30-piscine-center-1615390713.jpg\" alt=\"prise en main facilit\u00e9 du robot Dolphin T30\"><br><strong>Ergonomique\u00a0<\/strong>: Avec sa taille compacte et sa poign\u00e9e facile \u00e0 utiliser, le Dolphin T30 offre une maniabilit\u00e9 agr\u00e9able.<br><strong>Son poids l\u00e9ger de 7,5 kg<\/strong>\u00a0vous facilite la mise et la sortie d&rsquo;eau. Sa conception facilite grandement les proc\u00e9dures de maintenance et d&rsquo;entretien.<br><br><br><img decoding=\"async\" src=\"https:\/\/www.piscine-center.net\/uppict\/fiche\/44399\/robot-piscine-dolphin-t30-piscine-center-1615391456.jpg\" alt=\"la filtration du robot de piscine Dolphin T30\"><br><strong>Filtraci\u00f3n\u00a0<\/strong>:Compos\u00e9e de\u00a0<strong>panneaux interchangeables<\/strong>, permettant de choisir entre deux finesses de filtration afin d&rsquo;obtenir une qualit\u00e9 de nettoyage optimale en fonction des besoins sans risque de colmatage. Les panneaux filtrants sont amovibles pour vous faciliter le nettoayge.<br><br><strong>Deux finesses de filtration sont propos\u00e9es<\/strong>\u00a0:<br>&#8211;\u00a0<strong>100 \u00b5<\/strong>\u00a0pour un nettoyage en profondeur du bassin<br>&#8211;\u00a0<strong>50\u00b5<\/strong>, pour une filtration fine pour un nettoyage quotidien.<br><br><br><img decoding=\"async\" src=\"https:\/\/www.piscine-center.net\/uppict\/fiche\/44399\/robot-piscine-dolphin-t30-piscine-center-1615392711.jpg\" alt=\"brosse active du robot nettoyeur de piscines Dolphin T30\"><br><strong>Brossage actif<\/strong>\u00a0: Brosse avant active, Elle tourne 2 fois plus vite que la vitesse de d\u00e9placement du T30 pour am\u00e9liorer le nettoyage du fond du bassin. Peu importe le rev\u00eatement, toutes les salet\u00e9s, m\u00eame les plus tenaces peuvent \u00eatre \u00e9limin\u00e9es gr\u00e2ce \u00e0 ses lamelles et retrouver un fond impeccable !<br><br><strong>Transformateur digital intuitif<\/strong>\u00a0: con\u00e7u de mani\u00e8re \u00e0 ne consommer que tr\u00e8s peu d&rsquo;\u00e9nergie, il se met en route par simple appui sur un bouton. Cycle unique de 2h.<br>Robot DolphinT30 &#8211; Les Caract\u00e9ristiques<br><br><br><img decoding=\"async\" src=\"https:\/\/www.piscine-center.net\/uppict\/fiche\/44399\/robot-piscine-dolphin-t30-piscine-center-1654010220.jpg\" alt=\"caract\u00e9ristiques du robot DolphinT30 - Bassin jusqu'\u00e0 12 m\"><br>Robot Dolphin T30 &#8211; L&rsquo;Utilisation<br><br><br><img decoding=\"async\" src=\"https:\/\/www.piscine-center.net\/uppict\/fiche\/44399\/robot-piscine-dolphin-t30-piscine-center-1615458331.jpg\" alt=\"nettoyage du filtre multicouches du robot Dolphin T30 \"><br><strong>Il est conseill\u00e9 de nettoyer la filtration apr\u00e8s chaque utilisation et surtout avant qu&rsquo;elle ne s\u00e8che.<\/strong><br>&#8211; Mettre le robot hors tension<br>&#8211; Ouvrir le couvercle du filtre au dessus du robot<br>&#8211; Lorsque le capot est ouvert, la poign\u00e9e se soul\u00e8ve automatiquement<br>&#8211; Sortir le filtre du robot<br>&#8211; Ouvrir le loquet sur la partie inf\u00e9rieure du filtre afin d&rsquo;\u00e9vacuer les salet\u00e9s<br>&#8211; Nettoyer tout simplement la filtration avec un jet d&rsquo;eau et le remettre en place.<br>&#8211; Vous pouvez \u00e9galement \u00f4ter chaque panneau lat\u00e9ral pour un meilleur nettoyage.<br>Robot Dolphin T30 &#8211; Conseils de s\u00e9curit\u00e9<br>&#8211; D\u00e9brancher la source \u00e9lectrique avant toute manipulation ou entretien du robot<br>&#8211; V\u00e9rifier que le c\u00e2ble d&rsquo;alimentation ne comporte ni plis ni entortillements<br>&#8211; Utiliser exclusivement le transformateur \u00e9lectrique d&rsquo;origine fourni avec le robot<br>&#8211; Le transformateur doit \u00eatre plac\u00e9 vers le milieu de la piscine et au moins \u00e0 3 m du rebord<br>&#8211; Le transformateur doit \u00eatre d&rsquo;abord raccord\u00e9 sur le robot puis sur la prise de courant (ne jamais utiliser de rallonge)<br>&#8211; Ne pas entrer dans la piscine lorsque le robot est en marche<br>Robot DolphinT30 &#8211; Mise en route et retrait<br><br><br><img decoding=\"async\" src=\"https:\/\/www.piscine-center.net\/uppict\/fiche\/44399\/robot-piscine-dolphin-t30-piscine-center-1615459758.jpg\" alt=\"mise en route et retrait de l'aeu du robot piscine dolphin t30\"><br>&#8211; Suivre les consignes de s\u00e9curit\u00e9 et pr\u00e9parer le transformateur<br>&#8211; D\u00e9faire la longueur de c\u00e2ble flotteur n\u00e9cessaire pour une bonne couverture de la piscine<br>&#8211; Plonger le robot dans la piscine \u00e0 l&rsquo;aide de sa poign\u00e9e et le laisser couler au fond<br>&#8211; Mettre l&rsquo;appareil sous tension \u00ab\u00a0ON\u00a0\u00bb. Il fonctionnera jusqu&rsquo;\u00e0 la fin du cycle.<br>&#8211; Lorsque le cycle est termin\u00e9, couper le courant \u00ab\u00a0OFF\u00a0\u00bbet d\u00e9brancher le transformateur<br>&#8211; Ramener le robot T30 au bord de la piscine avec son c\u00e2ble de flottaison<br>&#8211; Sortir le robot de l&rsquo;eau \u00e0 l&rsquo;aide de sa poign\u00e9e<br>&#8211; Attendre que l&rsquo;eau se vide au bord du bassin<br>&#8211;\u00a0<strong>Ne jamais retirer le robot de la piscine en tirant sur son c\u00e2ble de flottaison<\/strong><br>Robot DolphinT30 &#8211; Stockage hors saison<br><br><br><img decoding=\"async\" src=\"https:\/\/www.piscine-center.net\/uppict\/fiche\/44399\/robot-piscine-dolphin-t30-piscine-center-1615458815.jpg\" alt=\"stockage du robot de piscine Dolphin T30 \"><br><strong>Durant la p\u00e9riode hivernale, entreposer le robot nettoyeur en suivant quelques \u00e9tapes :<\/strong><br>&#8211; D\u00e9brancher le T30 de la prise de courant.<br>&#8211; V\u00e9rifier qu&rsquo;il ne reste plus d&rsquo;eau \u00e0 l&rsquo;int\u00e9rieur.<br>&#8211; Nettoyer le jeu de filtres et le remettre en place.<br>&#8211; Enrouler le c\u00e2ble sans plis.<br>&#8211; Ranger le robot en le positionnant \u00e0 l&rsquo;envers s&rsquo;il ne poss\u00e8de pas de caddy de stockage.<br>&#8211; Ranger dans un endroit abrit\u00e9 de la lumi\u00e8re, de la pluie et de la neige.<br>&#8211; Stocker dans un lieu o\u00f9 la temp\u00e9rature est comprise entre 5\u00b0et 45\u00b0.<\/p>\n\n\n\n<p><\/p>\n\n\n\n<p><\/p>\n\n\n\n<p><\/p>","protected":false},"excerpt":{"rendered":"<div class=\"desc\">\n<div class=\"article-ref tite_description\">Ce robot de piscine Dolphin T30 de Maytronics garantit des r\u00e9sultats impeccables. Avec le syst\u00e8me Power Stream et la brosse avant active, il convient aux piscines enterr\u00e9es jusqu&rsquo;\u00e0 12 m de longueur pour en nettoyer le fond, les parois et la ligne d&rsquo;eau, quel que soit leur rev\u00eatement en un cycle de 2h. Filtre double filtration, \u00ab\u00a0Top Access\u00a0\u00bb. Conception ergonomique, taille compacte et meilleures performances ! Garantie 5 ans !<\/div>\n<\/div>","protected":false},"featured_media":9001,"comment_status":"closed","ping_status":"closed","template":"","meta":{"inline_featured_image":false},"product_brand":[],"product_cat":[60],"product_tag":[],"class_list":{"0":"post-8961","1":"product","2":"type-product","3":"status-publish","4":"has-post-thumbnail","6":"product_cat-robot-piscine","8":"first","9":"instock","10":"sale","11":"shipping-taxable","12":"purchasable","13":"product-type-simple"},"_links":{"self":[{"href":"https:\/\/feria-verde.com\/es\/wp-json\/wp\/v2\/product\/8961","targetHints":{"allow":["GET"]}}],"collection":[{"href":"https:\/\/feria-verde.com\/es\/wp-json\/wp\/v2\/product"}],"about":[{"href":"https:\/\/feria-verde.com\/es\/wp-json\/wp\/v2\/types\/product"}],"replies":[{"embeddable":true,"href":"https:\/\/feria-verde.com\/es\/wp-json\/wp\/v2\/comments?post=8961"}],"version-history":[{"count":0,"href":"https:\/\/feria-verde.com\/es\/wp-json\/wp\/v2\/product\/8961\/revisions"}],"wp:featuredmedia":[{"embeddable":true,"href":"https:\/\/feria-verde.com\/es\/wp-json\/wp\/v2\/media\/9001"}],"wp:attachment":[{"href":"https:\/\/feria-verde.com\/es\/wp-json\/wp\/v2\/media?parent=8961"}],"wp:term":[{"taxonomy":"product_brand","embeddable":true,"href":"https:\/\/feria-verde.com\/es\/wp-json\/wp\/v2\/product_brand?post=8961"},{"taxonomy":"product_cat","embeddable":true,"href":"https:\/\/feria-verde.com\/es\/wp-json\/wp\/v2\/product_cat?post=8961"},{"taxonomy":"product_tag","embeddable":true,"href":"https:\/\/feria-verde.com\/es\/wp-json\/wp\/v2\/product_tag?post=8961"}],"curies":[{"name":"wp","href":"https:\/\/api.w.org\/{rel}","templated":true}]}}