{"id":9496,"date":"2024-06-09T20:31:06","date_gmt":"2024-06-09T18:31:06","guid":{"rendered":"https:\/\/feria-verde.com\/?post_type=product&#038;p=9496"},"modified":"2024-06-10T17:07:39","modified_gmt":"2024-06-10T15:07:39","slug":"barbecue-electrique-pulse-2000-avec-chariot","status":"publish","type":"product","link":"https:\/\/feria-verde.com\/es\/producto\/barbecue-electrique-pulse-2000-avec-chariot\/","title":{"rendered":"Barbacoa el\u00e9ctrica Pulse 2000 con carro"},"content":{"rendered":"<p>Renouvelez votre menu urbain gr\u00e2ce \u00e0 des grillades maison. O\u00f9 que vous viviez, le barbecue \u00e9lectrique Pulse 2000 avec chariot est la solution id\u00e9ale pour obtenir un steak aux magnifiques marques de saisie ou encore le go\u00fbt inimitable des l\u00e9gumes grill\u00e9s. Pratique, le plan de travail amovible permet de gagner de la place, tandis que la double zone de cuisson \u00e9lectrique et les fonctions connect\u00e9es de pointe transformeront \u00e0 jamais votre cuisine urbaine.<\/p>\n\n\n\n<p>Dimensions \u2013 Couvercle ouvert et plans de travail d\u00e9pli\u00e9s (cm)146cm H x 112cm L x 76cm P<\/p>\n\n\n\n<p>Dimensions \u2013 Couvercle ferm\u00e9 et plans de travail d\u00e9pli\u00e9s (cm)107cm H x 112cm L x 65cm P<\/p>\n\n\n\n<p>Surface totale de cuisson (cm)49 x 39 cm<\/p>\n\n\n\n<p>Weight (kg)43.3<\/p>\n\n\n\n<p>Type d\u2019\u00e9nergie\u00c9lectrique<\/p>\n\n\n\n<p>Plans de travail1<\/p>\n\n\n\n<p><\/p>\n\n\n\n<p><\/p>\n\n\n\n<p><\/p>","protected":false},"excerpt":{"rendered":"<p>Renouvelez votre menu urbain gr\u00e2ce \u00e0 des grillades maison. O\u00f9 que vous viviez, le barbecue \u00e9lectrique Pulse 2000 avec chariot est la solution id\u00e9ale pour obtenir un steak aux magnifiques marques de saisie ou encore le go\u00fbt inimitable des l\u00e9gumes grill\u00e9s. Pratique, le plan de travail amovible permet de gagner de la place, tandis que la double zone de cuisson \u00e9lectrique et les fonctions connect\u00e9es de pointe transformeront \u00e0 jamais votre cuisine urbaine. Dimensions \u2013 Couvercle ouvert et plans de travail d\u00e9pli\u00e9s (cm)146cm H x 112cm L x 76cm P Dimensions \u2013 Couvercle ferm\u00e9 et plans de travail d\u00e9pli\u00e9s (cm)107cm H x 112cm L x 65cm P Surface totale de cuisson (cm)49 x 39 cm Weight (kg)43.3 Type d\u2019\u00e9nergie\u00c9lectrique Plans de travail1<\/p>","protected":false},"featured_media":9498,"comment_status":"closed","ping_status":"closed","template":"","meta":{"inline_featured_image":false},"product_brand":[],"product_cat":[62,70],"product_tag":[],"class_list":{"0":"post-9496","1":"product","2":"type-product","3":"status-publish","4":"has-post-thumbnail","6":"product_cat-barbecue","7":"product_cat-barbecue-electrique","9":"first","10":"instock","11":"sale","12":"shipping-taxable","13":"purchasable","14":"product-type-simple"},"_links":{"self":[{"href":"https:\/\/feria-verde.com\/es\/wp-json\/wp\/v2\/product\/9496","targetHints":{"allow":["GET"]}}],"collection":[{"href":"https:\/\/feria-verde.com\/es\/wp-json\/wp\/v2\/product"}],"about":[{"href":"https:\/\/feria-verde.com\/es\/wp-json\/wp\/v2\/types\/product"}],"replies":[{"embeddable":true,"href":"https:\/\/feria-verde.com\/es\/wp-json\/wp\/v2\/comments?post=9496"}],"version-history":[{"count":0,"href":"https:\/\/feria-verde.com\/es\/wp-json\/wp\/v2\/product\/9496\/revisions"}],"wp:featuredmedia":[{"embeddable":true,"href":"https:\/\/feria-verde.com\/es\/wp-json\/wp\/v2\/media\/9498"}],"wp:attachment":[{"href":"https:\/\/feria-verde.com\/es\/wp-json\/wp\/v2\/media?parent=9496"}],"wp:term":[{"taxonomy":"product_brand","embeddable":true,"href":"https:\/\/feria-verde.com\/es\/wp-json\/wp\/v2\/product_brand?post=9496"},{"taxonomy":"product_cat","embeddable":true,"href":"https:\/\/feria-verde.com\/es\/wp-json\/wp\/v2\/product_cat?post=9496"},{"taxonomy":"product_tag","embeddable":true,"href":"https:\/\/feria-verde.com\/es\/wp-json\/wp\/v2\/product_tag?post=9496"}],"curies":[{"name":"wp","href":"https:\/\/api.w.org\/{rel}","templated":true}]}}