{"id":9502,"date":"2024-06-09T20:34:05","date_gmt":"2024-06-09T18:34:05","guid":{"rendered":"https:\/\/feria-verde.com\/?post_type=product&#038;p=9502"},"modified":"2024-06-10T17:07:48","modified_gmt":"2024-06-10T15:07:48","slug":"barbecue-electrique-lumin-et-support-avec-pieds","status":"publish","type":"product","link":"https:\/\/feria-verde.com\/es\/producto\/barbecue-electrique-lumin-et-support-avec-pieds\/","title":{"rendered":"Barbacoa el\u00e9ctrica Lumin y soporte con patas"},"content":{"rendered":"<p>Gr\u00e2ce \u00e0 ses temp\u00e9ratures \u00e9lev\u00e9es et sa polyvalence in\u00e9gal\u00e9e, le barbecue \u00e9lectrique Lumin* de Weber propulse le barbecue urbain d\u2019ext\u00e9rieur vers de nouveaux sommets. Ce barbecue multifonction atteint une temp\u00e9rature sup\u00e9rieure \u00e0 315 \u00b0C, ce qui permet d\u2019obtenir une cuisson \u00e0 feu vif de haute qualit\u00e9, tandis que l\u2019infusion de fum\u00e9e renforce la saveur grill\u00e9e recherch\u00e9e. Il permet \u00e9galement de maintenir les aliments au chaud pour que chacun puisse se servir. Le support avec pieds pliable est facile \u00e0 installer et offre un espace suppl\u00e9mentaire et des crochets porte-ustensiles int\u00e9gr\u00e9s. Moderne et pratique, le nouveau barbecue \u00e9lectrique Lumin et support avec pieds de Weber est con\u00e7u pour s\u2019adapter \u00e0 vos go\u00fbts et \u00e0 votre espace ext\u00e9rieur. * LUMIN est une marque d\u00e9pos\u00e9e de Weber-Stephen Products LLC et fait l\u2019objet d\u2019enregistrements ou de demandes en cours aux \u00c9tats-Unis et dans d\u2019autres pays.<\/p>\n\n\n\n<p>\u2022 Atteint des temp\u00e9ratures vraiment \u00e9lev\u00e9es, sup\u00e9rieures \u00e0 315 \u00b0C<br>\u2022 Saisie, fumage, cuisson \u00e0 la vapeur ou \u00e0 l\u2019eau avec diff\u00e9rents r\u00e9glages de cuisson<br>\u2022 Maintient les plats au chaud afin que chacun puisse se servir<br>\u2022 Permet de d\u00e9congeler des aliments pendant le pr\u00e9chauffage du barbecue<br>\u2022 Barbecue compact avec support pliable pour un rangement et un acc\u00e8s faciles<\/p>\n\n\n\n<p>Dimensions \u2013 Couvercle ouvert (cm)130.00cm H x 90.00cm L x 61.00cm P<\/p>\n\n\n\n<p>Dimensions \u2013 Couvercle ferm\u00e9 (cm)94.00cm H x 90.00cm L x 48.50cm P<\/p>\n\n\n\n<p>Surface totale de cuisson (cm)1562 cm2<\/p>\n\n\n\n<p>Weight (kg)20.50<\/p>\n\n\n\n<p>Type d\u2019\u00e9nergie\u00c9lectrique<\/p>\n\n\n\n<p>Grilles de cuissonGrilles de cuisson en fonte d\u2019acier \u00e9maill\u00e9e<\/p>\n\n\n\n<p><\/p>\n\n\n\n<p><\/p>\n\n\n\n<p><\/p>","protected":false},"excerpt":{"rendered":"<p>Gr\u00e2ce \u00e0 ses temp\u00e9ratures \u00e9lev\u00e9es et sa polyvalence in\u00e9gal\u00e9e, le barbecue \u00e9lectrique Lumin* de Weber propulse le barbecue urbain d\u2019ext\u00e9rieur vers de nouveaux sommets. Ce barbecue multifonction atteint une temp\u00e9rature sup\u00e9rieure \u00e0 315 \u00b0C, ce qui permet d\u2019obtenir une cuisson \u00e0 feu vif de haute qualit\u00e9, tandis que l\u2019infusion de fum\u00e9e renforce la saveur grill\u00e9e recherch\u00e9e. Il permet \u00e9galement de maintenir les aliments au chaud pour que chacun puisse se servir. Le support avec pieds pliable est facile \u00e0 installer et offre un espace suppl\u00e9mentaire et des crochets porte-ustensiles int\u00e9gr\u00e9s. Moderne et pratique, le nouveau barbecue \u00e9lectrique Lumin et support avec pieds de Weber est con\u00e7u pour s\u2019adapter \u00e0 vos go\u00fbts et \u00e0 votre espace ext\u00e9rieur. * LUMIN est une marque d\u00e9pos\u00e9e de Weber-Stephen Products LLC et fait l\u2019objet d\u2019enregistrements ou de demandes en cours aux \u00c9tats-Unis et dans d\u2019autres pays. \u2022 Atteint des temp\u00e9ratures vraiment \u00e9lev\u00e9es, sup\u00e9rieures \u00e0 315 \u00b0C\u2022 Saisie, fumage, cuisson \u00e0 la vapeur ou \u00e0 l\u2019eau avec diff\u00e9rents r\u00e9glages de cuisson\u2022 Maintient les plats au chaud afin que chacun puisse se servir\u2022 Permet de d\u00e9congeler des aliments pendant le pr\u00e9chauffage du barbecue\u2022 Barbecue compact avec support pliable pour un rangement et un acc\u00e8s faciles Dimensions \u2013 Couvercle ouvert (cm)130.00cm H x 90.00cm L x 61.00cm P Dimensions \u2013 Couvercle ferm\u00e9 (cm)94.00cm H x 90.00cm L x 48.50cm P Surface totale de cuisson (cm)1562 cm2 Weight (kg)20.50 Type d\u2019\u00e9nergie\u00c9lectrique Grilles de cuissonGrilles de cuisson en fonte d\u2019acier \u00e9maill\u00e9e<\/p>","protected":false},"featured_media":9506,"comment_status":"closed","ping_status":"closed","template":"","meta":{"inline_featured_image":false},"product_brand":[],"product_cat":[62,70],"product_tag":[],"class_list":{"0":"post-9502","1":"product","2":"type-product","3":"status-publish","4":"has-post-thumbnail","6":"product_cat-barbecue","7":"product_cat-barbecue-electrique","9":"first","10":"instock","11":"sale","12":"shipping-taxable","13":"purchasable","14":"product-type-simple"},"_links":{"self":[{"href":"https:\/\/feria-verde.com\/es\/wp-json\/wp\/v2\/product\/9502","targetHints":{"allow":["GET"]}}],"collection":[{"href":"https:\/\/feria-verde.com\/es\/wp-json\/wp\/v2\/product"}],"about":[{"href":"https:\/\/feria-verde.com\/es\/wp-json\/wp\/v2\/types\/product"}],"replies":[{"embeddable":true,"href":"https:\/\/feria-verde.com\/es\/wp-json\/wp\/v2\/comments?post=9502"}],"version-history":[{"count":0,"href":"https:\/\/feria-verde.com\/es\/wp-json\/wp\/v2\/product\/9502\/revisions"}],"wp:featuredmedia":[{"embeddable":true,"href":"https:\/\/feria-verde.com\/es\/wp-json\/wp\/v2\/media\/9506"}],"wp:attachment":[{"href":"https:\/\/feria-verde.com\/es\/wp-json\/wp\/v2\/media?parent=9502"}],"wp:term":[{"taxonomy":"product_brand","embeddable":true,"href":"https:\/\/feria-verde.com\/es\/wp-json\/wp\/v2\/product_brand?post=9502"},{"taxonomy":"product_cat","embeddable":true,"href":"https:\/\/feria-verde.com\/es\/wp-json\/wp\/v2\/product_cat?post=9502"},{"taxonomy":"product_tag","embeddable":true,"href":"https:\/\/feria-verde.com\/es\/wp-json\/wp\/v2\/product_tag?post=9502"}],"curies":[{"name":"wp","href":"https:\/\/api.w.org\/{rel}","templated":true}]}}