{"id":9528,"date":"2024-06-10T06:57:47","date_gmt":"2024-06-10T04:57:47","guid":{"rendered":"https:\/\/feria-verde.com\/?post_type=product&#038;p=9528"},"modified":"2024-06-10T17:08:20","modified_gmt":"2024-06-10T15:08:20","slug":"barbecue-electrique-weber-q-1400-stand-noir","status":"publish","type":"product","link":"https:\/\/feria-verde.com\/es\/producto\/barbecue-electrique-weber-q-1400-stand-noir\/","title":{"rendered":"Barbacoa el\u00e9ctrica de pie WEBER Q 1400, negra"},"content":{"rendered":"<p>Weber incarne le plaisir du barbecue avec\u00a0<strong>des produits de qualit\u00e9.<\/strong>\u00a0Des barbecues au charbon, au gaz ou \u00e9lectriques, qui sont\u00a0<strong>simples \u00e0 utiliser<\/strong>\u00a0et permettent\u00a0<strong>une cuisson saine,<\/strong>\u00a0avec tr\u00e8s\u00a0<strong>peu de mati\u00e8res grasses<\/strong>.Choisir un barbecue Weber, c&rsquo;est aussi avoir des\u00a0<strong>possibilit\u00e9s de cuisson pour griller, r\u00f4tir, mijoter<\/strong>\u00a0&#8230; de l&rsquo;entr\u00e9e au dessert.<\/p>\n\n\n\n<p>Stand 4 pieds avec syst\u00e8me de d\u00e9montage facile, id\u00e9al pour les espaces types balcon, terrasse<\/p>\n\n\n\n<p>Barbecue \u00e9lectrique avec grille de cuisson haute r\u00e9sistance en fonte d&rsquo;acier \u00e9maill\u00e9e, bac de r\u00e9cup\u00e9ration des graisses, molette de r\u00e9glage de la temp\u00e9rature, larges poign\u00e9es pour une manipulation ais\u00e9e, cordon longeur : 1,80 m, stand. Plaques de cuisson plancha vendues s\u00e9par\u00e9ment.<\/p>\n\n\n\n<figure class=\"wp-block-table\"><table><tbody><tr><th>Nombre de convives<\/th><td>De 6 \u00e0 10<\/td><\/tr><tr><th>Fonctions compl\u00e9mentaires<\/th><td>Grill |&nbsp; Plancha<\/td><\/tr><tr><th>Type de cuisson<\/th><td>Horizontal<\/td><\/tr><tr><th>Poids du produit nu (en kg)<\/th><td>13.5<\/td><\/tr><tr><th>Longueur du c\u00e2ble (en m)<\/th><td>1.8<\/td><\/tr><tr><th>Puissance (en W)<\/th><td>2200<\/td><\/tr><tr><th>Nombre de grilles de cuisson<\/th><td>2<\/td><\/tr><tr><th>Mat\u00e9riau de grilles de cuisson<\/th><td>Fonte<\/td><\/tr><tr><th>Grille r\u00e9glable<\/th><td>Non<\/td><\/tr><tr><th>Diam\u00e8tre des grilles de cuisson (en cm)<\/th><td>60<\/td><\/tr><tr><th>Longueur des grilles de cuisson (en cm)<\/th><td>43<\/td><\/tr><tr><th>Largeur des grilles\/plaques de cuisson (en cm)<\/th><td>60<\/td><\/tr><tr><th>Mat\u00e9riau de la plaque de cuisson<\/th><td>Fonte<\/td><\/tr><tr><th>Mat\u00e9riau de la structure<\/th><td>Fonte<\/td><\/tr><tr><th>Mat\u00e9riau de la cuve<\/th><td>Fonte d&rsquo;aluminium<\/td><\/tr><tr><th>A monter soi-m\u00eame<\/th><td>Oui<\/td><\/tr><tr><th>Garantie (inclut la garantie l\u00e9gale de conformit\u00e9) (en ann\u00e9es)<\/th><td>5<\/td><\/tr><tr><th>Produit emball\u00e9 : hauteur (en cm)<\/th><td>43<\/td><\/tr><tr><th>Produit emball\u00e9 : largeur (en cm)<\/th><td>72<\/td><\/tr><tr><th>Produit emball\u00e9 : profondeur (en cm)<\/th><td>41<\/td><\/tr><tr><th>Produit emball\u00e9 : poids (en kg)<\/th><td>17<\/td><\/tr><tr><th>Indication du geste de tri (triman)<\/th><td>Non<\/td><\/tr><\/tbody><\/table><\/figure>\n\n\n\n<p><\/p>","protected":false},"excerpt":{"rendered":"<p>Weber incarne le plaisir du barbecue avec\u00a0des produits de qualit\u00e9.\u00a0Des barbecues au charbon, au gaz ou \u00e9lectriques, qui sont\u00a0simples \u00e0 utiliser\u00a0et permettent\u00a0une cuisson saine,\u00a0avec tr\u00e8s\u00a0peu de mati\u00e8res grasses.Choisir un barbecue Weber, c&rsquo;est aussi avoir des\u00a0possibilit\u00e9s de cuisson pour griller, r\u00f4tir, mijoter\u00a0&#8230; de l&rsquo;entr\u00e9e au dessert. Stand 4 pieds avec syst\u00e8me de d\u00e9montage facile, id\u00e9al pour les espaces types balcon, terrasse Barbecue \u00e9lectrique avec grille de cuisson haute r\u00e9sistance en fonte d&rsquo;acier \u00e9maill\u00e9e, bac de r\u00e9cup\u00e9ration des graisses, molette de r\u00e9glage de la temp\u00e9rature, larges poign\u00e9es pour une manipulation ais\u00e9e, cordon longeur : 1,80 m, stand. Plaques de cuisson plancha vendues s\u00e9par\u00e9ment. Nombre de convives De 6 \u00e0 10 Fonctions compl\u00e9mentaires Grill |&nbsp; Plancha Type de cuisson Horizontal Poids du produit nu (en kg) 13.5 Longueur du c\u00e2ble (en m) 1.8 Puissance (en W) 2200 Nombre de grilles de cuisson 2 Mat\u00e9riau de grilles de cuisson Fonte Grille r\u00e9glable Non Diam\u00e8tre des grilles de cuisson (en cm) 60 Longueur des grilles de cuisson (en cm) 43 Largeur des grilles\/plaques de cuisson (en cm) 60 Mat\u00e9riau de la plaque de cuisson Fonte Mat\u00e9riau de la structure Fonte Mat\u00e9riau de la cuve Fonte d&rsquo;aluminium A monter soi-m\u00eame Oui Garantie (inclut la garantie l\u00e9gale de conformit\u00e9) (en ann\u00e9es) 5 Produit emball\u00e9 : hauteur (en cm) 43 Produit emball\u00e9 : largeur (en cm) 72 Produit emball\u00e9 : profondeur (en cm) 41 Produit emball\u00e9 : poids (en kg) 17 Indication du geste de tri (triman) Non<\/p>","protected":false},"featured_media":9529,"comment_status":"closed","ping_status":"closed","template":"","meta":{"inline_featured_image":false},"product_brand":[],"product_cat":[62,70],"product_tag":[],"class_list":{"0":"post-9528","1":"product","2":"type-product","3":"status-publish","4":"has-post-thumbnail","6":"product_cat-barbecue","7":"product_cat-barbecue-electrique","9":"first","10":"instock","11":"sale","12":"shipping-taxable","13":"purchasable","14":"product-type-simple"},"_links":{"self":[{"href":"https:\/\/feria-verde.com\/es\/wp-json\/wp\/v2\/product\/9528","targetHints":{"allow":["GET"]}}],"collection":[{"href":"https:\/\/feria-verde.com\/es\/wp-json\/wp\/v2\/product"}],"about":[{"href":"https:\/\/feria-verde.com\/es\/wp-json\/wp\/v2\/types\/product"}],"replies":[{"embeddable":true,"href":"https:\/\/feria-verde.com\/es\/wp-json\/wp\/v2\/comments?post=9528"}],"version-history":[{"count":0,"href":"https:\/\/feria-verde.com\/es\/wp-json\/wp\/v2\/product\/9528\/revisions"}],"wp:featuredmedia":[{"embeddable":true,"href":"https:\/\/feria-verde.com\/es\/wp-json\/wp\/v2\/media\/9529"}],"wp:attachment":[{"href":"https:\/\/feria-verde.com\/es\/wp-json\/wp\/v2\/media?parent=9528"}],"wp:term":[{"taxonomy":"product_brand","embeddable":true,"href":"https:\/\/feria-verde.com\/es\/wp-json\/wp\/v2\/product_brand?post=9528"},{"taxonomy":"product_cat","embeddable":true,"href":"https:\/\/feria-verde.com\/es\/wp-json\/wp\/v2\/product_cat?post=9528"},{"taxonomy":"product_tag","embeddable":true,"href":"https:\/\/feria-verde.com\/es\/wp-json\/wp\/v2\/product_tag?post=9528"}],"curies":[{"name":"wp","href":"https:\/\/api.w.org\/{rel}","templated":true}]}}