{"id":9535,"date":"2024-06-10T07:05:16","date_gmt":"2024-06-10T05:05:16","guid":{"rendered":"https:\/\/feria-verde.com\/?post_type=product&#038;p=9535"},"modified":"2024-06-10T17:08:34","modified_gmt":"2024-06-10T15:08:34","slug":"barbecue-electrique-weber-q-2400-gris-argent","status":"publish","type":"product","link":"https:\/\/feria-verde.com\/es\/producto\/barbecue-electrique-weber-q-2400-gris-argent\/","title":{"rendered":"Barbacoa el\u00e9ctrica WEBER Q 2400, gris \/ plata"},"content":{"rendered":"<p>Cordon 1,80m, id\u00e9al pour les espaces type balcon, terrasse<\/p>\n\n\n\n<p>Weber Q 2400 electric grill. Plaques de cuisson plancha vendues s\u00e9par\u00e9ment.<\/p>\n\n\n\n<figure class=\"wp-block-table\"><table><tbody><tr><th>Nombre de convives<\/th><td>Moins de 6<\/td><\/tr><tr><th>Fonctions compl\u00e9mentaires<\/th><td>Grill<\/td><\/tr><tr><th>Type de cuisson<\/th><td>Horizontal<\/td><\/tr><tr><th>Poids du produit nu (en kg)<\/th><td>17<\/td><\/tr><tr><th>Longueur du c\u00e2ble (en m)<\/th><td>1.8<\/td><\/tr><tr><th>Puissance (en W)<\/th><td>3000<\/td><\/tr><tr><th>Nombre de grilles de cuisson<\/th><td>2<\/td><\/tr><tr><th>Mat\u00e9riau de grilles de cuisson<\/th><td>Fonte<\/td><\/tr><tr><th>Grille r\u00e9glable<\/th><td>Non<\/td><\/tr><tr><th>Longueur des grilles de cuisson (en cm)<\/th><td>54<\/td><\/tr><tr><th>Largeur des grilles\/plaques de cuisson (en cm)<\/th><td>39<\/td><\/tr><tr><th>Mat\u00e9riau de la plaque de cuisson<\/th><td>Fonte<\/td><\/tr><tr><th>Mat\u00e9riau de la structure<\/th><td>Fonte<\/td><\/tr><tr><th>Mat\u00e9riau de la cuve<\/th><td>Fonte d&rsquo;aluminium<\/td><\/tr><tr><th>A monter soi-m\u00eame<\/th><td>Non<\/td><\/tr><tr><th>P\u00e9riode de disponibilit\u00e9 des pi\u00e8ces d\u00e9tach\u00e9es apr\u00e8s le dernier achat de la derni\u00e8re unit\u00e9 vendue (en ann\u00e9es)<\/th><td>5<\/td><\/tr><tr><th>Garantie (inclut la garantie l\u00e9gale de conformit\u00e9) (en ann\u00e9es)<\/th><td>5<\/td><\/tr><tr><th>Produit emball\u00e9 : hauteur (en cm)<\/th><td>44<\/td><\/tr><tr><th>Produit emball\u00e9 : largeur (en cm)<\/th><td>46<\/td><\/tr><tr><th>Produit emball\u00e9 : profondeur (en cm)<\/th><td>82.4<\/td><\/tr><tr><th>Produit emball\u00e9 : poids (en kg)<\/th><td>19.132<\/td><\/tr><tr><th>Indication du geste de tri (triman)<\/th><td>Nos produits et emballages peuvent faire l&rsquo;objet d&rsquo;une consigne de tri. Pour en savoir plus : www.quefairedemesdechets.fr<\/td><\/tr><\/tbody><\/table><\/figure>\n\n\n\n<p><\/p>\n\n\n\n<p><\/p>\n\n\n\n<p><\/p>","protected":false},"excerpt":{"rendered":"<p>Cordon 1,80m, id\u00e9al pour les espaces type balcon, terrasse Weber Q 2400 electric grill. Plaques de cuisson plancha vendues s\u00e9par\u00e9ment. Nombre de convives Moins de 6 Fonctions compl\u00e9mentaires Grill Type de cuisson Horizontal Poids du produit nu (en kg) 17 Longueur du c\u00e2ble (en m) 1.8 Puissance (en W) 3000 Nombre de grilles de cuisson 2 Mat\u00e9riau de grilles de cuisson Fonte Grille r\u00e9glable Non Longueur des grilles de cuisson (en cm) 54 Largeur des grilles\/plaques de cuisson (en cm) 39 Mat\u00e9riau de la plaque de cuisson Fonte Mat\u00e9riau de la structure Fonte Mat\u00e9riau de la cuve Fonte d&rsquo;aluminium A monter soi-m\u00eame Non P\u00e9riode de disponibilit\u00e9 des pi\u00e8ces d\u00e9tach\u00e9es apr\u00e8s le dernier achat de la derni\u00e8re unit\u00e9 vendue (en ann\u00e9es) 5 Garantie (inclut la garantie l\u00e9gale de conformit\u00e9) (en ann\u00e9es) 5 Produit emball\u00e9 : hauteur (en cm) 44 Produit emball\u00e9 : largeur (en cm) 46 Produit emball\u00e9 : profondeur (en cm) 82.4 Produit emball\u00e9 : poids (en kg) 19.132 Indication du geste de tri (triman) Nos produits et emballages peuvent faire l&rsquo;objet d&rsquo;une consigne de tri. Pour en savoir plus : www.quefairedemesdechets.fr<\/p>","protected":false},"featured_media":9536,"comment_status":"closed","ping_status":"closed","template":"","meta":{"inline_featured_image":false},"product_brand":[],"product_cat":[62,70],"product_tag":[],"class_list":{"0":"post-9535","1":"product","2":"type-product","3":"status-publish","4":"has-post-thumbnail","6":"product_cat-barbecue","7":"product_cat-barbecue-electrique","9":"first","10":"instock","11":"sale","12":"shipping-taxable","13":"purchasable","14":"product-type-simple"},"_links":{"self":[{"href":"https:\/\/feria-verde.com\/es\/wp-json\/wp\/v2\/product\/9535","targetHints":{"allow":["GET"]}}],"collection":[{"href":"https:\/\/feria-verde.com\/es\/wp-json\/wp\/v2\/product"}],"about":[{"href":"https:\/\/feria-verde.com\/es\/wp-json\/wp\/v2\/types\/product"}],"replies":[{"embeddable":true,"href":"https:\/\/feria-verde.com\/es\/wp-json\/wp\/v2\/comments?post=9535"}],"version-history":[{"count":0,"href":"https:\/\/feria-verde.com\/es\/wp-json\/wp\/v2\/product\/9535\/revisions"}],"wp:featuredmedia":[{"embeddable":true,"href":"https:\/\/feria-verde.com\/es\/wp-json\/wp\/v2\/media\/9536"}],"wp:attachment":[{"href":"https:\/\/feria-verde.com\/es\/wp-json\/wp\/v2\/media?parent=9535"}],"wp:term":[{"taxonomy":"product_brand","embeddable":true,"href":"https:\/\/feria-verde.com\/es\/wp-json\/wp\/v2\/product_brand?post=9535"},{"taxonomy":"product_cat","embeddable":true,"href":"https:\/\/feria-verde.com\/es\/wp-json\/wp\/v2\/product_cat?post=9535"},{"taxonomy":"product_tag","embeddable":true,"href":"https:\/\/feria-verde.com\/es\/wp-json\/wp\/v2\/product_tag?post=9535"}],"curies":[{"name":"wp","href":"https:\/\/api.w.org\/{rel}","templated":true}]}}