{"id":9544,"date":"2024-06-10T07:08:52","date_gmt":"2024-06-10T05:08:52","guid":{"rendered":"https:\/\/feria-verde.com\/?post_type=product&#038;p=9544"},"modified":"2024-06-10T17:06:29","modified_gmt":"2024-06-10T15:06:29","slug":"barbecue-au-gaz-weber-spirit-classic-e-310","status":"publish","type":"product","link":"https:\/\/feria-verde.com\/es\/producto\/barbecue-au-gaz-weber-spirit-classic-e-310\/","title":{"rendered":"Barbacoa de gas WEBER Spirit Classic E-310"},"content":{"rendered":"<p>Barbecue \u00e0 gaz avec cuve en fonte et couvercle avec thermom\u00e8tre int\u00e9gr\u00e9 en acier \u00e9maill\u00e9 comprenant : grille de cuisson en acier \u00e9maill\u00e9, bouton d\u2019allumage Crossover, Barres Flavorizer \u00e9maill\u00e9es, plans de travail en m\u00e9tal noir, placard, cache bouteille de gaz, plateau amovible avec bac de r\u00e9cup\u00e9ration de graisse. Surprenez votre famille en pr\u00e9parant le d\u00eener au barbecue et laissez les soucis de la journ\u00e9e se dissiper alors que le parfum d\u2019un d\u00e9licieux poulet emplit l\u2019air. Le barbecue \u00e0 gaz Spirit Classic E-310 est id\u00e9al pour les familles qui appr\u00e9cient l\u2019atmosph\u00e8re si particuli\u00e8re des grillades et veulent en profiter tous les jours.<\/p>\n\n\n\n<figure class=\"wp-block-table\"><table><tbody><tr><th>Nombre de convives<\/th><td>Plus de 10<\/td><\/tr><tr><th>Fonctions compl\u00e9mentaires<\/th><td>Grill<\/td><\/tr><tr><th>Type de cuisson<\/th><td>Horizontal<\/td><\/tr><tr><th>Hauteur (en cm)<\/th><td>116<\/td><\/tr><tr><th>Profondeur (en cm)<\/th><td>61<\/td><\/tr><tr><th>Poids du produit nu (en kg)<\/th><td>41.23<\/td><\/tr><tr><th>Mat\u00e9riau de la cuve<\/th><td>Fonte d&rsquo;aluminium<\/td><\/tr><tr><th>Nombre de grilles de cuisson<\/th><td>2<\/td><\/tr><tr><th>Grille r\u00e9glable<\/th><td>Non<\/td><\/tr><tr><th>Largeur des grilles\/plaques de cuisson (en cm)<\/th><td>45<\/td><\/tr><tr><th>Longueur des grilles de cuisson (en cm)<\/th><td>61<\/td><\/tr><tr><th>Mat\u00e9riau de grilles de cuisson<\/th><td>Acero<\/td><\/tr><tr><th>Nombre de br\u00fbleurs<\/th><td>3<\/td><\/tr><tr><th>Mati\u00e8re des br\u00fbleurs<\/th><td>Inox<\/td><\/tr><tr><th>Puissance des br\u00fbleurs (en kW)<\/th><td>9.36<\/td><\/tr><tr><th>Type de gaz<\/th><td>Butane |&nbsp; Propane<\/td><\/tr><tr><th>Type de bois<\/th><td>Sans bois<\/td><\/tr><tr><th>Type d&rsquo;allumage<\/th><td>Piezo-m\u00e9canique<\/td><\/tr><tr><th>Sur pied<\/th><td>Oui<\/td><\/tr><tr><th>A monter soi-m\u00eame<\/th><td>Oui<\/td><\/tr><tr><th>Garantie des br\u00fbleurs (en ann\u00e9e)<\/th><td>10<\/td><\/tr><tr><th>Garantie de la cuve (en ann\u00e9e)<\/th><td>10<\/td><\/tr><tr><th>Garantie du couvercle (en ann\u00e9e)<\/th><td>10<\/td><\/tr><tr><th>P\u00e9riode de disponibilit\u00e9 des pi\u00e8ces d\u00e9tach\u00e9es apr\u00e8s le dernier achat de la derni\u00e8re unit\u00e9 vendue (en ann\u00e9es)<\/th><td>10<\/td><\/tr><tr><th>Garantie (inclut la garantie l\u00e9gale de conformit\u00e9) (en ann\u00e9es)<\/th><td>10<\/td><\/tr><tr><th>Produit emball\u00e9 : hauteur (en cm)<\/th><td>65<\/td><\/tr><tr><th>Produit emball\u00e9 : largeur (en cm)<\/th><td>82<\/td><\/tr><tr><th>Produit emball\u00e9 : profondeur (en cm)<\/th><td>69<\/td><\/tr><tr><th>Produit emball\u00e9 : poids (en kg)<\/th><td>47.8<\/td><\/tr><tr><th>Indication du geste de tri (triman)<\/th><td>Nos produits et emballages peuvent faire l&rsquo;objet d&rsquo;une consigne de tri. Pour en savoir plus : www.quefairedemesdechets.fr<\/td><\/tr><\/tbody><\/table><\/figure>\n\n\n\n<p><\/p>\n\n\n\n<p><\/p>\n\n\n\n<p><\/p>","protected":false},"excerpt":{"rendered":"<p>Barbecue \u00e0 gaz avec cuve en fonte et couvercle avec thermom\u00e8tre int\u00e9gr\u00e9 en acier \u00e9maill\u00e9 comprenant : grille de cuisson en acier \u00e9maill\u00e9, bouton d\u2019allumage Crossover, Barres Flavorizer \u00e9maill\u00e9es, plans de travail en m\u00e9tal noir, placard, cache bouteille de gaz, plateau amovible avec bac de r\u00e9cup\u00e9ration de graisse. Surprenez votre famille en pr\u00e9parant le d\u00eener au barbecue et laissez les soucis de la journ\u00e9e se dissiper alors que le parfum d\u2019un d\u00e9licieux poulet emplit l\u2019air. Le barbecue \u00e0 gaz Spirit Classic E-310 est id\u00e9al pour les familles qui appr\u00e9cient l\u2019atmosph\u00e8re si particuli\u00e8re des grillades et veulent en profiter tous les jours. Nombre de convives Plus de 10 Fonctions compl\u00e9mentaires Grill Type de cuisson Horizontal Hauteur (en cm) 116 Profondeur (en cm) 61 Poids du produit nu (en kg) 41.23 Mat\u00e9riau de la cuve Fonte d&rsquo;aluminium Nombre de grilles de cuisson 2 Grille r\u00e9glable Non Largeur des grilles\/plaques de cuisson (en cm) 45 Longueur des grilles de cuisson (en cm) 61 Mat\u00e9riau de grilles de cuisson Acier Nombre de br\u00fbleurs 3 Mati\u00e8re des br\u00fbleurs Inox Puissance des br\u00fbleurs (en kW) 9.36 Type de gaz Butane |&nbsp; Propane Type de bois Sans bois Type d&rsquo;allumage Piezo-m\u00e9canique Sur pied Oui A monter soi-m\u00eame Oui Garantie des br\u00fbleurs (en ann\u00e9e) 10 Garantie de la cuve (en ann\u00e9e) 10 Garantie du couvercle (en ann\u00e9e) 10 P\u00e9riode de disponibilit\u00e9 des pi\u00e8ces d\u00e9tach\u00e9es apr\u00e8s le dernier achat de la derni\u00e8re unit\u00e9 vendue (en ann\u00e9es) 10 Garantie (inclut la garantie l\u00e9gale de conformit\u00e9) (en ann\u00e9es) 10 Produit emball\u00e9 : hauteur (en cm) 65 Produit emball\u00e9 : largeur (en cm) 82 Produit emball\u00e9 : profondeur (en cm) 69 Produit emball\u00e9 : poids (en kg) 47.8 Indication du geste de tri (triman) Nos produits et emballages peuvent faire l&rsquo;objet d&rsquo;une consigne de tri. Pour en savoir plus : www.quefairedemesdechets.fr<\/p>","protected":false},"featured_media":9545,"comment_status":"closed","ping_status":"closed","template":"","meta":{"inline_featured_image":false},"product_brand":[],"product_cat":[62,69],"product_tag":[],"class_list":{"0":"post-9544","1":"product","2":"type-product","3":"status-publish","4":"has-post-thumbnail","6":"product_cat-barbecue","7":"product_cat-barbecue-au-gaz","9":"first","10":"instock","11":"sale","12":"shipping-taxable","13":"purchasable","14":"product-type-simple"},"_links":{"self":[{"href":"https:\/\/feria-verde.com\/es\/wp-json\/wp\/v2\/product\/9544","targetHints":{"allow":["GET"]}}],"collection":[{"href":"https:\/\/feria-verde.com\/es\/wp-json\/wp\/v2\/product"}],"about":[{"href":"https:\/\/feria-verde.com\/es\/wp-json\/wp\/v2\/types\/product"}],"replies":[{"embeddable":true,"href":"https:\/\/feria-verde.com\/es\/wp-json\/wp\/v2\/comments?post=9544"}],"version-history":[{"count":0,"href":"https:\/\/feria-verde.com\/es\/wp-json\/wp\/v2\/product\/9544\/revisions"}],"wp:featuredmedia":[{"embeddable":true,"href":"https:\/\/feria-verde.com\/es\/wp-json\/wp\/v2\/media\/9545"}],"wp:attachment":[{"href":"https:\/\/feria-verde.com\/es\/wp-json\/wp\/v2\/media?parent=9544"}],"wp:term":[{"taxonomy":"product_brand","embeddable":true,"href":"https:\/\/feria-verde.com\/es\/wp-json\/wp\/v2\/product_brand?post=9544"},{"taxonomy":"product_cat","embeddable":true,"href":"https:\/\/feria-verde.com\/es\/wp-json\/wp\/v2\/product_cat?post=9544"},{"taxonomy":"product_tag","embeddable":true,"href":"https:\/\/feria-verde.com\/es\/wp-json\/wp\/v2\/product_tag?post=9544"}],"curies":[{"name":"wp","href":"https:\/\/api.w.org\/{rel}","templated":true}]}}