{"id":9552,"date":"2024-06-10T07:12:14","date_gmt":"2024-06-10T05:12:14","guid":{"rendered":"https:\/\/feria-verde.com\/?post_type=product&#038;p=9552"},"modified":"2024-06-10T17:06:11","modified_gmt":"2024-06-10T15:06:11","slug":"barbecue-au-gaz-campingaz-4-series-classic-lxs-gris","status":"publish","type":"product","link":"https:\/\/feria-verde.com\/es\/producto\/barbecue-au-gaz-campingaz-4-series-classic-lxs-gris\/","title":{"rendered":"Barbacoa de gas CAMPINGAZ serie 4 classic LXS, gris"},"content":{"rendered":"<p>Cuve d\u00e9montable passe au lave-vaisselle<\/p>\n\n\n\n<p>Modes de cuisson : Grille Culinary\u2122 (50%), plancha r\u00e9versible (50%) et four &#8211; Grille Culinary Modular\u2122 et plancha r\u00e9versible en fonte \u00e9maill\u00e9e &#8211; Surface de cuisson : L 78 x P 45 cm &#8211; Grille de maintien au chaud &#8211; 4 br\u00fbleurs en inox garantis 3 ans &#8211; Puissance totale : 12,8 kW &#8211; R\u00e9chaud lat\u00e9ral : 2,3 kW &#8211; Syst\u00e8me Culinary Modular, il suffit de retirer le centre de la grille pour y mettre un accessoire Culinary (vendu s\u00e9par\u00e9ment), tant\u00f4t wok, tant\u00f4t pierre \u00e0 pizza, le barbecue se transforme au gr\u00e9 des envies &#8211; Nettoyage facile gr\u00e2ce au syst\u00e8me InstaClean\u00ae, les pi\u00e8ces de la cuve se d\u00e9montent pour \u00eatre pass\u00e9es sous l&rsquo;eau chaude puis mises au lave-vaisselle &#8211; Allumage \u00e9lectronique (piles incluses) &#8211; Couvercle en acier et fonte d&rsquo;aluminium &#8211; Thermom\u00e8tre int\u00e9gr\u00e9 au couvercle &#8211; 2 tablettes lat\u00e9rales dont 1 rabattable &#8211; Chariot en acier avec portes &#8211; Possibilit\u00e9 de mettre une bouteille de gaz de 5 kg dans le chariot &#8211; Dimensions : L 161 x P 61 x H 116 cm (couvercle ferm\u00e9, tablettes d\u00e9pli\u00e9es) &#8211; Poids : 64 kg<\/p>\n\n\n\n<figure class=\"wp-block-table\"><table><tbody><tr><th>Nombre de convives<\/th><td>Plus de 10<\/td><\/tr><tr><th>Fonctions compl\u00e9mentaires<\/th><td>Grill |&nbsp; Plancha<\/td><\/tr><tr><th>Type de cuisson<\/th><td>Horizontal<\/td><\/tr><tr><th>Hauteur (en cm)<\/th><td>116<\/td><\/tr><tr><th>Profondeur (en cm)<\/th><td>61<\/td><\/tr><tr><th>Poids du produit nu (en kg)<\/th><td>63.72<\/td><\/tr><tr><th>Mat\u00e9riau de la cuve<\/th><td>Acero<\/td><\/tr><tr><th>Mat\u00e9riau de la plaque de cuisson<\/th><td>Fonte<\/td><\/tr><tr><th>Nombre de grilles de cuisson<\/th><td>2<\/td><\/tr><tr><th>Grille r\u00e9glable<\/th><td>Non<\/td><\/tr><tr><th>Largeur des grilles\/plaques de cuisson (en cm)<\/th><td>78<\/td><\/tr><tr><th>Longueur des grilles de cuisson (en cm)<\/th><td>45<\/td><\/tr><tr><th>Mat\u00e9riau de grilles de cuisson<\/th><td>Fonte<\/td><\/tr><tr><th>Nombre de br\u00fbleurs<\/th><td>4<\/td><\/tr><tr><th>Mati\u00e8re des br\u00fbleurs<\/th><td>Inox<\/td><\/tr><tr><th>Puissance des br\u00fbleurs (en kW)<\/th><td>12.8<\/td><\/tr><tr><th>Type de gaz<\/th><td>Propane<\/td><\/tr><tr><th>Type d&rsquo;allumage<\/th><td>Electronique<\/td><\/tr><tr><th>Sur pied<\/th><td>Non<\/td><\/tr><tr><th>A monter soi-m\u00eame<\/th><td>Oui<\/td><\/tr><tr><th>Garantie des br\u00fbleurs (en ann\u00e9e)<\/th><td>3<\/td><\/tr><tr><th>Garantie de la cuve (en ann\u00e9e)<\/th><td>2<\/td><\/tr><tr><th>Garantie du couvercle (en ann\u00e9e)<\/th><td>2<\/td><\/tr><tr><th>P\u00e9riode de disponibilit\u00e9 des pi\u00e8ces d\u00e9tach\u00e9es apr\u00e8s le dernier achat de la derni\u00e8re unit\u00e9 vendue (en ann\u00e9es)<\/th><td>2<\/td><\/tr><tr><th>Garantie (inclut la garantie l\u00e9gale de conformit\u00e9) (en ann\u00e9es)<\/th><td>2<\/td><\/tr><tr><th>Produit emball\u00e9 : hauteur (en cm)<\/th><td>50<\/td><\/tr><tr><th>Produit emball\u00e9 : largeur (en cm)<\/th><td>72<\/td><\/tr><tr><th>Produit emball\u00e9 : profondeur (en cm)<\/th><td>90<\/td><\/tr><tr><th>Produit emball\u00e9 : poids (en kg)<\/th><td>66.6<\/td><\/tr><tr><th>Indication du geste de tri (triman)<\/th><td>Nos produits et emballages peuvent faire l&rsquo;objet d&rsquo;une consigne de tri. Pour en savoir plus : www.quefairedemesdechets.fr<\/td><\/tr><\/tbody><\/table><\/figure>\n\n\n\n<p><\/p>\n\n\n\n<p><\/p>\n\n\n\n<p><\/p>","protected":false},"excerpt":{"rendered":"<p>Cuve d\u00e9montable passe au lave-vaisselle Modes de cuisson : Grille Culinary\u2122 (50%), plancha r\u00e9versible (50%) et four &#8211; Grille Culinary Modular\u2122 et plancha r\u00e9versible en fonte \u00e9maill\u00e9e &#8211; Surface de cuisson : L 78 x P 45 cm &#8211; Grille de maintien au chaud &#8211; 4 br\u00fbleurs en inox garantis 3 ans &#8211; Puissance totale : 12,8 kW &#8211; R\u00e9chaud lat\u00e9ral : 2,3 kW &#8211; Syst\u00e8me Culinary Modular, il suffit de retirer le centre de la grille pour y mettre un accessoire Culinary (vendu s\u00e9par\u00e9ment), tant\u00f4t wok, tant\u00f4t pierre \u00e0 pizza, le barbecue se transforme au gr\u00e9 des envies &#8211; Nettoyage facile gr\u00e2ce au syst\u00e8me InstaClean\u00ae, les pi\u00e8ces de la cuve se d\u00e9montent pour \u00eatre pass\u00e9es sous l&rsquo;eau chaude puis mises au lave-vaisselle &#8211; Allumage \u00e9lectronique (piles incluses) &#8211; Couvercle en acier et fonte d&rsquo;aluminium &#8211; Thermom\u00e8tre int\u00e9gr\u00e9 au couvercle &#8211; 2 tablettes lat\u00e9rales dont 1 rabattable &#8211; Chariot en acier avec portes &#8211; Possibilit\u00e9 de mettre une bouteille de gaz de 5 kg dans le chariot &#8211; Dimensions : L 161 x P 61 x H 116 cm (couvercle ferm\u00e9, tablettes d\u00e9pli\u00e9es) &#8211; Poids : 64 kg Nombre de convives Plus de 10 Fonctions compl\u00e9mentaires Grill |&nbsp; Plancha Type de cuisson Horizontal Hauteur (en cm) 116 Profondeur (en cm) 61 Poids du produit nu (en kg) 63.72 Mat\u00e9riau de la cuve Acier Mat\u00e9riau de la plaque de cuisson Fonte Nombre de grilles de cuisson 2 Grille r\u00e9glable Non Largeur des grilles\/plaques de cuisson (en cm) 78 Longueur des grilles de cuisson (en cm) 45 Mat\u00e9riau de grilles de cuisson Fonte Nombre de br\u00fbleurs 4 Mati\u00e8re des br\u00fbleurs Inox Puissance des br\u00fbleurs (en kW) 12.8 Type de gaz Propane Type d&rsquo;allumage Electronique Sur pied Non A monter soi-m\u00eame Oui Garantie des br\u00fbleurs (en ann\u00e9e) 3 Garantie de la cuve (en ann\u00e9e) 2 Garantie du couvercle (en ann\u00e9e) 2 P\u00e9riode de disponibilit\u00e9 des pi\u00e8ces d\u00e9tach\u00e9es apr\u00e8s le dernier achat de la derni\u00e8re unit\u00e9 vendue (en ann\u00e9es) 2 Garantie (inclut la garantie l\u00e9gale de conformit\u00e9) (en ann\u00e9es) 2 Produit emball\u00e9 : hauteur (en cm) 50 Produit emball\u00e9 : largeur (en cm) 72 Produit emball\u00e9 : profondeur (en cm) 90 Produit emball\u00e9 : poids (en kg) 66.6 Indication du geste de tri (triman) Nos produits et emballages peuvent faire l&rsquo;objet d&rsquo;une consigne de tri. Pour en savoir plus : www.quefairedemesdechets.fr<\/p>","protected":false},"featured_media":9553,"comment_status":"closed","ping_status":"closed","template":"","meta":{"inline_featured_image":false},"product_brand":[],"product_cat":[62,69],"product_tag":[],"class_list":{"0":"post-9552","1":"product","2":"type-product","3":"status-publish","4":"has-post-thumbnail","6":"product_cat-barbecue","7":"product_cat-barbecue-au-gaz","9":"first","10":"instock","11":"sale","12":"shipping-taxable","13":"purchasable","14":"product-type-simple"},"_links":{"self":[{"href":"https:\/\/feria-verde.com\/es\/wp-json\/wp\/v2\/product\/9552","targetHints":{"allow":["GET"]}}],"collection":[{"href":"https:\/\/feria-verde.com\/es\/wp-json\/wp\/v2\/product"}],"about":[{"href":"https:\/\/feria-verde.com\/es\/wp-json\/wp\/v2\/types\/product"}],"replies":[{"embeddable":true,"href":"https:\/\/feria-verde.com\/es\/wp-json\/wp\/v2\/comments?post=9552"}],"version-history":[{"count":0,"href":"https:\/\/feria-verde.com\/es\/wp-json\/wp\/v2\/product\/9552\/revisions"}],"wp:featuredmedia":[{"embeddable":true,"href":"https:\/\/feria-verde.com\/es\/wp-json\/wp\/v2\/media\/9553"}],"wp:attachment":[{"href":"https:\/\/feria-verde.com\/es\/wp-json\/wp\/v2\/media?parent=9552"}],"wp:term":[{"taxonomy":"product_brand","embeddable":true,"href":"https:\/\/feria-verde.com\/es\/wp-json\/wp\/v2\/product_brand?post=9552"},{"taxonomy":"product_cat","embeddable":true,"href":"https:\/\/feria-verde.com\/es\/wp-json\/wp\/v2\/product_cat?post=9552"},{"taxonomy":"product_tag","embeddable":true,"href":"https:\/\/feria-verde.com\/es\/wp-json\/wp\/v2\/product_tag?post=9552"}],"curies":[{"name":"wp","href":"https:\/\/api.w.org\/{rel}","templated":true}]}}