{"id":9563,"date":"2024-06-10T07:17:02","date_gmt":"2024-06-10T05:17:02","guid":{"rendered":"https:\/\/feria-verde.com\/?post_type=product&#038;p=9563"},"modified":"2024-06-10T17:05:35","modified_gmt":"2024-06-10T15:05:35","slug":"barbecue-au-gaz-154-x-55-x-114-cm-naterial-kenton","status":"publish","type":"product","link":"https:\/\/feria-verde.com\/es\/producto\/barbecue-au-gaz-154-x-55-x-114-cm-naterial-kenton\/","title":{"rendered":"Barbacoa de gas - 154 x 55 x 114 cm - NATERIAL Kenton"},"content":{"rendered":"<div data-elementor-type=\"product-post\" data-elementor-id=\"9563\" class=\"elementor elementor-9563\" data-elementor-post-type=\"product\">\n\t\t\t\t<div class=\"elementor-element elementor-element-2dfc0f64 e-flex e-con-boxed wpr-particle-no wpr-jarallax-no wpr-parallax-no wpr-sticky-section-no e-con e-parent\" data-id=\"2dfc0f64\" data-element_type=\"container\">\n\t\t\t\t\t<div class=\"e-con-inner\">\n\t\t\t\t<div class=\"elementor-element elementor-element-1cddf58c elementor-widget elementor-widget-text-editor\" data-id=\"1cddf58c\" data-element_type=\"widget\" data-widget_type=\"text-editor.default\">\n\t\t\t\t<div class=\"elementor-widget-container\">\n\t\t\t\t\t\t\t\t\t\n<h3 class=\"wp-block-heading\">Ergonomique et pratique<\/h3>\n\n\n\n<p>Le barbecue au gaz Naterial 4B Kenton est dot\u00e9 de 4 br\u00fbleurs en acier inoxydable de 14 kW et de grilles en fonte avec finition brillante, ainsi que d&rsquo;un thermom\u00e8tre, un d\u00e9capsuleur inclus et un espace de rangement pour la bouteille de gaz.<\/p>\n\n\n\n<figure class=\"wp-block-image\"><img decoding=\"async\" src=\"https:\/\/media.adeo.com\/media\/1411868\/ergonomique-et-pratique5e79c04e7f9f470009e51920.jpg?width=600&amp;height=600&amp;quality=80&amp;fit=bounds&amp;format=jpg\" alt=\"Ergonomique et pratique\"\/><\/figure>\n\n\n\n<p><\/p>\n\n\n\n<p>Le BBQ NATERIAL Kenton 4B-Gas est un barbecue \u00e0 gaz \u00e0 4 br\u00fbleurs, 14 KW. Id\u00e9al pour cuisiner en dehors. Pour un repas de 10 personnes. Facile \u00e0 utiliser: allumage facile d&rsquo;une seule main. Grill et plaque chauffante en fonte \u00e9maill\u00e9e: bon niveau d&rsquo;inertie, r\u00e9partition uniforme de la chaleur. 2 zones de cuisson pour le grill et la plaque chauffante. Ergonomique et pratique: thermom\u00e8tre et d\u00e9capsuleur inclus. Espace de rangement pour la bouteille de gaz. Facile \u00e0 nettoyer: chemin\u00e9e en \u00e9mail tr\u00e8s \u00e9l\u00e9gante. Bac d&rsquo;\u00e9gouttement accessible par l&rsquo;avant et adapt\u00e9 au r\u00e9cipient en aluminium. Facile \u00e0 d\u00e9placer: 4 roues rotatives. Grandes poign\u00e9es. Con\u00e7u pour durer longtemps: br\u00fbleurs en acier inoxydable qui r\u00e9sistent aux intemp\u00e9ries et aux effets de la chaleur. Chemin\u00e9e en \u00e9mail pouvant supporter des temp\u00e9ratures tr\u00e8s \u00e9lev\u00e9es. Garantie de 3 ans.<\/p>\n\n\n\n<figure class=\"wp-block-table\"><table><tbody><tr><th>Nombre de convives<\/th><td>Plus de 10<\/td><\/tr><tr><th>Fonctions compl\u00e9mentaires<\/th><td>Grill<\/td><\/tr><tr><th>Type de cuisson<\/th><td>Horizontal<\/td><\/tr><tr><th>Diam\u00e8tre (en cm)<\/th><td>0<\/td><\/tr><tr><th>Hauteur (en cm)<\/th><td>113<\/td><\/tr><tr><th>Profondeur (en cm)<\/th><td>54<\/td><\/tr><tr><th>Poids du produit nu (en kg)<\/th><td>39<\/td><\/tr><tr><th>Mat\u00e9riau de la cuve<\/th><td>Acero<\/td><\/tr><tr><th>Mat\u00e9riau de la plaque de cuisson<\/th><td>Fonte<\/td><\/tr><tr><th>Nombre de grilles de cuisson<\/th><td>3<\/td><\/tr><tr><th>Grille r\u00e9glable<\/th><td>Non<\/td><\/tr><tr><th>Largeur des grilles\/plaques de cuisson (en cm)<\/th><td>72<\/td><\/tr><tr><th>Diam\u00e8tre des grilles de cuisson (en cm)<\/th><td>0<\/td><\/tr><tr><th>Longueur des grilles de cuisson (en cm)<\/th><td>41.5<\/td><\/tr><tr><th>Mat\u00e9riau de grilles de cuisson<\/th><td>Fonte<\/td><\/tr><tr><th>Nombre de br\u00fbleurs<\/th><td>4<\/td><\/tr><tr><th>Mati\u00e8re des br\u00fbleurs<\/th><td>Inox<\/td><\/tr><tr><th>Puissance des br\u00fbleurs (en kW)<\/th><td>14<\/td><\/tr><tr><th>Type de gaz<\/th><td>Butane<\/td><\/tr><tr><th>Type de bois<\/th><td>Sans bois<\/td><\/tr><tr><th>Type d&rsquo;allumage<\/th><td>Piezo-m\u00e9canique<\/td><\/tr><tr><th>Sur pied<\/th><td>Oui<\/td><\/tr><tr><th>A monter soi-m\u00eame<\/th><td>Oui<\/td><\/tr><tr><th>Garantie des br\u00fbleurs (en ann\u00e9e)<\/th><td>3<\/td><\/tr><tr><th>Garantie de la cuve (en ann\u00e9e)<\/th><td>3<\/td><\/tr><tr><th>Garantie du couvercle (en ann\u00e9e)<\/th><td>3<\/td><\/tr><tr><th>P\u00e9riode de disponibilit\u00e9 des pi\u00e8ces d\u00e9tach\u00e9es apr\u00e8s le dernier achat de la derni\u00e8re unit\u00e9 vendue (en ann\u00e9es)<\/th><td>3<\/td><\/tr><tr><th>Garantie (inclut la garantie l\u00e9gale de conformit\u00e9) (en ann\u00e9es)<\/th><td>3<\/td><\/tr><tr><th>Produit emball\u00e9 : hauteur (en cm)<\/th><td>53.2<\/td><\/tr><tr><th>Produit emball\u00e9 : largeur (en cm)<\/th><td>81.6<\/td><\/tr><tr><th>Produit emball\u00e9 : profondeur (en cm)<\/th><td>66.4<\/td><\/tr><tr><th>Produit emball\u00e9 : poids (en kg)<\/th><td>46.86<\/td><\/tr><tr><th>Indication du geste de tri (triman)<\/th><td>Nos produits et emballages peuvent faire l&rsquo;objet d&rsquo;une consigne de tri. Pour en savoir plus : www.quefairedemesdechets.fr<\/td><\/tr><\/tbody><\/table><\/figure>\n\n\n\n<p><\/p>\n\t\t\t\t\t\t\t\t<\/div>\n\t\t\t\t<\/div>\n\t\t\t\t\t<\/div>\n\t\t\t\t<\/div>\n\t\t<div class=\"elementor-element elementor-element-731203c0 e-flex e-con-boxed wpr-particle-no wpr-jarallax-no wpr-parallax-no wpr-sticky-section-no e-con e-parent\" data-id=\"731203c0\" data-element_type=\"container\">\n\t\t\t\t\t<div class=\"e-con-inner\">\n\t\t\t\t<div class=\"elementor-element elementor-element-5eb8a0 elementor-testimonial--skin-default elementor-testimonial--layout-image_inline elementor-testimonial--align-center elementor-arrows-yes elementor-pagination-type-bullets elementor-widget elementor-widget-testimonial-carousel\" data-id=\"5eb8a0\" data-element_type=\"widget\" data-settings=\"{&quot;show_arrows&quot;:&quot;yes&quot;,&quot;pagination&quot;:&quot;bullets&quot;,&quot;speed&quot;:500,&quot;autoplay&quot;:&quot;yes&quot;,&quot;autoplay_speed&quot;:5000,&quot;loop&quot;:&quot;yes&quot;,&quot;pause_on_hover&quot;:&quot;yes&quot;,&quot;pause_on_interaction&quot;:&quot;yes&quot;,&quot;space_between&quot;:{&quot;unit&quot;:&quot;px&quot;,&quot;size&quot;:10,&quot;sizes&quot;:[]},&quot;space_between_tablet&quot;:{&quot;unit&quot;:&quot;px&quot;,&quot;size&quot;:10,&quot;sizes&quot;:[]},&quot;space_between_mobile&quot;:{&quot;unit&quot;:&quot;px&quot;,&quot;size&quot;:10,&quot;sizes&quot;:[]}}\" data-widget_type=\"testimonial-carousel.default\">\n\t\t\t\t<div class=\"elementor-widget-container\">\n\t\t\t\t\t\t\t<div class=\"elementor-swiper\">\n\t\t\t<div class=\"elementor-main-swiper swiper-container\">\n\t\t\t\t<div class=\"swiper-wrapper\">\n\t\t\t\t\t\t\t\t\t\t\t<div class=\"swiper-slide\">\n\t\t\t\t\t\t\t\t\t<div class=\"elementor-testimonial\">\n\t\t\t\t\t\t\t<div class=\"elementor-testimonial__content\">\n\t\t\t\t\t<div class=\"elementor-testimonial__text\">\n\t\t\t\t\t\t\t\t<div data-elementor-type=\"archive\" data-elementor-id=\"9691\" class=\"elementor elementor-9691\" data-elementor-post-type=\"elementor_library\">\n\t\t\t\t\t<div class=\"elementor-section-wrap\">\n\t\t\t\t\t\t<div class=\"elementor-element elementor-element-dc2cd2f e-flex e-con-boxed wpr-particle-no wpr-jarallax-no wpr-parallax-no wpr-sticky-section-no e-con e-parent\" data-id=\"dc2cd2f\" data-element_type=\"container\">\n\t\t\t\t\t<div class=\"e-con-inner\">\n\t\t<div class=\"elementor-element elementor-element-4bb94b2 e-con-full e-flex wpr-particle-no wpr-jarallax-no wpr-parallax-no wpr-sticky-section-no e-con e-child\" data-id=\"4bb94b2\" data-element_type=\"container\">\n\t\t\t\t<div class=\"elementor-element elementor-element-37ad840 elementor-widget elementor-widget-eael-testimonial\" data-id=\"37ad840\" data-element_type=\"widget\" data-widget_type=\"eael-testimonial.default\">\n\t\t\t\t<div class=\"elementor-widget-container\">\n\t\t\t\t\t\n\t<div id=\"eael-testimonial-37ad840\" class=\"eael-testimonial-item clearfix  default-style rating-five\">\n\t\t\t\t\n\t\t\n\t\t\t\t\t\t\t\t<div class=\"eael-testimonial-content\">\n\t\t\t\t<div class=\"eael-testimonial-text\">Add testimonial description here. Edit and place your own text.<\/div>\t\t<ul class=\"testimonial-star-rating\">\n\t\t\t<li><i class=\"fas fa-star\" aria-hidden=\"true\"><\/i><\/li>\n\t\t\t<li><i class=\"fas fa-star\" aria-hidden=\"true\"><\/i><\/li>\n\t\t\t<li><i class=\"fas fa-star\" aria-hidden=\"true\"><\/i><\/li>\n\t\t\t<li><i class=\"fas fa-star\" aria-hidden=\"true\"><\/i><\/li>\n\t\t\t<li><i class=\"fas fa-star\" aria-hidden=\"true\"><\/i><\/li>\n\t\t<\/ul>\n\t\t<p class=\"eael-testimonial-user\">John Doe<\/p><p class=\"eael-testimonial-user-company\">Codetic<\/p>\t\t\t<\/div>\n\t\t\n\t\t\n\t\t\n\t\t\n\t\t\n\t\t\n\t\t<span class=\"eael-testimonial-quote\"><\/span>\n\t<\/div>\n\n\t\t\t\t\t<\/div>\n\t\t\t\t<\/div>\n\t\t\t\t<\/div>\n\t\t<div class=\"elementor-element elementor-element-58fe239 e-con-full e-flex wpr-particle-no wpr-jarallax-no wpr-parallax-no wpr-sticky-section-no e-con e-child\" data-id=\"58fe239\" data-element_type=\"container\">\n\t\t\t\t<div class=\"elementor-element elementor-element-e1296d5 elementor-widget elementor-widget-image\" data-id=\"e1296d5\" data-element_type=\"widget\" data-widget_type=\"image.default\">\n\t\t\t\t<div class=\"elementor-widget-container\">\n\t\t\t\t\t\t\t\t\t\t\t\t\t\t\t<img fetchpriority=\"high\" decoding=\"async\" width=\"800\" height=\"800\" src=\"https:\/\/feria-verde.com\/wp-content\/uploads\/2024\/05\/zeryu.jpeg\" class=\"attachment-large size-large wp-image-9663\" alt=\"\" srcset=\"https:\/\/feria-verde.com\/wp-content\/uploads\/2024\/05\/zeryu.jpeg 800w, https:\/\/feria-verde.com\/wp-content\/uploads\/2024\/05\/zeryu-300x300.jpeg 300w, https:\/\/feria-verde.com\/wp-content\/uploads\/2024\/05\/zeryu-150x150.jpeg 150w, https:\/\/feria-verde.com\/wp-content\/uploads\/2024\/05\/zeryu-768x768.jpeg 768w, https:\/\/feria-verde.com\/wp-content\/uploads\/2024\/05\/zeryu-441x441.jpeg 441w\" sizes=\"(max-width: 360px) 147px, (max-width: 800px) 100vw, 800px\" \/>\t\t\t\t\t\t\t\t\t\t\t\t\t\t\t<\/div>\n\t\t\t\t<\/div>\n\t\t\t\t<\/div>\n\t\t\t\t\t<\/div>\n\t\t\t\t<\/div>\n\t\t\t\t\t\t\t<\/div>\n\t\t\t\t<\/div>\n\t\t\t\t\t\t\t<\/div>\n\t\t\t\t\t\t\t\t\t<\/div>\n\t\t\t\t\t\t<div class=\"elementor-testimonial__footer\">\n\t\t\t\t\t\t\t\t\t\t\t<\/div>\n\t\t<\/div>\n\t\t\t\t\t\t\t\t<\/div>\n\t\t\t\t\t\t\t\t\t\t\t<div class=\"swiper-slide\">\n\t\t\t\t\t\t\t\t\t<div class=\"elementor-testimonial\">\n\t\t\t\t\t\t\t<div class=\"elementor-testimonial__content\">\n\t\t\t\t\t<div class=\"elementor-testimonial__text\">\n\t\t\t\t\t\t\t\t<div data-elementor-type=\"archive\" data-elementor-id=\"9687\" class=\"elementor elementor-9687\" data-elementor-post-type=\"elementor_library\">\n\t\t\t\t\t<div class=\"elementor-section-wrap\">\n\t\t\t\t\t\t<div class=\"elementor-element elementor-element-dc2cd2f e-flex e-con-boxed wpr-particle-no wpr-jarallax-no wpr-parallax-no wpr-sticky-section-no e-con e-parent\" data-id=\"dc2cd2f\" data-element_type=\"container\">\n\t\t\t\t\t<div class=\"e-con-inner\">\n\t\t<div class=\"elementor-element elementor-element-4bb94b2 e-con-full e-flex wpr-particle-no wpr-jarallax-no wpr-parallax-no wpr-sticky-section-no e-con e-child\" data-id=\"4bb94b2\" data-element_type=\"container\">\n\t\t\t\t<div class=\"elementor-element elementor-element-37ad840 elementor-widget elementor-widget-eael-testimonial\" data-id=\"37ad840\" data-element_type=\"widget\" data-widget_type=\"eael-testimonial.default\">\n\t\t\t\t<div class=\"elementor-widget-container\">\n\t\t\t\t\t\n\t<div id=\"eael-testimonial-37ad840\" class=\"eael-testimonial-item clearfix  default-style rating-five\">\n\t\t\t\t\n\t\t\n\t\t\t\t\t\t\t\t<div class=\"eael-testimonial-content\">\n\t\t\t\t<div class=\"eael-testimonial-text\">Add testimonial description here. Edit and place your own text.<\/div>\t\t<ul class=\"testimonial-star-rating\">\n\t\t\t<li><i class=\"fas fa-star\" aria-hidden=\"true\"><\/i><\/li>\n\t\t\t<li><i class=\"fas fa-star\" aria-hidden=\"true\"><\/i><\/li>\n\t\t\t<li><i class=\"fas fa-star\" aria-hidden=\"true\"><\/i><\/li>\n\t\t\t<li><i class=\"fas fa-star\" aria-hidden=\"true\"><\/i><\/li>\n\t\t\t<li><i class=\"fas fa-star\" aria-hidden=\"true\"><\/i><\/li>\n\t\t<\/ul>\n\t\t<p class=\"eael-testimonial-user\">John Doe<\/p><p class=\"eael-testimonial-user-company\">Codetic<\/p>\t\t\t<\/div>\n\t\t\n\t\t\n\t\t\n\t\t\n\t\t\n\t\t\n\t\t<span class=\"eael-testimonial-quote\"><\/span>\n\t<\/div>\n\n\t\t\t\t\t<\/div>\n\t\t\t\t<\/div>\n\t\t\t\t<\/div>\n\t\t<div class=\"elementor-element elementor-element-58fe239 e-con-full e-flex wpr-particle-no wpr-jarallax-no wpr-parallax-no wpr-sticky-section-no e-con e-child\" data-id=\"58fe239\" data-element_type=\"container\">\n\t\t\t\t<div class=\"elementor-element elementor-element-e1296d5 elementor-widget elementor-widget-image\" data-id=\"e1296d5\" data-element_type=\"widget\" data-widget_type=\"image.default\">\n\t\t\t\t<div class=\"elementor-widget-container\">\n\t\t\t\t\t\t\t\t\t\t\t\t\t\t\t<img fetchpriority=\"high\" decoding=\"async\" width=\"800\" height=\"800\" src=\"https:\/\/feria-verde.com\/wp-content\/uploads\/2024\/05\/zeryu.jpeg\" class=\"attachment-large size-large wp-image-9663\" alt=\"\" srcset=\"https:\/\/feria-verde.com\/wp-content\/uploads\/2024\/05\/zeryu.jpeg 800w, https:\/\/feria-verde.com\/wp-content\/uploads\/2024\/05\/zeryu-300x300.jpeg 300w, https:\/\/feria-verde.com\/wp-content\/uploads\/2024\/05\/zeryu-150x150.jpeg 150w, https:\/\/feria-verde.com\/wp-content\/uploads\/2024\/05\/zeryu-768x768.jpeg 768w, https:\/\/feria-verde.com\/wp-content\/uploads\/2024\/05\/zeryu-441x441.jpeg 441w\" sizes=\"(max-width: 360px) 147px, (max-width: 800px) 100vw, 800px\" \/>\t\t\t\t\t\t\t\t\t\t\t\t\t\t\t<\/div>\n\t\t\t\t<\/div>\n\t\t\t\t<\/div>\n\t\t\t\t\t<\/div>\n\t\t\t\t<\/div>\n\t\t\t\t\t\t\t<\/div>\n\t\t\t\t<\/div>\n\t\t\t\t\t\t\t<\/div>\n\t\t\t\t\t\t\t\t\t<\/div>\n\t\t\t\t\t\t<div class=\"elementor-testimonial__footer\">\n\t\t\t\t\t\t\t\t\t\t\t<\/div>\n\t\t<\/div>\n\t\t\t\t\t\t\t\t<\/div>\n\t\t\t\t\t\t\t\t\t\t\t<div class=\"swiper-slide\">\n\t\t\t\t\t\t\t\t\t<div class=\"elementor-testimonial\">\n\t\t\t\t\t\t\t<div class=\"elementor-testimonial__content\">\n\t\t\t\t\t<div class=\"elementor-testimonial__text\">\n\t\t\t\t\t\t\t\t<div data-elementor-type=\"archive\" data-elementor-id=\"9690\" class=\"elementor elementor-9690\" data-elementor-post-type=\"elementor_library\">\n\t\t\t\t\t<div class=\"elementor-section-wrap\">\n\t\t\t\t\t\t<div class=\"elementor-element elementor-element-dc2cd2f e-flex e-con-boxed wpr-particle-no wpr-jarallax-no wpr-parallax-no wpr-sticky-section-no e-con e-parent\" data-id=\"dc2cd2f\" data-element_type=\"container\">\n\t\t\t\t\t<div class=\"e-con-inner\">\n\t\t<div class=\"elementor-element elementor-element-4bb94b2 e-con-full e-flex wpr-particle-no wpr-jarallax-no wpr-parallax-no wpr-sticky-section-no e-con e-child\" data-id=\"4bb94b2\" data-element_type=\"container\">\n\t\t\t\t<div class=\"elementor-element elementor-element-37ad840 elementor-widget elementor-widget-eael-testimonial\" data-id=\"37ad840\" data-element_type=\"widget\" data-widget_type=\"eael-testimonial.default\">\n\t\t\t\t<div class=\"elementor-widget-container\">\n\t\t\t\t\t\n\t<div id=\"eael-testimonial-37ad840\" class=\"eael-testimonial-item clearfix  default-style rating-five\">\n\t\t\t\t\n\t\t\n\t\t\t\t\t\t\t\t<div class=\"eael-testimonial-content\">\n\t\t\t\t<div class=\"eael-testimonial-text\">Add testimonial description here. Edit and place your own text.<\/div>\t\t<ul class=\"testimonial-star-rating\">\n\t\t\t<li><i class=\"fas fa-star\" aria-hidden=\"true\"><\/i><\/li>\n\t\t\t<li><i class=\"fas fa-star\" aria-hidden=\"true\"><\/i><\/li>\n\t\t\t<li><i class=\"fas fa-star\" aria-hidden=\"true\"><\/i><\/li>\n\t\t\t<li><i class=\"fas fa-star\" aria-hidden=\"true\"><\/i><\/li>\n\t\t\t<li><i class=\"fas fa-star\" aria-hidden=\"true\"><\/i><\/li>\n\t\t<\/ul>\n\t\t<p class=\"eael-testimonial-user\">John Doe<\/p><p class=\"eael-testimonial-user-company\">Codetic<\/p>\t\t\t<\/div>\n\t\t\n\t\t\n\t\t\n\t\t\n\t\t\n\t\t\n\t\t<span class=\"eael-testimonial-quote\"><\/span>\n\t<\/div>\n\n\t\t\t\t\t<\/div>\n\t\t\t\t<\/div>\n\t\t\t\t<\/div>\n\t\t<div class=\"elementor-element elementor-element-58fe239 e-con-full e-flex wpr-particle-no wpr-jarallax-no wpr-parallax-no wpr-sticky-section-no e-con e-child\" data-id=\"58fe239\" data-element_type=\"container\">\n\t\t\t\t<div class=\"elementor-element elementor-element-e1296d5 elementor-widget elementor-widget-image\" data-id=\"e1296d5\" data-element_type=\"widget\" data-widget_type=\"image.default\">\n\t\t\t\t<div class=\"elementor-widget-container\">\n\t\t\t\t\t\t\t\t\t\t\t\t\t\t\t<img fetchpriority=\"high\" decoding=\"async\" width=\"800\" height=\"800\" src=\"https:\/\/feria-verde.com\/wp-content\/uploads\/2024\/05\/zeryu.jpeg\" class=\"attachment-large size-large wp-image-9663\" alt=\"\" srcset=\"https:\/\/feria-verde.com\/wp-content\/uploads\/2024\/05\/zeryu.jpeg 800w, https:\/\/feria-verde.com\/wp-content\/uploads\/2024\/05\/zeryu-300x300.jpeg 300w, https:\/\/feria-verde.com\/wp-content\/uploads\/2024\/05\/zeryu-150x150.jpeg 150w, https:\/\/feria-verde.com\/wp-content\/uploads\/2024\/05\/zeryu-768x768.jpeg 768w, https:\/\/feria-verde.com\/wp-content\/uploads\/2024\/05\/zeryu-441x441.jpeg 441w\" sizes=\"(max-width: 360px) 147px, (max-width: 800px) 100vw, 800px\" \/>\t\t\t\t\t\t\t\t\t\t\t\t\t\t\t<\/div>\n\t\t\t\t<\/div>\n\t\t\t\t<\/div>\n\t\t\t\t\t<\/div>\n\t\t\t\t<\/div>\n\t\t\t\t\t\t\t<\/div>\n\t\t\t\t<\/div>\n\t\t\t\t\t\t\t<\/div>\n\t\t\t\t\t\t\t\t\t<\/div>\n\t\t\t\t\t\t<div class=\"elementor-testimonial__footer\">\n\t\t\t\t\t\t\t\t\t\t\t<\/div>\n\t\t<\/div>\n\t\t\t\t\t\t\t\t<\/div>\n\t\t\t\t\t\t\t\t\t\t\t<div class=\"swiper-slide\">\n\t\t\t\t\t\t\t\t\t<div class=\"elementor-testimonial\">\n\t\t\t\t\t\t\t<div class=\"elementor-testimonial__content\">\n\t\t\t\t\t<div class=\"elementor-testimonial__text\">\n\t\t\t\t\t\t\t\t<div data-elementor-type=\"archive\" data-elementor-id=\"9691\" class=\"elementor elementor-9691\" data-elementor-post-type=\"elementor_library\">\n\t\t\t\t\t<div class=\"elementor-section-wrap\">\n\t\t\t\t\t\t<div class=\"elementor-element elementor-element-dc2cd2f e-flex e-con-boxed wpr-particle-no wpr-jarallax-no wpr-parallax-no wpr-sticky-section-no e-con e-parent\" data-id=\"dc2cd2f\" data-element_type=\"container\">\n\t\t\t\t\t<div class=\"e-con-inner\">\n\t\t<div class=\"elementor-element elementor-element-4bb94b2 e-con-full e-flex wpr-particle-no wpr-jarallax-no wpr-parallax-no wpr-sticky-section-no e-con e-child\" data-id=\"4bb94b2\" data-element_type=\"container\">\n\t\t\t\t<div class=\"elementor-element elementor-element-37ad840 elementor-widget elementor-widget-eael-testimonial\" data-id=\"37ad840\" data-element_type=\"widget\" data-widget_type=\"eael-testimonial.default\">\n\t\t\t\t<div class=\"elementor-widget-container\">\n\t\t\t\t\t\n\t<div id=\"eael-testimonial-37ad840\" class=\"eael-testimonial-item clearfix  default-style rating-five\">\n\t\t\t\t\n\t\t\n\t\t\t\t\t\t\t\t<div class=\"eael-testimonial-content\">\n\t\t\t\t<div class=\"eael-testimonial-text\">Add testimonial description here. Edit and place your own text.<\/div>\t\t<ul class=\"testimonial-star-rating\">\n\t\t\t<li><i class=\"fas fa-star\" aria-hidden=\"true\"><\/i><\/li>\n\t\t\t<li><i class=\"fas fa-star\" aria-hidden=\"true\"><\/i><\/li>\n\t\t\t<li><i class=\"fas fa-star\" aria-hidden=\"true\"><\/i><\/li>\n\t\t\t<li><i class=\"fas fa-star\" aria-hidden=\"true\"><\/i><\/li>\n\t\t\t<li><i class=\"fas fa-star\" aria-hidden=\"true\"><\/i><\/li>\n\t\t<\/ul>\n\t\t<p class=\"eael-testimonial-user\">John Doe<\/p><p class=\"eael-testimonial-user-company\">Codetic<\/p>\t\t\t<\/div>\n\t\t\n\t\t\n\t\t\n\t\t\n\t\t\n\t\t\n\t\t<span class=\"eael-testimonial-quote\"><\/span>\n\t<\/div>\n\n\t\t\t\t\t<\/div>\n\t\t\t\t<\/div>\n\t\t\t\t<\/div>\n\t\t<div class=\"elementor-element elementor-element-58fe239 e-con-full e-flex wpr-particle-no wpr-jarallax-no wpr-parallax-no wpr-sticky-section-no e-con e-child\" data-id=\"58fe239\" data-element_type=\"container\">\n\t\t\t\t<div class=\"elementor-element elementor-element-e1296d5 elementor-widget elementor-widget-image\" data-id=\"e1296d5\" data-element_type=\"widget\" data-widget_type=\"image.default\">\n\t\t\t\t<div class=\"elementor-widget-container\">\n\t\t\t\t\t\t\t\t\t\t\t\t\t\t\t<img fetchpriority=\"high\" decoding=\"async\" width=\"800\" height=\"800\" src=\"https:\/\/feria-verde.com\/wp-content\/uploads\/2024\/05\/zeryu.jpeg\" class=\"attachment-large size-large wp-image-9663\" alt=\"\" srcset=\"https:\/\/feria-verde.com\/wp-content\/uploads\/2024\/05\/zeryu.jpeg 800w, https:\/\/feria-verde.com\/wp-content\/uploads\/2024\/05\/zeryu-300x300.jpeg 300w, https:\/\/feria-verde.com\/wp-content\/uploads\/2024\/05\/zeryu-150x150.jpeg 150w, https:\/\/feria-verde.com\/wp-content\/uploads\/2024\/05\/zeryu-768x768.jpeg 768w, https:\/\/feria-verde.com\/wp-content\/uploads\/2024\/05\/zeryu-441x441.jpeg 441w\" sizes=\"(max-width: 360px) 147px, (max-width: 800px) 100vw, 800px\" \/>\t\t\t\t\t\t\t\t\t\t\t\t\t\t\t<\/div>\n\t\t\t\t<\/div>\n\t\t\t\t<\/div>\n\t\t\t\t\t<\/div>\n\t\t\t\t<\/div>\n\t\t\t\t\t\t\t<\/div>\n\t\t\t\t<\/div>\n\t\t\t\t\t\t\t<\/div>\n\t\t\t\t\t\t\t\t\t<\/div>\n\t\t\t\t\t\t<div class=\"elementor-testimonial__footer\">\n\t\t\t\t\t\t\t\t\t\t\t<\/div>\n\t\t<\/div>\n\t\t\t\t\t\t\t\t<\/div>\n\t\t\t\t\t\t\t\t\t<\/div>\n\t\t\t\t\t\t\t\t\t\t\t\t\t\t\t<div class=\"swiper-pagination\"><\/div>\n\t\t\t\t\t\t\t\t\t\t\t\t\t\t\t\t<div class=\"elementor-swiper-button elementor-swiper-button-prev\" role=\"button\" tabindex=\"0\">\n\t\t\t\t\t\t\t<i aria-hidden=\"true\" class=\"eicon-chevron-left\"><\/i>\t\t\t\t\t\t\t<span class=\"elementor-screen-only\">Anterior<\/span>\n\t\t\t\t\t\t<\/div>\n\t\t\t\t\t\t<div class=\"elementor-swiper-button elementor-swiper-button-next\" role=\"button\" tabindex=\"0\">\n\t\t\t\t\t\t\t<i aria-hidden=\"true\" class=\"eicon-chevron-right\"><\/i>\t\t\t\t\t\t\t<span class=\"elementor-screen-only\">Siguiente<\/span>\n\t\t\t\t\t\t<\/div>\n\t\t\t\t\t\t\t\t\t\t\t\t<\/div>\n\t\t<\/div>\n\t\t\t\t\t\t<\/div>\n\t\t\t\t<\/div>\n\t\t\t\t\t<\/div>\n\t\t\t\t<\/div>\n\t\t\t\t<\/div>","protected":false},"excerpt":{"rendered":"<p>Ergonomique et pratique Le barbecue au gaz Naterial 4B Kenton est dot\u00e9 de 4 br\u00fbleurs en acier inoxydable de 14 kW et de grilles en fonte avec finition brillante, ainsi que d&rsquo;un thermom\u00e8tre, un d\u00e9capsuleur inclus et un espace de rangement pour la bouteille de gaz. Le BBQ NATERIAL Kenton 4B-Gas est un barbecue \u00e0 gaz \u00e0 4 br\u00fbleurs, 14 KW. Id\u00e9al pour cuisiner en dehors. Pour un repas de 10 personnes. Facile \u00e0 utiliser: allumage facile d&rsquo;une seule main. Grill et plaque chauffante en fonte \u00e9maill\u00e9e: bon niveau d&rsquo;inertie, r\u00e9partition uniforme de la chaleur. 2 zones de cuisson pour le grill et la plaque chauffante. Ergonomique et pratique: thermom\u00e8tre et d\u00e9capsuleur inclus. Espace de rangement pour la bouteille de gaz. Facile \u00e0 nettoyer: chemin\u00e9e en \u00e9mail tr\u00e8s \u00e9l\u00e9gante. Bac d&rsquo;\u00e9gouttement accessible par l&rsquo;avant et adapt\u00e9 au r\u00e9cipient en aluminium. Facile \u00e0 d\u00e9placer: 4 roues rotatives. Grandes poign\u00e9es. Con\u00e7u pour durer longtemps: br\u00fbleurs en acier inoxydable qui r\u00e9sistent aux intemp\u00e9ries et aux effets de la chaleur. Chemin\u00e9e en \u00e9mail pouvant supporter des temp\u00e9ratures tr\u00e8s \u00e9lev\u00e9es. Garantie de 3 ans. Nombre de convives Plus de 10 Fonctions compl\u00e9mentaires Grill Type de cuisson Horizontal Diam\u00e8tre (en cm) 0 Hauteur (en cm) 113 Profondeur (en cm) 54 Poids du produit nu (en kg) 39 Mat\u00e9riau de la cuve Acier Mat\u00e9riau de la plaque de cuisson Fonte Nombre de grilles de cuisson 3 Grille r\u00e9glable Non Largeur des grilles\/plaques de cuisson (en cm) 72 Diam\u00e8tre des grilles de cuisson (en cm) 0 Longueur des grilles de cuisson (en cm) 41.5 Mat\u00e9riau de grilles de cuisson Fonte Nombre de br\u00fbleurs 4 Mati\u00e8re des br\u00fbleurs Inox Puissance des br\u00fbleurs (en kW) 14 Type de gaz Butane Type de bois Sans bois Type d&rsquo;allumage Piezo-m\u00e9canique Sur pied Oui A monter soi-m\u00eame Oui Garantie des br\u00fbleurs (en ann\u00e9e) 3 Garantie de la cuve (en ann\u00e9e) 3 Garantie du couvercle (en ann\u00e9e) 3 P\u00e9riode de disponibilit\u00e9 des pi\u00e8ces d\u00e9tach\u00e9es apr\u00e8s le dernier achat de la derni\u00e8re unit\u00e9 vendue (en ann\u00e9es) 3 Garantie (inclut la garantie l\u00e9gale de conformit\u00e9) (en ann\u00e9es) 3 Produit emball\u00e9 : hauteur (en cm) 53.2 Produit emball\u00e9 : largeur (en cm) 81.6 Produit emball\u00e9 : profondeur (en cm) 66.4 Produit emball\u00e9 : poids (en kg) 46.86 Indication du geste de tri (triman) Nos produits et emballages peuvent faire l&rsquo;objet d&rsquo;une consigne de tri. Pour en savoir plus : www.quefairedemesdechets.fr Previous Next<\/p>","protected":false},"featured_media":9564,"comment_status":"closed","ping_status":"closed","template":"","meta":{"inline_featured_image":false},"product_brand":[],"product_cat":[62,69],"product_tag":[],"class_list":{"0":"post-9563","1":"product","2":"type-product","3":"status-publish","4":"has-post-thumbnail","6":"product_cat-barbecue","7":"product_cat-barbecue-au-gaz","9":"first","10":"instock","11":"sale","12":"shipping-taxable","13":"purchasable","14":"product-type-simple"},"_links":{"self":[{"href":"https:\/\/feria-verde.com\/es\/wp-json\/wp\/v2\/product\/9563","targetHints":{"allow":["GET"]}}],"collection":[{"href":"https:\/\/feria-verde.com\/es\/wp-json\/wp\/v2\/product"}],"about":[{"href":"https:\/\/feria-verde.com\/es\/wp-json\/wp\/v2\/types\/product"}],"replies":[{"embeddable":true,"href":"https:\/\/feria-verde.com\/es\/wp-json\/wp\/v2\/comments?post=9563"}],"version-history":[{"count":6,"href":"https:\/\/feria-verde.com\/es\/wp-json\/wp\/v2\/product\/9563\/revisions"}],"predecessor-version":[{"id":9734,"href":"https:\/\/feria-verde.com\/es\/wp-json\/wp\/v2\/product\/9563\/revisions\/9734"}],"wp:featuredmedia":[{"embeddable":true,"href":"https:\/\/feria-verde.com\/es\/wp-json\/wp\/v2\/media\/9564"}],"wp:attachment":[{"href":"https:\/\/feria-verde.com\/es\/wp-json\/wp\/v2\/media?parent=9563"}],"wp:term":[{"taxonomy":"product_brand","embeddable":true,"href":"https:\/\/feria-verde.com\/es\/wp-json\/wp\/v2\/product_brand?post=9563"},{"taxonomy":"product_cat","embeddable":true,"href":"https:\/\/feria-verde.com\/es\/wp-json\/wp\/v2\/product_cat?post=9563"},{"taxonomy":"product_tag","embeddable":true,"href":"https:\/\/feria-verde.com\/es\/wp-json\/wp\/v2\/product_tag?post=9563"}],"curies":[{"name":"wp","href":"https:\/\/api.w.org\/{rel}","templated":true}]}}