{"id":9576,"date":"2024-06-10T08:51:22","date_gmt":"2024-06-10T06:51:22","guid":{"rendered":"https:\/\/feria-verde.com\/?post_type=product&#038;p=9576"},"modified":"2024-06-10T17:05:25","modified_gmt":"2024-06-10T15:05:25","slug":"barbecue-a-gaz-spirit-ii-e-310-plancha","status":"publish","type":"product","link":"https:\/\/feria-verde.com\/es\/producto\/barbecue-a-gaz-spirit-ii-e-310-plancha\/","title":{"rendered":"Barbacoa de gas Spirit II E-310 Plancha"},"content":{"rendered":"<div data-elementor-type=\"product-post\" data-elementor-id=\"9576\" class=\"elementor elementor-9576\" data-elementor-post-type=\"product\">\n\t\t\t\t<div class=\"elementor-element elementor-element-4710db17 e-flex e-con-boxed wpr-particle-no wpr-jarallax-no wpr-parallax-no wpr-sticky-section-no e-con e-parent\" data-id=\"4710db17\" data-element_type=\"container\">\n\t\t\t\t\t<div class=\"e-con-inner\">\n\t\t\t\t<div class=\"elementor-element elementor-element-10f8867d elementor-widget elementor-widget-text-editor\" data-id=\"10f8867d\" data-element_type=\"widget\" data-widget_type=\"text-editor.default\">\n\t\t\t\t<div class=\"elementor-widget-container\">\n\t\t\t\t\t\t\t\t\t\n<p>Tandis que le barbecue n\u2019a pas son pareil pour griller une c\u00f4te de boeuf ou r\u00f4tir des aliments avec ce go\u00fbt fum\u00e9 que l\u2019on aime tant ; la plancha est id\u00e9ale pour snacker des \u00e9minc\u00e9s ou cuisiner des mets d\u00e9licats.<\/p>\n\n\n\n<p>Avec le nouveau barbecue \u00e0 gaz SPIRIT II PLANCHA vous pouvez griller au barbecue, r\u00f4tir comme dans un four et cuisiner \u00e0 la plancha.<\/p>\n\n\n\n<p><strong>Ce barbecue est \u00e9quip\u00e9 d\u2019une grille de cuisson et d\u2019une plancha. La surface totale de cuisson est 50% grille de cuisson 50 % plancha.<br>Voir, ci-dessous, les photos de l\u2019int\u00e9rieur du barbecue.<\/strong><\/p>\n\n\n\n<p><\/p>\n\n\n\n<p><\/p>\n\n\n\n<p><\/p>\n\t\t\t\t\t\t\t\t<\/div>\n\t\t\t\t<\/div>\n\t\t\t\t\t<\/div>\n\t\t\t\t<\/div>\n\t\t\t\t<\/div>","protected":false},"excerpt":{"rendered":"<p>Tandis que le barbecue n\u2019a pas son pareil pour griller une c\u00f4te de boeuf ou r\u00f4tir des aliments avec ce go\u00fbt fum\u00e9 que l\u2019on aime tant ; la plancha est id\u00e9ale pour snacker des \u00e9minc\u00e9s ou cuisiner des mets d\u00e9licats. Avec le nouveau barbecue \u00e0 gaz SPIRIT II PLANCHA vous pouvez griller au barbecue, r\u00f4tir comme dans un four et cuisiner \u00e0 la plancha. Ce barbecue est \u00e9quip\u00e9 d\u2019une grille de cuisson et d\u2019une plancha. La surface totale de cuisson est 50% grille de cuisson 50 % plancha.Voir, ci-dessous, les photos de l\u2019int\u00e9rieur du barbecue.<\/p>","protected":false},"featured_media":9577,"comment_status":"closed","ping_status":"closed","template":"","meta":{"inline_featured_image":false},"product_brand":[],"product_cat":[62,69],"product_tag":[],"class_list":{"0":"post-9576","1":"product","2":"type-product","3":"status-publish","4":"has-post-thumbnail","6":"product_cat-barbecue","7":"product_cat-barbecue-au-gaz","9":"first","10":"outofstock","11":"shipping-taxable","12":"purchasable","13":"product-type-simple"},"_links":{"self":[{"href":"https:\/\/feria-verde.com\/es\/wp-json\/wp\/v2\/product\/9576","targetHints":{"allow":["GET"]}}],"collection":[{"href":"https:\/\/feria-verde.com\/es\/wp-json\/wp\/v2\/product"}],"about":[{"href":"https:\/\/feria-verde.com\/es\/wp-json\/wp\/v2\/types\/product"}],"replies":[{"embeddable":true,"href":"https:\/\/feria-verde.com\/es\/wp-json\/wp\/v2\/comments?post=9576"}],"version-history":[{"count":51,"href":"https:\/\/feria-verde.com\/es\/wp-json\/wp\/v2\/product\/9576\/revisions"}],"predecessor-version":[{"id":9717,"href":"https:\/\/feria-verde.com\/es\/wp-json\/wp\/v2\/product\/9576\/revisions\/9717"}],"wp:featuredmedia":[{"embeddable":true,"href":"https:\/\/feria-verde.com\/es\/wp-json\/wp\/v2\/media\/9577"}],"wp:attachment":[{"href":"https:\/\/feria-verde.com\/es\/wp-json\/wp\/v2\/media?parent=9576"}],"wp:term":[{"taxonomy":"product_brand","embeddable":true,"href":"https:\/\/feria-verde.com\/es\/wp-json\/wp\/v2\/product_brand?post=9576"},{"taxonomy":"product_cat","embeddable":true,"href":"https:\/\/feria-verde.com\/es\/wp-json\/wp\/v2\/product_cat?post=9576"},{"taxonomy":"product_tag","embeddable":true,"href":"https:\/\/feria-verde.com\/es\/wp-json\/wp\/v2\/product_tag?post=9576"}],"curies":[{"name":"wp","href":"https:\/\/api.w.org\/{rel}","templated":true}]}}